{"id":941,"date":"2021-12-19T13:32:59","date_gmt":"2021-12-19T11:32:59","guid":{"rendered":"http:\/\/bu2022.vasaorden.com\/visby\/?page_id=941"},"modified":"2021-12-19T13:32:59","modified_gmt":"2021-12-19T11:32:59","slug":"brevlada","status":"publish","type":"page","link":"https:\/\/vasaorden.com\/visby\/brevlada\/","title":{"rendered":"Brevl\u00e5da"},"content":{"rendered":"<p>Hj\u00e4lp oss att utveckla v\u00e5r Loge till en livskraftig och attraktiv samlingspunkt f\u00f6r v\u00e5ra medlemmar. Vi \u00e4r idag den st\u00f6rsta Logen i Sverige. Men vi beh\u00f6ver fler medlemmar. Vi beh\u00f6ver ocks\u00e5 Din hj\u00e4lp med nya id\u00e9er inom de ramar som vi som Loge har att respektera.<\/p>\n<p>L\u00e4mna f\u00f6rslag till:<\/p>\n<p>Roger Larsson <br \/><a href=\"mailto:rogga.larsson@gmail.com\">rogga.larsson@gmail.com<\/a> <br \/>070-693 67 67<\/p>\n<p><a href=\"https:\/\/vasaorden.com\/visby\/wp-content\/uploads\/sites\/8\/2015\/07\/mailbox.png\"><img loading=\"lazy\" class=\"alignleft size-medium wp-image-315\" src=\"https:\/\/vasaorden.com\/visby\/wp-content\/uploads\/sites\/8\/2015\/07\/mailbox-300x252.png\" alt=\"mailbox\" width=\"300\" height=\"252\" srcset=\"https:\/\/vasaorden.com\/visby\/wp-content\/uploads\/sites\/8\/2015\/07\/mailbox-300x252.png 300w, https:\/\/vasaorden.com\/visby\/wp-content\/uploads\/sites\/8\/2015\/07\/mailbox.png 564w\" sizes=\"(max-width: 300px) 100vw, 300px\" \/><\/a><\/p>\n\n<div class=\"wp-block-media-text alignwide is-stacked-on-mobile\">\n<figure class=\"wp-block-media-text__media\"><\/figure>\n<div class=\"wp-block-media-text__content\">\n<p class=\"has-large-font-size\">\u00a0<\/p>\n<\/div>\n<\/div>\n\n\n<div class=\"wp-block-media-text alignwide is-stacked-on-mobile\">\n<figure class=\"wp-block-media-text__media\"><\/figure>\n<div class=\"wp-block-media-text__content\">\n<p class=\"has-large-font-size\">\u00a0<\/p>\n<\/div>\n<\/div>\n\n\n<div class=\"wp-block-media-text alignwide is-stacked-on-mobile\">\n<figure class=\"wp-block-media-text__media\"><\/figure>\n<div class=\"wp-block-media-text__content\">\n<p class=\"has-large-font-size\">\u00a0<\/p>\n<\/div>\n<\/div>\n\n\n<p>&nbsp;<\/p>\n","protected":false},"excerpt":{"rendered":"<p>Hj\u00e4lp oss att utveckla v\u00e5r Loge till en livskraftig och attraktiv samlingspunkt f\u00f6r v\u00e5ra medlemmar. Vi \u00e4r idag den st\u00f6rsta Logen i Sverige. Men vi beh\u00f6ver fler medlemmar. Vi beh\u00f6ver ocks\u00e5 Din hj\u00e4lp med nya id\u00e9er inom de ramar som vi som Loge har att respektera. L\u00e4mna f\u00f6rslag till: Roger Larsson rogga.larsson@gmail.com 070-693 67 67 [&hellip;]<\/p>\n","protected":false},"author":4,"featured_media":0,"parent":0,"menu_order":0,"comment_status":"closed","ping_status":"closed","template":"","meta":{"ngg_post_thumbnail":0,"ocean_post_layout":"","ocean_both_sidebars_style":"","ocean_both_sidebars_content_width":0,"ocean_both_sidebars_sidebars_width":0,"ocean_sidebar":"","ocean_second_sidebar":"","ocean_disable_margins":"enable","ocean_add_body_class":"","ocean_shortcode_before_top_bar":"","ocean_shortcode_after_top_bar":"","ocean_shortcode_before_header":"","ocean_shortcode_after_header":"","ocean_has_shortcode":"","ocean_shortcode_after_title":"","ocean_shortcode_before_footer_widgets":"","ocean_shortcode_after_footer_widgets":"","ocean_shortcode_before_footer_bottom":"","ocean_shortcode_after_footer_bottom":"","ocean_display_top_bar":"default","ocean_display_header":"default","ocean_header_style":"","ocean_center_header_left_menu":"","ocean_custom_header_template":"","ocean_custom_logo":0,"ocean_custom_retina_logo":0,"ocean_custom_logo_max_width":0,"ocean_custom_logo_tablet_max_width":0,"ocean_custom_logo_mobile_max_width":0,"ocean_custom_logo_max_height":0,"ocean_custom_logo_tablet_max_height":0,"ocean_custom_logo_mobile_max_height":0,"ocean_header_custom_menu":"","ocean_menu_typo_font_family":"","ocean_menu_typo_font_subset":"","ocean_menu_typo_font_size":0,"ocean_menu_typo_font_size_tablet":0,"ocean_menu_typo_font_size_mobile":0,"ocean_menu_typo_font_size_unit":"px","ocean_menu_typo_font_weight":"","ocean_menu_typo_font_weight_tablet":"","ocean_menu_typo_font_weight_mobile":"","ocean_menu_typo_transform":"","ocean_menu_typo_transform_tablet":"","ocean_menu_typo_transform_mobile":"","ocean_menu_typo_line_height":0,"ocean_menu_typo_line_height_tablet":0,"ocean_menu_typo_line_height_mobile":0,"ocean_menu_typo_line_height_unit":"","ocean_menu_typo_spacing":0,"ocean_menu_typo_spacing_tablet":0,"ocean_menu_typo_spacing_mobile":0,"ocean_menu_typo_spacing_unit":"","ocean_menu_link_color":"","ocean_menu_link_color_hover":"","ocean_menu_link_color_active":"","ocean_menu_link_background":"","ocean_menu_link_hover_background":"","ocean_menu_link_active_background":"","ocean_menu_social_links_bg":"","ocean_menu_social_hover_links_bg":"","ocean_menu_social_links_color":"","ocean_menu_social_hover_links_color":"","ocean_disable_title":"default","ocean_disable_heading":"default","ocean_post_title":"","ocean_post_subheading":"","ocean_post_title_style":"","ocean_post_title_background_color":"","ocean_post_title_background":0,"ocean_post_title_bg_image_position":"","ocean_post_title_bg_image_attachment":"","ocean_post_title_bg_image_repeat":"","ocean_post_title_bg_image_size":"","ocean_post_title_height":0,"ocean_post_title_bg_overlay":0.5,"ocean_post_title_bg_overlay_color":"","ocean_disable_breadcrumbs":"default","ocean_breadcrumbs_color":"","ocean_breadcrumbs_separator_color":"","ocean_breadcrumbs_links_color":"","ocean_breadcrumbs_links_hover_color":"","ocean_display_footer_widgets":"default","ocean_display_footer_bottom":"default","ocean_custom_footer_template":""},"_links":{"self":[{"href":"https:\/\/vasaorden.com\/visby\/wp-json\/wp\/v2\/pages\/941"}],"collection":[{"href":"https:\/\/vasaorden.com\/visby\/wp-json\/wp\/v2\/pages"}],"about":[{"href":"https:\/\/vasaorden.com\/visby\/wp-json\/wp\/v2\/types\/page"}],"author":[{"embeddable":true,"href":"https:\/\/vasaorden.com\/visby\/wp-json\/wp\/v2\/users\/4"}],"replies":[{"embeddable":true,"href":"https:\/\/vasaorden.com\/visby\/wp-json\/wp\/v2\/comments?post=941"}],"version-history":[{"count":0,"href":"https:\/\/vasaorden.com\/visby\/wp-json\/wp\/v2\/pages\/941\/revisions"}],"wp:attachment":[{"href":"https:\/\/vasaorden.com\/visby\/wp-json\/wp\/v2\/media?parent=941"}],"curies":[{"name":"wp","href":"https:\/\/api.w.org\/{rel}","templated":true}]}}