{"id":738,"date":"2021-03-17T18:26:40","date_gmt":"2021-03-17T16:26:40","guid":{"rendered":"http:\/\/bu2022.vasaorden.com\/visby\/?page_id=738"},"modified":"2025-06-11T20:40:21","modified_gmt":"2025-06-11T18:40:21","slug":"aktiviteter","status":"publish","type":"page","link":"https:\/\/vasaorden.com\/visby\/aktiviteter\/","title":{"rendered":"Aktiviteter"},"content":{"rendered":"\n<p><strong>2025<\/strong><\/p>\n\n\n\n<ul><li><a href=\"https:\/\/vasaorden.com\/visby\/wp-content\/uploads\/sites\/8\/2025\/06\/bilder-fran-efterkapitel-17-maj-2025.pdf\">Bilder fr\u00e5n efterkapitel 17 maj 2025<\/a><\/li><li><a href=\"https:\/\/vasaorden.com\/visby\/wp-content\/uploads\/sites\/8\/2025\/05\/bilder-forelasning-ai-25-april-2025.pdf\">F\u00f6rel\u00e4sning om AI 25 april 2025<\/a><\/li><li><a href=\"https:\/\/vasaorden.com\/visby\/wp-content\/uploads\/sites\/8\/2025\/05\/bilder-pasktallrik-15-april-2025.pdf\">Bilder fr\u00e5n p\u00e5sktallrik 15 april 2025<\/a><\/li><li><a rel=\"noreferrer noopener\" href=\"https:\/\/vasaorden.com\/visby\/wp-content\/uploads\/sites\/8\/2025\/04\/lars-ljung-berattar-om-sin-jordenruntresa.pdf\" target=\"_blank\">Lars Ljung ber\u00e4ttar om sin jordenruntresa 28 februari 2025<\/a><\/li><li><a href=\"https:\/\/vasaorden.com\/visby\/wp-content\/uploads\/sites\/8\/2025\/05\/bilder-efterkapitel-februari-2025.pdf\">Bilder fr\u00e5n efterkapitel 22 februari 2025<\/a><\/li><\/ul>\n\n\n\n<p><strong>2023<\/strong><\/p>\n\n\n\n<ul><li><a href=\"https:\/\/vasaorden.com\/visby\/wp-content\/uploads\/sites\/8\/2023\/12\/luciafirande-8-december-2023.pdf\">Luciafirande 8 december 2023<\/a><\/li><li><a href=\"https:\/\/vasaorden.com\/visby\/wp-content\/uploads\/sites\/8\/2023\/11\/foredrag-gotlandska-hus-lars-backman.pdf\">F\u00f6redrag med Lars B\u00e4ckman &#8221;Gotl\u00e4ndska hus &#8211; dr\u00f6mmen om Gotland?&#8221; 6 november 2023<\/a><\/li><li><a href=\"https:\/\/vasaorden.com\/visby\/wp-content\/uploads\/sites\/8\/2023\/03\/slaktforskning-2023-03-07.pdf\">Sl\u00e4ktforskning 7 mars 2023<\/a><\/li><\/ul>\n\n\n\n<p><strong>2022<\/strong><\/p>\n\n\n\n<ul><li><a href=\"https:\/\/vasaorden.com\/visby\/wp-content\/uploads\/sites\/8\/2023\/01\/lucia-9-december-2022.pdf\">Luciafirande 9 december 2022<\/a><\/li><li><a href=\"https:\/\/vasaorden.com\/visby\/wp-content\/uploads\/sites\/8\/2023\/01\/lucia.mp4\">Video luciafirande 9 december 2022<\/a><\/li><li><a rel=\"noreferrer noopener\" href=\"https:\/\/vasaorden.com\/visby\/wp-content\/uploads\/sites\/8\/2022\/12\/boktraff-med-roland-salemark-10-oktober-2022.pdf\" data-type=\"URL\" data-id=\"https:\/\/vasaorden.com\/visby\/wp-content\/uploads\/sites\/8\/2022\/12\/boktraff-med-roland-salemark-10-oktober-2022.pdf\" target=\"_blank\">Boktr\u00e4ff med Roland Salemark 10 oktober 2022<\/a><\/li><li><a rel=\"noreferrer noopener\" href=\"https:\/\/vasaorden.com\/visby\/wp-content\/uploads\/sites\/8\/2022\/10\/lunch-suderbys-4-mars-2022.pdf\" target=\"_blank\">Lunch p\u00e5 Suderbys herrg\u00e5rd 4 mars 2022<\/a><\/li><\/ul>\n\n\n\n<figure class=\"wp-block-image size-large is-resized\"><img loading=\"lazy\" src=\"https:\/\/vasaorden.com\/visby\/wp-content\/uploads\/sites\/8\/2015\/07\/IMG_4019-1024x768.jpg\" alt=\"\" class=\"wp-image-427\" width=\"768\" height=\"576\" srcset=\"https:\/\/vasaorden.com\/visby\/wp-content\/uploads\/sites\/8\/2015\/07\/IMG_4019-1024x768.jpg 1024w, https:\/\/vasaorden.com\/visby\/wp-content\/uploads\/sites\/8\/2015\/07\/IMG_4019-300x225.jpg 300w, https:\/\/vasaorden.com\/visby\/wp-content\/uploads\/sites\/8\/2015\/07\/IMG_4019-768x576.jpg 768w, https:\/\/vasaorden.com\/visby\/wp-content\/uploads\/sites\/8\/2015\/07\/IMG_4019-1536x1152.jpg 1536w, https:\/\/vasaorden.com\/visby\/wp-content\/uploads\/sites\/8\/2015\/07\/IMG_4019-2048x1536.jpg 2048w\" sizes=\"(max-width: 768px) 100vw, 768px\" \/><\/figure>\n\n\n\n<p><a href=\"https:\/\/vasaorden.com\/visby\/distriktsmote-1997\/\" data-type=\"page\" data-id=\"375\">Distriktsm\u00f6te 1997<\/a><\/p>\n\n\n\n<p><a href=\"https:\/\/vasaorden.com\/visby\/funasdalen-1999-2\/\" data-type=\"page\" data-id=\"373\">Fun\u00e4sdalen 1999<\/a><\/p>\n\n\n\n<p><a href=\"https:\/\/vasaorden.com\/visby\/bilder-danskurs\/\" data-type=\"page\" data-id=\"329\">Bilder danskurs<\/a><\/p>\n","protected":false},"excerpt":{"rendered":"<p>2025 Bilder fr\u00e5n efterkapitel 17 maj 2025 F\u00f6rel\u00e4sning om AI 25 april 2025 Bilder fr\u00e5n p\u00e5sktallrik 15 april 2025 Lars Ljung ber\u00e4ttar om sin jordenruntresa 28 februari 2025 Bilder fr\u00e5n efterkapitel 22 februari 2025 2023 Luciafirande 8 december 2023 F\u00f6redrag med Lars B\u00e4ckman &#8221;Gotl\u00e4ndska hus &#8211; dr\u00f6mmen om Gotland?&#8221; 6 november 2023 Sl\u00e4ktforskning 7 mars [&hellip;]<\/p>\n","protected":false},"author":17,"featured_media":0,"parent":0,"menu_order":0,"comment_status":"closed","ping_status":"closed","template":"","meta":{"ngg_post_thumbnail":0,"ocean_post_layout":"","ocean_both_sidebars_style":"","ocean_both_sidebars_content_width":0,"ocean_both_sidebars_sidebars_width":0,"ocean_sidebar":"0","ocean_second_sidebar":"0","ocean_disable_margins":"enable","ocean_add_body_class":"","ocean_shortcode_before_top_bar":"","ocean_shortcode_after_top_bar":"","ocean_shortcode_before_header":"","ocean_shortcode_after_header":"","ocean_has_shortcode":"","ocean_shortcode_after_title":"","ocean_shortcode_before_footer_widgets":"","ocean_shortcode_after_footer_widgets":"","ocean_shortcode_before_footer_bottom":"","ocean_shortcode_after_footer_bottom":"","ocean_display_top_bar":"default","ocean_display_header":"default","ocean_header_style":"","ocean_center_header_left_menu":"0","ocean_custom_header_template":"0","ocean_custom_logo":0,"ocean_custom_retina_logo":0,"ocean_custom_logo_max_width":0,"ocean_custom_logo_tablet_max_width":0,"ocean_custom_logo_mobile_max_width":0,"ocean_custom_logo_max_height":0,"ocean_custom_logo_tablet_max_height":0,"ocean_custom_logo_mobile_max_height":0,"ocean_header_custom_menu":"0","ocean_menu_typo_font_family":"0","ocean_menu_typo_font_subset":"","ocean_menu_typo_font_size":0,"ocean_menu_typo_font_size_tablet":0,"ocean_menu_typo_font_size_mobile":0,"ocean_menu_typo_font_size_unit":"px","ocean_menu_typo_font_weight":"","ocean_menu_typo_font_weight_tablet":"","ocean_menu_typo_font_weight_mobile":"","ocean_menu_typo_transform":"","ocean_menu_typo_transform_tablet":"","ocean_menu_typo_transform_mobile":"","ocean_menu_typo_line_height":0,"ocean_menu_typo_line_height_tablet":0,"ocean_menu_typo_line_height_mobile":0,"ocean_menu_typo_line_height_unit":"","ocean_menu_typo_spacing":0,"ocean_menu_typo_spacing_tablet":0,"ocean_menu_typo_spacing_mobile":0,"ocean_menu_typo_spacing_unit":"","ocean_menu_link_color":"","ocean_menu_link_color_hover":"","ocean_menu_link_color_active":"","ocean_menu_link_background":"","ocean_menu_link_hover_background":"","ocean_menu_link_active_background":"","ocean_menu_social_links_bg":"","ocean_menu_social_hover_links_bg":"","ocean_menu_social_links_color":"","ocean_menu_social_hover_links_color":"","ocean_disable_title":"default","ocean_disable_heading":"default","ocean_post_title":"","ocean_post_subheading":"","ocean_post_title_style":"","ocean_post_title_background_color":"","ocean_post_title_background":0,"ocean_post_title_bg_image_position":"","ocean_post_title_bg_image_attachment":"","ocean_post_title_bg_image_repeat":"","ocean_post_title_bg_image_size":"","ocean_post_title_height":0,"ocean_post_title_bg_overlay":0.5,"ocean_post_title_bg_overlay_color":"","ocean_disable_breadcrumbs":"default","ocean_breadcrumbs_color":"","ocean_breadcrumbs_separator_color":"","ocean_breadcrumbs_links_color":"","ocean_breadcrumbs_links_hover_color":"","ocean_display_footer_widgets":"default","ocean_display_footer_bottom":"default","ocean_custom_footer_template":"0"},"_links":{"self":[{"href":"https:\/\/vasaorden.com\/visby\/wp-json\/wp\/v2\/pages\/738"}],"collection":[{"href":"https:\/\/vasaorden.com\/visby\/wp-json\/wp\/v2\/pages"}],"about":[{"href":"https:\/\/vasaorden.com\/visby\/wp-json\/wp\/v2\/types\/page"}],"author":[{"embeddable":true,"href":"https:\/\/vasaorden.com\/visby\/wp-json\/wp\/v2\/users\/17"}],"replies":[{"embeddable":true,"href":"https:\/\/vasaorden.com\/visby\/wp-json\/wp\/v2\/comments?post=738"}],"version-history":[{"count":18,"href":"https:\/\/vasaorden.com\/visby\/wp-json\/wp\/v2\/pages\/738\/revisions"}],"predecessor-version":[{"id":1367,"href":"https:\/\/vasaorden.com\/visby\/wp-json\/wp\/v2\/pages\/738\/revisions\/1367"}],"wp:attachment":[{"href":"https:\/\/vasaorden.com\/visby\/wp-json\/wp\/v2\/media?parent=738"}],"curies":[{"name":"wp","href":"https:\/\/api.w.org\/{rel}","templated":true}]}}