{"id":19,"date":"2013-02-13T20:37:58","date_gmt":"2013-02-13T18:37:58","guid":{"rendered":"http:\/\/bu2022.vasaorden.com\/boras\/?page_id=19"},"modified":"2026-02-19T17:39:37","modified_gmt":"2026-02-19T16:39:37","slug":"kontakter","status":"publish","type":"page","link":"https:\/\/vasaorden.com\/visby\/kontakter\/","title":{"rendered":"Kontakter"},"content":{"rendered":"<p>&nbsp;<\/p>\n<h3>\u00c4r du intresserad av att bli medlem i Vasa Orden av Amerika?<\/h3>\n<p>&nbsp;<\/p>\n<h4>Av oss kan du f\u00e5 mer information<\/h4>\n<p>&nbsp;<\/p>\n<table border=\"1\" width=\"600\">\n<tbody>\n<tr>\n<td>Ordf\u00f6rande<br \/>\nRoger Larsson<br \/>\nMobil nr: 070-693 67 67<\/td>\n<td>Vice ordf\u00f6rande<br \/>\nKristina Bj\u00f6rkander<br \/>\nMobil nr: 073-061 91 86<\/td>\n<\/tr>\n<tr>\n<td>Protokollsekreterare<br \/>\nMonia Cederblad Larsson<br \/>\nMobil nr: 073-386 57 75<\/td>\n<td>F.d ordf\u00f6rande<br \/>\nMonica Palm\u00f6<br \/>\nMobil nr: 070-881 18 57<\/td>\n<\/tr>\n<\/tbody>\n<\/table>\n<h4>&nbsp;<\/h4>\n","protected":false},"excerpt":{"rendered":"<p>&nbsp; \u00c4r du intresserad av att bli medlem i Vasa Orden av Amerika? &nbsp; Av oss kan du f\u00e5 mer information &nbsp; Ordf\u00f6rande Roger Larsson Mobil nr: 070-693 67 67 Vice ordf\u00f6rande Kristina Bj\u00f6rkander Mobil nr: 073-061 91 86 Protokollsekreterare Monia Cederblad Larsson Mobil nr: 073-386 57 75 F.d ordf\u00f6rande Monica Palm\u00f6 Mobil nr: 070-881 [&hellip;]<\/p>\n","protected":false},"author":16,"featured_media":0,"parent":0,"menu_order":0,"comment_status":"closed","ping_status":"closed","template":"","meta":{"ngg_post_thumbnail":0,"ocean_post_layout":"","ocean_both_sidebars_style":"","ocean_both_sidebars_content_width":0,"ocean_both_sidebars_sidebars_width":0,"ocean_sidebar":"","ocean_second_sidebar":"","ocean_disable_margins":"enable","ocean_add_body_class":"","ocean_shortcode_before_top_bar":"","ocean_shortcode_after_top_bar":"","ocean_shortcode_before_header":"","ocean_shortcode_after_header":"","ocean_has_shortcode":"","ocean_shortcode_after_title":"","ocean_shortcode_before_footer_widgets":"","ocean_shortcode_after_footer_widgets":"","ocean_shortcode_before_footer_bottom":"","ocean_shortcode_after_footer_bottom":"","ocean_display_top_bar":"default","ocean_display_header":"default","ocean_header_style":"","ocean_center_header_left_menu":"","ocean_custom_header_template":"","ocean_custom_logo":0,"ocean_custom_retina_logo":0,"ocean_custom_logo_max_width":0,"ocean_custom_logo_tablet_max_width":0,"ocean_custom_logo_mobile_max_width":0,"ocean_custom_logo_max_height":0,"ocean_custom_logo_tablet_max_height":0,"ocean_custom_logo_mobile_max_height":0,"ocean_header_custom_menu":"","ocean_menu_typo_font_family":"","ocean_menu_typo_font_subset":"","ocean_menu_typo_font_size":0,"ocean_menu_typo_font_size_tablet":0,"ocean_menu_typo_font_size_mobile":0,"ocean_menu_typo_font_size_unit":"px","ocean_menu_typo_font_weight":"","ocean_menu_typo_font_weight_tablet":"","ocean_menu_typo_font_weight_mobile":"","ocean_menu_typo_transform":"","ocean_menu_typo_transform_tablet":"","ocean_menu_typo_transform_mobile":"","ocean_menu_typo_line_height":0,"ocean_menu_typo_line_height_tablet":0,"ocean_menu_typo_line_height_mobile":0,"ocean_menu_typo_line_height_unit":"","ocean_menu_typo_spacing":0,"ocean_menu_typo_spacing_tablet":0,"ocean_menu_typo_spacing_mobile":0,"ocean_menu_typo_spacing_unit":"","ocean_menu_link_color":"","ocean_menu_link_color_hover":"","ocean_menu_link_color_active":"","ocean_menu_link_background":"","ocean_menu_link_hover_background":"","ocean_menu_link_active_background":"","ocean_menu_social_links_bg":"","ocean_menu_social_hover_links_bg":"","ocean_menu_social_links_color":"","ocean_menu_social_hover_links_color":"","ocean_disable_title":"default","ocean_disable_heading":"default","ocean_post_title":"","ocean_post_subheading":"","ocean_post_title_style":"","ocean_post_title_background_color":"","ocean_post_title_background":0,"ocean_post_title_bg_image_position":"","ocean_post_title_bg_image_attachment":"","ocean_post_title_bg_image_repeat":"","ocean_post_title_bg_image_size":"","ocean_post_title_height":0,"ocean_post_title_bg_overlay":0.5,"ocean_post_title_bg_overlay_color":"","ocean_disable_breadcrumbs":"default","ocean_breadcrumbs_color":"","ocean_breadcrumbs_separator_color":"","ocean_breadcrumbs_links_color":"","ocean_breadcrumbs_links_hover_color":"","ocean_display_footer_widgets":"default","ocean_display_footer_bottom":"default","ocean_custom_footer_template":""},"_links":{"self":[{"href":"https:\/\/vasaorden.com\/visby\/wp-json\/wp\/v2\/pages\/19"}],"collection":[{"href":"https:\/\/vasaorden.com\/visby\/wp-json\/wp\/v2\/pages"}],"about":[{"href":"https:\/\/vasaorden.com\/visby\/wp-json\/wp\/v2\/types\/page"}],"author":[{"embeddable":true,"href":"https:\/\/vasaorden.com\/visby\/wp-json\/wp\/v2\/users\/16"}],"replies":[{"embeddable":true,"href":"https:\/\/vasaorden.com\/visby\/wp-json\/wp\/v2\/comments?post=19"}],"version-history":[{"count":6,"href":"https:\/\/vasaorden.com\/visby\/wp-json\/wp\/v2\/pages\/19\/revisions"}],"predecessor-version":[{"id":1424,"href":"https:\/\/vasaorden.com\/visby\/wp-json\/wp\/v2\/pages\/19\/revisions\/1424"}],"wp:attachment":[{"href":"https:\/\/vasaorden.com\/visby\/wp-json\/wp\/v2\/media?parent=19"}],"curies":[{"name":"wp","href":"https:\/\/api.w.org\/{rel}","templated":true}]}}