{"id":1036,"date":"2012-02-11T22:53:06","date_gmt":"2012-02-11T22:53:06","guid":{"rendered":"http:\/\/bu2022.vasaorden.com\/boras\/?page_id=6"},"modified":"2026-02-19T17:56:42","modified_gmt":"2026-02-19T16:56:42","slug":"startsidan","status":"publish","type":"page","link":"https:\/\/vasaorden.com\/visby\/","title":{"rendered":"Startsidan"},"content":{"rendered":"<div class=\"wp-block-image\">\n<figure class=\"aligncenter size-full is-resized\"><a href=\"https:\/\/vasaorden.com\/visby\/wp-content\/uploads\/sites\/8\/2021\/11\/flagga-amerika-sverige-vasa.png\"><img loading=\"lazy\" src=\"https:\/\/vasaorden.com\/visby\/wp-content\/uploads\/sites\/8\/2021\/11\/flagga-amerika-sverige-vasa.png\" alt=\"\" class=\"wp-image-922\" width=\"489\" height=\"107\" srcset=\"https:\/\/vasaorden.com\/visby\/wp-content\/uploads\/sites\/8\/2021\/11\/flagga-amerika-sverige-vasa.png 652w, https:\/\/vasaorden.com\/visby\/wp-content\/uploads\/sites\/8\/2021\/11\/flagga-amerika-sverige-vasa-300x65.png 300w\" sizes=\"(max-width: 489px) 100vw, 489px\" \/><\/a><\/figure><\/div>\n\n\n<h1>&nbsp;<\/h1>\n\n\n\n<figure class=\"wp-container-2 wp-block-gallery-1 wp-block-gallery has-nested-images columns-default is-cropped\">\n<figure class=\"wp-block-image size-full\"><img loading=\"lazy\" width=\"764\" height=\"480\" data-id=\"1169\"  src=\"https:\/\/vasaorden.com\/visby\/wp-content\/uploads\/sites\/8\/2022\/12\/visby-644587__480.jpg\" alt=\"\" class=\"wp-image-1169\" srcset=\"https:\/\/vasaorden.com\/visby\/wp-content\/uploads\/sites\/8\/2022\/12\/visby-644587__480.jpg 764w, https:\/\/vasaorden.com\/visby\/wp-content\/uploads\/sites\/8\/2022\/12\/visby-644587__480-300x188.jpg 300w\" sizes=\"(max-width: 764px) 100vw, 764px\" \/><\/figure>\n\n\n\n<figure class=\"wp-block-image size-full\"><img loading=\"lazy\" width=\"720\" height=\"480\" data-id=\"1181\"  src=\"https:\/\/vasaorden.com\/visby\/wp-content\/uploads\/sites\/8\/2022\/12\/gotland-644597__480.jpg\" alt=\"\" class=\"wp-image-1181\" srcset=\"https:\/\/vasaorden.com\/visby\/wp-content\/uploads\/sites\/8\/2022\/12\/gotland-644597__480.jpg 720w, https:\/\/vasaorden.com\/visby\/wp-content\/uploads\/sites\/8\/2022\/12\/gotland-644597__480-300x200.jpg 300w\" sizes=\"(max-width: 720px) 100vw, 720px\" \/><\/figure>\n\n\n\n<figure class=\"wp-block-image size-full\"><img loading=\"lazy\" width=\"720\" height=\"480\" data-id=\"1179\"  src=\"https:\/\/vasaorden.com\/visby\/wp-content\/uploads\/sites\/8\/2022\/12\/gotland-5951549__480.jpg\" alt=\"\" class=\"wp-image-1179\" srcset=\"https:\/\/vasaorden.com\/visby\/wp-content\/uploads\/sites\/8\/2022\/12\/gotland-5951549__480.jpg 720w, https:\/\/vasaorden.com\/visby\/wp-content\/uploads\/sites\/8\/2022\/12\/gotland-5951549__480-300x200.jpg 300w\" sizes=\"(max-width: 720px) 100vw, 720px\" \/><\/figure>\n<\/figure>\n\n\n\n<h1 class=\"alignwide\"><\/h1>\n\n\n<div class=\"wp-block-image\">\n<figure class=\"aligncenter size-full\"><img loading=\"lazy\" width=\"565\" height=\"230\" src=\"https:\/\/vasaorden.com\/visby\/wp-content\/uploads\/sites\/8\/2012\/02\/Vasa-logga.jpg\" alt=\"\" class=\"wp-image-228\" srcset=\"https:\/\/vasaorden.com\/visby\/wp-content\/uploads\/sites\/8\/2012\/02\/Vasa-logga.jpg 565w, https:\/\/vasaorden.com\/visby\/wp-content\/uploads\/sites\/8\/2012\/02\/Vasa-logga-300x122.jpg 300w\" sizes=\"(max-width: 565px) 100vw, 565px\" \/><\/figure><\/div>\n\n\n<h1><em><span style=\"color: #800000\"><strong><span style=\"font-family: Verdana\"><br>V\u00e4lkommen !<\/span><\/strong><\/span><\/em><\/h1>\n\n\n\n<h2><em><span style=\"color: #800000\"><strong><span style=\"font-family: Verdana\">Logen stiftades den 13 mars 1950<\/span><\/strong><\/span><\/em><\/h2>\n\n\n\n<h4><em><span style=\"color: #800000;font-family: Verdana\">Vi \u00e4r en av Vasa Orden av Amerikas 18 lokalloger i Sverige med ett 90-tal medlemmar p\u00e5 Gotland. Logen Gotland \u00e4r den Loge i Sverige med flest medlemmar och stabil medlemsutveckling. Vi samlas till ritualenliga logem\u00f6ten vid fyra olika tillf\u00e4llen varje \u00e5r, efterf\u00f6ljt av middag, samvaro och dans. I \u00f6vrigt f\u00f6rekommer kulturella aktiviteter<br>med f\u00f6redrag, utflykter och gemensamma resor, antingen till n\u00e5gon teater eller bes\u00f6k vid annan loge.<br>\u00c4r du intresserad av medlemskap i v\u00e5r Loge, s\u00e5 kontakta v\u00e5r styrelse eller n\u00e5gon bekant du k\u00e4nner som redan \u00e4r medlem. Efter sedvanliga procedurer kan du sen bli invald som medlem. <\/span><\/em><\/h4>\n\n\n\n<h4><span style=\"color: #800000\"><em><span style=\"font-family: Verdana;font-size: x-small\">Vill du veta mer om v\u00e5r verksamhet, titta in p\u00e5 v\u00e5ra \u00f6vriga sidor och p\u00e5 Distriktslogen.<\/span><\/em><\/span><\/h4>\n\n\n\n<h2><em><strong><span style=\"color: #0000ff\">Lite mera Gotland<\/span><\/strong><\/em><\/h2>\n\n\n\n<figure class=\"wp-container-4 wp-block-gallery-3 wp-block-gallery has-nested-images columns-default is-cropped\">\n<figure class=\"wp-block-image size-full\"><img loading=\"lazy\" width=\"853\" height=\"480\" data-id=\"1185\"  src=\"https:\/\/vasaorden.com\/visby\/wp-content\/uploads\/sites\/8\/2022\/12\/sunset-813043__480.jpg\" alt=\"\" class=\"wp-image-1185\" srcset=\"https:\/\/vasaorden.com\/visby\/wp-content\/uploads\/sites\/8\/2022\/12\/sunset-813043__480.jpg 853w, https:\/\/vasaorden.com\/visby\/wp-content\/uploads\/sites\/8\/2022\/12\/sunset-813043__480-300x169.jpg 300w, https:\/\/vasaorden.com\/visby\/wp-content\/uploads\/sites\/8\/2022\/12\/sunset-813043__480-768x432.jpg 768w, https:\/\/vasaorden.com\/visby\/wp-content\/uploads\/sites\/8\/2022\/12\/sunset-813043__480-800x450.jpg 800w\" sizes=\"(max-width: 853px) 100vw, 853px\" \/><\/figure>\n\n\n\n<figure class=\"wp-block-image size-full\"><img loading=\"lazy\" width=\"723\" height=\"480\" data-id=\"1183\"  src=\"https:\/\/vasaorden.com\/visby\/wp-content\/uploads\/sites\/8\/2022\/12\/cave-1045889__480.jpg\" alt=\"\" class=\"wp-image-1183\" srcset=\"https:\/\/vasaorden.com\/visby\/wp-content\/uploads\/sites\/8\/2022\/12\/cave-1045889__480.jpg 723w, https:\/\/vasaorden.com\/visby\/wp-content\/uploads\/sites\/8\/2022\/12\/cave-1045889__480-300x199.jpg 300w\" sizes=\"(max-width: 723px) 100vw, 723px\" \/><\/figure>\n\n\n\n<figure class=\"wp-block-image size-full\"><img loading=\"lazy\" width=\"640\" height=\"480\" data-id=\"1171\"  src=\"https:\/\/vasaorden.com\/visby\/wp-content\/uploads\/sites\/8\/2022\/12\/gotland-344794__480.jpg\" alt=\"\" class=\"wp-image-1171\" srcset=\"https:\/\/vasaorden.com\/visby\/wp-content\/uploads\/sites\/8\/2022\/12\/gotland-344794__480.jpg 640w, https:\/\/vasaorden.com\/visby\/wp-content\/uploads\/sites\/8\/2022\/12\/gotland-344794__480-300x225.jpg 300w\" sizes=\"(max-width: 640px) 100vw, 640px\" \/><\/figure>\n\n\n\n<figure class=\"wp-block-image size-full\"><img loading=\"lazy\" width=\"688\" height=\"480\" data-id=\"1175\"  src=\"https:\/\/vasaorden.com\/visby\/wp-content\/uploads\/sites\/8\/2022\/12\/gotland-5998383__480.jpg\" alt=\"\" class=\"wp-image-1175\" srcset=\"https:\/\/vasaorden.com\/visby\/wp-content\/uploads\/sites\/8\/2022\/12\/gotland-5998383__480.jpg 688w, https:\/\/vasaorden.com\/visby\/wp-content\/uploads\/sites\/8\/2022\/12\/gotland-5998383__480-300x209.jpg 300w\" sizes=\"(max-width: 688px) 100vw, 688px\" \/><\/figure>\n\n\n\n<figure class=\"wp-block-image size-full\"><img loading=\"lazy\" width=\"720\" height=\"480\" data-id=\"1188\"  src=\"https:\/\/vasaorden.com\/visby\/wp-content\/uploads\/sites\/8\/2022\/12\/port-3742871__480.jpg\" alt=\"\" class=\"wp-image-1188\" srcset=\"https:\/\/vasaorden.com\/visby\/wp-content\/uploads\/sites\/8\/2022\/12\/port-3742871__480.jpg 720w, https:\/\/vasaorden.com\/visby\/wp-content\/uploads\/sites\/8\/2022\/12\/port-3742871__480-300x200.jpg 300w\" sizes=\"(max-width: 720px) 100vw, 720px\" \/><\/figure>\n\n\n\n<figure class=\"wp-block-image size-full\"><img loading=\"lazy\" width=\"840\" height=\"480\" data-id=\"1177\"  src=\"https:\/\/vasaorden.com\/visby\/wp-content\/uploads\/sites\/8\/2022\/12\/gotland-1997004__480.jpg\" alt=\"\" class=\"wp-image-1177\" srcset=\"https:\/\/vasaorden.com\/visby\/wp-content\/uploads\/sites\/8\/2022\/12\/gotland-1997004__480.jpg 840w, https:\/\/vasaorden.com\/visby\/wp-content\/uploads\/sites\/8\/2022\/12\/gotland-1997004__480-300x171.jpg 300w, https:\/\/vasaorden.com\/visby\/wp-content\/uploads\/sites\/8\/2022\/12\/gotland-1997004__480-768x439.jpg 768w\" sizes=\"(max-width: 840px) 100vw, 840px\" \/><\/figure>\n\n\n\n<figure class=\"wp-block-image size-large\"><img loading=\"lazy\" width=\"312\" height=\"207\" data-id=\"276\"  src=\"https:\/\/vasaorden.com\/visby\/wp-content\/uploads\/sites\/8\/2012\/02\/1-gotlandkneippbyn2.jpg\" alt=\"\" class=\"wp-image-276\" srcset=\"https:\/\/vasaorden.com\/visby\/wp-content\/uploads\/sites\/8\/2012\/02\/1-gotlandkneippbyn2.jpg 312w, https:\/\/vasaorden.com\/visby\/wp-content\/uploads\/sites\/8\/2012\/02\/1-gotlandkneippbyn2-300x199.jpg 300w\" sizes=\"(max-width: 312px) 100vw, 312px\" \/><\/figure>\n\n\n\n<figure class=\"wp-block-image size-full\"><img loading=\"lazy\" width=\"720\" height=\"480\" data-id=\"1173\"  src=\"https:\/\/vasaorden.com\/visby\/wp-content\/uploads\/sites\/8\/2022\/12\/gotland-5951466__480.jpg\" alt=\"\" class=\"wp-image-1173\" srcset=\"https:\/\/vasaorden.com\/visby\/wp-content\/uploads\/sites\/8\/2022\/12\/gotland-5951466__480.jpg 720w, https:\/\/vasaorden.com\/visby\/wp-content\/uploads\/sites\/8\/2022\/12\/gotland-5951466__480-300x200.jpg 300w\" sizes=\"(max-width: 720px) 100vw, 720px\" \/><\/figure>\n\n\n\n<figure class=\"wp-block-image size-large\"><img loading=\"lazy\" width=\"612\" height=\"344\" data-id=\"270\"  src=\"https:\/\/vasaorden.com\/visby\/wp-content\/uploads\/sites\/8\/2012\/02\/Medleltid.jpg\" alt=\"\" class=\"wp-image-270\" srcset=\"https:\/\/vasaorden.com\/visby\/wp-content\/uploads\/sites\/8\/2012\/02\/Medleltid.jpg 612w, https:\/\/vasaorden.com\/visby\/wp-content\/uploads\/sites\/8\/2012\/02\/Medleltid-300x169.jpg 300w\" sizes=\"(max-width: 612px) 100vw, 612px\" \/><\/figure>\n<\/figure>\n","protected":false},"excerpt":{"rendered":"<p>&nbsp; V\u00e4lkommen ! Logen stiftades den 13 mars 1950 Vi \u00e4r en av Vasa Orden av Amerikas 18 lokalloger i Sverige med ett 90-tal medlemmar p\u00e5 Gotland. Logen Gotland \u00e4r den Loge i Sverige med flest medlemmar och stabil medlemsutveckling. Vi samlas till ritualenliga logem\u00f6ten vid fyra olika tillf\u00e4llen varje \u00e5r, efterf\u00f6ljt av middag, samvaro [&hellip;]<\/p>\n","protected":false},"author":16,"featured_media":0,"parent":127,"menu_order":0,"comment_status":"closed","ping_status":"closed","template":"","meta":{"ngg_post_thumbnail":0,"ocean_post_layout":"","ocean_both_sidebars_style":"","ocean_both_sidebars_content_width":0,"ocean_both_sidebars_sidebars_width":0,"ocean_sidebar":"0","ocean_second_sidebar":"0","ocean_disable_margins":"enable","ocean_add_body_class":"","ocean_shortcode_before_top_bar":"","ocean_shortcode_after_top_bar":"","ocean_shortcode_before_header":"","ocean_shortcode_after_header":"","ocean_has_shortcode":"","ocean_shortcode_after_title":"","ocean_shortcode_before_footer_widgets":"","ocean_shortcode_after_footer_widgets":"","ocean_shortcode_before_footer_bottom":"","ocean_shortcode_after_footer_bottom":"","ocean_display_top_bar":"default","ocean_display_header":"default","ocean_header_style":"","ocean_center_header_left_menu":"0","ocean_custom_header_template":"0","ocean_custom_logo":0,"ocean_custom_retina_logo":0,"ocean_custom_logo_max_width":0,"ocean_custom_logo_tablet_max_width":0,"ocean_custom_logo_mobile_max_width":0,"ocean_custom_logo_max_height":0,"ocean_custom_logo_tablet_max_height":0,"ocean_custom_logo_mobile_max_height":0,"ocean_header_custom_menu":"0","ocean_menu_typo_font_family":"0","ocean_menu_typo_font_subset":"","ocean_menu_typo_font_size":0,"ocean_menu_typo_font_size_tablet":0,"ocean_menu_typo_font_size_mobile":0,"ocean_menu_typo_font_size_unit":"px","ocean_menu_typo_font_weight":"","ocean_menu_typo_font_weight_tablet":"","ocean_menu_typo_font_weight_mobile":"","ocean_menu_typo_transform":"","ocean_menu_typo_transform_tablet":"","ocean_menu_typo_transform_mobile":"","ocean_menu_typo_line_height":0,"ocean_menu_typo_line_height_tablet":0,"ocean_menu_typo_line_height_mobile":0,"ocean_menu_typo_line_height_unit":"","ocean_menu_typo_spacing":0,"ocean_menu_typo_spacing_tablet":0,"ocean_menu_typo_spacing_mobile":0,"ocean_menu_typo_spacing_unit":"","ocean_menu_link_color":"","ocean_menu_link_color_hover":"","ocean_menu_link_color_active":"","ocean_menu_link_background":"","ocean_menu_link_hover_background":"","ocean_menu_link_active_background":"","ocean_menu_social_links_bg":"","ocean_menu_social_hover_links_bg":"","ocean_menu_social_links_color":"","ocean_menu_social_hover_links_color":"","ocean_disable_title":"default","ocean_disable_heading":"default","ocean_post_title":"","ocean_post_subheading":"","ocean_post_title_style":"","ocean_post_title_background_color":"","ocean_post_title_background":0,"ocean_post_title_bg_image_position":"","ocean_post_title_bg_image_attachment":"","ocean_post_title_bg_image_repeat":"","ocean_post_title_bg_image_size":"","ocean_post_title_height":0,"ocean_post_title_bg_overlay":0.5,"ocean_post_title_bg_overlay_color":"","ocean_disable_breadcrumbs":"default","ocean_breadcrumbs_color":"","ocean_breadcrumbs_separator_color":"","ocean_breadcrumbs_links_color":"","ocean_breadcrumbs_links_hover_color":"","ocean_display_footer_widgets":"default","ocean_display_footer_bottom":"default","ocean_custom_footer_template":"0"},"_links":{"self":[{"href":"https:\/\/vasaorden.com\/visby\/wp-json\/wp\/v2\/pages\/1036"}],"collection":[{"href":"https:\/\/vasaorden.com\/visby\/wp-json\/wp\/v2\/pages"}],"about":[{"href":"https:\/\/vasaorden.com\/visby\/wp-json\/wp\/v2\/types\/page"}],"author":[{"embeddable":true,"href":"https:\/\/vasaorden.com\/visby\/wp-json\/wp\/v2\/users\/16"}],"replies":[{"embeddable":true,"href":"https:\/\/vasaorden.com\/visby\/wp-json\/wp\/v2\/comments?post=1036"}],"version-history":[{"count":16,"href":"https:\/\/vasaorden.com\/visby\/wp-json\/wp\/v2\/pages\/1036\/revisions"}],"predecessor-version":[{"id":1426,"href":"https:\/\/vasaorden.com\/visby\/wp-json\/wp\/v2\/pages\/1036\/revisions\/1426"}],"up":[{"embeddable":true,"href":"https:\/\/vasaorden.com\/visby\/wp-json\/wp\/v2\/pages\/127"}],"wp:attachment":[{"href":"https:\/\/vasaorden.com\/visby\/wp-json\/wp\/v2\/media?parent=1036"}],"curies":[{"name":"wp","href":"https:\/\/api.w.org\/{rel}","templated":true}]}}