{"id":4367,"date":"2026-03-31T11:55:07","date_gmt":"2026-03-31T09:55:07","guid":{"rendered":"https:\/\/vasaorden.com\/vasteras\/?page_id=4367"},"modified":"2026-03-31T12:10:11","modified_gmt":"2026-03-31T10:10:11","slug":"logemote-2026-03-28","status":"publish","type":"page","link":"https:\/\/vasaorden.com\/vasteras\/logemote-2026-03-28\/","title":{"rendered":"Logem\u00f6te 2026-03-28"},"content":{"rendered":"\n<p><\/p>\n\n\n\n<p>Logen Engelbrekt Nr 619, en lokalloge inom Vasa Orden av Amerika, hade sitt m\u00e5nadsm\u00f6te den 28 mars i Odd Fellow-huset. Kv\u00e4llen inleddes med ett m\u00f6te. P\u00e5 m\u00f6tet utr\u00f6stades en medlem p\u00e5 egen beg\u00e4ran och en f\u00f6re detta medlem \u00e5terintogs. Under punkten kontakt Amerika ber\u00e4ttade Gunnie Sundqvist-S\u00f6derman om <em>Jessica Meir som <\/em>\u00e4r en svensk-amerikansk astronaut, uttagen i NASA:s astronautgrupp. Hans \u00d6gren fortsatte att ber\u00e4tta om amerikanen Henry Ford som startade Ford Motor Company. Den st\u00f6rsta succ\u00e9n inleddes i\u00a0oktober 1908\u00a0i och med introduktionen av\u00a0T-Forden. Masstillverkning p\u00e5 l\u00f6pande band b\u00f6rjade\u00a01913. Mellan \u00e5ren 1908 till 1927 tillverkas i totalt 15 miljoner exemplar.<\/p>\n\n\n\n<p>Efterkapitlet var rikligt bes\u00f6kt och gick under ben\u00e4mningen Br\u00f6dernas Afton. Arbetsgruppen, f\u00f6r kv\u00e4llen enbart Br\u00f6der, under ledning av Yngve Karlsson serverade f\u00f6rst en mycket omtyckt tv\u00e5r\u00e4tters sup\u00e9.<\/p>\n\n\n\n<p>Efter varmr\u00e4tten kom kv\u00e4llens program som var annonserat att handla om Sveriges Radios 100 \u00e5riga verksamhet med start 1925. Br\u00f6derna ber\u00e4ttade och visade bilder om olika program som till stor del var k\u00e4nda av \u00e5h\u00f6rarna. Man spelade signaturmelodier som publiken ofta igenk\u00e4nnande gnolade med i, detta uppblandat med ett antal alls\u00e5nger. Kv\u00e4llens h\u00f6jdpunkt blev en dansuppvisning av Peter Sundqvist till alls\u00e5ng av den k\u00e4nda l\u00e5ten Itsy Bitsy.<\/p>\n\n\n\n<p>Britt-Marie Karlsson tackade arbetsgruppen f\u00f6r mycket trevligt program.<\/p>\n\n\n\n<p>Efter showen blev det kaffe och kaka f\u00f6ljt av livliga samtal runt borden. Hans \u00d6gren tackade arbetsgruppen f\u00f6r god mat och en trevlig kv\u00e4ll.&nbsp;&nbsp;&nbsp;&nbsp;&nbsp;&nbsp;&nbsp;&nbsp;&nbsp; Kv\u00e4llen avslutades med lotteridragning.<\/p>\n\n\n\n<figure class=\"wp-block-image size-large\"><img loading=\"lazy\" width=\"1024\" height=\"654\" src=\"https:\/\/vasaorden.com\/vasteras\/wp-content\/uploads\/sites\/7\/2026\/03\/DSCN6015-horz-1024x654.jpg\" alt=\"\" class=\"wp-image-4368\" srcset=\"https:\/\/vasaorden.com\/vasteras\/wp-content\/uploads\/sites\/7\/2026\/03\/DSCN6015-horz-1024x654.jpg 1024w, https:\/\/vasaorden.com\/vasteras\/wp-content\/uploads\/sites\/7\/2026\/03\/DSCN6015-horz-300x192.jpg 300w, https:\/\/vasaorden.com\/vasteras\/wp-content\/uploads\/sites\/7\/2026\/03\/DSCN6015-horz-768x491.jpg 768w, https:\/\/vasaorden.com\/vasteras\/wp-content\/uploads\/sites\/7\/2026\/03\/DSCN6015-horz.jpg 1149w\" sizes=\"(max-width: 1024px) 100vw, 1024px\" \/><\/figure>\n\n\n\n<figure class=\"wp-block-image size-large\"><img loading=\"lazy\" width=\"1024\" height=\"686\" src=\"https:\/\/vasaorden.com\/vasteras\/wp-content\/uploads\/sites\/7\/2026\/03\/DSCN6016-horz-1024x686.jpg\" alt=\"\" class=\"wp-image-4369\" srcset=\"https:\/\/vasaorden.com\/vasteras\/wp-content\/uploads\/sites\/7\/2026\/03\/DSCN6016-horz-1024x686.jpg 1024w, https:\/\/vasaorden.com\/vasteras\/wp-content\/uploads\/sites\/7\/2026\/03\/DSCN6016-horz-300x201.jpg 300w, https:\/\/vasaorden.com\/vasteras\/wp-content\/uploads\/sites\/7\/2026\/03\/DSCN6016-horz-768x515.jpg 768w, https:\/\/vasaorden.com\/vasteras\/wp-content\/uploads\/sites\/7\/2026\/03\/DSCN6016-horz.jpg 1158w\" sizes=\"(max-width: 1024px) 100vw, 1024px\" \/><\/figure>\n\n\n\n<figure class=\"wp-block-image size-full\"><img loading=\"lazy\" width=\"728\" height=\"731\" src=\"https:\/\/vasaorden.com\/vasteras\/wp-content\/uploads\/sites\/7\/2026\/03\/DSCN6017-horz.jpg\" alt=\"\" class=\"wp-image-4370\" srcset=\"https:\/\/vasaorden.com\/vasteras\/wp-content\/uploads\/sites\/7\/2026\/03\/DSCN6017-horz.jpg 728w, https:\/\/vasaorden.com\/vasteras\/wp-content\/uploads\/sites\/7\/2026\/03\/DSCN6017-horz-300x300.jpg 300w, https:\/\/vasaorden.com\/vasteras\/wp-content\/uploads\/sites\/7\/2026\/03\/DSCN6017-horz-150x150.jpg 150w\" sizes=\"(max-width: 728px) 100vw, 728px\" \/><\/figure>\n\n\n\n<figure class=\"wp-block-image size-full\"><img loading=\"lazy\" width=\"805\" height=\"674\" src=\"https:\/\/vasaorden.com\/vasteras\/wp-content\/uploads\/sites\/7\/2026\/03\/DSCN6018-horz.jpg\" alt=\"\" class=\"wp-image-4371\" srcset=\"https:\/\/vasaorden.com\/vasteras\/wp-content\/uploads\/sites\/7\/2026\/03\/DSCN6018-horz.jpg 805w, https:\/\/vasaorden.com\/vasteras\/wp-content\/uploads\/sites\/7\/2026\/03\/DSCN6018-horz-300x251.jpg 300w, https:\/\/vasaorden.com\/vasteras\/wp-content\/uploads\/sites\/7\/2026\/03\/DSCN6018-horz-768x643.jpg 768w\" sizes=\"(max-width: 805px) 100vw, 805px\" \/><\/figure>\n\n\n\n<figure class=\"wp-block-image size-full\"><img loading=\"lazy\" width=\"911\" height=\"620\" src=\"https:\/\/vasaorden.com\/vasteras\/wp-content\/uploads\/sites\/7\/2026\/03\/DSCN6019-horz.jpg\" alt=\"\" class=\"wp-image-4372\" srcset=\"https:\/\/vasaorden.com\/vasteras\/wp-content\/uploads\/sites\/7\/2026\/03\/DSCN6019-horz.jpg 911w, https:\/\/vasaorden.com\/vasteras\/wp-content\/uploads\/sites\/7\/2026\/03\/DSCN6019-horz-300x204.jpg 300w, https:\/\/vasaorden.com\/vasteras\/wp-content\/uploads\/sites\/7\/2026\/03\/DSCN6019-horz-768x523.jpg 768w\" sizes=\"(max-width: 911px) 100vw, 911px\" \/><\/figure>\n\n\n\n<figure class=\"wp-block-image size-full\"><img loading=\"lazy\" width=\"650\" height=\"603\" src=\"https:\/\/vasaorden.com\/vasteras\/wp-content\/uploads\/sites\/7\/2026\/03\/DSCN6020-horz.jpg\" alt=\"\" class=\"wp-image-4373\" srcset=\"https:\/\/vasaorden.com\/vasteras\/wp-content\/uploads\/sites\/7\/2026\/03\/DSCN6020-horz.jpg 650w, https:\/\/vasaorden.com\/vasteras\/wp-content\/uploads\/sites\/7\/2026\/03\/DSCN6020-horz-300x278.jpg 300w\" sizes=\"(max-width: 650px) 100vw, 650px\" \/><\/figure>\n\n\n\n<figure class=\"wp-block-image size-full\"><img loading=\"lazy\" width=\"963\" height=\"823\" src=\"https:\/\/vasaorden.com\/vasteras\/wp-content\/uploads\/sites\/7\/2026\/03\/DSCN6021-horz.jpg\" alt=\"\" class=\"wp-image-4374\" srcset=\"https:\/\/vasaorden.com\/vasteras\/wp-content\/uploads\/sites\/7\/2026\/03\/DSCN6021-horz.jpg 963w, https:\/\/vasaorden.com\/vasteras\/wp-content\/uploads\/sites\/7\/2026\/03\/DSCN6021-horz-300x256.jpg 300w, https:\/\/vasaorden.com\/vasteras\/wp-content\/uploads\/sites\/7\/2026\/03\/DSCN6021-horz-768x656.jpg 768w\" sizes=\"(max-width: 963px) 100vw, 963px\" \/><\/figure>\n\n\n\n<figure class=\"wp-block-image size-full\"><img loading=\"lazy\" width=\"828\" height=\"673\" src=\"https:\/\/vasaorden.com\/vasteras\/wp-content\/uploads\/sites\/7\/2026\/03\/DSCN6022-horz.jpg\" alt=\"\" class=\"wp-image-4375\" srcset=\"https:\/\/vasaorden.com\/vasteras\/wp-content\/uploads\/sites\/7\/2026\/03\/DSCN6022-horz.jpg 828w, https:\/\/vasaorden.com\/vasteras\/wp-content\/uploads\/sites\/7\/2026\/03\/DSCN6022-horz-300x244.jpg 300w, https:\/\/vasaorden.com\/vasteras\/wp-content\/uploads\/sites\/7\/2026\/03\/DSCN6022-horz-768x624.jpg 768w\" sizes=\"(max-width: 828px) 100vw, 828px\" \/><\/figure>\n\n\n\n<figure class=\"wp-block-image size-full\"><img loading=\"lazy\" width=\"963\" height=\"701\" src=\"https:\/\/vasaorden.com\/vasteras\/wp-content\/uploads\/sites\/7\/2026\/03\/DSCN6023-horz.jpg\" alt=\"\" class=\"wp-image-4376\" srcset=\"https:\/\/vasaorden.com\/vasteras\/wp-content\/uploads\/sites\/7\/2026\/03\/DSCN6023-horz.jpg 963w, https:\/\/vasaorden.com\/vasteras\/wp-content\/uploads\/sites\/7\/2026\/03\/DSCN6023-horz-300x218.jpg 300w, https:\/\/vasaorden.com\/vasteras\/wp-content\/uploads\/sites\/7\/2026\/03\/DSCN6023-horz-768x559.jpg 768w\" sizes=\"(max-width: 963px) 100vw, 963px\" \/><\/figure>\n\n\n\n<figure class=\"wp-block-image size-full\"><img loading=\"lazy\" width=\"956\" height=\"712\" src=\"https:\/\/vasaorden.com\/vasteras\/wp-content\/uploads\/sites\/7\/2026\/03\/DSCN6024-horz.jpg\" alt=\"\" class=\"wp-image-4377\" srcset=\"https:\/\/vasaorden.com\/vasteras\/wp-content\/uploads\/sites\/7\/2026\/03\/DSCN6024-horz.jpg 956w, https:\/\/vasaorden.com\/vasteras\/wp-content\/uploads\/sites\/7\/2026\/03\/DSCN6024-horz-300x223.jpg 300w, https:\/\/vasaorden.com\/vasteras\/wp-content\/uploads\/sites\/7\/2026\/03\/DSCN6024-horz-768x572.jpg 768w\" sizes=\"(max-width: 956px) 100vw, 956px\" \/><\/figure>\n\n\n\n<figure class=\"wp-block-image size-large\"><img loading=\"lazy\" width=\"1024\" height=\"705\" src=\"https:\/\/vasaorden.com\/vasteras\/wp-content\/uploads\/sites\/7\/2026\/03\/DSCN6025-horz-1024x705.jpg\" alt=\"\" class=\"wp-image-4378\" srcset=\"https:\/\/vasaorden.com\/vasteras\/wp-content\/uploads\/sites\/7\/2026\/03\/DSCN6025-horz-1024x705.jpg 1024w, https:\/\/vasaorden.com\/vasteras\/wp-content\/uploads\/sites\/7\/2026\/03\/DSCN6025-horz-300x207.jpg 300w, https:\/\/vasaorden.com\/vasteras\/wp-content\/uploads\/sites\/7\/2026\/03\/DSCN6025-horz-768x529.jpg 768w, https:\/\/vasaorden.com\/vasteras\/wp-content\/uploads\/sites\/7\/2026\/03\/DSCN6025-horz.jpg 1092w\" sizes=\"(max-width: 1024px) 100vw, 1024px\" \/><\/figure>\n\n\n\n<figure class=\"wp-block-image size-large\"><img loading=\"lazy\" width=\"1024\" height=\"738\" src=\"https:\/\/vasaorden.com\/vasteras\/wp-content\/uploads\/sites\/7\/2026\/03\/DSCN6026-horz-1024x738.jpg\" alt=\"\" class=\"wp-image-4379\" srcset=\"https:\/\/vasaorden.com\/vasteras\/wp-content\/uploads\/sites\/7\/2026\/03\/DSCN6026-horz-1024x738.jpg 1024w, https:\/\/vasaorden.com\/vasteras\/wp-content\/uploads\/sites\/7\/2026\/03\/DSCN6026-horz-300x216.jpg 300w, https:\/\/vasaorden.com\/vasteras\/wp-content\/uploads\/sites\/7\/2026\/03\/DSCN6026-horz-768x553.jpg 768w, https:\/\/vasaorden.com\/vasteras\/wp-content\/uploads\/sites\/7\/2026\/03\/DSCN6026-horz.jpg 1059w\" sizes=\"(max-width: 1024px) 100vw, 1024px\" \/><\/figure>\n\n\n\n<figure class=\"wp-block-image size-full\"><img loading=\"lazy\" width=\"760\" height=\"751\" src=\"https:\/\/vasaorden.com\/vasteras\/wp-content\/uploads\/sites\/7\/2026\/03\/DSCN6028-horz.jpg\" alt=\"\" class=\"wp-image-4380\" srcset=\"https:\/\/vasaorden.com\/vasteras\/wp-content\/uploads\/sites\/7\/2026\/03\/DSCN6028-horz.jpg 760w, https:\/\/vasaorden.com\/vasteras\/wp-content\/uploads\/sites\/7\/2026\/03\/DSCN6028-horz-300x296.jpg 300w\" sizes=\"(max-width: 760px) 100vw, 760px\" \/><\/figure>\n\n\n\n<figure class=\"wp-block-image size-full\"><img loading=\"lazy\" width=\"671\" height=\"485\" src=\"https:\/\/vasaorden.com\/vasteras\/wp-content\/uploads\/sites\/7\/2026\/03\/DSCN6029-horz.jpg\" alt=\"\" class=\"wp-image-4381\" srcset=\"https:\/\/vasaorden.com\/vasteras\/wp-content\/uploads\/sites\/7\/2026\/03\/DSCN6029-horz.jpg 671w, https:\/\/vasaorden.com\/vasteras\/wp-content\/uploads\/sites\/7\/2026\/03\/DSCN6029-horz-300x217.jpg 300w\" sizes=\"(max-width: 671px) 100vw, 671px\" \/><\/figure>\n\n\n\n<figure class=\"wp-block-image size-large\"><img loading=\"lazy\" width=\"1024\" height=\"531\" src=\"https:\/\/vasaorden.com\/vasteras\/wp-content\/uploads\/sites\/7\/2026\/03\/DSCN6032-horz-1024x531.jpg\" alt=\"\" class=\"wp-image-4382\" srcset=\"https:\/\/vasaorden.com\/vasteras\/wp-content\/uploads\/sites\/7\/2026\/03\/DSCN6032-horz-1024x531.jpg 1024w, https:\/\/vasaorden.com\/vasteras\/wp-content\/uploads\/sites\/7\/2026\/03\/DSCN6032-horz-300x155.jpg 300w, https:\/\/vasaorden.com\/vasteras\/wp-content\/uploads\/sites\/7\/2026\/03\/DSCN6032-horz-768x398.jpg 768w, https:\/\/vasaorden.com\/vasteras\/wp-content\/uploads\/sites\/7\/2026\/03\/DSCN6032-horz.jpg 1241w\" sizes=\"(max-width: 1024px) 100vw, 1024px\" \/><\/figure>\n\n\n\n<figure class=\"wp-block-image size-full\"><img loading=\"lazy\" width=\"420\" height=\"579\" src=\"https:\/\/vasaorden.com\/vasteras\/wp-content\/uploads\/sites\/7\/2026\/03\/DSCN6033-horz.jpg\" alt=\"\" class=\"wp-image-4383\" srcset=\"https:\/\/vasaorden.com\/vasteras\/wp-content\/uploads\/sites\/7\/2026\/03\/DSCN6033-horz.jpg 420w, https:\/\/vasaorden.com\/vasteras\/wp-content\/uploads\/sites\/7\/2026\/03\/DSCN6033-horz-218x300.jpg 218w\" sizes=\"(max-width: 420px) 100vw, 420px\" \/><\/figure>\n\n\n\n<figure class=\"wp-block-image size-large\"><img loading=\"lazy\" width=\"1024\" height=\"694\" src=\"https:\/\/vasaorden.com\/vasteras\/wp-content\/uploads\/sites\/7\/2026\/03\/DSCN6034-horz-1024x694.jpg\" alt=\"\" class=\"wp-image-4384\" srcset=\"https:\/\/vasaorden.com\/vasteras\/wp-content\/uploads\/sites\/7\/2026\/03\/DSCN6034-horz-1024x694.jpg 1024w, https:\/\/vasaorden.com\/vasteras\/wp-content\/uploads\/sites\/7\/2026\/03\/DSCN6034-horz-300x203.jpg 300w, https:\/\/vasaorden.com\/vasteras\/wp-content\/uploads\/sites\/7\/2026\/03\/DSCN6034-horz-768x520.jpg 768w, https:\/\/vasaorden.com\/vasteras\/wp-content\/uploads\/sites\/7\/2026\/03\/DSCN6034-horz.jpg 1092w\" sizes=\"(max-width: 1024px) 100vw, 1024px\" \/><\/figure>\n\n\n\n<figure class=\"wp-block-image size-full\"><img loading=\"lazy\" width=\"721\" height=\"523\" src=\"https:\/\/vasaorden.com\/vasteras\/wp-content\/uploads\/sites\/7\/2026\/03\/DSCN6036-horz.jpg\" alt=\"\" class=\"wp-image-4385\" srcset=\"https:\/\/vasaorden.com\/vasteras\/wp-content\/uploads\/sites\/7\/2026\/03\/DSCN6036-horz.jpg 721w, https:\/\/vasaorden.com\/vasteras\/wp-content\/uploads\/sites\/7\/2026\/03\/DSCN6036-horz-300x218.jpg 300w\" sizes=\"(max-width: 721px) 100vw, 721px\" \/><\/figure>\n\n\n\n<figure class=\"wp-block-image size-full\"><img loading=\"lazy\" width=\"731\" height=\"545\" src=\"https:\/\/vasaorden.com\/vasteras\/wp-content\/uploads\/sites\/7\/2026\/03\/DSCN6037-horz.jpg\" alt=\"\" class=\"wp-image-4386\" srcset=\"https:\/\/vasaorden.com\/vasteras\/wp-content\/uploads\/sites\/7\/2026\/03\/DSCN6037-horz.jpg 731w, https:\/\/vasaorden.com\/vasteras\/wp-content\/uploads\/sites\/7\/2026\/03\/DSCN6037-horz-300x224.jpg 300w\" sizes=\"(max-width: 731px) 100vw, 731px\" \/><\/figure>\n\n\n\n<figure class=\"wp-block-image size-full\"><img loading=\"lazy\" width=\"429\" height=\"660\" src=\"https:\/\/vasaorden.com\/vasteras\/wp-content\/uploads\/sites\/7\/2026\/03\/DSCN6039-horz.jpg\" alt=\"\" class=\"wp-image-4387\" srcset=\"https:\/\/vasaorden.com\/vasteras\/wp-content\/uploads\/sites\/7\/2026\/03\/DSCN6039-horz.jpg 429w, https:\/\/vasaorden.com\/vasteras\/wp-content\/uploads\/sites\/7\/2026\/03\/DSCN6039-horz-195x300.jpg 195w\" sizes=\"(max-width: 429px) 100vw, 429px\" \/><\/figure>\n\n\n\n<figure class=\"wp-block-image size-full\"><img loading=\"lazy\" width=\"848\" height=\"633\" src=\"https:\/\/vasaorden.com\/vasteras\/wp-content\/uploads\/sites\/7\/2026\/03\/DSCN6042-horz.jpg\" alt=\"\" class=\"wp-image-4388\" srcset=\"https:\/\/vasaorden.com\/vasteras\/wp-content\/uploads\/sites\/7\/2026\/03\/DSCN6042-horz.jpg 848w, https:\/\/vasaorden.com\/vasteras\/wp-content\/uploads\/sites\/7\/2026\/03\/DSCN6042-horz-300x224.jpg 300w, https:\/\/vasaorden.com\/vasteras\/wp-content\/uploads\/sites\/7\/2026\/03\/DSCN6042-horz-768x573.jpg 768w\" sizes=\"(max-width: 848px) 100vw, 848px\" \/><\/figure>\n\n\n\n<figure class=\"wp-block-image size-full\"><img loading=\"lazy\" width=\"581\" height=\"722\" src=\"https:\/\/vasaorden.com\/vasteras\/wp-content\/uploads\/sites\/7\/2026\/03\/DSCN6045-horz.jpg\" alt=\"\" class=\"wp-image-4389\" srcset=\"https:\/\/vasaorden.com\/vasteras\/wp-content\/uploads\/sites\/7\/2026\/03\/DSCN6045-horz.jpg 581w, https:\/\/vasaorden.com\/vasteras\/wp-content\/uploads\/sites\/7\/2026\/03\/DSCN6045-horz-241x300.jpg 241w\" sizes=\"(max-width: 581px) 100vw, 581px\" \/><\/figure>\n\n\n\n<figure class=\"wp-block-image size-full\"><img loading=\"lazy\" width=\"1005\" height=\"865\" src=\"https:\/\/vasaorden.com\/vasteras\/wp-content\/uploads\/sites\/7\/2026\/03\/DSCN6051-horz.jpg\" alt=\"\" class=\"wp-image-4390\" srcset=\"https:\/\/vasaorden.com\/vasteras\/wp-content\/uploads\/sites\/7\/2026\/03\/DSCN6051-horz.jpg 1005w, https:\/\/vasaorden.com\/vasteras\/wp-content\/uploads\/sites\/7\/2026\/03\/DSCN6051-horz-300x258.jpg 300w, https:\/\/vasaorden.com\/vasteras\/wp-content\/uploads\/sites\/7\/2026\/03\/DSCN6051-horz-768x661.jpg 768w\" sizes=\"(max-width: 1005px) 100vw, 1005px\" \/><\/figure>\n\n\n\n<h2><a href=\"https:\/\/vasaorden.com\/vasteras\/information\/\" data-type=\"page\" data-id=\"2992\">Tillbaka till sidan Information<\/a><\/h2>\n","protected":false},"excerpt":{"rendered":"<p>Logen Engelbrekt Nr 619, en lokalloge inom Vasa Orden av Amerika, hade sitt m\u00e5nadsm\u00f6te den 28 mars i Odd Fellow-huset. Kv\u00e4llen inleddes med ett m\u00f6te. P\u00e5 m\u00f6tet utr\u00f6stades en medlem p\u00e5 egen beg\u00e4ran och en f\u00f6re detta medlem \u00e5terintogs. Under punkten kontakt Amerika ber\u00e4ttade Gunnie Sundqvist-S\u00f6derman om Jessica Meir som \u00e4r en svensk-amerikansk astronaut, uttagen [&hellip;]<\/p>\n","protected":false},"author":15,"featured_media":0,"parent":0,"menu_order":0,"comment_status":"closed","ping_status":"closed","template":"","meta":{"ngg_post_thumbnail":0,"ocean_post_layout":"","ocean_both_sidebars_style":"","ocean_both_sidebars_content_width":0,"ocean_both_sidebars_sidebars_width":0,"ocean_sidebar":"","ocean_second_sidebar":"","ocean_disable_margins":"enable","ocean_add_body_class":"","ocean_shortcode_before_top_bar":"","ocean_shortcode_after_top_bar":"","ocean_shortcode_before_header":"","ocean_shortcode_after_header":"","ocean_has_shortcode":"","ocean_shortcode_after_title":"","ocean_shortcode_before_footer_widgets":"","ocean_shortcode_after_footer_widgets":"","ocean_shortcode_before_footer_bottom":"","ocean_shortcode_after_footer_bottom":"","ocean_display_top_bar":"default","ocean_display_header":"default","ocean_header_style":"","ocean_center_header_left_menu":"","ocean_custom_header_template":"","ocean_custom_logo":0,"ocean_custom_retina_logo":0,"ocean_custom_logo_max_width":0,"ocean_custom_logo_tablet_max_width":0,"ocean_custom_logo_mobile_max_width":0,"ocean_custom_logo_max_height":0,"ocean_custom_logo_tablet_max_height":0,"ocean_custom_logo_mobile_max_height":0,"ocean_header_custom_menu":"","ocean_menu_typo_font_family":"","ocean_menu_typo_font_subset":"","ocean_menu_typo_font_size":0,"ocean_menu_typo_font_size_tablet":0,"ocean_menu_typo_font_size_mobile":0,"ocean_menu_typo_font_size_unit":"px","ocean_menu_typo_font_weight":"","ocean_menu_typo_font_weight_tablet":"","ocean_menu_typo_font_weight_mobile":"","ocean_menu_typo_transform":"","ocean_menu_typo_transform_tablet":"","ocean_menu_typo_transform_mobile":"","ocean_menu_typo_line_height":0,"ocean_menu_typo_line_height_tablet":0,"ocean_menu_typo_line_height_mobile":0,"ocean_menu_typo_line_height_unit":"","ocean_menu_typo_spacing":0,"ocean_menu_typo_spacing_tablet":0,"ocean_menu_typo_spacing_mobile":0,"ocean_menu_typo_spacing_unit":"","ocean_menu_link_color":"","ocean_menu_link_color_hover":"","ocean_menu_link_color_active":"","ocean_menu_link_background":"","ocean_menu_link_hover_background":"","ocean_menu_link_active_background":"","ocean_menu_social_links_bg":"","ocean_menu_social_hover_links_bg":"","ocean_menu_social_links_color":"","ocean_menu_social_hover_links_color":"","ocean_disable_title":"default","ocean_disable_heading":"default","ocean_post_title":"","ocean_post_subheading":"","ocean_post_title_style":"","ocean_post_title_background_color":"","ocean_post_title_background":0,"ocean_post_title_bg_image_position":"","ocean_post_title_bg_image_attachment":"","ocean_post_title_bg_image_repeat":"","ocean_post_title_bg_image_size":"","ocean_post_title_height":0,"ocean_post_title_bg_overlay":0.5,"ocean_post_title_bg_overlay_color":"","ocean_disable_breadcrumbs":"default","ocean_breadcrumbs_color":"","ocean_breadcrumbs_separator_color":"","ocean_breadcrumbs_links_color":"","ocean_breadcrumbs_links_hover_color":"","ocean_display_footer_widgets":"default","ocean_display_footer_bottom":"default","ocean_custom_footer_template":""},"_links":{"self":[{"href":"https:\/\/vasaorden.com\/vasteras\/wp-json\/wp\/v2\/pages\/4367"}],"collection":[{"href":"https:\/\/vasaorden.com\/vasteras\/wp-json\/wp\/v2\/pages"}],"about":[{"href":"https:\/\/vasaorden.com\/vasteras\/wp-json\/wp\/v2\/types\/page"}],"author":[{"embeddable":true,"href":"https:\/\/vasaorden.com\/vasteras\/wp-json\/wp\/v2\/users\/15"}],"replies":[{"embeddable":true,"href":"https:\/\/vasaorden.com\/vasteras\/wp-json\/wp\/v2\/comments?post=4367"}],"version-history":[{"count":5,"href":"https:\/\/vasaorden.com\/vasteras\/wp-json\/wp\/v2\/pages\/4367\/revisions"}],"predecessor-version":[{"id":4402,"href":"https:\/\/vasaorden.com\/vasteras\/wp-json\/wp\/v2\/pages\/4367\/revisions\/4402"}],"wp:attachment":[{"href":"https:\/\/vasaorden.com\/vasteras\/wp-json\/wp\/v2\/media?parent=4367"}],"curies":[{"name":"wp","href":"https:\/\/api.w.org\/{rel}","templated":true}]}}