{"id":4190,"date":"2025-10-23T13:43:01","date_gmt":"2025-10-23T11:43:01","guid":{"rendered":"https:\/\/vasaorden.com\/vasteras\/?page_id=4190"},"modified":"2025-10-23T14:10:10","modified_gmt":"2025-10-23T12:10:10","slug":"hogtidsmote-2025-10-18","status":"publish","type":"page","link":"https:\/\/vasaorden.com\/vasteras\/hogtidsmote-2025-10-18\/","title":{"rendered":"H\u00f6gtidsm\u00f6te 2025-10-18"},"content":{"rendered":"\n<p>Logen Engelbrekt Nr 619, en lokalloge inom Vasa Orden av Amerika, hade sitt f\u00f6rsta h\u00f6stm\u00f6te i Odd Fellow-husets festv\u00e5ning den 18:e oktober. Kv\u00e4llen inleddes med ett logem\u00f6te, d\u00e4r ut\u00f6ver normala m\u00f6tesf\u00f6rhandlingar, \u00e4ven tv\u00e5 nya medlemmar togs in.<\/p>\n\n\n\n<p>Efterkapitlet var v\u00e4lbes\u00f6kt av logemedlemmar och g\u00e4ster. Arbetsgruppen, under ledning av Gunnie Sundqvist S\u00f6derman serverade en v\u00e4lsmakande 3-r\u00e4tters sup\u00e9 som var iordningsst\u00e4lld och tillagad av gruppen sj\u00e4lva.<\/p>\n\n\n\n<p>Efter m\u00e5ltiden gjordes en paus f\u00f6r kv\u00e4llens program som bestod av att Gunilla Meijer ber\u00e4ttade och f\u00f6revisade hur man utf\u00f6r tovning av ull.&nbsp;&nbsp;&nbsp;&nbsp;&nbsp;&nbsp;&nbsp; Ett mycket intressant program.<\/p>\n\n\n\n<p>Efter f\u00f6redraget serverades kaffe och chokladbit.<\/p>\n\n\n\n<p>Hans \u00d6gren Logen Stockholm nr 589 tackade arbetsgruppen f\u00f6r god mat och en trevlig kv\u00e4ll.<\/p>\n\n\n\n<p>Kv\u00e4llen avslutades med lotteridragning och fortsatt samvaro..<\/p>\n\n\n\n<p><\/p>\n\n\n\n<figure class=\"wp-block-image size-large\"><img loading=\"lazy\" width=\"1024\" height=\"619\" src=\"https:\/\/vasaorden.com\/vasteras\/wp-content\/uploads\/sites\/7\/2025\/10\/DSCN5830-horz-1024x619.jpg\" alt=\"\" class=\"wp-image-4191\" srcset=\"https:\/\/vasaorden.com\/vasteras\/wp-content\/uploads\/sites\/7\/2025\/10\/DSCN5830-horz-1024x619.jpg 1024w, https:\/\/vasaorden.com\/vasteras\/wp-content\/uploads\/sites\/7\/2025\/10\/DSCN5830-horz-300x181.jpg 300w, https:\/\/vasaorden.com\/vasteras\/wp-content\/uploads\/sites\/7\/2025\/10\/DSCN5830-horz-768x464.jpg 768w, https:\/\/vasaorden.com\/vasteras\/wp-content\/uploads\/sites\/7\/2025\/10\/DSCN5830-horz.jpg 1087w\" sizes=\"(max-width: 1024px) 100vw, 1024px\" \/><\/figure>\n\n\n\n<figure class=\"wp-block-image size-large\"><img loading=\"lazy\" width=\"1024\" height=\"732\" src=\"https:\/\/vasaorden.com\/vasteras\/wp-content\/uploads\/sites\/7\/2025\/10\/DSCN5829-horz-1024x732.jpg\" alt=\"\" class=\"wp-image-4192\" srcset=\"https:\/\/vasaorden.com\/vasteras\/wp-content\/uploads\/sites\/7\/2025\/10\/DSCN5829-horz-1024x732.jpg 1024w, https:\/\/vasaorden.com\/vasteras\/wp-content\/uploads\/sites\/7\/2025\/10\/DSCN5829-horz-300x215.jpg 300w, https:\/\/vasaorden.com\/vasteras\/wp-content\/uploads\/sites\/7\/2025\/10\/DSCN5829-horz-768x549.jpg 768w, https:\/\/vasaorden.com\/vasteras\/wp-content\/uploads\/sites\/7\/2025\/10\/DSCN5829-horz.jpg 1060w\" sizes=\"(max-width: 1024px) 100vw, 1024px\" \/><\/figure>\n\n\n\n<figure class=\"wp-block-image size-full\"><img loading=\"lazy\" width=\"947\" height=\"774\" src=\"https:\/\/vasaorden.com\/vasteras\/wp-content\/uploads\/sites\/7\/2025\/10\/DSCN5831-horz.jpg\" alt=\"\" class=\"wp-image-4193\" srcset=\"https:\/\/vasaorden.com\/vasteras\/wp-content\/uploads\/sites\/7\/2025\/10\/DSCN5831-horz.jpg 947w, https:\/\/vasaorden.com\/vasteras\/wp-content\/uploads\/sites\/7\/2025\/10\/DSCN5831-horz-300x245.jpg 300w, https:\/\/vasaorden.com\/vasteras\/wp-content\/uploads\/sites\/7\/2025\/10\/DSCN5831-horz-768x628.jpg 768w\" sizes=\"(max-width: 947px) 100vw, 947px\" \/><\/figure>\n\n\n\n<figure class=\"wp-block-image size-full\"><img loading=\"lazy\" width=\"673\" height=\"653\" src=\"https:\/\/vasaorden.com\/vasteras\/wp-content\/uploads\/sites\/7\/2025\/10\/DSCN5832-horz.jpg\" alt=\"\" class=\"wp-image-4194\" srcset=\"https:\/\/vasaorden.com\/vasteras\/wp-content\/uploads\/sites\/7\/2025\/10\/DSCN5832-horz.jpg 673w, https:\/\/vasaorden.com\/vasteras\/wp-content\/uploads\/sites\/7\/2025\/10\/DSCN5832-horz-300x291.jpg 300w\" sizes=\"(max-width: 673px) 100vw, 673px\" \/><\/figure>\n\n\n\n<figure class=\"wp-block-image size-large\"><img loading=\"lazy\" width=\"1024\" height=\"636\" src=\"https:\/\/vasaorden.com\/vasteras\/wp-content\/uploads\/sites\/7\/2025\/10\/DSCN5834-horz-1024x636.jpg\" alt=\"\" class=\"wp-image-4195\" srcset=\"https:\/\/vasaorden.com\/vasteras\/wp-content\/uploads\/sites\/7\/2025\/10\/DSCN5834-horz-1024x636.jpg 1024w, https:\/\/vasaorden.com\/vasteras\/wp-content\/uploads\/sites\/7\/2025\/10\/DSCN5834-horz-300x186.jpg 300w, https:\/\/vasaorden.com\/vasteras\/wp-content\/uploads\/sites\/7\/2025\/10\/DSCN5834-horz-768x477.jpg 768w, https:\/\/vasaorden.com\/vasteras\/wp-content\/uploads\/sites\/7\/2025\/10\/DSCN5834-horz.jpg 1120w\" sizes=\"(max-width: 1024px) 100vw, 1024px\" \/><\/figure>\n\n\n\n<figure class=\"wp-block-image size-full\"><img loading=\"lazy\" width=\"959\" height=\"652\" src=\"https:\/\/vasaorden.com\/vasteras\/wp-content\/uploads\/sites\/7\/2025\/10\/DSCN5836-horz.jpg\" alt=\"\" class=\"wp-image-4196\" srcset=\"https:\/\/vasaorden.com\/vasteras\/wp-content\/uploads\/sites\/7\/2025\/10\/DSCN5836-horz.jpg 959w, https:\/\/vasaorden.com\/vasteras\/wp-content\/uploads\/sites\/7\/2025\/10\/DSCN5836-horz-300x204.jpg 300w, https:\/\/vasaorden.com\/vasteras\/wp-content\/uploads\/sites\/7\/2025\/10\/DSCN5836-horz-768x522.jpg 768w\" sizes=\"(max-width: 959px) 100vw, 959px\" \/><\/figure>\n\n\n\n<figure class=\"wp-block-image size-large\"><img loading=\"lazy\" width=\"768\" height=\"1024\" src=\"https:\/\/vasaorden.com\/vasteras\/wp-content\/uploads\/sites\/7\/2025\/10\/DSCN5837-horz-768x1024.jpg\" alt=\"\" class=\"wp-image-4197\" srcset=\"https:\/\/vasaorden.com\/vasteras\/wp-content\/uploads\/sites\/7\/2025\/10\/DSCN5837-horz-768x1024.jpg 768w, https:\/\/vasaorden.com\/vasteras\/wp-content\/uploads\/sites\/7\/2025\/10\/DSCN5837-horz-225x300.jpg 225w, https:\/\/vasaorden.com\/vasteras\/wp-content\/uploads\/sites\/7\/2025\/10\/DSCN5837-horz.jpg 966w\" sizes=\"(max-width: 768px) 100vw, 768px\" \/><\/figure>\n\n\n\n<figure class=\"wp-block-image size-large\"><img loading=\"lazy\" width=\"1024\" height=\"768\" src=\"https:\/\/vasaorden.com\/vasteras\/wp-content\/uploads\/sites\/7\/2025\/10\/DSCN5838-horz-1024x768.jpg\" alt=\"\" class=\"wp-image-4198\" srcset=\"https:\/\/vasaorden.com\/vasteras\/wp-content\/uploads\/sites\/7\/2025\/10\/DSCN5838-horz-1024x768.jpg 1024w, https:\/\/vasaorden.com\/vasteras\/wp-content\/uploads\/sites\/7\/2025\/10\/DSCN5838-horz-300x225.jpg 300w, https:\/\/vasaorden.com\/vasteras\/wp-content\/uploads\/sites\/7\/2025\/10\/DSCN5838-horz-768x576.jpg 768w, https:\/\/vasaorden.com\/vasteras\/wp-content\/uploads\/sites\/7\/2025\/10\/DSCN5838-horz.jpg 1133w\" sizes=\"(max-width: 1024px) 100vw, 1024px\" \/><\/figure>\n\n\n\n<figure class=\"wp-block-image size-full\"><img loading=\"lazy\" width=\"788\" height=\"644\" src=\"https:\/\/vasaorden.com\/vasteras\/wp-content\/uploads\/sites\/7\/2025\/10\/DSCN5839-horz.jpg\" alt=\"\" class=\"wp-image-4199\" srcset=\"https:\/\/vasaorden.com\/vasteras\/wp-content\/uploads\/sites\/7\/2025\/10\/DSCN5839-horz.jpg 788w, https:\/\/vasaorden.com\/vasteras\/wp-content\/uploads\/sites\/7\/2025\/10\/DSCN5839-horz-300x245.jpg 300w, https:\/\/vasaorden.com\/vasteras\/wp-content\/uploads\/sites\/7\/2025\/10\/DSCN5839-horz-768x628.jpg 768w\" sizes=\"(max-width: 788px) 100vw, 788px\" \/><\/figure>\n\n\n\n<figure class=\"wp-block-image size-full\"><img loading=\"lazy\" width=\"881\" height=\"748\" src=\"https:\/\/vasaorden.com\/vasteras\/wp-content\/uploads\/sites\/7\/2025\/10\/DSCN5840-horz.jpg\" alt=\"\" class=\"wp-image-4200\" srcset=\"https:\/\/vasaorden.com\/vasteras\/wp-content\/uploads\/sites\/7\/2025\/10\/DSCN5840-horz.jpg 881w, https:\/\/vasaorden.com\/vasteras\/wp-content\/uploads\/sites\/7\/2025\/10\/DSCN5840-horz-300x255.jpg 300w, https:\/\/vasaorden.com\/vasteras\/wp-content\/uploads\/sites\/7\/2025\/10\/DSCN5840-horz-768x652.jpg 768w\" sizes=\"(max-width: 881px) 100vw, 881px\" \/><\/figure>\n\n\n\n<figure class=\"wp-block-image size-full\"><img loading=\"lazy\" width=\"779\" height=\"563\" src=\"https:\/\/vasaorden.com\/vasteras\/wp-content\/uploads\/sites\/7\/2025\/10\/DSCN5841-horz.jpg\" alt=\"\" class=\"wp-image-4201\" srcset=\"https:\/\/vasaorden.com\/vasteras\/wp-content\/uploads\/sites\/7\/2025\/10\/DSCN5841-horz.jpg 779w, https:\/\/vasaorden.com\/vasteras\/wp-content\/uploads\/sites\/7\/2025\/10\/DSCN5841-horz-300x217.jpg 300w, https:\/\/vasaorden.com\/vasteras\/wp-content\/uploads\/sites\/7\/2025\/10\/DSCN5841-horz-768x555.jpg 768w\" sizes=\"(max-width: 779px) 100vw, 779px\" \/><\/figure>\n\n\n\n<figure class=\"wp-block-image size-full\"><img loading=\"lazy\" width=\"798\" height=\"665\" src=\"https:\/\/vasaorden.com\/vasteras\/wp-content\/uploads\/sites\/7\/2025\/10\/DSCN5843-horz.jpg\" alt=\"\" class=\"wp-image-4202\" srcset=\"https:\/\/vasaorden.com\/vasteras\/wp-content\/uploads\/sites\/7\/2025\/10\/DSCN5843-horz.jpg 798w, https:\/\/vasaorden.com\/vasteras\/wp-content\/uploads\/sites\/7\/2025\/10\/DSCN5843-horz-300x250.jpg 300w, https:\/\/vasaorden.com\/vasteras\/wp-content\/uploads\/sites\/7\/2025\/10\/DSCN5843-horz-768x640.jpg 768w\" sizes=\"(max-width: 798px) 100vw, 798px\" \/><\/figure>\n\n\n\n<figure class=\"wp-block-image size-full\"><img loading=\"lazy\" width=\"986\" height=\"729\" src=\"https:\/\/vasaorden.com\/vasteras\/wp-content\/uploads\/sites\/7\/2025\/10\/DSCN5844-horz.jpg\" alt=\"\" class=\"wp-image-4203\" srcset=\"https:\/\/vasaorden.com\/vasteras\/wp-content\/uploads\/sites\/7\/2025\/10\/DSCN5844-horz.jpg 986w, https:\/\/vasaorden.com\/vasteras\/wp-content\/uploads\/sites\/7\/2025\/10\/DSCN5844-horz-300x222.jpg 300w, https:\/\/vasaorden.com\/vasteras\/wp-content\/uploads\/sites\/7\/2025\/10\/DSCN5844-horz-768x568.jpg 768w\" sizes=\"(max-width: 986px) 100vw, 986px\" \/><\/figure>\n\n\n\n<figure class=\"wp-block-image size-full\"><img loading=\"lazy\" width=\"841\" height=\"540\" src=\"https:\/\/vasaorden.com\/vasteras\/wp-content\/uploads\/sites\/7\/2025\/10\/DSCN5846-horz.jpg\" alt=\"\" class=\"wp-image-4204\" srcset=\"https:\/\/vasaorden.com\/vasteras\/wp-content\/uploads\/sites\/7\/2025\/10\/DSCN5846-horz.jpg 841w, https:\/\/vasaorden.com\/vasteras\/wp-content\/uploads\/sites\/7\/2025\/10\/DSCN5846-horz-300x193.jpg 300w, https:\/\/vasaorden.com\/vasteras\/wp-content\/uploads\/sites\/7\/2025\/10\/DSCN5846-horz-768x493.jpg 768w\" sizes=\"(max-width: 841px) 100vw, 841px\" \/><\/figure>\n\n\n\n<figure class=\"wp-block-image size-full\"><img loading=\"lazy\" width=\"775\" height=\"671\" src=\"https:\/\/vasaorden.com\/vasteras\/wp-content\/uploads\/sites\/7\/2025\/10\/DSCN5847-horz.jpg\" alt=\"\" class=\"wp-image-4205\" srcset=\"https:\/\/vasaorden.com\/vasteras\/wp-content\/uploads\/sites\/7\/2025\/10\/DSCN5847-horz.jpg 775w, https:\/\/vasaorden.com\/vasteras\/wp-content\/uploads\/sites\/7\/2025\/10\/DSCN5847-horz-300x260.jpg 300w, https:\/\/vasaorden.com\/vasteras\/wp-content\/uploads\/sites\/7\/2025\/10\/DSCN5847-horz-768x665.jpg 768w\" sizes=\"(max-width: 775px) 100vw, 775px\" \/><\/figure>\n\n\n\n<figure class=\"wp-block-image size-full\"><img loading=\"lazy\" width=\"721\" height=\"610\" src=\"https:\/\/vasaorden.com\/vasteras\/wp-content\/uploads\/sites\/7\/2025\/10\/DSCN5848-horz.jpg\" alt=\"\" class=\"wp-image-4206\" srcset=\"https:\/\/vasaorden.com\/vasteras\/wp-content\/uploads\/sites\/7\/2025\/10\/DSCN5848-horz.jpg 721w, https:\/\/vasaorden.com\/vasteras\/wp-content\/uploads\/sites\/7\/2025\/10\/DSCN5848-horz-300x254.jpg 300w\" sizes=\"(max-width: 721px) 100vw, 721px\" \/><\/figure>\n\n\n\n<figure class=\"wp-block-image size-full\"><img loading=\"lazy\" width=\"622\" height=\"780\" src=\"https:\/\/vasaorden.com\/vasteras\/wp-content\/uploads\/sites\/7\/2025\/10\/DSCN5852-horz.jpg\" alt=\"\" class=\"wp-image-4207\" srcset=\"https:\/\/vasaorden.com\/vasteras\/wp-content\/uploads\/sites\/7\/2025\/10\/DSCN5852-horz.jpg 622w, https:\/\/vasaorden.com\/vasteras\/wp-content\/uploads\/sites\/7\/2025\/10\/DSCN5852-horz-239x300.jpg 239w\" sizes=\"(max-width: 622px) 100vw, 622px\" \/><\/figure>\n\n\n\n<figure class=\"wp-block-image size-full\"><img loading=\"lazy\" width=\"682\" height=\"773\" src=\"https:\/\/vasaorden.com\/vasteras\/wp-content\/uploads\/sites\/7\/2025\/10\/DSCN5855-horz.jpg\" alt=\"\" class=\"wp-image-4208\" srcset=\"https:\/\/vasaorden.com\/vasteras\/wp-content\/uploads\/sites\/7\/2025\/10\/DSCN5855-horz.jpg 682w, https:\/\/vasaorden.com\/vasteras\/wp-content\/uploads\/sites\/7\/2025\/10\/DSCN5855-horz-265x300.jpg 265w\" sizes=\"(max-width: 682px) 100vw, 682px\" \/><\/figure>\n\n\n\n<div class=\"wp-container-1 wp-block-group\"><div class=\"wp-block-group__inner-container\">\n<pre class=\"wp-block-code\"><code><a href=\"https:\/\/vasaorden.com\/vasteras\/information\/\" data-type=\"page\" data-id=\"2992\">Tillbaka till Information<\/a><\/code><\/pre>\n<\/div><\/div>\n","protected":false},"excerpt":{"rendered":"<p>Logen Engelbrekt Nr 619, en lokalloge inom Vasa Orden av Amerika, hade sitt f\u00f6rsta h\u00f6stm\u00f6te i Odd Fellow-husets festv\u00e5ning den 18:e oktober. Kv\u00e4llen inleddes med ett logem\u00f6te, d\u00e4r ut\u00f6ver normala m\u00f6tesf\u00f6rhandlingar, \u00e4ven tv\u00e5 nya medlemmar togs in. Efterkapitlet var v\u00e4lbes\u00f6kt av logemedlemmar och g\u00e4ster. Arbetsgruppen, under ledning av Gunnie Sundqvist S\u00f6derman serverade en v\u00e4lsmakande 3-r\u00e4tters [&hellip;]<\/p>\n","protected":false},"author":15,"featured_media":0,"parent":0,"menu_order":0,"comment_status":"closed","ping_status":"closed","template":"","meta":{"ngg_post_thumbnail":0,"ocean_post_layout":"","ocean_both_sidebars_style":"","ocean_both_sidebars_content_width":0,"ocean_both_sidebars_sidebars_width":0,"ocean_sidebar":"","ocean_second_sidebar":"","ocean_disable_margins":"enable","ocean_add_body_class":"","ocean_shortcode_before_top_bar":"","ocean_shortcode_after_top_bar":"","ocean_shortcode_before_header":"","ocean_shortcode_after_header":"","ocean_has_shortcode":"","ocean_shortcode_after_title":"","ocean_shortcode_before_footer_widgets":"","ocean_shortcode_after_footer_widgets":"","ocean_shortcode_before_footer_bottom":"","ocean_shortcode_after_footer_bottom":"","ocean_display_top_bar":"default","ocean_display_header":"default","ocean_header_style":"","ocean_center_header_left_menu":"","ocean_custom_header_template":"","ocean_custom_logo":0,"ocean_custom_retina_logo":0,"ocean_custom_logo_max_width":0,"ocean_custom_logo_tablet_max_width":0,"ocean_custom_logo_mobile_max_width":0,"ocean_custom_logo_max_height":0,"ocean_custom_logo_tablet_max_height":0,"ocean_custom_logo_mobile_max_height":0,"ocean_header_custom_menu":"","ocean_menu_typo_font_family":"","ocean_menu_typo_font_subset":"","ocean_menu_typo_font_size":0,"ocean_menu_typo_font_size_tablet":0,"ocean_menu_typo_font_size_mobile":0,"ocean_menu_typo_font_size_unit":"px","ocean_menu_typo_font_weight":"","ocean_menu_typo_font_weight_tablet":"","ocean_menu_typo_font_weight_mobile":"","ocean_menu_typo_transform":"","ocean_menu_typo_transform_tablet":"","ocean_menu_typo_transform_mobile":"","ocean_menu_typo_line_height":0,"ocean_menu_typo_line_height_tablet":0,"ocean_menu_typo_line_height_mobile":0,"ocean_menu_typo_line_height_unit":"","ocean_menu_typo_spacing":0,"ocean_menu_typo_spacing_tablet":0,"ocean_menu_typo_spacing_mobile":0,"ocean_menu_typo_spacing_unit":"","ocean_menu_link_color":"","ocean_menu_link_color_hover":"","ocean_menu_link_color_active":"","ocean_menu_link_background":"","ocean_menu_link_hover_background":"","ocean_menu_link_active_background":"","ocean_menu_social_links_bg":"","ocean_menu_social_hover_links_bg":"","ocean_menu_social_links_color":"","ocean_menu_social_hover_links_color":"","ocean_disable_title":"default","ocean_disable_heading":"default","ocean_post_title":"","ocean_post_subheading":"","ocean_post_title_style":"","ocean_post_title_background_color":"","ocean_post_title_background":0,"ocean_post_title_bg_image_position":"","ocean_post_title_bg_image_attachment":"","ocean_post_title_bg_image_repeat":"","ocean_post_title_bg_image_size":"","ocean_post_title_height":0,"ocean_post_title_bg_overlay":0.5,"ocean_post_title_bg_overlay_color":"","ocean_disable_breadcrumbs":"default","ocean_breadcrumbs_color":"","ocean_breadcrumbs_separator_color":"","ocean_breadcrumbs_links_color":"","ocean_breadcrumbs_links_hover_color":"","ocean_display_footer_widgets":"default","ocean_display_footer_bottom":"default","ocean_custom_footer_template":""},"_links":{"self":[{"href":"https:\/\/vasaorden.com\/vasteras\/wp-json\/wp\/v2\/pages\/4190"}],"collection":[{"href":"https:\/\/vasaorden.com\/vasteras\/wp-json\/wp\/v2\/pages"}],"about":[{"href":"https:\/\/vasaorden.com\/vasteras\/wp-json\/wp\/v2\/types\/page"}],"author":[{"embeddable":true,"href":"https:\/\/vasaorden.com\/vasteras\/wp-json\/wp\/v2\/users\/15"}],"replies":[{"embeddable":true,"href":"https:\/\/vasaorden.com\/vasteras\/wp-json\/wp\/v2\/comments?post=4190"}],"version-history":[{"count":2,"href":"https:\/\/vasaorden.com\/vasteras\/wp-json\/wp\/v2\/pages\/4190\/revisions"}],"predecessor-version":[{"id":4212,"href":"https:\/\/vasaorden.com\/vasteras\/wp-json\/wp\/v2\/pages\/4190\/revisions\/4212"}],"wp:attachment":[{"href":"https:\/\/vasaorden.com\/vasteras\/wp-json\/wp\/v2\/media?parent=4190"}],"curies":[{"name":"wp","href":"https:\/\/api.w.org\/{rel}","templated":true}]}}