{"id":4148,"date":"2025-06-10T11:48:42","date_gmt":"2025-06-10T09:48:42","guid":{"rendered":"https:\/\/vasaorden.com\/vasteras\/?page_id=4148"},"modified":"2025-06-10T12:12:40","modified_gmt":"2025-06-10T10:12:40","slug":"sveriges-nationaldag-2025-06-6","status":"publish","type":"page","link":"https:\/\/vasaorden.com\/vasteras\/sveriges-nationaldag-2025-06-6\/","title":{"rendered":"Sveriges Nationaldag 2025-06-06"},"content":{"rendered":"\n<p>Logen Engelbrekt Nr 619, en lokalloge inom Vasa Orden av Amerika, deltog torsdagen 6 juni i V\u00e4ster\u00e5s Stads traditionella nationaldagsfirande.<\/p>\n\n\n\n<p>Starten gick fr\u00e5n Fiskartorget och ledda av V\u00e4ster\u00e5s Stadsmusikk\u00e5r t\u00e5gade fanborgen till Dj\u00e4kneberget, d\u00e4r m\u00e5nga personer samlats. Fanb\u00e4rare f\u00f6r Logen Engelbrekt var Peter Sundqvist och Irmeli Modig. Efter sedvanligt firande med s\u00e5ng och musik, nationals\u00e5ng, h\u00f6gtidstal och utdelning av fanor t\u00e5gade musikk\u00e5ren och den samlade fanborgen ut fr\u00e5n omr\u00e5det.<\/p>\n\n\n\n<p>Underh\u00e5llningen p\u00e5 scen fortsatte ytterligare n\u00e5gra timmar med flera artister och grupper.<\/p>\n\n\n\n<p>Vi fr\u00e5n Engelbrekt samlades och gick ner p\u00e5 stan f\u00f6r att f\u00e5 en gemensam fika p\u00e5 Kalle p\u00e5 Sp\u00e5ngen.<\/p>\n\n\n\n<figure class=\"wp-block-image size-large\"><img loading=\"lazy\" width=\"1024\" height=\"768\" src=\"https:\/\/vasaorden.com\/vasteras\/wp-content\/uploads\/sites\/7\/2025\/06\/DSCN5775-horz-1024x768.jpg\" alt=\"\" class=\"wp-image-4149\" srcset=\"https:\/\/vasaorden.com\/vasteras\/wp-content\/uploads\/sites\/7\/2025\/06\/DSCN5775-horz-1024x768.jpg 1024w, https:\/\/vasaorden.com\/vasteras\/wp-content\/uploads\/sites\/7\/2025\/06\/DSCN5775-horz-300x225.jpg 300w, https:\/\/vasaorden.com\/vasteras\/wp-content\/uploads\/sites\/7\/2025\/06\/DSCN5775-horz-768x576.jpg 768w, https:\/\/vasaorden.com\/vasteras\/wp-content\/uploads\/sites\/7\/2025\/06\/DSCN5775-horz.jpg 1030w\" sizes=\"(max-width: 1024px) 100vw, 1024px\" \/><\/figure>\n\n\n\n<figure class=\"wp-block-image size-full\"><img loading=\"lazy\" width=\"820\" height=\"659\" src=\"https:\/\/vasaorden.com\/vasteras\/wp-content\/uploads\/sites\/7\/2025\/06\/DSCN5776-horz.jpg\" alt=\"\" class=\"wp-image-4150\" srcset=\"https:\/\/vasaorden.com\/vasteras\/wp-content\/uploads\/sites\/7\/2025\/06\/DSCN5776-horz.jpg 820w, https:\/\/vasaorden.com\/vasteras\/wp-content\/uploads\/sites\/7\/2025\/06\/DSCN5776-horz-300x241.jpg 300w, https:\/\/vasaorden.com\/vasteras\/wp-content\/uploads\/sites\/7\/2025\/06\/DSCN5776-horz-768x617.jpg 768w\" sizes=\"(max-width: 820px) 100vw, 820px\" \/><\/figure>\n\n\n\n<figure class=\"wp-block-image size-full\"><img loading=\"lazy\" width=\"649\" height=\"522\" src=\"https:\/\/vasaorden.com\/vasteras\/wp-content\/uploads\/sites\/7\/2025\/06\/DSCN5777-horz.jpg\" alt=\"\" class=\"wp-image-4151\" srcset=\"https:\/\/vasaorden.com\/vasteras\/wp-content\/uploads\/sites\/7\/2025\/06\/DSCN5777-horz.jpg 649w, https:\/\/vasaorden.com\/vasteras\/wp-content\/uploads\/sites\/7\/2025\/06\/DSCN5777-horz-300x241.jpg 300w\" sizes=\"(max-width: 649px) 100vw, 649px\" \/><\/figure>\n\n\n\n<figure class=\"wp-block-image size-full\"><img loading=\"lazy\" width=\"433\" height=\"423\" src=\"https:\/\/vasaorden.com\/vasteras\/wp-content\/uploads\/sites\/7\/2025\/06\/DSCN5778-horz.jpg\" alt=\"\" class=\"wp-image-4152\" srcset=\"https:\/\/vasaorden.com\/vasteras\/wp-content\/uploads\/sites\/7\/2025\/06\/DSCN5778-horz.jpg 433w, https:\/\/vasaorden.com\/vasteras\/wp-content\/uploads\/sites\/7\/2025\/06\/DSCN5778-horz-300x293.jpg 300w\" sizes=\"(max-width: 433px) 100vw, 433px\" \/><\/figure>\n\n\n\n<figure class=\"wp-block-image size-full\"><img loading=\"lazy\" width=\"773\" height=\"480\" src=\"https:\/\/vasaorden.com\/vasteras\/wp-content\/uploads\/sites\/7\/2025\/06\/DSCN5779-horz.jpg\" alt=\"\" class=\"wp-image-4153\" srcset=\"https:\/\/vasaorden.com\/vasteras\/wp-content\/uploads\/sites\/7\/2025\/06\/DSCN5779-horz.jpg 773w, https:\/\/vasaorden.com\/vasteras\/wp-content\/uploads\/sites\/7\/2025\/06\/DSCN5779-horz-300x186.jpg 300w, https:\/\/vasaorden.com\/vasteras\/wp-content\/uploads\/sites\/7\/2025\/06\/DSCN5779-horz-768x477.jpg 768w\" sizes=\"(max-width: 773px) 100vw, 773px\" \/><\/figure>\n\n\n\n<figure class=\"wp-block-image size-full\"><img loading=\"lazy\" width=\"402\" height=\"411\" src=\"https:\/\/vasaorden.com\/vasteras\/wp-content\/uploads\/sites\/7\/2025\/06\/DSCN5781-horz.jpg\" alt=\"\" class=\"wp-image-4154\" srcset=\"https:\/\/vasaorden.com\/vasteras\/wp-content\/uploads\/sites\/7\/2025\/06\/DSCN5781-horz.jpg 402w, https:\/\/vasaorden.com\/vasteras\/wp-content\/uploads\/sites\/7\/2025\/06\/DSCN5781-horz-293x300.jpg 293w\" sizes=\"(max-width: 402px) 100vw, 402px\" \/><\/figure>\n\n\n\n<figure class=\"wp-block-image size-full\"><img loading=\"lazy\" width=\"773\" height=\"580\" src=\"https:\/\/vasaorden.com\/vasteras\/wp-content\/uploads\/sites\/7\/2025\/06\/DSCN5782-horz.jpg\" alt=\"\" class=\"wp-image-4155\" srcset=\"https:\/\/vasaorden.com\/vasteras\/wp-content\/uploads\/sites\/7\/2025\/06\/DSCN5782-horz.jpg 773w, https:\/\/vasaorden.com\/vasteras\/wp-content\/uploads\/sites\/7\/2025\/06\/DSCN5782-horz-300x225.jpg 300w, https:\/\/vasaorden.com\/vasteras\/wp-content\/uploads\/sites\/7\/2025\/06\/DSCN5782-horz-768x576.jpg 768w\" sizes=\"(max-width: 773px) 100vw, 773px\" \/><\/figure>\n\n\n\n<figure class=\"wp-block-image size-full\"><img loading=\"lazy\" width=\"580\" height=\"773\" src=\"https:\/\/vasaorden.com\/vasteras\/wp-content\/uploads\/sites\/7\/2025\/06\/DSCN5784-horz.jpg\" alt=\"\" class=\"wp-image-4156\" srcset=\"https:\/\/vasaorden.com\/vasteras\/wp-content\/uploads\/sites\/7\/2025\/06\/DSCN5784-horz.jpg 580w, https:\/\/vasaorden.com\/vasteras\/wp-content\/uploads\/sites\/7\/2025\/06\/DSCN5784-horz-225x300.jpg 225w\" sizes=\"(max-width: 580px) 100vw, 580px\" \/><\/figure>\n\n\n\n<figure class=\"wp-block-image size-full\"><img loading=\"lazy\" width=\"773\" height=\"580\" src=\"https:\/\/vasaorden.com\/vasteras\/wp-content\/uploads\/sites\/7\/2025\/06\/DSCN5785-horz.jpg\" alt=\"\" class=\"wp-image-4157\" srcset=\"https:\/\/vasaorden.com\/vasteras\/wp-content\/uploads\/sites\/7\/2025\/06\/DSCN5785-horz.jpg 773w, https:\/\/vasaorden.com\/vasteras\/wp-content\/uploads\/sites\/7\/2025\/06\/DSCN5785-horz-300x225.jpg 300w, https:\/\/vasaorden.com\/vasteras\/wp-content\/uploads\/sites\/7\/2025\/06\/DSCN5785-horz-768x576.jpg 768w\" sizes=\"(max-width: 773px) 100vw, 773px\" \/><\/figure>\n\n\n\n<figure class=\"wp-block-image size-large\"><img loading=\"lazy\" width=\"1024\" height=\"283\" src=\"https:\/\/vasaorden.com\/vasteras\/wp-content\/uploads\/sites\/7\/2025\/06\/DSCN5789A-Panoramabild-1-horz-1024x283.jpg\" alt=\"\" class=\"wp-image-4158\" srcset=\"https:\/\/vasaorden.com\/vasteras\/wp-content\/uploads\/sites\/7\/2025\/06\/DSCN5789A-Panoramabild-1-horz-1024x283.jpg 1024w, https:\/\/vasaorden.com\/vasteras\/wp-content\/uploads\/sites\/7\/2025\/06\/DSCN5789A-Panoramabild-1-horz-300x83.jpg 300w, https:\/\/vasaorden.com\/vasteras\/wp-content\/uploads\/sites\/7\/2025\/06\/DSCN5789A-Panoramabild-1-horz-768x212.jpg 768w, https:\/\/vasaorden.com\/vasteras\/wp-content\/uploads\/sites\/7\/2025\/06\/DSCN5789A-Panoramabild-1-horz.jpg 1157w\" sizes=\"(max-width: 1024px) 100vw, 1024px\" \/><\/figure>\n\n\n\n<figure class=\"wp-block-image size-full\"><img loading=\"lazy\" width=\"773\" height=\"408\" src=\"https:\/\/vasaorden.com\/vasteras\/wp-content\/uploads\/sites\/7\/2025\/06\/DSCN5790-horz.jpg\" alt=\"\" class=\"wp-image-4159\" srcset=\"https:\/\/vasaorden.com\/vasteras\/wp-content\/uploads\/sites\/7\/2025\/06\/DSCN5790-horz.jpg 773w, https:\/\/vasaorden.com\/vasteras\/wp-content\/uploads\/sites\/7\/2025\/06\/DSCN5790-horz-300x158.jpg 300w, https:\/\/vasaorden.com\/vasteras\/wp-content\/uploads\/sites\/7\/2025\/06\/DSCN5790-horz-768x405.jpg 768w\" sizes=\"(max-width: 773px) 100vw, 773px\" \/><\/figure>\n\n\n\n<figure class=\"wp-block-image size-full\"><img loading=\"lazy\" width=\"773\" height=\"441\" src=\"https:\/\/vasaorden.com\/vasteras\/wp-content\/uploads\/sites\/7\/2025\/06\/DSCN5791-horz.jpg\" alt=\"\" class=\"wp-image-4160\" srcset=\"https:\/\/vasaorden.com\/vasteras\/wp-content\/uploads\/sites\/7\/2025\/06\/DSCN5791-horz.jpg 773w, https:\/\/vasaorden.com\/vasteras\/wp-content\/uploads\/sites\/7\/2025\/06\/DSCN5791-horz-300x171.jpg 300w, https:\/\/vasaorden.com\/vasteras\/wp-content\/uploads\/sites\/7\/2025\/06\/DSCN5791-horz-768x438.jpg 768w\" sizes=\"(max-width: 773px) 100vw, 773px\" \/><\/figure>\n\n\n\n<figure class=\"wp-block-image size-full\"><img loading=\"lazy\" width=\"684\" height=\"469\" src=\"https:\/\/vasaorden.com\/vasteras\/wp-content\/uploads\/sites\/7\/2025\/06\/DSCN5792-horz.jpg\" alt=\"\" class=\"wp-image-4161\" srcset=\"https:\/\/vasaorden.com\/vasteras\/wp-content\/uploads\/sites\/7\/2025\/06\/DSCN5792-horz.jpg 684w, https:\/\/vasaorden.com\/vasteras\/wp-content\/uploads\/sites\/7\/2025\/06\/DSCN5792-horz-300x206.jpg 300w\" sizes=\"(max-width: 684px) 100vw, 684px\" \/><\/figure>\n\n\n\n<figure class=\"wp-block-image size-full\"><img loading=\"lazy\" width=\"773\" height=\"433\" src=\"https:\/\/vasaorden.com\/vasteras\/wp-content\/uploads\/sites\/7\/2025\/06\/DSCN5793-horz.jpg\" alt=\"\" class=\"wp-image-4162\" srcset=\"https:\/\/vasaorden.com\/vasteras\/wp-content\/uploads\/sites\/7\/2025\/06\/DSCN5793-horz.jpg 773w, https:\/\/vasaorden.com\/vasteras\/wp-content\/uploads\/sites\/7\/2025\/06\/DSCN5793-horz-300x168.jpg 300w, https:\/\/vasaorden.com\/vasteras\/wp-content\/uploads\/sites\/7\/2025\/06\/DSCN5793-horz-768x430.jpg 768w\" sizes=\"(max-width: 773px) 100vw, 773px\" \/><\/figure>\n\n\n\n<figure class=\"wp-block-image size-full\"><img loading=\"lazy\" width=\"631\" height=\"409\" src=\"https:\/\/vasaorden.com\/vasteras\/wp-content\/uploads\/sites\/7\/2025\/06\/DSCN5794-horz.jpg\" alt=\"\" class=\"wp-image-4163\" srcset=\"https:\/\/vasaorden.com\/vasteras\/wp-content\/uploads\/sites\/7\/2025\/06\/DSCN5794-horz.jpg 631w, https:\/\/vasaorden.com\/vasteras\/wp-content\/uploads\/sites\/7\/2025\/06\/DSCN5794-horz-300x194.jpg 300w\" sizes=\"(max-width: 631px) 100vw, 631px\" \/><\/figure>\n\n\n\n<figure class=\"wp-block-image size-full\"><img loading=\"lazy\" width=\"773\" height=\"580\" src=\"https:\/\/vasaorden.com\/vasteras\/wp-content\/uploads\/sites\/7\/2025\/06\/DSCN5795-horz.jpg\" alt=\"\" class=\"wp-image-4164\" srcset=\"https:\/\/vasaorden.com\/vasteras\/wp-content\/uploads\/sites\/7\/2025\/06\/DSCN5795-horz.jpg 773w, https:\/\/vasaorden.com\/vasteras\/wp-content\/uploads\/sites\/7\/2025\/06\/DSCN5795-horz-300x225.jpg 300w, https:\/\/vasaorden.com\/vasteras\/wp-content\/uploads\/sites\/7\/2025\/06\/DSCN5795-horz-768x576.jpg 768w\" sizes=\"(max-width: 773px) 100vw, 773px\" \/><\/figure>\n\n\n\n<figure class=\"wp-block-image size-full\"><img loading=\"lazy\" width=\"738\" height=\"505\" src=\"https:\/\/vasaorden.com\/vasteras\/wp-content\/uploads\/sites\/7\/2025\/06\/DSCN5798-horz.jpg\" alt=\"\" class=\"wp-image-4165\" srcset=\"https:\/\/vasaorden.com\/vasteras\/wp-content\/uploads\/sites\/7\/2025\/06\/DSCN5798-horz.jpg 738w, https:\/\/vasaorden.com\/vasteras\/wp-content\/uploads\/sites\/7\/2025\/06\/DSCN5798-horz-300x205.jpg 300w\" sizes=\"(max-width: 738px) 100vw, 738px\" \/><\/figure>\n\n\n\n<pre class=\"wp-block-preformatted\">                                              <a href=\"https:\/\/vasaorden.com\/vasteras\/information\/\" data-type=\"page\" data-id=\"2992\">Information<\/a><\/pre>\n","protected":false},"excerpt":{"rendered":"<p>Logen Engelbrekt Nr 619, en lokalloge inom Vasa Orden av Amerika, deltog torsdagen 6 juni i V\u00e4ster\u00e5s Stads traditionella nationaldagsfirande. Starten gick fr\u00e5n Fiskartorget och ledda av V\u00e4ster\u00e5s Stadsmusikk\u00e5r t\u00e5gade fanborgen till Dj\u00e4kneberget, d\u00e4r m\u00e5nga personer samlats. Fanb\u00e4rare f\u00f6r Logen Engelbrekt var Peter Sundqvist och Irmeli Modig. Efter sedvanligt firande med s\u00e5ng och musik, nationals\u00e5ng, [&hellip;]<\/p>\n","protected":false},"author":15,"featured_media":0,"parent":0,"menu_order":0,"comment_status":"closed","ping_status":"closed","template":"","meta":{"ngg_post_thumbnail":0,"ocean_post_layout":"","ocean_both_sidebars_style":"","ocean_both_sidebars_content_width":0,"ocean_both_sidebars_sidebars_width":0,"ocean_sidebar":"","ocean_second_sidebar":"","ocean_disable_margins":"enable","ocean_add_body_class":"","ocean_shortcode_before_top_bar":"","ocean_shortcode_after_top_bar":"","ocean_shortcode_before_header":"","ocean_shortcode_after_header":"","ocean_has_shortcode":"","ocean_shortcode_after_title":"","ocean_shortcode_before_footer_widgets":"","ocean_shortcode_after_footer_widgets":"","ocean_shortcode_before_footer_bottom":"","ocean_shortcode_after_footer_bottom":"","ocean_display_top_bar":"default","ocean_display_header":"default","ocean_header_style":"","ocean_center_header_left_menu":"","ocean_custom_header_template":"","ocean_custom_logo":0,"ocean_custom_retina_logo":0,"ocean_custom_logo_max_width":0,"ocean_custom_logo_tablet_max_width":0,"ocean_custom_logo_mobile_max_width":0,"ocean_custom_logo_max_height":0,"ocean_custom_logo_tablet_max_height":0,"ocean_custom_logo_mobile_max_height":0,"ocean_header_custom_menu":"","ocean_menu_typo_font_family":"","ocean_menu_typo_font_subset":"","ocean_menu_typo_font_size":0,"ocean_menu_typo_font_size_tablet":0,"ocean_menu_typo_font_size_mobile":0,"ocean_menu_typo_font_size_unit":"px","ocean_menu_typo_font_weight":"","ocean_menu_typo_font_weight_tablet":"","ocean_menu_typo_font_weight_mobile":"","ocean_menu_typo_transform":"","ocean_menu_typo_transform_tablet":"","ocean_menu_typo_transform_mobile":"","ocean_menu_typo_line_height":0,"ocean_menu_typo_line_height_tablet":0,"ocean_menu_typo_line_height_mobile":0,"ocean_menu_typo_line_height_unit":"","ocean_menu_typo_spacing":0,"ocean_menu_typo_spacing_tablet":0,"ocean_menu_typo_spacing_mobile":0,"ocean_menu_typo_spacing_unit":"","ocean_menu_link_color":"","ocean_menu_link_color_hover":"","ocean_menu_link_color_active":"","ocean_menu_link_background":"","ocean_menu_link_hover_background":"","ocean_menu_link_active_background":"","ocean_menu_social_links_bg":"","ocean_menu_social_hover_links_bg":"","ocean_menu_social_links_color":"","ocean_menu_social_hover_links_color":"","ocean_disable_title":"default","ocean_disable_heading":"default","ocean_post_title":"","ocean_post_subheading":"","ocean_post_title_style":"","ocean_post_title_background_color":"","ocean_post_title_background":0,"ocean_post_title_bg_image_position":"","ocean_post_title_bg_image_attachment":"","ocean_post_title_bg_image_repeat":"","ocean_post_title_bg_image_size":"","ocean_post_title_height":0,"ocean_post_title_bg_overlay":0.5,"ocean_post_title_bg_overlay_color":"","ocean_disable_breadcrumbs":"default","ocean_breadcrumbs_color":"","ocean_breadcrumbs_separator_color":"","ocean_breadcrumbs_links_color":"","ocean_breadcrumbs_links_hover_color":"","ocean_display_footer_widgets":"default","ocean_display_footer_bottom":"default","ocean_custom_footer_template":""},"_links":{"self":[{"href":"https:\/\/vasaorden.com\/vasteras\/wp-json\/wp\/v2\/pages\/4148"}],"collection":[{"href":"https:\/\/vasaorden.com\/vasteras\/wp-json\/wp\/v2\/pages"}],"about":[{"href":"https:\/\/vasaorden.com\/vasteras\/wp-json\/wp\/v2\/types\/page"}],"author":[{"embeddable":true,"href":"https:\/\/vasaorden.com\/vasteras\/wp-json\/wp\/v2\/users\/15"}],"replies":[{"embeddable":true,"href":"https:\/\/vasaorden.com\/vasteras\/wp-json\/wp\/v2\/comments?post=4148"}],"version-history":[{"count":9,"href":"https:\/\/vasaorden.com\/vasteras\/wp-json\/wp\/v2\/pages\/4148\/revisions"}],"predecessor-version":[{"id":4185,"href":"https:\/\/vasaorden.com\/vasteras\/wp-json\/wp\/v2\/pages\/4148\/revisions\/4185"}],"wp:attachment":[{"href":"https:\/\/vasaorden.com\/vasteras\/wp-json\/wp\/v2\/media?parent=4148"}],"curies":[{"name":"wp","href":"https:\/\/api.w.org\/{rel}","templated":true}]}}