{"id":2989,"date":"2012-02-11T22:53:06","date_gmt":"2012-02-11T22:53:06","guid":{"rendered":"http:\/\/bu2022.vasaorden.com\/boras\/?page_id=6"},"modified":"2012-02-11T22:53:06","modified_gmt":"2012-02-11T22:53:06","slug":"startsidan","status":"publish","type":"page","link":"https:\/\/vasaorden.com\/vasteras\/","title":{"rendered":"Startsidan"},"content":{"rendered":"<p align=\"left\"><strong><span style=\"font-family: Verdana\">\u00a0\u00a0\u00a0\u00a0\u00a0\u00a0\u00a0\u00a0\u00a0\u00a0\u00a0\u00a0\u00a0\u00a0\u00a0\u00a0\u00a0\u00a0\u00a0\u00a0\u00a0\u00a0\u00a0\u00a0\u00a0\u00a0\u00a0\u00a0\u00a0\u00a0\u00a0\u00a0\u00a0\u00a0\u00a0\u00a0\u00a0\u00a0\u00a0\u00a0\u00a0\u00a0\u00a0\u00a0\u00a0\u00a0\u00a0\u00a0\u00a0\u00a0\u00a0\u00a0\u00a0\u00a0\u00a0\u00a0\u00a0\u00a0\u00a0\u00a0\u00a0\u00a0\u00a0\u00a0\u00a0\u00a0\u00a0\u00a0\u00a0\u00a0\u00a0\u00a0\u00a0\u00a0\u00a0\u00a0\u00a0\u00a0\u00a0\u00a0\u00a0\u00a0\u00a0\u00a0\u00a0\u00a0\u00a0\u00a0\u00a0\u00a0\u00a0\u00a0\u00a0\u00a0\u00a0\u00a0\u00a0\u00a0\u00a0\u00a0\u00a0\u00a0\u00a0\u00a0<\/span><\/strong><\/p>\n<p align=\"left\"><strong><span style=\"font-family: Verdana\">V\u00e4lkommen <\/span><\/strong><\/p>\n<p align=\"left\">\u00a0<a href=\"https:\/\/vasaorden.com\/vasteras\/wp-content\/uploads\/sites\/7\/2012\/02\/DSCN48961.jpg\"><img loading=\"lazy\" class=\"alignleft size-medium wp-image-100\" alt=\"\" src=\"https:\/\/vasaorden.com\/vasteras\/wp-content\/uploads\/sites\/7\/2012\/02\/DSCN48961-300x225.jpg\" width=\"300\" height=\"225\" srcset=\"https:\/\/vasaorden.com\/vasteras\/wp-content\/uploads\/sites\/7\/2012\/02\/DSCN48961-300x225.jpg 300w, https:\/\/vasaorden.com\/vasteras\/wp-content\/uploads\/sites\/7\/2012\/02\/DSCN48961-1024x768.jpg 1024w, https:\/\/vasaorden.com\/vasteras\/wp-content\/uploads\/sites\/7\/2012\/02\/DSCN48961-768x576.jpg 768w, https:\/\/vasaorden.com\/vasteras\/wp-content\/uploads\/sites\/7\/2012\/02\/DSCN48961-1536x1152.jpg 1536w, https:\/\/vasaorden.com\/vasteras\/wp-content\/uploads\/sites\/7\/2012\/02\/DSCN48961-2048x1536.jpg 2048w\" sizes=\"(max-width: 300px) 100vw, 300px\" \/><\/a><\/p>\n<p align=\"left\"><span style=\"font-family: Verdana\"><strong>Logen stiftades den 4 april 1948<\/strong><\/span><\/p>\n<p align=\"left\">Du har nu ett gyllene tillf\u00e4lle att bredda Din v\u00e4nskapskrets genom att bli medlem i Vasa Orden av Amerika. Ett medlemskap ger Dig en inneh\u00e5llsrik samvaro med djup v\u00e4nskap och m\u00e5nga trevliga stunder.<\/p>\n<p align=\"left\">Vi \u00e4r en av Vasa Orden av Amerikas Lokalloger i Sverige med ett 90-tal medlemmar i V\u00e4ster\u00e5somr\u00e5det. Verksamheten omfattar olika kulturella aktiviteter med trevlig samvaro vid \u00e5tta Logem\u00f6ten per \u00e5r, vanligen l\u00f6rdagskv\u00e4llar.<\/p>\n<p align=\"left\">Vasa Orden av Amerika handlar inte bara om kultur och allvar. Det finns ocks\u00e5 mycket av fest och underh\u00e5llning. Dansaftnar blandas med olika slags program, f\u00f6redrag, filmer, framtr\u00e4danden och andra tr\u00e4ffar under trevliga former.<\/p>\n<p align=\"left\"><span style=\"font-family: Verdana\">Utflykter i glada v\u00e4nners lag. M\u00e5len kan vara trevliga och intressanta platser eller en grannloge, som har n\u00e5got festligt program.<\/span><\/p>\n<p>I kontakterna med Vasa Orden av Amerika i USA har vi i f\u00f6rsta hand v\u00e5ra v\u00e4nloger:<br \/>\n<span style=\"font-family: Verdana\">\u00a4\u00a0 <strong>Linde Lodge Nr 492<\/strong>, Oak Creek, Wisconsin<br \/>\n\u00a4\u00a0 <strong>Viking Lodge Nr 735<\/strong>, Bethehem, Pennsylvania<br \/>\n\u00a4\u00a0 <strong>Solidaritet Lodge Nr 396<\/strong>, Mount Vernon, Washington State<\/span><br \/>\nVill du veta mer om v\u00e5r verksamhet titta in p\u00e5 v\u00e5ra \u00f6vriga sidor och p\u00e5 Distriktslogen.<br \/>\n&nbsp;<br \/>\n&nbsp;<\/p>\n","protected":false},"excerpt":{"rendered":"<p>\u00a0\u00a0\u00a0\u00a0\u00a0\u00a0\u00a0\u00a0\u00a0\u00a0\u00a0\u00a0\u00a0\u00a0\u00a0\u00a0\u00a0\u00a0\u00a0\u00a0\u00a0\u00a0\u00a0\u00a0\u00a0\u00a0\u00a0\u00a0\u00a0\u00a0\u00a0\u00a0\u00a0\u00a0\u00a0\u00a0\u00a0\u00a0\u00a0\u00a0\u00a0\u00a0\u00a0\u00a0\u00a0\u00a0\u00a0\u00a0\u00a0\u00a0\u00a0\u00a0\u00a0\u00a0\u00a0\u00a0\u00a0\u00a0\u00a0\u00a0\u00a0\u00a0\u00a0\u00a0\u00a0\u00a0\u00a0\u00a0\u00a0\u00a0\u00a0\u00a0\u00a0\u00a0\u00a0\u00a0\u00a0\u00a0\u00a0\u00a0\u00a0\u00a0\u00a0\u00a0\u00a0\u00a0\u00a0\u00a0\u00a0\u00a0\u00a0\u00a0\u00a0\u00a0\u00a0\u00a0\u00a0\u00a0\u00a0\u00a0\u00a0\u00a0\u00a0\u00a0 V\u00e4lkommen \u00a0 Logen stiftades den 4 april 1948 Du har nu ett gyllene tillf\u00e4lle att bredda Din v\u00e4nskapskrets genom att bli medlem i Vasa Orden av Amerika. Ett medlemskap ger Dig en inneh\u00e5llsrik samvaro med djup v\u00e4nskap och m\u00e5nga trevliga stunder. Vi \u00e4r en av Vasa Orden av Amerikas Lokalloger i Sverige med ett [&hellip;]<\/p>\n","protected":false},"author":14,"featured_media":0,"parent":0,"menu_order":0,"comment_status":"closed","ping_status":"closed","template":"","meta":{"ngg_post_thumbnail":0,"ocean_post_layout":"","ocean_both_sidebars_style":"","ocean_both_sidebars_content_width":0,"ocean_both_sidebars_sidebars_width":0,"ocean_sidebar":"","ocean_second_sidebar":"","ocean_disable_margins":"enable","ocean_add_body_class":"","ocean_shortcode_before_top_bar":"","ocean_shortcode_after_top_bar":"","ocean_shortcode_before_header":"","ocean_shortcode_after_header":"","ocean_has_shortcode":"","ocean_shortcode_after_title":"","ocean_shortcode_before_footer_widgets":"","ocean_shortcode_after_footer_widgets":"","ocean_shortcode_before_footer_bottom":"","ocean_shortcode_after_footer_bottom":"","ocean_display_top_bar":"default","ocean_display_header":"default","ocean_header_style":"","ocean_center_header_left_menu":"","ocean_custom_header_template":"","ocean_custom_logo":0,"ocean_custom_retina_logo":0,"ocean_custom_logo_max_width":0,"ocean_custom_logo_tablet_max_width":0,"ocean_custom_logo_mobile_max_width":0,"ocean_custom_logo_max_height":0,"ocean_custom_logo_tablet_max_height":0,"ocean_custom_logo_mobile_max_height":0,"ocean_header_custom_menu":"","ocean_menu_typo_font_family":"","ocean_menu_typo_font_subset":"","ocean_menu_typo_font_size":0,"ocean_menu_typo_font_size_tablet":0,"ocean_menu_typo_font_size_mobile":0,"ocean_menu_typo_font_size_unit":"px","ocean_menu_typo_font_weight":"","ocean_menu_typo_font_weight_tablet":"","ocean_menu_typo_font_weight_mobile":"","ocean_menu_typo_transform":"","ocean_menu_typo_transform_tablet":"","ocean_menu_typo_transform_mobile":"","ocean_menu_typo_line_height":0,"ocean_menu_typo_line_height_tablet":0,"ocean_menu_typo_line_height_mobile":0,"ocean_menu_typo_line_height_unit":"","ocean_menu_typo_spacing":0,"ocean_menu_typo_spacing_tablet":0,"ocean_menu_typo_spacing_mobile":0,"ocean_menu_typo_spacing_unit":"","ocean_menu_link_color":"","ocean_menu_link_color_hover":"","ocean_menu_link_color_active":"","ocean_menu_link_background":"","ocean_menu_link_hover_background":"","ocean_menu_link_active_background":"","ocean_menu_social_links_bg":"","ocean_menu_social_hover_links_bg":"","ocean_menu_social_links_color":"","ocean_menu_social_hover_links_color":"","ocean_disable_title":"default","ocean_disable_heading":"default","ocean_post_title":"","ocean_post_subheading":"","ocean_post_title_style":"","ocean_post_title_background_color":"","ocean_post_title_background":0,"ocean_post_title_bg_image_position":"","ocean_post_title_bg_image_attachment":"","ocean_post_title_bg_image_repeat":"","ocean_post_title_bg_image_size":"","ocean_post_title_height":0,"ocean_post_title_bg_overlay":0.5,"ocean_post_title_bg_overlay_color":"","ocean_disable_breadcrumbs":"default","ocean_breadcrumbs_color":"","ocean_breadcrumbs_separator_color":"","ocean_breadcrumbs_links_color":"","ocean_breadcrumbs_links_hover_color":"","ocean_display_footer_widgets":"default","ocean_display_footer_bottom":"default","ocean_custom_footer_template":""},"_links":{"self":[{"href":"https:\/\/vasaorden.com\/vasteras\/wp-json\/wp\/v2\/pages\/2989"}],"collection":[{"href":"https:\/\/vasaorden.com\/vasteras\/wp-json\/wp\/v2\/pages"}],"about":[{"href":"https:\/\/vasaorden.com\/vasteras\/wp-json\/wp\/v2\/types\/page"}],"author":[{"embeddable":true,"href":"https:\/\/vasaorden.com\/vasteras\/wp-json\/wp\/v2\/users\/14"}],"replies":[{"embeddable":true,"href":"https:\/\/vasaorden.com\/vasteras\/wp-json\/wp\/v2\/comments?post=2989"}],"version-history":[{"count":0,"href":"https:\/\/vasaorden.com\/vasteras\/wp-json\/wp\/v2\/pages\/2989\/revisions"}],"wp:attachment":[{"href":"https:\/\/vasaorden.com\/vasteras\/wp-json\/wp\/v2\/media?parent=2989"}],"curies":[{"name":"wp","href":"https:\/\/api.w.org\/{rel}","templated":true}]}}