{"id":278,"date":"2012-03-28T07:23:49","date_gmt":"2012-03-28T07:23:49","guid":{"rendered":"http:\/\/bu2022.vasaorden.com\/vasteras\/?page_id=278"},"modified":"2022-09-13T12:39:33","modified_gmt":"2022-09-13T10:39:33","slug":"historik-90-talet","status":"publish","type":"page","link":"https:\/\/vasaorden.com\/vasteras\/historik-90-talet\/","title":{"rendered":"Historik 90-talet"},"content":{"rendered":"<p>Vid m\u00f6te i mars 1990 uts\u00e5gs Sy Gulli Persson, Logens f\u00f6rsta lucia, till Hedersmedlem. Denna kv\u00e4ll sj\u00f6ngs ocks\u00e5 en nydiktad s\u00e5ng av Rolf B\u00e4ckman, som heter \u201dSyskons\u00e5ngen\u201d.<br \/>\n1991 fick Engelbrekt sin andra kvinnliga ordf\u00f6rande, Diane B\u00e4ckman.<br \/>\nEfter en diskussion vid m\u00f6te i oktober 1991 beslutade logen att g\u00f6ra en extra utbetalning p\u00e5 100,- per medlem. Vid \u00e5ret slut hade logen 95 medlemmar.<br \/>\nVid fastst\u00e4llande av budgeten f\u00f6r 1992&nbsp;beslutades att \u00e5rsavgiften h\u00f6js fr\u00e5n 180,- kr till 280,- kr. I h\u00f6jningen ing\u00e5r d\u00e5 lokalhyran. Ordf\u00f6rande Sy Diane B\u00e4ckman meddelade att fr\u00e5n januari 1992 blir m\u00f6teslokalen Bjurhovdatoppen.<br \/>\nMeddelande fr\u00e5n DL19 att arrang\u00f6r f\u00f6r Distriktsm\u00f6tet 1993 \u00e4r Logen Engelbrekt Nr 619.<br \/>\nVid fastst\u00e4llande av budgeten f\u00f6r 1993 beslutades att h\u00f6ja \u00e5rsavgiften till 300,- kr.<br \/>\n20-22 maj 1993 h\u00f6lls Distriktsm\u00f6te i Engelbrekts regi. Ett arrangemang som bes\u00f6ktes av ca 210 storloge-och-distriktstj\u00e4nstem\u00e4n, delegater och medf\u00f6ljande fr\u00e5n n\u00e4r och fj\u00e4rran. M\u00f6teshelgen b\u00f6rjade med Vasaafton i Aroshuset. Distriktsm\u00f6tet avh\u00f6lls p\u00e5 Rudbeckianska skolan, h\u00f6gtidsm\u00f6tet h\u00f6lls i Rikssalen p\u00e5 V\u00e4ster\u00e5s Slott och den avslutande banketten var i Stadshuset. Ett mycket uppskattat arrangemang av Distriktsm\u00f6te var till \u00e4nda. Diane B\u00e4ckman valdes till vice Distriktsm\u00e4stare.<br \/>\nErik Astvald blev hedersmedlem 13 november 1993.<br \/>\nVid valet av tj\u00e4nstem\u00e4n till 1994 valdes 10 kvinnor och 6 m\u00e4n.<br \/>\nSeptember 1994 inf\u00f6rskaffas en ny musikanl\u00e4ggning.<br \/>\nDecember 1994, det lokala informationsbladet Engelbrekts News ser dagens ljus.<br \/>\n1997 inf\u00f6rs ett \u00e5rligt gemensamhetsm\u00f6te mellan Logen Engelbrekt Nr 619, Logen Upsala&nbsp;Nr 623, Logen Eskilstuna Nr 633 och Logen Enk\u00f6ping Nr 646 som. Det f\u00f6rsta h\u00f6lls i Enk\u00f6ping.<br \/>\nI budgeten f\u00f6r 1998 h\u00f6jdes medlemsavgiften till 350,-kr.<br \/>\nJanuari 1998 flyttar vi till Odd Fellow-huset.<br \/>\nLogens 50-\u00e5rsjubileum 1998 h\u00f6lls i Odd Fellow huset med 135 deltagare fr\u00e5n 14 loger. En stilfull fanparad genomf\u00f6rdes, ledsagad av levande musik framf\u00f6rd av Bj\u00f6rn Sk\u00e4rfstad.<br \/>\n<a title=\"Historik\" href=\"https:\/\/vasaorden.com\/vasteras\/historik\/\">Tillbaka<\/a>&nbsp;&nbsp;&nbsp;&nbsp;&nbsp;&nbsp;&nbsp;&nbsp;&nbsp;&nbsp;&nbsp;&nbsp;&nbsp;&nbsp;&nbsp;&nbsp;&nbsp;&nbsp;&nbsp;&nbsp;&nbsp;&nbsp;&nbsp;&nbsp;&nbsp;&nbsp;&nbsp;&nbsp;&nbsp;&nbsp;&nbsp;&nbsp;&nbsp;&nbsp;&nbsp;&nbsp;&nbsp;&nbsp;&nbsp;&nbsp;&nbsp;&nbsp;&nbsp;&nbsp;&nbsp;&nbsp;&nbsp;&nbsp;&nbsp;&nbsp;&nbsp;&nbsp;&nbsp; <a title=\"Historik 80-talet\" href=\"https:\/\/vasaorden.com\/vasteras\/historik-80-talet\/\">Tillbaka till 80-talet<\/a>&nbsp;&nbsp;&nbsp;&nbsp;&nbsp;&nbsp;&nbsp;&nbsp;&nbsp;&nbsp;&nbsp;&nbsp;&nbsp;<a title=\"Historik 2000-talet\" href=\"https:\/\/vasaorden.com\/vasteras\/historik-2000-talet\/\">&nbsp;Forts. 2000-talet<\/a><\/p>\n","protected":false},"excerpt":{"rendered":"<p>Vid m\u00f6te i mars 1990 uts\u00e5gs Sy Gulli Persson, Logens f\u00f6rsta lucia, till Hedersmedlem. Denna kv\u00e4ll sj\u00f6ngs ocks\u00e5 en nydiktad s\u00e5ng av Rolf B\u00e4ckman, som heter \u201dSyskons\u00e5ngen\u201d. 1991 fick Engelbrekt sin andra kvinnliga ordf\u00f6rande, Diane B\u00e4ckman. Efter en diskussion vid m\u00f6te i oktober 1991 beslutade logen att g\u00f6ra en extra utbetalning p\u00e5 100,- per medlem. [&hellip;]<\/p>\n","protected":false},"author":15,"featured_media":0,"parent":0,"menu_order":0,"comment_status":"closed","ping_status":"closed","template":"","meta":{"ngg_post_thumbnail":0,"ocean_post_layout":"","ocean_both_sidebars_style":"","ocean_both_sidebars_content_width":0,"ocean_both_sidebars_sidebars_width":0,"ocean_sidebar":"0","ocean_second_sidebar":"0","ocean_disable_margins":"enable","ocean_add_body_class":"","ocean_shortcode_before_top_bar":"","ocean_shortcode_after_top_bar":"","ocean_shortcode_before_header":"","ocean_shortcode_after_header":"","ocean_has_shortcode":"","ocean_shortcode_after_title":"","ocean_shortcode_before_footer_widgets":"","ocean_shortcode_after_footer_widgets":"","ocean_shortcode_before_footer_bottom":"","ocean_shortcode_after_footer_bottom":"","ocean_display_top_bar":"default","ocean_display_header":"default","ocean_header_style":"","ocean_center_header_left_menu":"0","ocean_custom_header_template":"0","ocean_custom_logo":0,"ocean_custom_retina_logo":0,"ocean_custom_logo_max_width":0,"ocean_custom_logo_tablet_max_width":0,"ocean_custom_logo_mobile_max_width":0,"ocean_custom_logo_max_height":0,"ocean_custom_logo_tablet_max_height":0,"ocean_custom_logo_mobile_max_height":0,"ocean_header_custom_menu":"0","ocean_menu_typo_font_family":"0","ocean_menu_typo_font_subset":"","ocean_menu_typo_font_size":0,"ocean_menu_typo_font_size_tablet":0,"ocean_menu_typo_font_size_mobile":0,"ocean_menu_typo_font_size_unit":"px","ocean_menu_typo_font_weight":"","ocean_menu_typo_font_weight_tablet":"","ocean_menu_typo_font_weight_mobile":"","ocean_menu_typo_transform":"","ocean_menu_typo_transform_tablet":"","ocean_menu_typo_transform_mobile":"","ocean_menu_typo_line_height":0,"ocean_menu_typo_line_height_tablet":0,"ocean_menu_typo_line_height_mobile":0,"ocean_menu_typo_line_height_unit":"","ocean_menu_typo_spacing":0,"ocean_menu_typo_spacing_tablet":0,"ocean_menu_typo_spacing_mobile":0,"ocean_menu_typo_spacing_unit":"","ocean_menu_link_color":"","ocean_menu_link_color_hover":"","ocean_menu_link_color_active":"","ocean_menu_link_background":"","ocean_menu_link_hover_background":"","ocean_menu_link_active_background":"","ocean_menu_social_links_bg":"","ocean_menu_social_hover_links_bg":"","ocean_menu_social_links_color":"","ocean_menu_social_hover_links_color":"","ocean_disable_title":"default","ocean_disable_heading":"default","ocean_post_title":"","ocean_post_subheading":"","ocean_post_title_style":"","ocean_post_title_background_color":"","ocean_post_title_background":0,"ocean_post_title_bg_image_position":"","ocean_post_title_bg_image_attachment":"","ocean_post_title_bg_image_repeat":"","ocean_post_title_bg_image_size":"","ocean_post_title_height":0,"ocean_post_title_bg_overlay":0.5,"ocean_post_title_bg_overlay_color":"","ocean_disable_breadcrumbs":"default","ocean_breadcrumbs_color":"","ocean_breadcrumbs_separator_color":"","ocean_breadcrumbs_links_color":"","ocean_breadcrumbs_links_hover_color":"","ocean_display_footer_widgets":"default","ocean_display_footer_bottom":"default","ocean_custom_footer_template":"0"},"_links":{"self":[{"href":"https:\/\/vasaorden.com\/vasteras\/wp-json\/wp\/v2\/pages\/278"}],"collection":[{"href":"https:\/\/vasaorden.com\/vasteras\/wp-json\/wp\/v2\/pages"}],"about":[{"href":"https:\/\/vasaorden.com\/vasteras\/wp-json\/wp\/v2\/types\/page"}],"author":[{"embeddable":true,"href":"https:\/\/vasaorden.com\/vasteras\/wp-json\/wp\/v2\/users\/15"}],"replies":[{"embeddable":true,"href":"https:\/\/vasaorden.com\/vasteras\/wp-json\/wp\/v2\/comments?post=278"}],"version-history":[{"count":2,"href":"https:\/\/vasaorden.com\/vasteras\/wp-json\/wp\/v2\/pages\/278\/revisions"}],"predecessor-version":[{"id":3084,"href":"https:\/\/vasaorden.com\/vasteras\/wp-json\/wp\/v2\/pages\/278\/revisions\/3084"}],"wp:attachment":[{"href":"https:\/\/vasaorden.com\/vasteras\/wp-json\/wp\/v2\/media?parent=278"}],"curies":[{"name":"wp","href":"https:\/\/api.w.org\/{rel}","templated":true}]}}