{"id":270,"date":"2012-03-28T07:06:15","date_gmt":"2012-03-28T07:06:15","guid":{"rendered":"http:\/\/bu2022.vasaorden.com\/vasteras\/?page_id=270"},"modified":"2022-09-13T12:33:54","modified_gmt":"2022-09-13T10:33:54","slug":"historik-70-talet","status":"publish","type":"page","link":"https:\/\/vasaorden.com\/vasteras\/historik-70-talet\/","title":{"rendered":"Historik 70-talet"},"content":{"rendered":"<p>I november 1970 beslutades att nya medlemmar skall erh\u00e5lla en vasan\u00e5l vid intagningen i v\u00e5r orden. 1948 fick man k\u00f6pa den f\u00f6r 5,- kr.<br \/>\nI februari 1972 \u00f6verl\u00e4mnade Logens DD Br Rune Steng\u00e5rd ett par ceremonistavar, som Anna och Tom Sj\u00f6din fr\u00e5n Logen Gotland Nr 624 egenh\u00e4ndigt tillverkat och sk\u00e4nkt v\u00e5r loge.<br \/>\n1972 flyttade logen fr\u00e5n Hantverksf\u00f6reningens lokal till Bjurhovdatoppen.<br \/>\nI april 1973 h\u00f6ll logen 25-\u00e5rsjubileum p\u00e5 Stora Hotellet. Logens ordf\u00f6rande var d\u00e5 Sven-Erik Holmstr\u00f6m.<br \/>\nI oktober 1975 f\u00f6rel\u00e5g en skrivelse fr\u00e5n Linde Lodge Nr 492, Milwaukee, vilken loge med tacksamhet accepterat v\u00e5r loges \u00f6nskan om v\u00e4nloge.<br \/>\nI februari 1976 besl\u00f6ts det att inf\u00f6ra Systrarnas Afton och i mars svarade Systrarna f\u00f6r efterkapitlet.<br \/>\nUnder efterkapitlet vid \u00e5rsm\u00f6tet 1978 hade det smugit sig in en ny medlem i Logen Engelbrekt Nr 619, n\u00e4mligen en \u201dKopparkossa\u201d tillverkad av Logens lotterif\u00f6rest\u00e5ndare Br Sture Landberg. Slantarna som hon f\u00e5r g\u00e5r till blomsterfonden. &nbsp;Logen Hj\u00e4lmaren Nr 625 f\u00e5r &nbsp;ocks\u00e5 en \u201dKopparkossa\u201d tillverkad av Sture Landberg. Kossan \u00f6verl\u00e4mnades d\u00e5 13 st Vasasyskon fr\u00e5n Logen Engelbrekt bes\u00f6kte Logen Hj\u00e4lmaren p\u00e5 deras v\u00e5rbal 28 april 1978<span style=\"font-size: small;\">.<\/span><br \/>\nI april 1978 var Logen Engelbrekt Nr 619 v\u00e4rd f\u00f6r gemensamhetsm\u00f6te i samband med logens 30-\u00e5rsjubileum med 111 personer fr\u00e5n nio loger. Firandet \u00e4gde rum i Stadshotellets Festv\u00e5ning. Bland bes\u00f6karna fanns fr\u00e5n DL 19 DM Malte Ericson, DS Hakon Sandell och DI Gun Forsgren. Tv\u00e5 f\u00f6re detta DD Rune Steng\u00e5rd och Sven Asph deltog ocks\u00e5. Under sup\u00e9n framtr\u00e4dde v\u00e5r egen s\u00e5ngerska Sy Kerstin Melin. Hennes repertoar var mycket v\u00e4l komponerad. Hon framf\u00f6rde s\u00e5v\u00e4l n\u00e5gra finst\u00e4mda visor, som operettmelodier och n\u00e5gra sk\u00e4mtsamma visor. F\u00f6r ackompanjemanget svarade musikdirekt\u00f6r Sven Dahlberg. Dansmusiken spelades av v\u00e5rt husband Strandbergs Trio. I pausen i dansen framtr\u00e4dde det ber\u00f6mda illusionistparet Leonardi och Leonita, ordf\u00f6rande i Logen Hj\u00e4lmaren Br Lennart Elvin med maka Valborg.<br \/>\nVid h\u00f6stupptakten i september ber\u00e4ttade Vera Hedlund om sin amerikaresa, som hon gjort tillsammans med nio Vasasyskon fr\u00e5n Eskilstuna. De bes\u00f6kte bland annat Storlogem\u00f6tet i Newport beach. I San Diego i Kalifornien m\u00f6tte de den svenska gymnastikgruppen fr\u00e5n V\u00e4ster\u00e5s under ledning av v\u00e5r egen Br Stig Karlsson. I VLT har journalisten Bertil Peterson skrivit en artikelserie under november-december kallad Amerika \u2013 Dr\u00f6mmen i V\u00e4stmanland. Som avslutning p\u00e5 serien har Bertil Peterson en intervju med familjen Ihleberg, d\u00e4r det ber\u00e4ttades om v\u00e5ra Vasakontakter. Det invigdes en utst\u00e4llning p\u00e5 V\u00e4ster\u00e5s Bibliotek om Bishop Hill. Invigningstalare var Ambassad\u00f6r Rodney Kenned-Minott.<br \/>\nDen 21 april 1979 genomf\u00f6rdes en ballotering f\u00f6r sex ans\u00f6kningar, d\u00e4ribland Liberth och Ir\u00e9ne Karlsson, med dagen till \u00e4ra alldeles ny balloteringsurna, gjord av ask, sk\u00e4nkt av Br Birger och Ing-Britt Eriksson. D\u00e4refter f\u00f6ljde reception. Som logens delegat rapporterade Sy Wera Hedlund Wapplin fr\u00e5n Distriktsm\u00f6tet i Sk\u00f6vde. Logen fick en ny DD Br Lennart Elvin fr\u00e5n Logen Hj\u00e4lmaren Nr 625.<br \/>\nSy Inger Ihleberg rapporterade att den 27 maj 1979 d\u00e5 Logen Enk\u00f6ping Nr 646 i samr\u00e5d med Hembygdsf\u00f6reningen reste en sten i Biskopskulla, profeten Eric Janssons f\u00f6delseort, han som grundade kolonin Bishop Hill i Illinois 1846. Vid decemberm\u00f6tet 1979 beslutades att \u00e5rsavgiften h\u00f6js fr\u00e5n 60,- till 75,-.<br \/>\n<a title=\"Historik\" href=\"https:\/\/vasaorden.com\/vasteras\/historik\/\">Tillbaka<\/a>&nbsp;&nbsp;&nbsp;&nbsp;&nbsp;&nbsp;&nbsp;&nbsp;&nbsp;&nbsp;&nbsp;&nbsp;&nbsp;&nbsp;&nbsp;&nbsp;&nbsp;&nbsp;&nbsp;&nbsp;&nbsp;&nbsp;&nbsp;&nbsp;&nbsp;&nbsp;&nbsp;&nbsp;&nbsp;&nbsp;&nbsp;&nbsp;&nbsp;&nbsp;&nbsp;&nbsp;&nbsp;&nbsp;&nbsp;&nbsp;&nbsp;&nbsp;&nbsp;&nbsp;&nbsp;&nbsp;&nbsp;&nbsp;&nbsp;&nbsp;&nbsp;&nbsp;&nbsp;&nbsp;<a title=\"Historik 50- och 60-talet\" href=\"https:\/\/vasaorden.com\/vasteras\/historik-50-och-60-talet\/\">Tillbaka till 50- och 60-talet<\/a>&nbsp;&nbsp;&nbsp;&nbsp;&nbsp;&nbsp;&nbsp;&nbsp;&nbsp;<a title=\"Historik 80-talet\" href=\"https:\/\/vasaorden.com\/vasteras\/historik-80-talet\/\">Forts till&nbsp;80-talet<\/a><\/p>\n","protected":false},"excerpt":{"rendered":"<p>I november 1970 beslutades att nya medlemmar skall erh\u00e5lla en vasan\u00e5l vid intagningen i v\u00e5r orden. 1948 fick man k\u00f6pa den f\u00f6r 5,- kr. I februari 1972 \u00f6verl\u00e4mnade Logens DD Br Rune Steng\u00e5rd ett par ceremonistavar, som Anna och Tom Sj\u00f6din fr\u00e5n Logen Gotland Nr 624 egenh\u00e4ndigt tillverkat och sk\u00e4nkt v\u00e5r loge. 1972 flyttade logen [&hellip;]<\/p>\n","protected":false},"author":15,"featured_media":0,"parent":0,"menu_order":0,"comment_status":"closed","ping_status":"closed","template":"","meta":{"ngg_post_thumbnail":0,"ocean_post_layout":"","ocean_both_sidebars_style":"","ocean_both_sidebars_content_width":0,"ocean_both_sidebars_sidebars_width":0,"ocean_sidebar":"0","ocean_second_sidebar":"0","ocean_disable_margins":"enable","ocean_add_body_class":"","ocean_shortcode_before_top_bar":"","ocean_shortcode_after_top_bar":"","ocean_shortcode_before_header":"","ocean_shortcode_after_header":"","ocean_has_shortcode":"","ocean_shortcode_after_title":"","ocean_shortcode_before_footer_widgets":"","ocean_shortcode_after_footer_widgets":"","ocean_shortcode_before_footer_bottom":"","ocean_shortcode_after_footer_bottom":"","ocean_display_top_bar":"default","ocean_display_header":"default","ocean_header_style":"","ocean_center_header_left_menu":"0","ocean_custom_header_template":"0","ocean_custom_logo":0,"ocean_custom_retina_logo":0,"ocean_custom_logo_max_width":0,"ocean_custom_logo_tablet_max_width":0,"ocean_custom_logo_mobile_max_width":0,"ocean_custom_logo_max_height":0,"ocean_custom_logo_tablet_max_height":0,"ocean_custom_logo_mobile_max_height":0,"ocean_header_custom_menu":"0","ocean_menu_typo_font_family":"0","ocean_menu_typo_font_subset":"","ocean_menu_typo_font_size":0,"ocean_menu_typo_font_size_tablet":0,"ocean_menu_typo_font_size_mobile":0,"ocean_menu_typo_font_size_unit":"px","ocean_menu_typo_font_weight":"","ocean_menu_typo_font_weight_tablet":"","ocean_menu_typo_font_weight_mobile":"","ocean_menu_typo_transform":"","ocean_menu_typo_transform_tablet":"","ocean_menu_typo_transform_mobile":"","ocean_menu_typo_line_height":0,"ocean_menu_typo_line_height_tablet":0,"ocean_menu_typo_line_height_mobile":0,"ocean_menu_typo_line_height_unit":"","ocean_menu_typo_spacing":0,"ocean_menu_typo_spacing_tablet":0,"ocean_menu_typo_spacing_mobile":0,"ocean_menu_typo_spacing_unit":"","ocean_menu_link_color":"","ocean_menu_link_color_hover":"","ocean_menu_link_color_active":"","ocean_menu_link_background":"","ocean_menu_link_hover_background":"","ocean_menu_link_active_background":"","ocean_menu_social_links_bg":"","ocean_menu_social_hover_links_bg":"","ocean_menu_social_links_color":"","ocean_menu_social_hover_links_color":"","ocean_disable_title":"default","ocean_disable_heading":"default","ocean_post_title":"","ocean_post_subheading":"","ocean_post_title_style":"","ocean_post_title_background_color":"","ocean_post_title_background":0,"ocean_post_title_bg_image_position":"","ocean_post_title_bg_image_attachment":"","ocean_post_title_bg_image_repeat":"","ocean_post_title_bg_image_size":"","ocean_post_title_height":0,"ocean_post_title_bg_overlay":0.5,"ocean_post_title_bg_overlay_color":"","ocean_disable_breadcrumbs":"default","ocean_breadcrumbs_color":"","ocean_breadcrumbs_separator_color":"","ocean_breadcrumbs_links_color":"","ocean_breadcrumbs_links_hover_color":"","ocean_display_footer_widgets":"default","ocean_display_footer_bottom":"default","ocean_custom_footer_template":"0"},"_links":{"self":[{"href":"https:\/\/vasaorden.com\/vasteras\/wp-json\/wp\/v2\/pages\/270"}],"collection":[{"href":"https:\/\/vasaorden.com\/vasteras\/wp-json\/wp\/v2\/pages"}],"about":[{"href":"https:\/\/vasaorden.com\/vasteras\/wp-json\/wp\/v2\/types\/page"}],"author":[{"embeddable":true,"href":"https:\/\/vasaorden.com\/vasteras\/wp-json\/wp\/v2\/users\/15"}],"replies":[{"embeddable":true,"href":"https:\/\/vasaorden.com\/vasteras\/wp-json\/wp\/v2\/comments?post=270"}],"version-history":[{"count":2,"href":"https:\/\/vasaorden.com\/vasteras\/wp-json\/wp\/v2\/pages\/270\/revisions"}],"predecessor-version":[{"id":3078,"href":"https:\/\/vasaorden.com\/vasteras\/wp-json\/wp\/v2\/pages\/270\/revisions\/3078"}],"wp:attachment":[{"href":"https:\/\/vasaorden.com\/vasteras\/wp-json\/wp\/v2\/media?parent=270"}],"curies":[{"name":"wp","href":"https:\/\/api.w.org\/{rel}","templated":true}]}}