{"id":21,"date":"2012-02-13T20:38:13","date_gmt":"2012-02-13T20:38:13","guid":{"rendered":"http:\/\/bu2022.vasaorden.com\/boras\/?page_id=21"},"modified":"2022-09-07T21:52:56","modified_gmt":"2022-09-07T19:52:56","slug":"lankar","status":"publish","type":"page","link":"https:\/\/vasaorden.com\/vadstena\/lankar\/","title":{"rendered":"L\u00e4nkar"},"content":{"rendered":"<p>H\u00e4r presenterar vi intressanta l\u00e4nkar som kan kopplas till v\u00e5r verksamhet eller som kan vara bra om du planerar att g\u00e4sta Vadstena. Nytt f\u00f6nster \u00f6ppnas vid klick p\u00e5 resp. l\u00e4nk.<br \/>\n<strong>Kontakt Amerika:<\/strong><\/p>\n<ul>\n<li><a href=\"http:\/\/www.plimoth.org\/\">Plimouth Plantation, MA<\/a>\u200b<\/li>\n<li><a href=\"http:\/\/www.kalmarnyckel.org\/\" target=\"_blank\" rel=\"noopener\">Kalmar Nyckel, DE<\/a>\u200b<\/li>\n<\/ul>\n<p><strong>Svenska l\u00e4nkar:<\/strong><\/p>\n<ul>\n<li><strong><a title=\"Vasa Orden av Amerika, Distriktlogen Norra Sverige\" href=\"https:\/\/vasaorden.com\/\" target=\"_blank\" rel=\"noopener\">Vasa Orden av Amerika, Distriktlogen Norra Sverige Nr 19<\/a><\/strong><\/li>\n<li><a href=\"http:\/\/www.visitostergotland.se\/\"><strong>Visit \u00d6sterg\u00f6tland<\/strong><\/a>, uppgifter om boende, sev\u00e4rdheter och aktiviteter i \u00d6sterg\u00f6tland.\u200b<\/li>\n<li>Vastena kommuns hemsida: <strong><a href=\"http:\/\/www.vadstena.se\/\">Vadstena kommun<\/a><\/strong>\u200b<\/li>\n<li>Mj\u00f6lby kommuns hemsida inkl Sk\u00e4nninge: <a href=\"http:\/\/www.mjolby.se\/\"><strong>Mj\u00f6lby kommun<\/strong><\/a>\u200b<\/li>\n<li><a href=\"http:\/\/blueblossom.se\/\"><strong>Blue Blossom Dancers<\/strong><\/a>, dansar square dance.\u200b<\/li>\n<li>Motala kommuns hemsida: <a href=\"http:\/\/www.motala.se\/\"><strong>Motala kommun<\/strong><\/a>\u200b<\/li>\n<li>L\u00e4nk till konstn\u00e4ren Hans Str\u00f6ms hemsida: <strong><a href=\"http:\/\/www.bassorelievo.com\/\">Basso Relievo<\/a><\/strong>\u200b<\/li>\n<li>\u00d6desh\u00f6g kommuns hemsida: <a href=\"http:\/\/www.odeshog.se\/\"><strong>\u00d6desh\u00f6g kommun<\/strong><\/a>\u200b<\/li>\n<li><a href=\"http:\/\/www.hastholmen.se\/\"><strong>H\u00e4stholmen<\/strong><\/a>,&nbsp;platsen&nbsp;invid&nbsp;V\u00e4tterna&nbsp;s\u00f6der&nbsp;om&nbsp;mytomspunna&nbsp;Omberg.\u200b<\/li>\n<li>Vandrarhemmet vid Svanshals, T\u00e5kern &#8211; <a href=\"http:\/\/www.takernvandrarhem.se\/\"><strong>Vandrarhem &amp; Caf\u00e9<\/strong><\/a>\u200b<\/li>\n<\/ul>\n<p>&nbsp;<br \/>\n&nbsp;<br \/>\n&nbsp;<\/p>\n","protected":false},"excerpt":{"rendered":"<p>H\u00e4r presenterar vi intressanta l\u00e4nkar som kan kopplas till v\u00e5r verksamhet eller som kan vara bra om du planerar att g\u00e4sta Vadstena. Nytt f\u00f6nster \u00f6ppnas vid klick p\u00e5 resp. l\u00e4nk. Kontakt Amerika: Plimouth Plantation, MA\u200b Kalmar Nyckel, DE\u200b Svenska l\u00e4nkar: Vasa Orden av Amerika, Distriktlogen Norra Sverige Nr 19 Visit \u00d6sterg\u00f6tland, uppgifter om boende, sev\u00e4rdheter [&hellip;]<\/p>\n","protected":false},"author":19,"featured_media":0,"parent":0,"menu_order":0,"comment_status":"closed","ping_status":"closed","template":"","meta":{"ngg_post_thumbnail":0,"ocean_post_layout":"","ocean_both_sidebars_style":"","ocean_both_sidebars_content_width":0,"ocean_both_sidebars_sidebars_width":0,"ocean_sidebar":"0","ocean_second_sidebar":"0","ocean_disable_margins":"enable","ocean_add_body_class":"","ocean_shortcode_before_top_bar":"","ocean_shortcode_after_top_bar":"","ocean_shortcode_before_header":"","ocean_shortcode_after_header":"","ocean_has_shortcode":"","ocean_shortcode_after_title":"","ocean_shortcode_before_footer_widgets":"","ocean_shortcode_after_footer_widgets":"","ocean_shortcode_before_footer_bottom":"","ocean_shortcode_after_footer_bottom":"","ocean_display_top_bar":"default","ocean_display_header":"default","ocean_header_style":"","ocean_center_header_left_menu":"0","ocean_custom_header_template":"0","ocean_custom_logo":0,"ocean_custom_retina_logo":0,"ocean_custom_logo_max_width":0,"ocean_custom_logo_tablet_max_width":0,"ocean_custom_logo_mobile_max_width":0,"ocean_custom_logo_max_height":0,"ocean_custom_logo_tablet_max_height":0,"ocean_custom_logo_mobile_max_height":0,"ocean_header_custom_menu":"0","ocean_menu_typo_font_family":"0","ocean_menu_typo_font_subset":"","ocean_menu_typo_font_size":0,"ocean_menu_typo_font_size_tablet":0,"ocean_menu_typo_font_size_mobile":0,"ocean_menu_typo_font_size_unit":"px","ocean_menu_typo_font_weight":"","ocean_menu_typo_font_weight_tablet":"","ocean_menu_typo_font_weight_mobile":"","ocean_menu_typo_transform":"","ocean_menu_typo_transform_tablet":"","ocean_menu_typo_transform_mobile":"","ocean_menu_typo_line_height":0,"ocean_menu_typo_line_height_tablet":0,"ocean_menu_typo_line_height_mobile":0,"ocean_menu_typo_line_height_unit":"","ocean_menu_typo_spacing":0,"ocean_menu_typo_spacing_tablet":0,"ocean_menu_typo_spacing_mobile":0,"ocean_menu_typo_spacing_unit":"","ocean_menu_link_color":"","ocean_menu_link_color_hover":"","ocean_menu_link_color_active":"","ocean_menu_link_background":"","ocean_menu_link_hover_background":"","ocean_menu_link_active_background":"","ocean_menu_social_links_bg":"","ocean_menu_social_hover_links_bg":"","ocean_menu_social_links_color":"","ocean_menu_social_hover_links_color":"","ocean_disable_title":"default","ocean_disable_heading":"default","ocean_post_title":"","ocean_post_subheading":"","ocean_post_title_style":"","ocean_post_title_background_color":"","ocean_post_title_background":0,"ocean_post_title_bg_image_position":"","ocean_post_title_bg_image_attachment":"","ocean_post_title_bg_image_repeat":"","ocean_post_title_bg_image_size":"","ocean_post_title_height":0,"ocean_post_title_bg_overlay":0.5,"ocean_post_title_bg_overlay_color":"","ocean_disable_breadcrumbs":"default","ocean_breadcrumbs_color":"","ocean_breadcrumbs_separator_color":"","ocean_breadcrumbs_links_color":"","ocean_breadcrumbs_links_hover_color":"","ocean_display_footer_widgets":"default","ocean_display_footer_bottom":"default","ocean_custom_footer_template":"0"},"_links":{"self":[{"href":"https:\/\/vasaorden.com\/vadstena\/wp-json\/wp\/v2\/pages\/21"}],"collection":[{"href":"https:\/\/vasaorden.com\/vadstena\/wp-json\/wp\/v2\/pages"}],"about":[{"href":"https:\/\/vasaorden.com\/vadstena\/wp-json\/wp\/v2\/types\/page"}],"author":[{"embeddable":true,"href":"https:\/\/vasaorden.com\/vadstena\/wp-json\/wp\/v2\/users\/19"}],"replies":[{"embeddable":true,"href":"https:\/\/vasaorden.com\/vadstena\/wp-json\/wp\/v2\/comments?post=21"}],"version-history":[{"count":2,"href":"https:\/\/vasaorden.com\/vadstena\/wp-json\/wp\/v2\/pages\/21\/revisions"}],"predecessor-version":[{"id":1195,"href":"https:\/\/vasaorden.com\/vadstena\/wp-json\/wp\/v2\/pages\/21\/revisions\/1195"}],"wp:attachment":[{"href":"https:\/\/vasaorden.com\/vadstena\/wp-json\/wp\/v2\/media?parent=21"}],"curies":[{"name":"wp","href":"https:\/\/api.w.org\/{rel}","templated":true}]}}