{"id":19,"date":"2012-02-13T20:37:58","date_gmt":"2012-02-13T20:37:58","guid":{"rendered":"http:\/\/bu2022.vasaorden.com\/boras\/?page_id=19"},"modified":"2024-09-26T21:44:48","modified_gmt":"2024-09-26T19:44:48","slug":"kontakter","status":"publish","type":"page","link":"https:\/\/vasaorden.com\/vadstena\/kontakter\/","title":{"rendered":"Kontakter"},"content":{"rendered":"<p>\u00c4r du intresserad av att bli medlem i Vasa Orden av Amerika?<br \/>\nAv oss kan du f\u00e5 mer information:<br \/>\nOrdf\u00f6rande, <a href=\"mailto:monicajr@spray.se\">Monica Jern\u00e9r<\/a>, V\u00e4stra&nbsp;\u00c4lgsj\u00f6&nbsp;Lunnarp, 596 91 Sk\u00e4nninge.<br \/>\nMobil: 070-593 73 09<br \/>\nCeremonim\u00e4stare, <a href=\"mailto:per_gunnar.andersson2@comhem.se\">Per-Gunnar Andersson<\/a><br \/>\nMobil: 0737-713184<br \/>\nKass\u00f6r, <a href=\"mailto:marikacc@spray.se\">Marika Collin &#8211; Carlsson<\/a><br \/>\nTel: 0141-703 05<br \/>\n&nbsp;<br \/>\n&nbsp;<br \/>\n&nbsp;<br \/>\nVarmt v\u00e4lkommen att h\u00f6ra av dig!<\/p>\n","protected":false},"excerpt":{"rendered":"<p>\u00c4r du intresserad av att bli medlem i Vasa Orden av Amerika? Av oss kan du f\u00e5 mer information: Ordf\u00f6rande, Monica Jern\u00e9r, V\u00e4stra&nbsp;\u00c4lgsj\u00f6&nbsp;Lunnarp, 596 91 Sk\u00e4nninge. Mobil: 070-593 73 09 Ceremonim\u00e4stare, Per-Gunnar Andersson Mobil: 0737-713184 Kass\u00f6r, Marika Collin &#8211; Carlsson Tel: 0141-703 05 &nbsp; &nbsp; &nbsp; Varmt v\u00e4lkommen att h\u00f6ra av dig!<\/p>\n","protected":false},"author":19,"featured_media":0,"parent":0,"menu_order":0,"comment_status":"closed","ping_status":"closed","template":"","meta":{"ngg_post_thumbnail":0,"ocean_post_layout":"","ocean_both_sidebars_style":"","ocean_both_sidebars_content_width":0,"ocean_both_sidebars_sidebars_width":0,"ocean_sidebar":"","ocean_second_sidebar":"","ocean_disable_margins":"enable","ocean_add_body_class":"","ocean_shortcode_before_top_bar":"","ocean_shortcode_after_top_bar":"","ocean_shortcode_before_header":"","ocean_shortcode_after_header":"","ocean_has_shortcode":"","ocean_shortcode_after_title":"","ocean_shortcode_before_footer_widgets":"","ocean_shortcode_after_footer_widgets":"","ocean_shortcode_before_footer_bottom":"","ocean_shortcode_after_footer_bottom":"","ocean_display_top_bar":"default","ocean_display_header":"default","ocean_header_style":"","ocean_center_header_left_menu":"","ocean_custom_header_template":"","ocean_custom_logo":0,"ocean_custom_retina_logo":0,"ocean_custom_logo_max_width":0,"ocean_custom_logo_tablet_max_width":0,"ocean_custom_logo_mobile_max_width":0,"ocean_custom_logo_max_height":0,"ocean_custom_logo_tablet_max_height":0,"ocean_custom_logo_mobile_max_height":0,"ocean_header_custom_menu":"","ocean_menu_typo_font_family":"","ocean_menu_typo_font_subset":"","ocean_menu_typo_font_size":0,"ocean_menu_typo_font_size_tablet":0,"ocean_menu_typo_font_size_mobile":0,"ocean_menu_typo_font_size_unit":"px","ocean_menu_typo_font_weight":"","ocean_menu_typo_font_weight_tablet":"","ocean_menu_typo_font_weight_mobile":"","ocean_menu_typo_transform":"","ocean_menu_typo_transform_tablet":"","ocean_menu_typo_transform_mobile":"","ocean_menu_typo_line_height":0,"ocean_menu_typo_line_height_tablet":0,"ocean_menu_typo_line_height_mobile":0,"ocean_menu_typo_line_height_unit":"","ocean_menu_typo_spacing":0,"ocean_menu_typo_spacing_tablet":0,"ocean_menu_typo_spacing_mobile":0,"ocean_menu_typo_spacing_unit":"","ocean_menu_link_color":"","ocean_menu_link_color_hover":"","ocean_menu_link_color_active":"","ocean_menu_link_background":"","ocean_menu_link_hover_background":"","ocean_menu_link_active_background":"","ocean_menu_social_links_bg":"","ocean_menu_social_hover_links_bg":"","ocean_menu_social_links_color":"","ocean_menu_social_hover_links_color":"","ocean_disable_title":"default","ocean_disable_heading":"default","ocean_post_title":"","ocean_post_subheading":"","ocean_post_title_style":"","ocean_post_title_background_color":"","ocean_post_title_background":0,"ocean_post_title_bg_image_position":"","ocean_post_title_bg_image_attachment":"","ocean_post_title_bg_image_repeat":"","ocean_post_title_bg_image_size":"","ocean_post_title_height":0,"ocean_post_title_bg_overlay":0.5,"ocean_post_title_bg_overlay_color":"","ocean_disable_breadcrumbs":"default","ocean_breadcrumbs_color":"","ocean_breadcrumbs_separator_color":"","ocean_breadcrumbs_links_color":"","ocean_breadcrumbs_links_hover_color":"","ocean_display_footer_widgets":"default","ocean_display_footer_bottom":"default","ocean_custom_footer_template":""},"_links":{"self":[{"href":"https:\/\/vasaorden.com\/vadstena\/wp-json\/wp\/v2\/pages\/19"}],"collection":[{"href":"https:\/\/vasaorden.com\/vadstena\/wp-json\/wp\/v2\/pages"}],"about":[{"href":"https:\/\/vasaorden.com\/vadstena\/wp-json\/wp\/v2\/types\/page"}],"author":[{"embeddable":true,"href":"https:\/\/vasaorden.com\/vadstena\/wp-json\/wp\/v2\/users\/19"}],"replies":[{"embeddable":true,"href":"https:\/\/vasaorden.com\/vadstena\/wp-json\/wp\/v2\/comments?post=19"}],"version-history":[{"count":1,"href":"https:\/\/vasaorden.com\/vadstena\/wp-json\/wp\/v2\/pages\/19\/revisions"}],"predecessor-version":[{"id":1203,"href":"https:\/\/vasaorden.com\/vadstena\/wp-json\/wp\/v2\/pages\/19\/revisions\/1203"}],"wp:attachment":[{"href":"https:\/\/vasaorden.com\/vadstena\/wp-json\/wp\/v2\/media?parent=19"}],"curies":[{"name":"wp","href":"https:\/\/api.w.org\/{rel}","templated":true}]}}