{"id":1183,"date":"2012-02-11T22:53:06","date_gmt":"2012-02-11T22:53:06","guid":{"rendered":"http:\/\/bu2022.vasaorden.com\/boras\/?page_id=6"},"modified":"2012-02-11T22:53:06","modified_gmt":"2012-02-11T22:53:06","slug":"startsidan","status":"publish","type":"page","link":"https:\/\/vasaorden.com\/vadstena\/","title":{"rendered":"Startsidan"},"content":{"rendered":"<p>&nbsp;<\/p>\n<table>\n<tbody>\n<tr>\n<td><a href=\"https:\/\/vasaorden.com\/vadstena\/wp-content\/uploads\/sites\/9\/2017\/03\/logebild-vadstena-550-px.jpg\"><img loading=\"lazy\" class=\"alignnone size-full wp-image-894\" src=\"https:\/\/vasaorden.com\/vadstena\/wp-content\/uploads\/sites\/9\/2017\/03\/logebild-vadstena-550-px.jpg\" alt=\"\" width=\"550\" height=\"386\" srcset=\"https:\/\/vasaorden.com\/vadstena\/wp-content\/uploads\/sites\/9\/2017\/03\/logebild-vadstena-550-px.jpg 550w, https:\/\/vasaorden.com\/vadstena\/wp-content\/uploads\/sites\/9\/2017\/03\/logebild-vadstena-550-px-300x211.jpg 300w\" sizes=\"(max-width: 550px) 100vw, 550px\" \/><\/a><br \/>\n<strong><span style=\"font-family: Verdana\"><br \/>\nV\u00e4lkomna till Logen Vadstena Nr 762! <\/span><\/strong><strong>Logen Vadstena Nr 762<\/strong><span style=\"font-family: Verdana\"> \u00e4r en av 45 loger i Vasa Orden av Amerika och har ett 15-tal medlemmar fr\u00e5n V\u00e4tternbygden i v\u00e4stra \u00d6sterg\u00f6tland. Vi\u00a0har v\u00e5r m\u00f6tesplats i Odd Fellows Ordenshus, den ombyggda biografen R\u00f6da Kvarn, som \u00e4r bel\u00e4gen p\u00e5 J\u00e4rnv\u00e4gsgatan, en stenkast fr\u00e5n Resecentrum i Mj\u00f6lby. H\u00e4r bedriver vi v\u00e5ra Logem\u00f6ten med\u00a0m\u00e5nga kultur- och trivselaktiviteter. <\/span><br \/>\n<span style=\"font-family: Verdana\">Namnet Mj\u00f6lby h\u00e4rr\u00f6r fr\u00e5n den \u00e4ldre versionen M\u00f6lloby, som i sin tur h\u00e4rr\u00f6r fr\u00e5n\u00a0ordet <i>mylna<\/i> eller <i>m\u00f6lna<\/i>, som betyder &#8221;kvarn&#8221;. Med den omgivande sl\u00e4tten och forsarna i Svart\u00e5n var platsen naturlig f\u00f6r kvarnverksamhet. Det har funnits m\u00e5nga kvarnar utmed \u00e5ns forsar.\u00a0<\/span><\/td>\n<\/tr>\n<\/tbody>\n<\/table>\n<p>&nbsp;<br \/>\n&nbsp;<br \/>\n<a href=\"http:\/\/bu2022.vasaorden.com\/vadstena\/files\/2018\/10\/Aktuellt-Vadstena-Logen.jpg\"><img class=\"aligncenter size-full wp-image-1076\" src=\"http:\/\/bu2022.vasaorden.com\/vadstena\/files\/2018\/10\/Aktuellt-Vadstena-Logen.jpg\" alt=\"\" width=\"811\" \/><\/a><\/p>\n<h2><\/h2>\n<p>&nbsp;<br \/>\n&nbsp;<\/p>\n<h2><span style=\"color: #000080\">Logem\u00f6te l\u00f6rdagen den 21 mars 2020 inst\u00e4llt p.g.a corona-pandemin.<\/span><\/h2>\n<p><a href=\"https:\/\/vasaorden.com\/vadstena\/wp-content\/uploads\/sites\/9\/2020\/03\/Dragspelare.png\"><img loading=\"lazy\" class=\"aligncenter size-medium wp-image-1182\" src=\"https:\/\/vasaorden.com\/vadstena\/wp-content\/uploads\/sites\/9\/2020\/03\/Dragspelare-300x200.png\" alt=\"\" width=\"600\" height=\"400\" srcset=\"https:\/\/vasaorden.com\/vadstena\/wp-content\/uploads\/sites\/9\/2020\/03\/Dragspelare-300x200.png 300w, https:\/\/vasaorden.com\/vadstena\/wp-content\/uploads\/sites\/9\/2020\/03\/Dragspelare-768x513.png 768w, https:\/\/vasaorden.com\/vadstena\/wp-content\/uploads\/sites\/9\/2020\/03\/Dragspelare.png 956w\" sizes=\"(max-width: 600px) 100vw, 600px\" \/><\/a><br \/>\n&nbsp;<br \/>\n&nbsp;<br \/>\n<strong>________________________________________________________________________________________________<\/strong><br \/>\n<strong>________________________________________________________________________________________________<\/strong><\/p>\n<h2><span style=\"color: #000080\">\u00c5rsm\u00f6te h\u00f6lls l\u00f6rdagen den 25 januari 2020<\/span><\/h2>\n<p><figure id=\"attachment_1177\" aria-describedby=\"caption-attachment-1177\" style=\"width: 600px\" class=\"wp-caption aligncenter\"><a href=\"https:\/\/vasaorden.com\/vadstena\/wp-content\/uploads\/sites\/9\/2020\/03\/IMG_8258ns.jpg\"><img loading=\"lazy\" class=\"size-medium wp-image-1177\" src=\"https:\/\/vasaorden.com\/vadstena\/wp-content\/uploads\/sites\/9\/2020\/03\/IMG_8258ns-300x225.jpg\" alt=\"\" width=\"600\" height=\"450\" srcset=\"https:\/\/vasaorden.com\/vadstena\/wp-content\/uploads\/sites\/9\/2020\/03\/IMG_8258ns-300x225.jpg 300w, https:\/\/vasaorden.com\/vadstena\/wp-content\/uploads\/sites\/9\/2020\/03\/IMG_8258ns-1024x768.jpg 1024w, https:\/\/vasaorden.com\/vadstena\/wp-content\/uploads\/sites\/9\/2020\/03\/IMG_8258ns-768x576.jpg 768w, https:\/\/vasaorden.com\/vadstena\/wp-content\/uploads\/sites\/9\/2020\/03\/IMG_8258ns.jpg 1200w\" sizes=\"(max-width: 600px) 100vw, 600px\" \/><\/a><figcaption id=\"caption-attachment-1177\" class=\"wp-caption-text\">Professor Kalla B\u00e4ck underh\u00f6ll med f\u00f6rel\u00e4sning<\/figcaption><\/figure><br \/>\nLogen Vadstena nr 762 h\u00f6ll \u00c5rsm\u00f6te l\u00f6rdagen den 25 januari Odd Fellowhuset, Mj\u00f6lby.<br \/>\nI anslutning till efterkapitlet f\u00f6rel\u00e4ste professor Kalle B\u00e4ck om &#8221;Matens och dryckens historia&#8221; vilket var\u00a0 som vanligt b\u00e5de roligt, intressant och roligt. Vi fick veta mycket om den enahanda mat v\u00e5ra anf\u00e4der \u00e5t i gamla tider, dvs de som inte tillh\u00f6rde de mer v\u00e4lsituerade. Men julhelgen var i matv\u00e4g \u00e5rets h\u00f6gtidsdag.<br \/>\n&nbsp;<\/p>\n<h2><span style=\"color: #000080\">Julfest h\u00f6lls s\u00f6ndagen den 14 december 2019<\/span><\/h2>\n<p>Logen Vadstena nr 762 hade sin traditionella julfest l\u00f6rdagen den <strong>14 december 2019,\u00a0<\/strong><\/p>\n<h2><span style=\"color: #000080\">Adventskaffe h\u00f6lls s\u00f6ndagen den 1 december 2019<\/span><\/h2>\n<p>Logen Vadstena nr 762 hade sedvanligt adventskaffe och \u00f6ppet hus f\u00f6r medlemmar i Vasa Orden av Amerika hemma hos Magnus och Monica Jern\u00e9r\u00a0i V\u00e4stra \u00c4lgsj\u00f6 Lunnarp, Sk\u00e4nninge den 1 december.<br \/>\n&nbsp;<\/p>\n<h2><span style=\"color: #000080\">Samkv\u00e4m med Arbetsm\u00f6te, mat och underh\u00e5llning h\u00f6lls l\u00f6rdagen den 23 november 2019<\/span><\/h2>\n<p>&nbsp;<br \/>\nLogen Vadstena h\u00f6ll arbetsm\u00f6te med Samkv\u00e4m, mat och underh\u00e5llning l\u00f6rdagen den <strong>\u00a023 november 2019 i<\/strong>\u00a0Odd Fellowhuset, J\u00e4rnv\u00e4gsgatan 12, Mj\u00f6lby.<\/p>\n<h2><span style=\"color: #000080\">Gemensamhetsutflykt till Gr\u00e4nna och Visings\u00f6 l\u00f6rdagen den 18 maj 2019<\/span><\/h2>\n<p><a href=\"https:\/\/vasaorden.com\/vadstena\/wp-content\/uploads\/sites\/9\/2019\/03\/Visingso-IMG_1629_s.jpg\"><img loading=\"lazy\" class=\"size-full wp-image-1136 alignnone\" src=\"https:\/\/vasaorden.com\/vadstena\/wp-content\/uploads\/sites\/9\/2019\/03\/Visingso-IMG_1629_s.jpg\" alt=\"\" width=\"709\" height=\"365\" srcset=\"https:\/\/vasaorden.com\/vadstena\/wp-content\/uploads\/sites\/9\/2019\/03\/Visingso-IMG_1629_s.jpg 709w, https:\/\/vasaorden.com\/vadstena\/wp-content\/uploads\/sites\/9\/2019\/03\/Visingso-IMG_1629_s-300x154.jpg 300w\" sizes=\"(max-width: 709px) 100vw, 709px\" \/><\/a><br \/>\nVi i de \u00d6stg\u00f6tska Logerna Vadstena, Br\u00e5viken och Filbyter, hade tillsammans den sedvanliga gemensamhetsutflykten som i \u00e5r gick till Gr\u00e4nna och Visings\u00f6 l\u00f6rdagen den 18 maj. Vi var i stort sett en fullsatt buss med f\u00f6rv\u00e4ntansfulla resen\u00e4rer som fick njuta av Gr\u00e4nna och Visings\u00f6 denna vackra majdag.<br \/>\n&nbsp;<br \/>\n<figure id=\"attachment_610\" aria-describedby=\"caption-attachment-610\" style=\"width: 526px\" class=\"wp-caption aligncenter\"><a href=\"https:\/\/vasaorden.com\/vadstena\/wp-content\/uploads\/sites\/9\/2015\/12\/NilsBacker.png\"><img loading=\"lazy\" class=\"size-full wp-image-610\" src=\"https:\/\/vasaorden.com\/vadstena\/wp-content\/uploads\/sites\/9\/2015\/12\/NilsBacker.png\" alt=\"\" width=\"526\" height=\"323\" srcset=\"https:\/\/vasaorden.com\/vadstena\/wp-content\/uploads\/sites\/9\/2015\/12\/NilsBacker.png 526w, https:\/\/vasaorden.com\/vadstena\/wp-content\/uploads\/sites\/9\/2015\/12\/NilsBacker-300x184.png 300w\" sizes=\"(max-width: 526px) 100vw, 526px\" \/><\/a><figcaption id=\"caption-attachment-610\" class=\"wp-caption-text\">Nils Backer<\/figcaption><\/figure><\/p>\n<h2>Logen Vadstena nr 762 h\u00f6ll Logem\u00f6te l\u00f6rdagen den 13 april 2019.<\/h2>\n<p>Logen Vadstena h\u00f6ll Logem\u00f6te l\u00f6rdagen den 13 april i Odd Fellowhuset, J\u00e4rnv\u00e4gsgatan 12, Mj\u00f6lby. Program vid efterkapitlet var\u00a0<strong>Jules Sylvain<\/strong> i v\u00e5ra hj\u00e4rtan med <strong>Nils Backer.<\/strong><br \/>\n&nbsp;<br \/>\n<figure id=\"attachment_1117\" aria-describedby=\"caption-attachment-1117\" style=\"width: 903px\" class=\"wp-caption aligncenter\"><a href=\"https:\/\/vasaorden.com\/vadstena\/wp-content\/uploads\/sites\/9\/2019\/03\/VvH-och-Katy-Bang-och-hund_n.png\"><img loading=\"lazy\" class=\"size-full wp-image-1117\" src=\"https:\/\/vasaorden.com\/vadstena\/wp-content\/uploads\/sites\/9\/2019\/03\/VvH-och-Katy-Bang-och-hund_n.png\" alt=\"\" width=\"903\" height=\"544\" srcset=\"https:\/\/vasaorden.com\/vadstena\/wp-content\/uploads\/sites\/9\/2019\/03\/VvH-och-Katy-Bang-och-hund_n.png 903w, https:\/\/vasaorden.com\/vadstena\/wp-content\/uploads\/sites\/9\/2019\/03\/VvH-och-Katy-Bang-och-hund_n-300x181.png 300w, https:\/\/vasaorden.com\/vadstena\/wp-content\/uploads\/sites\/9\/2019\/03\/VvH-och-Katy-Bang-och-hund_n-768x463.png 768w\" sizes=\"(max-width: 903px) 100vw, 903px\" \/><\/a><figcaption id=\"caption-attachment-1117\" class=\"wp-caption-text\">Katy Bang och Verner von Heidenstam<\/figcaption><\/figure><\/p>\n<h2><\/h2>\n<h2>Logen Vadstena nr 762 h\u00f6ll Logem\u00f6te l\u00f6rdagen den 23 mars 2019.<\/h2>\n<p>Logen Vadstena h\u00f6ll Logem\u00f6te l\u00f6rdagen den 23 mars i Odd Fellowhuset, J\u00e4rnv\u00e4gsgatan 12, Mj\u00f6lby. Program vid efterkapitlet var\u00a0<strong>Verner von Heidenstam, en ny bild av nationalskalden <\/strong>d\u00e4r f\u00f6redragsh\u00e5llaren, Intendent P-G Andersson, \u00d6vralid ber\u00e4ttade om den brevskatt som\u00a0stod bortgl\u00f6md p\u00e5 en vind i K\u00f6penhamn och som litteraturvetaren Martin Kylhammar nu skrivit en boken Ett Hemligt Liv.<\/p>\n<h2><\/h2>\n<h2>Logen Vadstena nr 762 h\u00f6ll \u00c5rsm\u00f6te l\u00f6rdagen den 19 januari 2019.<\/h2>\n<p>Logen Vadstena h\u00f6ll \u00c5rsm\u00f6te l\u00f6rdagen den 19 januari.\u00a0 Vid efterkapitlet fick vi lyssna till Rolf Str\u00f6ms f\u00f6redrag &#8221;Motalas unika och fantastiska V\u00e4tternbygd med istidens avsm\u00e4ltning som utg\u00e5ngspunkt&#8221;. F\u00f6redraget avslutades med att vi fick se en video om Motala och stadens V\u00e4tternbygd.<br \/>\n&nbsp;<\/p>\n<h2>Magnus och Monica Jern\u00e9r, Logen Vadstena nr 762, bj\u00f6d p\u00e5 adventskaffe s\u00f6ndagen den 2 december 2018.<\/h2>\n<p>Magnus och Monica Jern\u00e9r bj\u00f6d intresserade medlemmar i Vasaorden av Amerika p\u00e5 traditionellt adventskaffe den 2 december 2018 p\u00e5 V\u00e4stra \u00c4lgsj\u00f6 i Sk\u00e4nninge. Mycket uppskattat av alla som hade m\u00f6jlighet att n\u00e4rvara och bes\u00f6ka V\u00e4stra \u00c4lgsj\u00f6.<\/p>\n<h2><\/h2>\n<figure id=\"attachment_1061\" aria-describedby=\"caption-attachment-1061\" style=\"width: 400px\" class=\"wp-caption aligncenter\"><a href=\"https:\/\/vasaorden.com\/vadstena\/wp-content\/uploads\/sites\/9\/2018\/09\/Ovralid-sommar-2018-400x.jpg\"><img loading=\"lazy\" class=\"size-full wp-image-1061\" src=\"https:\/\/vasaorden.com\/vadstena\/wp-content\/uploads\/sites\/9\/2018\/09\/Ovralid-sommar-2018-400x.jpg\" alt=\"\" width=\"400\" height=\"292\" srcset=\"https:\/\/vasaorden.com\/vadstena\/wp-content\/uploads\/sites\/9\/2018\/09\/Ovralid-sommar-2018-400x.jpg 400w, https:\/\/vasaorden.com\/vadstena\/wp-content\/uploads\/sites\/9\/2018\/09\/Ovralid-sommar-2018-400x-300x219.jpg 300w\" sizes=\"(max-width: 400px) 100vw, 400px\" \/><\/a><figcaption id=\"caption-attachment-1061\" class=\"wp-caption-text\">Verner von Heidenstams hem, \u00d6vralid<\/figcaption><\/figure>\n<h2>Logen Vadstena nr 762 h\u00f6ll Logem\u00f6te l\u00f6rdagen den 17 november 2018.<\/h2>\n<p>Logen Vadstena h\u00f6ll Logem\u00f6te l\u00f6rdagen den 17 november.\u00a0 Vid efterkapitlet fick vi lyssna till P-G Andersson om h\u00e4ndelser i Verner von Heidenstams liv.<br \/>\n&nbsp;<\/p>\n<h2>Logen Vadstena nr 762 planerade logem\u00f6te l\u00f6rdagen den 27 oktober 2018 blev inst\u00e4llt.<\/h2>\n<p>&nbsp;<\/p>\n<h2>Logen Vadstena nr 762 h\u00f6ll arbetsm\u00f6te l\u00f6rdagen den 29 september 2018.<\/h2>\n<p>Logen Vadstena inledde med ett arbetsm\u00f6te efter sommaruppeh\u00e5llet. Arbetsm\u00f6tet h\u00f6lls l\u00f6rdagen den 29 september 2018 hos Br Stig Carlsson och Sy Marika Collin Carlsson p\u00e5 Klockarv\u00e4gen i Motala.<br \/>\n&nbsp;<\/p>\n<p style=\"text-align: center\"><a href=\"https:\/\/vasaorden.com\/vadstena\/wp-content\/uploads\/sites\/9\/2014\/08\/vasakraftskiva129.png\"><img loading=\"lazy\" class=\"aligncenter size-full wp-image-384\" src=\"https:\/\/vasaorden.com\/vadstena\/wp-content\/uploads\/sites\/9\/2014\/08\/vasakraftskiva129.png\" alt=\"\" width=\"400\" height=\"320\" srcset=\"https:\/\/vasaorden.com\/vadstena\/wp-content\/uploads\/sites\/9\/2014\/08\/vasakraftskiva129.png 400w, https:\/\/vasaorden.com\/vadstena\/wp-content\/uploads\/sites\/9\/2014\/08\/vasakraftskiva129-300x240.png 300w\" sizes=\"(max-width: 400px) 100vw, 400px\" \/><\/a><\/p>\n<h2>Logen Vadstena nr 762 hade Kr\u00e4ftskiva l\u00f6rdagen 18 augusti<\/h2>\n<p>Den numer sedvanliga kr\u00e4ftskivan i augusti h\u00f6lls l\u00f6rdagen den 18 augusti 2018. Kr\u00e4ftskivan h\u00f6lls hos Br Stig Carlsson och Sy Marika Collin Carlsson i Lusthuset i Treh\u00f6rna.\u00a0<a href=\"https:\/\/vasaorden.com\/vadstena\/wp-content\/uploads\/sites\/9\/2018\/03\/Mellanrumsbild-1-mm.gif\"><br \/>\n<\/a><a href=\"https:\/\/vasaorden.com\/vadstena\/wp-content\/uploads\/sites\/9\/2018\/03\/Mellanrumsbild-1-mm.gif\"><\/a><a href=\"https:\/\/vasaorden.com\/vadstena\/wp-content\/uploads\/sites\/9\/2018\/03\/Mellanrumsbild-1-mm.gif\"><\/a><br \/>\n<a href=\"https:\/\/vasaorden.com\/vadstena\/wp-content\/uploads\/sites\/9\/2018\/03\/Mellanrumsbild-1-mm.gif\"><\/a><a href=\"https:\/\/vasaorden.com\/vadstena\/wp-content\/uploads\/sites\/9\/2018\/03\/Mellanrumsbild-1-mm.gif\"><img loading=\"lazy\" class=\"aligncenter size-full wp-image-1012\" src=\"https:\/\/vasaorden.com\/vadstena\/wp-content\/uploads\/sites\/9\/2018\/03\/Mellanrumsbild-1-mm.gif\" alt=\"\" width=\"14\" height=\"14\" \/><\/a><\/p>\n<h2><\/h2>\n<h2>Logen Vadstena nr 762 deltog i nationaldagsfirandet i Mj\u00f6lby<\/h2>\n<p><a href=\"https:\/\/vasaorden.com\/vadstena\/wp-content\/uploads\/sites\/9\/2018\/04\/IMG_2514s.jpg\"><img loading=\"lazy\" class=\"aligncenter size-large wp-image-1036\" src=\"https:\/\/vasaorden.com\/vadstena\/wp-content\/uploads\/sites\/9\/2018\/04\/IMG_2514s-1024x768.jpg\" alt=\"\" width=\"1024\" height=\"768\" srcset=\"https:\/\/vasaorden.com\/vadstena\/wp-content\/uploads\/sites\/9\/2018\/04\/IMG_2514s-1024x768.jpg 1024w, https:\/\/vasaorden.com\/vadstena\/wp-content\/uploads\/sites\/9\/2018\/04\/IMG_2514s-300x225.jpg 300w, https:\/\/vasaorden.com\/vadstena\/wp-content\/uploads\/sites\/9\/2018\/04\/IMG_2514s-768x576.jpg 768w, https:\/\/vasaorden.com\/vadstena\/wp-content\/uploads\/sites\/9\/2018\/04\/IMG_2514s.jpg 1200w\" sizes=\"(max-width: 1024px) 100vw, 1024px\" \/><\/a><\/p>\n<h2><\/h2>\n<p>Logen Vadstena nr 762 deltog i den traditionsenliga fanparaden och natioaldagsfirandet tillsammans med ca 400 nationaldagsfirare vid Mj\u00f6lby Hembygdsg\u00e5rd p\u00e5 Sveriges nationaldag den 6 juni.<br \/>\n<a href=\"https:\/\/vasaorden.com\/vadstena\/wp-content\/uploads\/sites\/9\/2018\/03\/Mellanrumsbild-1-mm.gif\"><\/a><a href=\"https:\/\/vasaorden.com\/vadstena\/wp-content\/uploads\/sites\/9\/2018\/03\/Mellanrumsbild-1-mm.gif\"><br \/>\n<img loading=\"lazy\" class=\"aligncenter size-full wp-image-1012\" src=\"https:\/\/vasaorden.com\/vadstena\/wp-content\/uploads\/sites\/9\/2018\/03\/Mellanrumsbild-1-mm.gif\" alt=\"\" width=\"14\" height=\"14\" \/><\/a><\/p>\n<h2>Logen Vadstena nr 762:s Logem\u00f6te h\u00f6lls den 14 april i Odd Fellowhuset.<\/h2>\n<p><a href=\"https:\/\/vasaorden.com\/vadstena\/wp-content\/uploads\/sites\/9\/2018\/03\/Mellanrumsbild-1-mm.gif\"><\/a><a href=\"https:\/\/vasaorden.com\/vadstena\/wp-content\/uploads\/sites\/9\/2018\/03\/Mellanrumsbild-1-mm.gif\"><br \/>\n<img loading=\"lazy\" class=\"aligncenter size-full wp-image-1012\" src=\"https:\/\/vasaorden.com\/vadstena\/wp-content\/uploads\/sites\/9\/2018\/03\/Mellanrumsbild-1-mm.gif\" alt=\"\" width=\"14\" height=\"14\" \/><\/a><\/p>\n<h2>Logen Vadstena nr 762 h\u00f6ll Logem\u00f6te l\u00f6rdagen den 10 mars 2018.<\/h2>\n<p><a href=\"https:\/\/vasaorden.com\/vadstena\/wp-content\/uploads\/sites\/9\/2012\/02\/NilsBacker.png\"><img loading=\"lazy\" class=\"alignnone size-full wp-image-353\" src=\"https:\/\/vasaorden.com\/vadstena\/wp-content\/uploads\/sites\/9\/2012\/02\/NilsBacker.png\" alt=\"\" width=\"526\" height=\"323\" srcset=\"https:\/\/vasaorden.com\/vadstena\/wp-content\/uploads\/sites\/9\/2012\/02\/NilsBacker.png 526w, https:\/\/vasaorden.com\/vadstena\/wp-content\/uploads\/sites\/9\/2012\/02\/NilsBacker-300x184.png 300w\" sizes=\"(max-width: 526px) 100vw, 526px\" \/><\/a><br \/>\nLogen Vadstena h\u00f6ll Logem\u00f6te den 10 mars 2018 i\u00a0 Odd Fellowhuset i Mj\u00f6lby. Nils Backer stod f\u00f6r kv\u00e4llens underh\u00e5llning vid efterkapitlet under Amerikanskt tema, d\u00e4r han ber\u00e4ttade om den framf\u00f6rda amerikanska musiken fr\u00e5n 1900-talets f\u00f6rsta h\u00e4lft.<\/p>\n<h2>Logen Vadstena nr 762 h\u00f6ll \u00c5rsm\u00f6te och H\u00f6gtidsloge l\u00f6rdagen den 20 januari 2018.<\/h2>\n<p>Logen Vadstena hade \u00c5rsm\u00f6te och H\u00f6gtidsloge l\u00f6rdagen den 20 januari 2018. Logen h\u00f6lls i v\u00e5ra ordinarie lokaler i Odd Fellowhuset, J\u00e4rnv\u00e4gsgatan 12, Mj\u00f6lby. Vid efterkapitlet visades video fr\u00e5n Logens 10-\u00e5rs Jubileum och filmen \u00c5ren m ed Kungafamiljen 1976 &#8211; 1978.<br \/>\n&nbsp;<\/p>\n<h2 style=\"text-align: left\">\u00d6vrigt:<\/h2>\n<p><figure id=\"attachment_87\" aria-describedby=\"caption-attachment-87\" style=\"width: 150px\" class=\"wp-caption alignleft\"><a href=\"https:\/\/vasaorden.com\/vadstena\/wp-content\/uploads\/sites\/9\/2012\/02\/utstallning-231.jpg\"><img loading=\"lazy\" class=\"size-thumbnail wp-image-87\" src=\"https:\/\/vasaorden.com\/vadstena\/wp-content\/uploads\/sites\/9\/2012\/02\/utstallning-231-150x150.jpg\" alt=\"\" width=\"150\" height=\"150\" srcset=\"https:\/\/vasaorden.com\/vadstena\/wp-content\/uploads\/sites\/9\/2012\/02\/utstallning-231-150x150.jpg 150w, https:\/\/vasaorden.com\/vadstena\/wp-content\/uploads\/sites\/9\/2012\/02\/utstallning-231-600x600.jpg 600w\" sizes=\"(max-width: 150px) 100vw, 150px\" \/><\/a><figcaption id=\"caption-attachment-87\" class=\"wp-caption-text\">Konstvisning i Vadstena<\/figcaption><\/figure><br \/>\n<span style=\"font-family: Verdana\">\u00a0Vi samlas till olika kulturella aktiviteter\u00a0o<\/span><span style=\"font-family: Verdana\">ch trevlig\u00a0\u00a0samvaro vid ett antal Logem\u00f6ten per \u00e5r. Vi ger aktivt st\u00f6d \u00e5t olika kultur- och ungdomsaktiviteter d\u00e4r vi f\u00f6rra \u00e5ret, 2012,\u00a0gav v\u00e5rt st\u00f6d till Konstvisning f\u00f6r Skolor och Institutioner.<br \/>\n<a href=\"http:\/\/vadstena.vasaorder.se\/galleri\/video-galleri-konstvisning\/\" target=\"_blank\" rel=\"noopener noreferrer\">Se v\u00e5rt galleri med videon. ==&gt;<\/a><br \/>\n<\/span><\/p>\n<div><span style=\"font-family: Verdana\">Vasa Orden av Amerika \u00e4r inte bara kultur och allvar. Det finns ocks\u00e5 mycket av fester och underh\u00e5llning. H\u00e4r blandas olika slags program: f\u00f6redrag, filmer, framtr\u00e4danden, tr\u00e4ffar under trevliga former och u<\/span><span style=\"font-family: Verdana\">tflykter i glada v\u00e4nners lag, antingen till trevliga och intressanta m\u00e5l eller till en grannloge, som har n\u00e5got festligt program.<\/span><\/div>\n<p>&nbsp;<\/p>\n","protected":false},"excerpt":{"rendered":"<p>&nbsp; V\u00e4lkomna till Logen Vadstena Nr 762! Logen Vadstena Nr 762 \u00e4r en av 45 loger i Vasa Orden av Amerika och har ett 15-tal medlemmar fr\u00e5n V\u00e4tternbygden i v\u00e4stra \u00d6sterg\u00f6tland. Vi\u00a0har v\u00e5r m\u00f6tesplats i Odd Fellows Ordenshus, den ombyggda biografen R\u00f6da Kvarn, som \u00e4r bel\u00e4gen p\u00e5 J\u00e4rnv\u00e4gsgatan, en stenkast fr\u00e5n Resecentrum i Mj\u00f6lby. H\u00e4r [&hellip;]<\/p>\n","protected":false},"author":19,"featured_media":0,"parent":0,"menu_order":0,"comment_status":"closed","ping_status":"closed","template":"","meta":{"ngg_post_thumbnail":0,"ocean_post_layout":"","ocean_both_sidebars_style":"","ocean_both_sidebars_content_width":0,"ocean_both_sidebars_sidebars_width":0,"ocean_sidebar":"","ocean_second_sidebar":"","ocean_disable_margins":"enable","ocean_add_body_class":"","ocean_shortcode_before_top_bar":"","ocean_shortcode_after_top_bar":"","ocean_shortcode_before_header":"","ocean_shortcode_after_header":"","ocean_has_shortcode":"","ocean_shortcode_after_title":"","ocean_shortcode_before_footer_widgets":"","ocean_shortcode_after_footer_widgets":"","ocean_shortcode_before_footer_bottom":"","ocean_shortcode_after_footer_bottom":"","ocean_display_top_bar":"default","ocean_display_header":"default","ocean_header_style":"","ocean_center_header_left_menu":"","ocean_custom_header_template":"","ocean_custom_logo":0,"ocean_custom_retina_logo":0,"ocean_custom_logo_max_width":0,"ocean_custom_logo_tablet_max_width":0,"ocean_custom_logo_mobile_max_width":0,"ocean_custom_logo_max_height":0,"ocean_custom_logo_tablet_max_height":0,"ocean_custom_logo_mobile_max_height":0,"ocean_header_custom_menu":"","ocean_menu_typo_font_family":"","ocean_menu_typo_font_subset":"","ocean_menu_typo_font_size":0,"ocean_menu_typo_font_size_tablet":0,"ocean_menu_typo_font_size_mobile":0,"ocean_menu_typo_font_size_unit":"px","ocean_menu_typo_font_weight":"","ocean_menu_typo_font_weight_tablet":"","ocean_menu_typo_font_weight_mobile":"","ocean_menu_typo_transform":"","ocean_menu_typo_transform_tablet":"","ocean_menu_typo_transform_mobile":"","ocean_menu_typo_line_height":0,"ocean_menu_typo_line_height_tablet":0,"ocean_menu_typo_line_height_mobile":0,"ocean_menu_typo_line_height_unit":"","ocean_menu_typo_spacing":0,"ocean_menu_typo_spacing_tablet":0,"ocean_menu_typo_spacing_mobile":0,"ocean_menu_typo_spacing_unit":"","ocean_menu_link_color":"","ocean_menu_link_color_hover":"","ocean_menu_link_color_active":"","ocean_menu_link_background":"","ocean_menu_link_hover_background":"","ocean_menu_link_active_background":"","ocean_menu_social_links_bg":"","ocean_menu_social_hover_links_bg":"","ocean_menu_social_links_color":"","ocean_menu_social_hover_links_color":"","ocean_disable_title":"default","ocean_disable_heading":"default","ocean_post_title":"","ocean_post_subheading":"","ocean_post_title_style":"","ocean_post_title_background_color":"","ocean_post_title_background":0,"ocean_post_title_bg_image_position":"","ocean_post_title_bg_image_attachment":"","ocean_post_title_bg_image_repeat":"","ocean_post_title_bg_image_size":"","ocean_post_title_height":0,"ocean_post_title_bg_overlay":0.5,"ocean_post_title_bg_overlay_color":"","ocean_disable_breadcrumbs":"default","ocean_breadcrumbs_color":"","ocean_breadcrumbs_separator_color":"","ocean_breadcrumbs_links_color":"","ocean_breadcrumbs_links_hover_color":"","ocean_display_footer_widgets":"default","ocean_display_footer_bottom":"default","ocean_custom_footer_template":""},"_links":{"self":[{"href":"https:\/\/vasaorden.com\/vadstena\/wp-json\/wp\/v2\/pages\/1183"}],"collection":[{"href":"https:\/\/vasaorden.com\/vadstena\/wp-json\/wp\/v2\/pages"}],"about":[{"href":"https:\/\/vasaorden.com\/vadstena\/wp-json\/wp\/v2\/types\/page"}],"author":[{"embeddable":true,"href":"https:\/\/vasaorden.com\/vadstena\/wp-json\/wp\/v2\/users\/19"}],"replies":[{"embeddable":true,"href":"https:\/\/vasaorden.com\/vadstena\/wp-json\/wp\/v2\/comments?post=1183"}],"version-history":[{"count":0,"href":"https:\/\/vasaorden.com\/vadstena\/wp-json\/wp\/v2\/pages\/1183\/revisions"}],"wp:attachment":[{"href":"https:\/\/vasaorden.com\/vadstena\/wp-json\/wp\/v2\/media?parent=1183"}],"curies":[{"name":"wp","href":"https:\/\/api.w.org\/{rel}","templated":true}]}}