{"id":1103,"date":"2019-02-12T15:43:50","date_gmt":"2019-02-12T13:43:50","guid":{"rendered":"http:\/\/bu2022.vasaorden.com\/vadstena\/?page_id=1103"},"modified":"2019-02-12T15:43:50","modified_gmt":"2019-02-12T13:43:50","slug":"arsprogram-2019-2020","status":"publish","type":"page","link":"https:\/\/vasaorden.com\/vadstena\/arsprogram-2019-2020\/","title":{"rendered":"\u00c5rsprogram 2020\/2021"},"content":{"rendered":"<h2><span style=\"font-size: 14px;line-height: 1.5em\">\u00a0<\/span><\/h2>\n<p>&nbsp;<\/p>\n<table style=\"border-style: hidden;width: 100%\" border=\"1\" cellspacing=\"0\" cellpadding=\"0\">\n<tbody>\n<tr>\n<td style=\"border-style: hidden;width: 25%\"><span style=\"color: #000033\">L\u00f6rdag 25 januari 2020<\/span><\/td>\n<td style=\"border-style: hidden\"><span style=\"color: #000033\">H\u00f6gtidsloge\/\u00c5rsm\u00f6te. Plats: Mj\u00f6lby. Odd Fellows Ordenshus, J\u00e4rnv\u00e4gsgatan 12, Mj\u00f6lby.\u00a0<\/span><\/td>\n<\/tr>\n<tr>\n<td style=\"border-style: hidden\"><span style=\"color: #000033\">L\u00f6rdag 21 mars 2020<\/span><\/td>\n<td style=\"border-style: hidden\"><span style=\"color: #000033\"> Logem\u00f6te &#8211; Plats:\u00a0Mj\u00f6lby. Odd Fellows Ordenshus, J\u00e4rnv\u00e4gsgatan 12, Mj\u00f6lby.\u00a0Inst\u00e4llt p.g.a. corona-pandemin.<\/span><\/td>\n<\/tr>\n<tr>\n<td style=\"border-style: hidden\"><span style=\"color: #000033\">L\u00f6rdag 18 april 2020<\/span><\/td>\n<td style=\"border-style: hidden\"><span style=\"color: #000033\">Logem\u00f6te &#8211; Plats: Odd Fellowhuset, J\u00e4rnv\u00e4gsgatan 12, Mj\u00f6lby.\u00a0<\/span><\/td>\n<\/tr>\n<tr>\n<td style=\"border-style: hidden\"><span style=\"color: #000033\">L\u00f6rdag maj 2020<\/span><\/td>\n<td style=\"border-style: hidden\"><span style=\"color: #000033\">Gemensamhetsutflykt.\u00a0<a href=\"https:\/\/vasaorden.com\/vadstena\/wp-content\/uploads\/sites\/9\/2019\/03\/Gemensamhetsutflykt-Granna-och-Visingso-2019.pdf\"><\/a><\/span><\/td>\n<\/tr>\n<tr>\n<td style=\"border-style: hidden\"><span style=\"color: #000033\">L\u00f6rdag 6 juni 2020<\/span><\/td>\n<td style=\"border-style: hidden\"><span style=\"color: #000033\">Nationaldagsfirande i Mj\u00f6lby Hembygdsg\u00e5rd.\u00a0<a href=\"https:\/\/vasaorden.com\/vadstena\/wp-content\/uploads\/sites\/9\/2019\/03\/Gemensamhetsutflykt-Granna-och-Visingso-2019.pdf\"><\/a><\/span><\/td>\n<\/tr>\n<tr>\n<td style=\"border-style: hidden\"><span style=\"color: #000033\">L\u00f6rdag 12 september 2020<\/span><\/td>\n<td style=\"border-style: hidden\"><span style=\"color: #000033\">Logem\u00f6te. Plats: Mj\u00f6lby, Odd Fellows Ordenshus, J\u00e4rnv\u00e4gsgatan 12, Mj\u00f6lby. <\/span><\/td>\n<\/tr>\n<tr>\n<td style=\"border-style: hidden\"><span style=\"color: #000033\">L\u00f6rdag 3 oktober 2020<\/span><\/td>\n<td style=\"border-style: hidden\"><span style=\"color: #000033\">H\u00f6gtidsloge &#8211; Plats:\u00a0Mj\u00f6lby. Odd Fellows Ordenshus, J\u00e4rnv\u00e4gsgatan 12, Mj\u00f6lby.<\/span><\/td>\n<\/tr>\n<tr>\n<td style=\"border-style: hidden\"><span style=\"color: #000033\">S\u00f6ndag 14 november 2020\u00a0<\/span><\/td>\n<td style=\"border-style: hidden\"><span style=\"color: #000033\">Logem\u00f6te &#8211;\u00a0Plats:\u00a0Mj\u00f6lby. Odd Fellows Ordenshus, J\u00e4rnv\u00e4gsgatan 12, Mj\u00f6lby.<\/span><\/td>\n<\/tr>\n<tr>\n<td style=\"border-style: hidden\"><span style=\"color: #000033\">S\u00f6ndag\u00a029 november 2020\u00a0<\/span><\/td>\n<td style=\"border-style: hidden\"><span style=\"color: #000033\">Adventskaffe 13-17 hos Sy Monica och Br Magnus.<\/span><\/td>\n<\/tr>\n<tr>\n<td style=\"border-style: hidden\"><span style=\"color: #000033\">L\u00f6rdag\u00a012 december 2020<\/span><\/td>\n<td style=\"border-style: hidden\"><span style=\"color: #000033\">Julfest med \u00f6verraskningar.\u00a0\u00a0<\/span><\/td>\n<\/tr>\n<tr>\n<td style=\"border-style: hidden;width: 25%\"><span style=\"color: #000033\">L\u00f6rdag\u00a023 januari 2021<\/span><\/td>\n<td style=\"border-style: hidden\"><span style=\"color: #000033\">H\u00f6gtidsloge \/ \u00c5rsm\u00f6te. Plats:\u00a0Mj\u00f6lby. Odd Fellows Ordenshus, J\u00e4rnv\u00e4gsgatan 12, Mj\u00f6lby. <\/span><\/td>\n<\/tr>\n<\/tbody>\n<\/table>\n","protected":false},"excerpt":{"rendered":"<p>\u00a0 &nbsp; L\u00f6rdag 25 januari 2020 H\u00f6gtidsloge\/\u00c5rsm\u00f6te. Plats: Mj\u00f6lby. Odd Fellows Ordenshus, J\u00e4rnv\u00e4gsgatan 12, Mj\u00f6lby.\u00a0 L\u00f6rdag 21 mars 2020 Logem\u00f6te &#8211; Plats:\u00a0Mj\u00f6lby. Odd Fellows Ordenshus, J\u00e4rnv\u00e4gsgatan 12, Mj\u00f6lby.\u00a0Inst\u00e4llt p.g.a. corona-pandemin. L\u00f6rdag 18 april 2020 Logem\u00f6te &#8211; Plats: Odd Fellowhuset, J\u00e4rnv\u00e4gsgatan 12, Mj\u00f6lby.\u00a0 L\u00f6rdag maj 2020 Gemensamhetsutflykt.\u00a0 L\u00f6rdag 6 juni 2020 Nationaldagsfirande i Mj\u00f6lby Hembygdsg\u00e5rd.\u00a0 L\u00f6rdag [&hellip;]<\/p>\n","protected":false},"author":20,"featured_media":0,"parent":0,"menu_order":0,"comment_status":"closed","ping_status":"closed","template":"","meta":{"ngg_post_thumbnail":0,"ocean_post_layout":"","ocean_both_sidebars_style":"","ocean_both_sidebars_content_width":0,"ocean_both_sidebars_sidebars_width":0,"ocean_sidebar":"","ocean_second_sidebar":"","ocean_disable_margins":"enable","ocean_add_body_class":"","ocean_shortcode_before_top_bar":"","ocean_shortcode_after_top_bar":"","ocean_shortcode_before_header":"","ocean_shortcode_after_header":"","ocean_has_shortcode":"","ocean_shortcode_after_title":"","ocean_shortcode_before_footer_widgets":"","ocean_shortcode_after_footer_widgets":"","ocean_shortcode_before_footer_bottom":"","ocean_shortcode_after_footer_bottom":"","ocean_display_top_bar":"default","ocean_display_header":"default","ocean_header_style":"","ocean_center_header_left_menu":"","ocean_custom_header_template":"","ocean_custom_logo":0,"ocean_custom_retina_logo":0,"ocean_custom_logo_max_width":0,"ocean_custom_logo_tablet_max_width":0,"ocean_custom_logo_mobile_max_width":0,"ocean_custom_logo_max_height":0,"ocean_custom_logo_tablet_max_height":0,"ocean_custom_logo_mobile_max_height":0,"ocean_header_custom_menu":"","ocean_menu_typo_font_family":"","ocean_menu_typo_font_subset":"","ocean_menu_typo_font_size":0,"ocean_menu_typo_font_size_tablet":0,"ocean_menu_typo_font_size_mobile":0,"ocean_menu_typo_font_size_unit":"px","ocean_menu_typo_font_weight":"","ocean_menu_typo_font_weight_tablet":"","ocean_menu_typo_font_weight_mobile":"","ocean_menu_typo_transform":"","ocean_menu_typo_transform_tablet":"","ocean_menu_typo_transform_mobile":"","ocean_menu_typo_line_height":0,"ocean_menu_typo_line_height_tablet":0,"ocean_menu_typo_line_height_mobile":0,"ocean_menu_typo_line_height_unit":"","ocean_menu_typo_spacing":0,"ocean_menu_typo_spacing_tablet":0,"ocean_menu_typo_spacing_mobile":0,"ocean_menu_typo_spacing_unit":"","ocean_menu_link_color":"","ocean_menu_link_color_hover":"","ocean_menu_link_color_active":"","ocean_menu_link_background":"","ocean_menu_link_hover_background":"","ocean_menu_link_active_background":"","ocean_menu_social_links_bg":"","ocean_menu_social_hover_links_bg":"","ocean_menu_social_links_color":"","ocean_menu_social_hover_links_color":"","ocean_disable_title":"default","ocean_disable_heading":"default","ocean_post_title":"","ocean_post_subheading":"","ocean_post_title_style":"","ocean_post_title_background_color":"","ocean_post_title_background":0,"ocean_post_title_bg_image_position":"","ocean_post_title_bg_image_attachment":"","ocean_post_title_bg_image_repeat":"","ocean_post_title_bg_image_size":"","ocean_post_title_height":0,"ocean_post_title_bg_overlay":0.5,"ocean_post_title_bg_overlay_color":"","ocean_disable_breadcrumbs":"default","ocean_breadcrumbs_color":"","ocean_breadcrumbs_separator_color":"","ocean_breadcrumbs_links_color":"","ocean_breadcrumbs_links_hover_color":"","ocean_display_footer_widgets":"default","ocean_display_footer_bottom":"default","ocean_custom_footer_template":""},"_links":{"self":[{"href":"https:\/\/vasaorden.com\/vadstena\/wp-json\/wp\/v2\/pages\/1103"}],"collection":[{"href":"https:\/\/vasaorden.com\/vadstena\/wp-json\/wp\/v2\/pages"}],"about":[{"href":"https:\/\/vasaorden.com\/vadstena\/wp-json\/wp\/v2\/types\/page"}],"author":[{"embeddable":true,"href":"https:\/\/vasaorden.com\/vadstena\/wp-json\/wp\/v2\/users\/20"}],"replies":[{"embeddable":true,"href":"https:\/\/vasaorden.com\/vadstena\/wp-json\/wp\/v2\/comments?post=1103"}],"version-history":[{"count":0,"href":"https:\/\/vasaorden.com\/vadstena\/wp-json\/wp\/v2\/pages\/1103\/revisions"}],"wp:attachment":[{"href":"https:\/\/vasaorden.com\/vadstena\/wp-json\/wp\/v2\/media?parent=1103"}],"curies":[{"name":"wp","href":"https:\/\/api.w.org\/{rel}","templated":true}]}}