{"id":1863,"date":"2017-04-26T12:02:15","date_gmt":"2017-04-26T10:02:15","guid":{"rendered":"http:\/\/bu2022.vasaorden.com\/uddevalla\/?page_id=1863"},"modified":"2024-03-18T17:47:10","modified_gmt":"2024-03-18T16:47:10","slug":"medlemsblad","status":"publish","type":"page","link":"https:\/\/vasaorden.com\/uddevalla\/medlemsblad\/","title":{"rendered":"Information\/\u00d6vrigt"},"content":{"rendered":"\n<h1>&nbsp;<\/h1>\n\n\n\n<h3><span style=\"color: #ffffff\">l<\/span>Vi har nu startat upp v\u00e5r verksamhet igen och v\u00e5ra logem\u00f6ten har vi i v\u00e5r nygamla lokal Odd Fellows Ordenshus<\/h3>\n\n\n\n<h3>Studiecirklarna \u00e4r p\u00e5g\u00e5ende enligt nedanst\u00e5ende schema<\/h3>\n\n\n\n<p><strong>Se Kultursidan<\/strong><\/p>\n\n\n\n<div> Se \n<h3>Bokcirkeln <strong>Bok&amp;Bubbel<\/strong> <strong>kl 1500<\/strong> p\u00e5 torsdagar<\/h3>\n<h3>&nbsp;<\/h3>\n<h3>Natur och Exkursioner<\/h3>\n<h3>&nbsp;<\/h3>\n<h3><strong>&nbsp;<\/strong>Seniorsurfarna<\/h3>\n<h3><strong>Beh\u00f6ver du hj\u00e4lp att anv\u00e4nda din mobiltelefon?<\/strong><\/h3>\n<h3><strong>Enklare tips f\u00f6r anv\u00e4ndning av din mobil, fr\u00e4mst Iphone<\/strong><\/h3>\n<h3><strong>Kontakta Jan Larsson om du vill vara med 0738 043078<\/strong><\/h3>\n<h3>&nbsp;<\/h3>\n<h3>Sl\u00e4ktforskning<\/h3>\n<h3><strong>Tider meddelas senare<\/strong><\/h3>\n<h3>&nbsp;<\/h3>\n<\/div>\n\n\n\n<p><\/p>\n\n\n\n<h3><\/h3>\n\n\n\n<div>&nbsp;<\/div>\n\n\n\n<h2>&nbsp;<\/h2>\n\n\n\n<p><\/p>\n\n\n\n<p><\/p>\n\n\n\n<p><\/p>\n\n\n\n<p><\/p>\n","protected":false},"excerpt":{"rendered":"<p>&nbsp; lVi har nu startat upp v\u00e5r verksamhet igen och v\u00e5ra logem\u00f6ten har vi i v\u00e5r nygamla lokal Odd Fellows Ordenshus Studiecirklarna \u00e4r p\u00e5g\u00e5ende enligt nedanst\u00e5ende schema Se Kultursidan Se Bokcirkeln Bok&amp;Bubbel kl 1500 p\u00e5 torsdagar &nbsp; Natur och Exkursioner &nbsp; &nbsp;Seniorsurfarna Beh\u00f6ver du hj\u00e4lp att anv\u00e4nda din mobiltelefon? Enklare tips f\u00f6r anv\u00e4ndning av din [&hellip;]<\/p>\n","protected":false},"author":23,"featured_media":0,"parent":0,"menu_order":0,"comment_status":"closed","ping_status":"closed","template":"","meta":{"ngg_post_thumbnail":0,"ocean_post_layout":"","ocean_both_sidebars_style":"","ocean_both_sidebars_content_width":0,"ocean_both_sidebars_sidebars_width":0,"ocean_sidebar":"0","ocean_second_sidebar":"0","ocean_disable_margins":"enable","ocean_add_body_class":"","ocean_shortcode_before_top_bar":"","ocean_shortcode_after_top_bar":"","ocean_shortcode_before_header":"","ocean_shortcode_after_header":"","ocean_has_shortcode":"","ocean_shortcode_after_title":"","ocean_shortcode_before_footer_widgets":"","ocean_shortcode_after_footer_widgets":"","ocean_shortcode_before_footer_bottom":"","ocean_shortcode_after_footer_bottom":"","ocean_display_top_bar":"default","ocean_display_header":"default","ocean_header_style":"","ocean_center_header_left_menu":"0","ocean_custom_header_template":"0","ocean_custom_logo":0,"ocean_custom_retina_logo":0,"ocean_custom_logo_max_width":0,"ocean_custom_logo_tablet_max_width":0,"ocean_custom_logo_mobile_max_width":0,"ocean_custom_logo_max_height":0,"ocean_custom_logo_tablet_max_height":0,"ocean_custom_logo_mobile_max_height":0,"ocean_header_custom_menu":"0","ocean_menu_typo_font_family":"0","ocean_menu_typo_font_subset":"","ocean_menu_typo_font_size":0,"ocean_menu_typo_font_size_tablet":0,"ocean_menu_typo_font_size_mobile":0,"ocean_menu_typo_font_size_unit":"px","ocean_menu_typo_font_weight":"","ocean_menu_typo_font_weight_tablet":"","ocean_menu_typo_font_weight_mobile":"","ocean_menu_typo_transform":"","ocean_menu_typo_transform_tablet":"","ocean_menu_typo_transform_mobile":"","ocean_menu_typo_line_height":0,"ocean_menu_typo_line_height_tablet":0,"ocean_menu_typo_line_height_mobile":0,"ocean_menu_typo_line_height_unit":"","ocean_menu_typo_spacing":0,"ocean_menu_typo_spacing_tablet":0,"ocean_menu_typo_spacing_mobile":0,"ocean_menu_typo_spacing_unit":"","ocean_menu_link_color":"","ocean_menu_link_color_hover":"","ocean_menu_link_color_active":"","ocean_menu_link_background":"","ocean_menu_link_hover_background":"","ocean_menu_link_active_background":"","ocean_menu_social_links_bg":"","ocean_menu_social_hover_links_bg":"","ocean_menu_social_links_color":"","ocean_menu_social_hover_links_color":"","ocean_disable_title":"default","ocean_disable_heading":"default","ocean_post_title":"","ocean_post_subheading":"","ocean_post_title_style":"","ocean_post_title_background_color":"","ocean_post_title_background":0,"ocean_post_title_bg_image_position":"","ocean_post_title_bg_image_attachment":"","ocean_post_title_bg_image_repeat":"","ocean_post_title_bg_image_size":"","ocean_post_title_height":0,"ocean_post_title_bg_overlay":0.5,"ocean_post_title_bg_overlay_color":"","ocean_disable_breadcrumbs":"default","ocean_breadcrumbs_color":"","ocean_breadcrumbs_separator_color":"","ocean_breadcrumbs_links_color":"","ocean_breadcrumbs_links_hover_color":"","ocean_display_footer_widgets":"default","ocean_display_footer_bottom":"default","ocean_custom_footer_template":"0"},"_links":{"self":[{"href":"https:\/\/vasaorden.com\/uddevalla\/wp-json\/wp\/v2\/pages\/1863"}],"collection":[{"href":"https:\/\/vasaorden.com\/uddevalla\/wp-json\/wp\/v2\/pages"}],"about":[{"href":"https:\/\/vasaorden.com\/uddevalla\/wp-json\/wp\/v2\/types\/page"}],"author":[{"embeddable":true,"href":"https:\/\/vasaorden.com\/uddevalla\/wp-json\/wp\/v2\/users\/23"}],"replies":[{"embeddable":true,"href":"https:\/\/vasaorden.com\/uddevalla\/wp-json\/wp\/v2\/comments?post=1863"}],"version-history":[{"count":5,"href":"https:\/\/vasaorden.com\/uddevalla\/wp-json\/wp\/v2\/pages\/1863\/revisions"}],"predecessor-version":[{"id":4654,"href":"https:\/\/vasaorden.com\/uddevalla\/wp-json\/wp\/v2\/pages\/1863\/revisions\/4654"}],"wp:attachment":[{"href":"https:\/\/vasaorden.com\/uddevalla\/wp-json\/wp\/v2\/media?parent=1863"}],"curies":[{"name":"wp","href":"https:\/\/api.w.org\/{rel}","templated":true}]}}