{"id":517,"date":"2019-05-10T14:34:15","date_gmt":"2019-05-10T12:34:15","guid":{"rendered":"http:\/\/bu2022.vasaorden.com\/stockholm\/?page_id=517"},"modified":"2024-09-04T14:45:36","modified_gmt":"2024-09-04T12:45:36","slug":"medlemskap","status":"publish","type":"page","link":"https:\/\/vasaorden.com\/stockholm\/medlemskap\/","title":{"rendered":"Medlemskap"},"content":{"rendered":"<p>Skulle medlemskap i Logen Stockholm nr 589 vara n\u00e5got f\u00f6r dig?<br \/>\nSt\u00e4mmer n\u00e5got av nedanst\u00e5ende p\u00e5st\u00e5enden in p\u00e5 dig?<br \/>\nDu:<br \/>\n\u2022 trivs tillsammans med andra<br \/>\n\u2022 \u00e4r aktiv<br \/>\n\u2022 tror p\u00e5 kvinnors och m\u00e4ns lika r\u00e4ttigheter<br \/>\n\u2022 tror p\u00e5 samverkan mellan m\u00e4nniskor<br \/>\n\u2022 tror p\u00e5 samvaro \u00f6ver \u00e5ldersgr\u00e4nser<br \/>\n\u2022 har sl\u00e4kt och v\u00e4nner i Amerika. Ej obligatoriskt<br \/>\n\u2022 har bott i Amerika. Ej obligatoriskt<br \/>\nOm du k\u00e4nner att ovanst\u00e5ende st\u00e4mmer in p\u00e5 dig kommer du att ha stor gl\u00e4dje av att bli medlem i<br \/>\nLogen Stockholm nr 589<br \/>\n<strong>Varmt v\u00e4lkommen att kontakta n\u00e5gon av f\u00f6ljande!<\/strong><br \/>\nLogens Ordf\u00f6rande ; <a href=\"mailto:h.ogren@teliacom?Subject=E-post%20fr%C3%A5n%20Logens%20hemsida\">Hans \u00d6gren<\/a><br \/>\neller<br \/>\nProtokollssekreterare&nbsp; <a href=\"mailto:richard.faxen@gmail.com?Subject=E-post%20fr%C3%A5n%20Logens%20hemsida\">Richard Fax\u00e9n<\/a><br \/>\nVem kan bli medlem?<br \/>\nVasa Orden av Amerika \u00e4r en politiskt och religi\u00f6st frist\u00e5ende organisation. Vasa Orden av Amerika \u00e4r \u00f6ppen f\u00f6r alla oberoende av nationalitet. Vid inval av medlemmar f\u00e4ster logen inget avseende vid samh\u00e4llsst\u00e4llning. Om man icke \u00e4r av nordiskt ursprung, skall man vara engagerad i fr\u00e4mjandet och fram\u00e5tskridandet vad g\u00e4ller svenskt och nordiskt arv och kultur. Du rekommenderas oftast in i en lokalloge av n\u00e5gon som redan \u00e4r medlem. Du ska ha fyllt 14 \u00e5r f\u00f6r att bli medlem.<br \/>\nHar Ditt intresse v\u00e4ckts, tag g\u00e4rna kontakt med n\u00e5gon som du vet \u00e4r medlem eller n\u00e5gon av kontaktpersonerna. Du f\u00e5r d\u00e5 svar p\u00e5 eventuella fr\u00e5gor och \u00e4ven hj\u00e4lp med ans\u00f6kan om medlemskap.<br \/>\nVad inneb\u00e4r medlemskap?<br \/>\nDu blir invigd i Vasa Orden av Amerika som \u00e4r en svensk-amerikansk v\u00e4nskaps- och kulturorganisation som \u00e4r etablerad p\u00e5 b\u00e5da sidor om Atlanten. Den har omkring 9 500 medlemmar f\u00f6rdelade p\u00e5 c:a 240 loger i USA, Kanada och Sverige och \u00e4r d\u00e4rmed den st\u00f6rsta organisationen i sitt slag. Vasa Orden av Amerika \u00e4r en helt opolitisk organisation med lika r\u00e4ttigheter f\u00f6r kvinnor och m\u00e4n oavsett religion.<br \/>\nSom medlem i Vasa Orden av Amerika f\u00e5r du o\u00e4ndlig tillg\u00e5ng till diverse kulturaktiviteter som str\u00e4cker sig b\u00e5de inom Sverige och utomlands.<br \/>\nVi anordnar gruppresor till flera l\u00e4nder, teater och musikalresor till v\u00e5ra nordiska grannl\u00e4nder mm. Det anordnas varje m\u00e5nad utom sommarm\u00e5naderna olika aktiviteter inom Stockholm med omnejd.&nbsp; Det finns aktiviteter f\u00f6r alla \u00e5ldrar och det \u00e4r bara fantasin som s\u00e4tter gr\u00e4nser.<br \/>\n\u00c4DELMOD &#8211; SANNING &#8211; ENIGHET<\/p>\n","protected":false},"excerpt":{"rendered":"<p>Skulle medlemskap i Logen Stockholm nr 589 vara n\u00e5got f\u00f6r dig? St\u00e4mmer n\u00e5got av nedanst\u00e5ende p\u00e5st\u00e5enden in p\u00e5 dig? Du: \u2022 trivs tillsammans med andra \u2022 \u00e4r aktiv \u2022 tror p\u00e5 kvinnors och m\u00e4ns lika r\u00e4ttigheter \u2022 tror p\u00e5 samverkan mellan m\u00e4nniskor \u2022 tror p\u00e5 samvaro \u00f6ver \u00e5ldersgr\u00e4nser \u2022 har sl\u00e4kt och v\u00e4nner i Amerika. [&hellip;]<\/p>\n","protected":false},"author":13,"featured_media":0,"parent":0,"menu_order":0,"comment_status":"closed","ping_status":"closed","template":"","meta":{"ngg_post_thumbnail":0,"ocean_post_layout":"","ocean_both_sidebars_style":"","ocean_both_sidebars_content_width":0,"ocean_both_sidebars_sidebars_width":0,"ocean_sidebar":"0","ocean_second_sidebar":"0","ocean_disable_margins":"enable","ocean_add_body_class":"","ocean_shortcode_before_top_bar":"","ocean_shortcode_after_top_bar":"","ocean_shortcode_before_header":"","ocean_shortcode_after_header":"","ocean_has_shortcode":"","ocean_shortcode_after_title":"","ocean_shortcode_before_footer_widgets":"","ocean_shortcode_after_footer_widgets":"","ocean_shortcode_before_footer_bottom":"","ocean_shortcode_after_footer_bottom":"","ocean_display_top_bar":"default","ocean_display_header":"default","ocean_header_style":"","ocean_center_header_left_menu":"0","ocean_custom_header_template":"0","ocean_custom_logo":0,"ocean_custom_retina_logo":0,"ocean_custom_logo_max_width":0,"ocean_custom_logo_tablet_max_width":0,"ocean_custom_logo_mobile_max_width":0,"ocean_custom_logo_max_height":0,"ocean_custom_logo_tablet_max_height":0,"ocean_custom_logo_mobile_max_height":0,"ocean_header_custom_menu":"0","ocean_menu_typo_font_family":"0","ocean_menu_typo_font_subset":"","ocean_menu_typo_font_size":0,"ocean_menu_typo_font_size_tablet":0,"ocean_menu_typo_font_size_mobile":0,"ocean_menu_typo_font_size_unit":"px","ocean_menu_typo_font_weight":"","ocean_menu_typo_font_weight_tablet":"","ocean_menu_typo_font_weight_mobile":"","ocean_menu_typo_transform":"","ocean_menu_typo_transform_tablet":"","ocean_menu_typo_transform_mobile":"","ocean_menu_typo_line_height":0,"ocean_menu_typo_line_height_tablet":0,"ocean_menu_typo_line_height_mobile":0,"ocean_menu_typo_line_height_unit":"","ocean_menu_typo_spacing":0,"ocean_menu_typo_spacing_tablet":0,"ocean_menu_typo_spacing_mobile":0,"ocean_menu_typo_spacing_unit":"","ocean_menu_link_color":"","ocean_menu_link_color_hover":"","ocean_menu_link_color_active":"","ocean_menu_link_background":"","ocean_menu_link_hover_background":"","ocean_menu_link_active_background":"","ocean_menu_social_links_bg":"","ocean_menu_social_hover_links_bg":"","ocean_menu_social_links_color":"","ocean_menu_social_hover_links_color":"","ocean_disable_title":"default","ocean_disable_heading":"default","ocean_post_title":"","ocean_post_subheading":"","ocean_post_title_style":"","ocean_post_title_background_color":"","ocean_post_title_background":0,"ocean_post_title_bg_image_position":"","ocean_post_title_bg_image_attachment":"","ocean_post_title_bg_image_repeat":"","ocean_post_title_bg_image_size":"","ocean_post_title_height":0,"ocean_post_title_bg_overlay":0.5,"ocean_post_title_bg_overlay_color":"","ocean_disable_breadcrumbs":"default","ocean_breadcrumbs_color":"","ocean_breadcrumbs_separator_color":"","ocean_breadcrumbs_links_color":"","ocean_breadcrumbs_links_hover_color":"","ocean_display_footer_widgets":"default","ocean_display_footer_bottom":"default","ocean_custom_footer_template":"0"},"_links":{"self":[{"href":"https:\/\/vasaorden.com\/stockholm\/wp-json\/wp\/v2\/pages\/517"}],"collection":[{"href":"https:\/\/vasaorden.com\/stockholm\/wp-json\/wp\/v2\/pages"}],"about":[{"href":"https:\/\/vasaorden.com\/stockholm\/wp-json\/wp\/v2\/types\/page"}],"author":[{"embeddable":true,"href":"https:\/\/vasaorden.com\/stockholm\/wp-json\/wp\/v2\/users\/13"}],"replies":[{"embeddable":true,"href":"https:\/\/vasaorden.com\/stockholm\/wp-json\/wp\/v2\/comments?post=517"}],"version-history":[{"count":5,"href":"https:\/\/vasaorden.com\/stockholm\/wp-json\/wp\/v2\/pages\/517\/revisions"}],"predecessor-version":[{"id":1590,"href":"https:\/\/vasaorden.com\/stockholm\/wp-json\/wp\/v2\/pages\/517\/revisions\/1590"}],"wp:attachment":[{"href":"https:\/\/vasaorden.com\/stockholm\/wp-json\/wp\/v2\/media?parent=517"}],"curies":[{"name":"wp","href":"https:\/\/api.w.org\/{rel}","templated":true}]}}