{"id":506,"date":"2019-05-09T11:58:40","date_gmt":"2019-05-09T09:58:40","guid":{"rendered":"http:\/\/bu2022.vasaorden.com\/stockholm\/?page_id=506"},"modified":"2019-05-09T11:58:40","modified_gmt":"2019-05-09T09:58:40","slug":"vasa-orden-av-amerika","status":"publish","type":"page","link":"https:\/\/vasaorden.com\/stockholm\/vasa-orden-av-amerika\/","title":{"rendered":"Vad \u00e4r Vasa Orden av Amerika"},"content":{"rendered":"<p>Vasa Orden av Amerika \u00e4r en svensk-amerikansk v\u00e4nskaps- och kulturorganisation som \u00e4r etablerad p\u00e5 b\u00e5da sidor om Atlanten. Den har omkring 9 500 medlemmar i USA , Kanada och Sverige.<br \/>\nIdag finns 25 lokalloger i Sverige med 2 000 medlemmar. Vasa Orden av Amerika \u00e4r en politiskt och religi\u00f6st frist\u00e5ende organisation.<br \/>\nH.M. Konungen Carl XVI Gustaf \u00e4r Storlogens F\u00f6rste Hedersledamot och beskyddare av verksamheten i Sverige.<br \/>\nH.M. Drottning Silvia \u00e4r Hedersledamot i Storlogen.<br \/>\n&nbsp;<br \/>\nV\u00e5rt sociala engagemang \u00e4r mycket viktigt. Vi arbetar f\u00f6r v\u00e4nskap medlemmarna emellan. H\u00e4r finner du v\u00e4nner som sprider gl\u00e4dje i livets med- och motg\u00e5ng. Logen Stockholms aktiviteter \u00e4r inte endast kultur och allvar. Det finns \u00e4ven mycket fest och underh\u00e5llning.<br \/>\n&nbsp;<\/p>\n<h4>Kultur<\/h4>\n<p>Logen Stockholm nr 589 har ett brett kulturutbud. Kulturledaren anordnar och bjuder in till ett antal kulturaktiviteter under \u00e5ret. Exempel p\u00e5 aktiviteter \u00e4r bes\u00f6k p\u00e5 mus\u00e9er och utst\u00e4llningar, g\u00e5 p\u00e5 konserter och f\u00f6redrag samt bes\u00f6ka kulturbiograf och teater.<br \/>\n&nbsp;<\/p>\n<h4>Tradition<\/h4>\n<p>Vasa Orden av Amerika bildades i New Haven, Connecticut, USA den 18 september 1896 av svenska emigranter. Livet var ibland h\u00e5rt f\u00f6r emigranterna som gick samman f\u00f6r att bilda Vasa Orden av Amerika, i f\u00f6rsta hand f\u00f6r att hj\u00e4lpa de som genom sjukdom r\u00e5kat i n\u00f6d.<\/p>\n","protected":false},"excerpt":{"rendered":"<p>Vasa Orden av Amerika \u00e4r en svensk-amerikansk v\u00e4nskaps- och kulturorganisation som \u00e4r etablerad p\u00e5 b\u00e5da sidor om Atlanten. Den har omkring 9 500 medlemmar i USA , Kanada och Sverige. Idag finns 25 lokalloger i Sverige med 2 000 medlemmar. Vasa Orden av Amerika \u00e4r en politiskt och religi\u00f6st frist\u00e5ende organisation. H.M. Konungen Carl XVI [&hellip;]<\/p>\n","protected":false},"author":13,"featured_media":0,"parent":0,"menu_order":0,"comment_status":"closed","ping_status":"closed","template":"","meta":{"ngg_post_thumbnail":0,"ocean_post_layout":"","ocean_both_sidebars_style":"","ocean_both_sidebars_content_width":0,"ocean_both_sidebars_sidebars_width":0,"ocean_sidebar":"","ocean_second_sidebar":"","ocean_disable_margins":"enable","ocean_add_body_class":"","ocean_shortcode_before_top_bar":"","ocean_shortcode_after_top_bar":"","ocean_shortcode_before_header":"","ocean_shortcode_after_header":"","ocean_has_shortcode":"","ocean_shortcode_after_title":"","ocean_shortcode_before_footer_widgets":"","ocean_shortcode_after_footer_widgets":"","ocean_shortcode_before_footer_bottom":"","ocean_shortcode_after_footer_bottom":"","ocean_display_top_bar":"default","ocean_display_header":"default","ocean_header_style":"","ocean_center_header_left_menu":"","ocean_custom_header_template":"","ocean_custom_logo":0,"ocean_custom_retina_logo":0,"ocean_custom_logo_max_width":0,"ocean_custom_logo_tablet_max_width":0,"ocean_custom_logo_mobile_max_width":0,"ocean_custom_logo_max_height":0,"ocean_custom_logo_tablet_max_height":0,"ocean_custom_logo_mobile_max_height":0,"ocean_header_custom_menu":"","ocean_menu_typo_font_family":"","ocean_menu_typo_font_subset":"","ocean_menu_typo_font_size":0,"ocean_menu_typo_font_size_tablet":0,"ocean_menu_typo_font_size_mobile":0,"ocean_menu_typo_font_size_unit":"px","ocean_menu_typo_font_weight":"","ocean_menu_typo_font_weight_tablet":"","ocean_menu_typo_font_weight_mobile":"","ocean_menu_typo_transform":"","ocean_menu_typo_transform_tablet":"","ocean_menu_typo_transform_mobile":"","ocean_menu_typo_line_height":0,"ocean_menu_typo_line_height_tablet":0,"ocean_menu_typo_line_height_mobile":0,"ocean_menu_typo_line_height_unit":"","ocean_menu_typo_spacing":0,"ocean_menu_typo_spacing_tablet":0,"ocean_menu_typo_spacing_mobile":0,"ocean_menu_typo_spacing_unit":"","ocean_menu_link_color":"","ocean_menu_link_color_hover":"","ocean_menu_link_color_active":"","ocean_menu_link_background":"","ocean_menu_link_hover_background":"","ocean_menu_link_active_background":"","ocean_menu_social_links_bg":"","ocean_menu_social_hover_links_bg":"","ocean_menu_social_links_color":"","ocean_menu_social_hover_links_color":"","ocean_disable_title":"default","ocean_disable_heading":"default","ocean_post_title":"","ocean_post_subheading":"","ocean_post_title_style":"","ocean_post_title_background_color":"","ocean_post_title_background":0,"ocean_post_title_bg_image_position":"","ocean_post_title_bg_image_attachment":"","ocean_post_title_bg_image_repeat":"","ocean_post_title_bg_image_size":"","ocean_post_title_height":0,"ocean_post_title_bg_overlay":0.5,"ocean_post_title_bg_overlay_color":"","ocean_disable_breadcrumbs":"default","ocean_breadcrumbs_color":"","ocean_breadcrumbs_separator_color":"","ocean_breadcrumbs_links_color":"","ocean_breadcrumbs_links_hover_color":"","ocean_display_footer_widgets":"default","ocean_display_footer_bottom":"default","ocean_custom_footer_template":""},"_links":{"self":[{"href":"https:\/\/vasaorden.com\/stockholm\/wp-json\/wp\/v2\/pages\/506"}],"collection":[{"href":"https:\/\/vasaorden.com\/stockholm\/wp-json\/wp\/v2\/pages"}],"about":[{"href":"https:\/\/vasaorden.com\/stockholm\/wp-json\/wp\/v2\/types\/page"}],"author":[{"embeddable":true,"href":"https:\/\/vasaorden.com\/stockholm\/wp-json\/wp\/v2\/users\/13"}],"replies":[{"embeddable":true,"href":"https:\/\/vasaorden.com\/stockholm\/wp-json\/wp\/v2\/comments?post=506"}],"version-history":[{"count":0,"href":"https:\/\/vasaorden.com\/stockholm\/wp-json\/wp\/v2\/pages\/506\/revisions"}],"wp:attachment":[{"href":"https:\/\/vasaorden.com\/stockholm\/wp-json\/wp\/v2\/media?parent=506"}],"curies":[{"name":"wp","href":"https:\/\/api.w.org\/{rel}","templated":true}]}}