{"id":463,"date":"2019-04-26T14:17:06","date_gmt":"2019-04-26T12:17:06","guid":{"rendered":"http:\/\/bu2022.vasaorden.com\/stockholm\/?page_id=463"},"modified":"2026-03-12T17:41:48","modified_gmt":"2026-03-12T16:41:48","slug":"inbjudan-11-maj-2019","status":"publish","type":"page","link":"https:\/\/vasaorden.com\/stockholm\/inbjudan-11-maj-2019\/","title":{"rendered":"Inf\u00f6r kommande Loge"},"content":{"rendered":"<p>&nbsp;<br>Sm\u00f6rrebr\u00f6d \u2013 gravlaxtartar med gurka, &nbsp;<\/p>\n<h1 style=\"text-align: center\">Du inbjuds till m\u00f6te i logen Stockholm nr 589<\/h1>\n<h1 style=\"text-align: center\" align=\"left\"><strong><a href=\"https:\/\/vasaorden.com\/stockholm\/wp-content\/uploads\/sites\/6\/2012\/02\/Stockholmsmotiv2.jpg\"><img loading=\"lazy\" class=\"size-large wp-image-53 aligncenter\" src=\"https:\/\/vasaorden.com\/stockholm\/wp-content\/uploads\/sites\/6\/2012\/02\/Stockholmsmotiv2-1024x344.jpg\" alt=\"\" width=\"1024\" height=\"344\" srcset=\"https:\/\/vasaorden.com\/stockholm\/wp-content\/uploads\/sites\/6\/2012\/02\/Stockholmsmotiv2-1024x344.jpg 1024w, https:\/\/vasaorden.com\/stockholm\/wp-content\/uploads\/sites\/6\/2012\/02\/Stockholmsmotiv2-300x101.jpg 300w, https:\/\/vasaorden.com\/stockholm\/wp-content\/uploads\/sites\/6\/2012\/02\/Stockholmsmotiv2-768x258.jpg 768w, https:\/\/vasaorden.com\/stockholm\/wp-content\/uploads\/sites\/6\/2012\/02\/Stockholmsmotiv2-1536x517.jpg 1536w, https:\/\/vasaorden.com\/stockholm\/wp-content\/uploads\/sites\/6\/2012\/02\/Stockholmsmotiv2.jpg 1772w\" sizes=\"(max-width: 1024px) 100vw, 1024px\" \/><\/a><\/strong><\/h1>\n<h1 style=\"text-align: center\"><strong>Fredagen den 27 mars&nbsp; kl. 18.15<\/strong><\/h1>\n<h1 style=\"text-align: center\">Odd Fellow, V\u00e4stra Tr\u00e4dg\u00e5rdsgatan 11 A, Stockholm<\/h1>\n<p><strong>&nbsp;<\/strong><\/p>\n<h2><strong>Tider:&nbsp;&nbsp;&nbsp;&nbsp;&nbsp;&nbsp;&nbsp;&nbsp;&nbsp;&nbsp;&nbsp;&nbsp;&nbsp;&nbsp;&nbsp;&nbsp;&nbsp;&nbsp;&nbsp;&nbsp;&nbsp;&nbsp;&nbsp;&nbsp;&nbsp;&nbsp;&nbsp;&nbsp;&nbsp;&nbsp;&nbsp;&nbsp;&nbsp;&nbsp;&nbsp;&nbsp;&nbsp;&nbsp;&nbsp;&nbsp;&nbsp;&nbsp;&nbsp;&nbsp;&nbsp;&nbsp;&nbsp;&nbsp;&nbsp;&nbsp;&nbsp;&nbsp;&nbsp;&nbsp;&nbsp;&nbsp;&nbsp; Efterkapitel:<\/strong><\/h2>\n<h2>17.30 Samling tj\u00e4nstem\u00e4n&nbsp;&nbsp;&nbsp;&nbsp;&nbsp;&nbsp;&nbsp;&nbsp;&nbsp;&nbsp;&nbsp;&nbsp;&nbsp;&nbsp;&nbsp;&nbsp; <strong>F\u00f6rr\u00e4tt<\/strong>: Sm\u00f6rrebr\u00f6d \u2013 gravlaxtartar med gurka,<\/h2>\n<h2>&nbsp; &nbsp; &nbsp; &nbsp; &nbsp; &nbsp; &nbsp; &nbsp; &nbsp; &nbsp; &nbsp; &nbsp; &nbsp; &nbsp; &nbsp; &nbsp; &nbsp; &nbsp; &nbsp; &nbsp; &nbsp; &nbsp; &nbsp; &nbsp; &nbsp; &nbsp; &nbsp; &nbsp; &nbsp; &nbsp; &nbsp; &nbsp; &nbsp; &nbsp; &nbsp; &nbsp; &nbsp; &nbsp; v\u00e4sterbottenkr\u00e4m och picklade senapsfr\u00f6n<\/h2>\n<h2>17.45 Samling \u00f6vriga syskon&nbsp; &nbsp; &nbsp; &nbsp; &nbsp; &nbsp;Varmr\u00e4tt: L\u00e4ttr\u00f6kt majskyckling med sm\u00f6rad skys\u00e5s,&nbsp; &nbsp; &nbsp; &nbsp; &nbsp; &nbsp; &nbsp; &nbsp; &nbsp; &nbsp; &nbsp; &nbsp; &nbsp; &nbsp; &nbsp; &nbsp; &nbsp; &nbsp; &nbsp; &nbsp; &nbsp; &nbsp; &nbsp; &nbsp; &nbsp; &nbsp; &nbsp; &nbsp; &nbsp; &nbsp; &nbsp; &nbsp; &nbsp; &nbsp; &nbsp; &nbsp; &nbsp; &nbsp; &nbsp; &nbsp; &nbsp; &nbsp; &nbsp; &nbsp; &nbsp; &nbsp; &nbsp;vitl\u00f6ksrostad &nbsp;broccoli, r\u00e4disor och bondb\u00f6nor &nbsp;<\/h2>\n<h2>18.15 M\u00f6te&nbsp; &nbsp; &nbsp; &nbsp; &nbsp; &nbsp; &nbsp; &nbsp; &nbsp; &nbsp; &nbsp; &nbsp; &nbsp; &nbsp; &nbsp; &nbsp; &nbsp; &nbsp; &nbsp; &nbsp; Kaffe och kaka&nbsp; &nbsp;&nbsp;<\/h2>\n<h2>Samling g\u00e4ster&nbsp; &nbsp; &nbsp; &nbsp; &nbsp; &nbsp; &nbsp;<\/h2>\n<h2>19.30 Efterkapitel (middag)&nbsp; &nbsp; &nbsp; &nbsp; &nbsp; &nbsp; &nbsp;&nbsp; &nbsp; &nbsp; &nbsp; &nbsp; &nbsp; &nbsp; &nbsp; &nbsp; &nbsp; &nbsp; &nbsp; &nbsp; &nbsp; &nbsp; &nbsp; &nbsp; &nbsp; &nbsp; &nbsp; &nbsp; &nbsp; &nbsp; &nbsp; &nbsp; &nbsp; &nbsp;<\/h2>\n<h2><strong>Kl\u00e4dsel<\/strong>: M\u00f6rk kostym<\/h2>\n<p>&nbsp;<\/p>\n<h2>Pris f\u00f6r efterkapitlet \u00e4r 275 kronor efter subvention av logen med 100 kronor f\u00f6r samtliga logemedlemmar, ej g\u00e4ster, och betalas direkt till restaurangen.<\/h2>\n<h2>&nbsp;<\/h2>\n<h2>Bindande anm\u00e4lan (till logem\u00f6tet, efterkapitlet eller b\u00e5da) senast <strong>s\u00f6ndagen<\/strong><strong> den 22 mars<\/strong>&nbsp;<strong>kl 14.00<\/strong> till<strong> Michael Nihl\u00e9n,<\/strong> 070-539 65 69 alt e-post: Michael@Nihlen.org .<\/h2>\n<p>&nbsp;<\/p>\n<h2>Vid avbokning efter den 22 februari&nbsp; kl 14.00 m\u00e5ste ordinarie matkostnad 375 kronor betalas till logens plusgiro 55 48 29-2.<\/h2>\n<h2>&nbsp;<\/h2>\n<h2 style=\"text-align: center\">V\u00e4lkommen!<\/h2>\n<h1 style=\"text-align: center\">&nbsp;<\/h1>\n<h1 style=\"text-align: center\">\u00c4DELMOD &#8211; SANNING \u2013 ENIGHET<\/h1>\n<p align=\"left\">&nbsp;<\/p>\n\n\n<pre class=\"wp-block-code\"><code><\/code><\/pre>\n\n\n\n<pre class=\"wp-block-code\"><code><\/code><\/pre>\n\n\n\n<pre class=\"wp-block-code\"><code><\/code><\/pre>\n\n\n\n<pre class=\"wp-block-code\"><code><\/code><\/pre>\n\n\n\n<pre class=\"wp-block-code\"><code><\/code><\/pre>\n\n\n","protected":false},"excerpt":{"rendered":"<p>&nbsp;Sm\u00f6rrebr\u00f6d \u2013 gravlaxtartar med gurka, &nbsp; Du inbjuds till m\u00f6te i logen Stockholm nr 589 Fredagen den 27 mars&nbsp; kl. 18.15 Odd Fellow, V\u00e4stra Tr\u00e4dg\u00e5rdsgatan 11 A, Stockholm &nbsp; Tider:&nbsp;&nbsp;&nbsp;&nbsp;&nbsp;&nbsp;&nbsp;&nbsp;&nbsp;&nbsp;&nbsp;&nbsp;&nbsp;&nbsp;&nbsp;&nbsp;&nbsp;&nbsp;&nbsp;&nbsp;&nbsp;&nbsp;&nbsp;&nbsp;&nbsp;&nbsp;&nbsp;&nbsp;&nbsp;&nbsp;&nbsp;&nbsp;&nbsp;&nbsp;&nbsp;&nbsp;&nbsp;&nbsp;&nbsp;&nbsp;&nbsp;&nbsp;&nbsp;&nbsp;&nbsp;&nbsp;&nbsp;&nbsp;&nbsp;&nbsp;&nbsp;&nbsp;&nbsp;&nbsp;&nbsp;&nbsp;&nbsp; Efterkapitel: 17.30 Samling tj\u00e4nstem\u00e4n&nbsp;&nbsp;&nbsp;&nbsp;&nbsp;&nbsp;&nbsp;&nbsp;&nbsp;&nbsp;&nbsp;&nbsp;&nbsp;&nbsp;&nbsp;&nbsp; F\u00f6rr\u00e4tt: Sm\u00f6rrebr\u00f6d \u2013 gravlaxtartar med gurka, &nbsp; &nbsp; &nbsp; &nbsp; &nbsp; &nbsp; &nbsp; &nbsp; &nbsp; &nbsp; &nbsp; &nbsp; &nbsp; &nbsp; &nbsp; [&hellip;]<\/p>\n","protected":false},"author":13,"featured_media":0,"parent":0,"menu_order":0,"comment_status":"closed","ping_status":"closed","template":"","meta":{"ngg_post_thumbnail":0,"ocean_post_layout":"","ocean_both_sidebars_style":"","ocean_both_sidebars_content_width":0,"ocean_both_sidebars_sidebars_width":0,"ocean_sidebar":"0","ocean_second_sidebar":"0","ocean_disable_margins":"enable","ocean_add_body_class":"","ocean_shortcode_before_top_bar":"","ocean_shortcode_after_top_bar":"","ocean_shortcode_before_header":"","ocean_shortcode_after_header":"","ocean_has_shortcode":"","ocean_shortcode_after_title":"","ocean_shortcode_before_footer_widgets":"","ocean_shortcode_after_footer_widgets":"","ocean_shortcode_before_footer_bottom":"","ocean_shortcode_after_footer_bottom":"","ocean_display_top_bar":"default","ocean_display_header":"default","ocean_header_style":"","ocean_center_header_left_menu":"0","ocean_custom_header_template":"0","ocean_custom_logo":0,"ocean_custom_retina_logo":0,"ocean_custom_logo_max_width":0,"ocean_custom_logo_tablet_max_width":0,"ocean_custom_logo_mobile_max_width":0,"ocean_custom_logo_max_height":0,"ocean_custom_logo_tablet_max_height":0,"ocean_custom_logo_mobile_max_height":0,"ocean_header_custom_menu":"0","ocean_menu_typo_font_family":"0","ocean_menu_typo_font_subset":"","ocean_menu_typo_font_size":0,"ocean_menu_typo_font_size_tablet":0,"ocean_menu_typo_font_size_mobile":0,"ocean_menu_typo_font_size_unit":"px","ocean_menu_typo_font_weight":"","ocean_menu_typo_font_weight_tablet":"","ocean_menu_typo_font_weight_mobile":"","ocean_menu_typo_transform":"","ocean_menu_typo_transform_tablet":"","ocean_menu_typo_transform_mobile":"","ocean_menu_typo_line_height":0,"ocean_menu_typo_line_height_tablet":0,"ocean_menu_typo_line_height_mobile":0,"ocean_menu_typo_line_height_unit":"","ocean_menu_typo_spacing":0,"ocean_menu_typo_spacing_tablet":0,"ocean_menu_typo_spacing_mobile":0,"ocean_menu_typo_spacing_unit":"","ocean_menu_link_color":"","ocean_menu_link_color_hover":"","ocean_menu_link_color_active":"","ocean_menu_link_background":"","ocean_menu_link_hover_background":"","ocean_menu_link_active_background":"","ocean_menu_social_links_bg":"","ocean_menu_social_hover_links_bg":"","ocean_menu_social_links_color":"","ocean_menu_social_hover_links_color":"","ocean_disable_title":"default","ocean_disable_heading":"default","ocean_post_title":"","ocean_post_subheading":"","ocean_post_title_style":"","ocean_post_title_background_color":"","ocean_post_title_background":0,"ocean_post_title_bg_image_position":"","ocean_post_title_bg_image_attachment":"","ocean_post_title_bg_image_repeat":"","ocean_post_title_bg_image_size":"","ocean_post_title_height":0,"ocean_post_title_bg_overlay":0.5,"ocean_post_title_bg_overlay_color":"","ocean_disable_breadcrumbs":"default","ocean_breadcrumbs_color":"","ocean_breadcrumbs_separator_color":"","ocean_breadcrumbs_links_color":"","ocean_breadcrumbs_links_hover_color":"","ocean_display_footer_widgets":"default","ocean_display_footer_bottom":"default","ocean_custom_footer_template":"0"},"_links":{"self":[{"href":"https:\/\/vasaorden.com\/stockholm\/wp-json\/wp\/v2\/pages\/463"}],"collection":[{"href":"https:\/\/vasaorden.com\/stockholm\/wp-json\/wp\/v2\/pages"}],"about":[{"href":"https:\/\/vasaorden.com\/stockholm\/wp-json\/wp\/v2\/types\/page"}],"author":[{"embeddable":true,"href":"https:\/\/vasaorden.com\/stockholm\/wp-json\/wp\/v2\/users\/13"}],"replies":[{"embeddable":true,"href":"https:\/\/vasaorden.com\/stockholm\/wp-json\/wp\/v2\/comments?post=463"}],"version-history":[{"count":33,"href":"https:\/\/vasaorden.com\/stockholm\/wp-json\/wp\/v2\/pages\/463\/revisions"}],"predecessor-version":[{"id":1611,"href":"https:\/\/vasaorden.com\/stockholm\/wp-json\/wp\/v2\/pages\/463\/revisions\/1611"}],"wp:attachment":[{"href":"https:\/\/vasaorden.com\/stockholm\/wp-json\/wp\/v2\/media?parent=463"}],"curies":[{"name":"wp","href":"https:\/\/api.w.org\/{rel}","templated":true}]}}