{"id":21,"date":"2012-02-13T20:38:13","date_gmt":"2012-02-13T20:38:13","guid":{"rendered":"http:\/\/bu2022.vasaorden.com\/boras\/?page_id=21"},"modified":"2022-09-07T15:08:47","modified_gmt":"2022-09-07T13:08:47","slug":"lankar","status":"publish","type":"page","link":"https:\/\/vasaorden.com\/stockholm\/lankar\/","title":{"rendered":"L\u00e4nkar"},"content":{"rendered":"<p><a href=\"https:\/\/vasaorden.com\/?page_id=5985\">VASA K\u00c4RVEN<\/a> \u00e4r Distriktslogen Norra Sverige nr 19:s informationsblad<br \/>\n<a href=\"http:\/\/www.vasaorden.se\/magazines.html#ankare3\">Vasa Nytt<\/a> \u00e4r Distriktslogen S\u00f6dra Sverige nr 20:s informationsblad<br \/>\n<a href=\"https:\/\/www.vasaorder.com\/vasa_star.cfm\">Vasa Star<\/a> The Vasa Order of America informationsblad<br \/>\n&nbsp;<a href=\"https:\/\/www.vasaarchives.org\/\">Vasa arkivet i Bishop Hill<\/a><\/p>\n<p id=\"firstHeading\" class=\"firstHeading\" lang=\"sv\"><a href=\"https:\/\/www.kulturparkensmaland.se\/besok-oss\/vara-besoksmal\/utvandrarnas-hus\/\">Utvandrarnas hus<\/a><\/p>\n<p><a href=\"https:\/\/www.rotter.se\/\">Sl\u00e4ktforskning<\/a><br \/>\n<a href=\"https:\/\/www.visitstockholm.com\/\">Bes\u00f6ka Stockholm<\/a><br \/>\n&nbsp;<br \/>\n&nbsp;<\/p>\n","protected":false},"excerpt":{"rendered":"<p>VASA K\u00c4RVEN \u00e4r Distriktslogen Norra Sverige nr 19:s informationsblad Vasa Nytt \u00e4r Distriktslogen S\u00f6dra Sverige nr 20:s informationsblad Vasa Star The Vasa Order of America informationsblad &nbsp;Vasa arkivet i Bishop Hill Utvandrarnas hus Sl\u00e4ktforskning Bes\u00f6ka Stockholm &nbsp; &nbsp;<\/p>\n","protected":false},"author":11,"featured_media":0,"parent":0,"menu_order":0,"comment_status":"closed","ping_status":"closed","template":"","meta":{"ngg_post_thumbnail":0,"ocean_post_layout":"","ocean_both_sidebars_style":"","ocean_both_sidebars_content_width":0,"ocean_both_sidebars_sidebars_width":0,"ocean_sidebar":"0","ocean_second_sidebar":"0","ocean_disable_margins":"enable","ocean_add_body_class":"","ocean_shortcode_before_top_bar":"","ocean_shortcode_after_top_bar":"","ocean_shortcode_before_header":"","ocean_shortcode_after_header":"","ocean_has_shortcode":"","ocean_shortcode_after_title":"","ocean_shortcode_before_footer_widgets":"","ocean_shortcode_after_footer_widgets":"","ocean_shortcode_before_footer_bottom":"","ocean_shortcode_after_footer_bottom":"","ocean_display_top_bar":"default","ocean_display_header":"default","ocean_header_style":"","ocean_center_header_left_menu":"0","ocean_custom_header_template":"0","ocean_custom_logo":0,"ocean_custom_retina_logo":0,"ocean_custom_logo_max_width":0,"ocean_custom_logo_tablet_max_width":0,"ocean_custom_logo_mobile_max_width":0,"ocean_custom_logo_max_height":0,"ocean_custom_logo_tablet_max_height":0,"ocean_custom_logo_mobile_max_height":0,"ocean_header_custom_menu":"0","ocean_menu_typo_font_family":"0","ocean_menu_typo_font_subset":"","ocean_menu_typo_font_size":0,"ocean_menu_typo_font_size_tablet":0,"ocean_menu_typo_font_size_mobile":0,"ocean_menu_typo_font_size_unit":"px","ocean_menu_typo_font_weight":"","ocean_menu_typo_font_weight_tablet":"","ocean_menu_typo_font_weight_mobile":"","ocean_menu_typo_transform":"","ocean_menu_typo_transform_tablet":"","ocean_menu_typo_transform_mobile":"","ocean_menu_typo_line_height":0,"ocean_menu_typo_line_height_tablet":0,"ocean_menu_typo_line_height_mobile":0,"ocean_menu_typo_line_height_unit":"","ocean_menu_typo_spacing":0,"ocean_menu_typo_spacing_tablet":0,"ocean_menu_typo_spacing_mobile":0,"ocean_menu_typo_spacing_unit":"","ocean_menu_link_color":"","ocean_menu_link_color_hover":"","ocean_menu_link_color_active":"","ocean_menu_link_background":"","ocean_menu_link_hover_background":"","ocean_menu_link_active_background":"","ocean_menu_social_links_bg":"","ocean_menu_social_hover_links_bg":"","ocean_menu_social_links_color":"","ocean_menu_social_hover_links_color":"","ocean_disable_title":"default","ocean_disable_heading":"default","ocean_post_title":"","ocean_post_subheading":"","ocean_post_title_style":"","ocean_post_title_background_color":"","ocean_post_title_background":0,"ocean_post_title_bg_image_position":"","ocean_post_title_bg_image_attachment":"","ocean_post_title_bg_image_repeat":"","ocean_post_title_bg_image_size":"","ocean_post_title_height":0,"ocean_post_title_bg_overlay":0.5,"ocean_post_title_bg_overlay_color":"","ocean_disable_breadcrumbs":"default","ocean_breadcrumbs_color":"","ocean_breadcrumbs_separator_color":"","ocean_breadcrumbs_links_color":"","ocean_breadcrumbs_links_hover_color":"","ocean_display_footer_widgets":"default","ocean_display_footer_bottom":"default","ocean_custom_footer_template":"0"},"_links":{"self":[{"href":"https:\/\/vasaorden.com\/stockholm\/wp-json\/wp\/v2\/pages\/21"}],"collection":[{"href":"https:\/\/vasaorden.com\/stockholm\/wp-json\/wp\/v2\/pages"}],"about":[{"href":"https:\/\/vasaorden.com\/stockholm\/wp-json\/wp\/v2\/types\/page"}],"author":[{"embeddable":true,"href":"https:\/\/vasaorden.com\/stockholm\/wp-json\/wp\/v2\/users\/11"}],"replies":[{"embeddable":true,"href":"https:\/\/vasaorden.com\/stockholm\/wp-json\/wp\/v2\/comments?post=21"}],"version-history":[{"count":1,"href":"https:\/\/vasaorden.com\/stockholm\/wp-json\/wp\/v2\/pages\/21\/revisions"}],"predecessor-version":[{"id":1353,"href":"https:\/\/vasaorden.com\/stockholm\/wp-json\/wp\/v2\/pages\/21\/revisions\/1353"}],"wp:attachment":[{"href":"https:\/\/vasaorden.com\/stockholm\/wp-json\/wp\/v2\/media?parent=21"}],"curies":[{"name":"wp","href":"https:\/\/api.w.org\/{rel}","templated":true}]}}