{"id":15,"date":"2012-02-13T20:37:32","date_gmt":"2012-02-13T20:37:32","guid":{"rendered":"http:\/\/bu2022.vasaorden.com\/boras\/?page_id=15"},"modified":"2012-02-13T20:37:32","modified_gmt":"2012-02-13T20:37:32","slug":"historik","status":"publish","type":"page","link":"https:\/\/vasaorden.com\/stockholm\/historik\/","title":{"rendered":"Historik"},"content":{"rendered":"<p><strong><em><u>Vasa Orden av Amerika<\/u><\/em><\/strong> bildades i New Haven, Connecticut, USA den 18 september 1896 av svenska emigranter. Livet var ibland h\u00e5rt f\u00f6r emigranterna som gick samman f\u00f6r att bilda Vasa Orden av Amerika, i f\u00f6rsta hand f\u00f6r att hj\u00e4lpa de som genom sjukdom r\u00e5kat i n\u00f6d.&nbsp;Det fanns ocks\u00e5 ett behov att tr\u00e4ffas under v\u00e4rdiga former f\u00f6r att v\u00e5rda kulturarvet fr\u00e5n hemlandet. Karl Oskar och Kristina fr\u00e5n Duvem\u00e5la f\u00e5r symbolisera dessa tidiga utvandrare till Amerika.<br \/>\nVasa Orden av Amerika kom till Sverige 1924. Den f\u00f6rsta logen bildades i G\u00f6teborg av hemv\u00e4ndande svenskar. Verksamheten har efterhand utvidgats och det finns f\u00f6r n\u00e4rvarande 29 lokalloger med cirka 2 000 medlemmar, fr\u00e5n H\u00e4rn\u00f6sand i norr till Trelleborg i s\u00f6der. N\u00e4r verksamheten v\u00e4xte bildades distriktsloger \u2013 idag finns i Sverige tv\u00e5 distriktsloger: Distriktslogen Norra Sverige nr 19 och Distriktslogen S\u00f6dra Sverige nr 20.&nbsp;Inriktningen har efter hand \u00e4ndrats fr\u00e5n att huvudsakligen vara fokuserad p\u00e5 att r\u00e4cka en hj\u00e4lpande hand till medlemmar i n\u00f6d till att verka f\u00f6r att bevara det svenska kulturarvet och att bereda medlemmarna gemenskap.<br \/>\n\u00c4n idag \u00e4r det viktigt f\u00f6r oss att forts\u00e4tta&nbsp;h\u00e5lla kontakt med andra loger i USA och Kanada.<br \/>\n<strong>&nbsp;<\/strong><br \/>\n<strong><em><u>Logen Stockholm nr 589 av Vasa Orden av Amerika<\/u><\/em><\/strong> stiftades den 5 januari 1934 i Stockholm. Det var p\u00e5 Trettondagsafton den 5 januari 1934. Det var en gnistrande kall vinterkv\u00e4ll som ett 40-tal f\u00f6rv\u00e4ntansfulla chartermedlemmar begav sig till Restaurang Rosenbads festv\u00e5ning. Under ledning av d\u00e5varande Distriktsm\u00e4staren Karl Axel Hjort var bildandet av Logen Stockholm nr 589 snart ett faktum. Logen blev den femte i Sverige. Bland organisat\u00f6rerna \u00e5terfanns \u00e4ven logebr\u00f6derna William Bergstr\u00f6m och Roger Wikstr\u00f6m, som b\u00e5da sedermera blev Storlogedeputerade. Logens ordf\u00f6rande blev omn\u00e4mnda Broder Sven Wall, som var Logens ordf\u00f6rande under \u00e5ren 1934 -1937 och 1944. Vid distriktsm\u00f6tet i V\u00e4nersborg 1937 valdes professor Sven Wall till Distriktsm\u00e4stare f\u00f6r Norra Distriktet nr 19, men han f\u00f6rblev Hedersordf\u00f6rande i v\u00e5r loge till sin d\u00f6d.<br \/>\nRedan under logens f\u00f6rsta \u00e5r var det full aktivitet. Under sommaren skulle en stor grupp, ca 300 Vasasyskon fr\u00e5n ett 70-tal olika loger i USA samt Storlogetj\u00e4nstem\u00e4n komma till Sverige med M\/S Kungsholm. De b\u00e5da Stockholmslogerna, Logen Stockholm och Logen M\u00e4lardrottningen, bildade en s\u00e4rskild organisationskommitt\u00e9 f\u00f6r att g\u00f6ra bes\u00f6karnas vistelse inneh\u00e5llsrik och intressant. Det genomf\u00f6rdes bl.a. en historisk kortege med bes\u00f6k p\u00e5 Haga slott och b\u00e5tf\u00e4rd till Fj\u00e4derholmarna.<br \/>\nLogen Stockholm stod ocks\u00e5 som arrang\u00f6r f\u00f6r en h\u00f6gtidsloge p\u00e5 Berns salonger den 6 juli. Av programmet framg\u00e5r att &#8221;Bestyrelsen f\u00f6r Svenska Flaggans Dag \u00f6verl\u00e4mnade till resen\u00e4rerna en svensk &#8221;sidenfana&#8221;. Och logen kunde i sin tur mottaga Amerikas F\u00f6renta Staters flagga, Stj\u00e4rnbaneret, i g\u00e5va. Vid detta m\u00f6te uts\u00e5gs ocks\u00e5 logens f\u00f6rsta hedersledam\u00f6ter. Det var F\u00f6renta Staternas minister (ambassad\u00f6r) i Stockholm, Laurence A. Steinhardt och hans hustru.<br \/>\nD\u00e4refter f\u00f6ljde underh\u00e5llning av operas\u00e5ngaren Josef Herou. Middagen bestod av sandwich, varmr\u00e4tt, dessert, \u00f6l, vin och kaffe till det facila priset av 6 kr 75 \u00f6re. Efter middagen blev det dans till musik av en orkester fr\u00e5n Svea Livgarde.P\u00e5 logens \u00e5rsh\u00f6gtidsm\u00f6te den 5 januari 1935 sk\u00e4nkte logens systrar en svensk sidenflagga till logen och d\u00e4rmed fanns s\u00e5v\u00e4l den amerikanska som svenska flaggan i logen.<br \/>\nHur var det d\u00e5 under andra v\u00e4rldskriget kan man ju fundera \u00f6ver? Avstannade verksamheten n\u00e5got? S\u00e5 var inte fallet och h\u00e4r kommer ett exempel.<br \/>\nDetta var Logens program f\u00f6r mars m\u00e5nad 1943:<br \/>\nFredag den 5 Gemensamhetsloge 19.30<br \/>\nFredag den 12 Bowling 19.00-20.00<br \/>\nFredag den 12 Bridge 19.30<br \/>\nS\u00f6ndag den 14 Vandrarklubben arrangerar 12 km promenad till Djursholm<br \/>\nFredag den 19 Bowling 19.00-20.00<br \/>\nFredag den 26 Bowling 19.00-20.00<br \/>\nFredag den 26 Bridge 19.30<br \/>\nMan kan inte p\u00e5st\u00e5 annat \u00e4n att det var en aktiv loge p\u00e5 den tiden.<br \/>\nBrist p\u00e5 d\u00e5tidens k\u00e4ndisar i Logen var det inte heller. Exempel p\u00e5 detta \u00e4r:<br \/>\nPer Albin Hansson invaldes som Hedersledamot i logen den 1 mars 1946<br \/>\nAlice Babs var medlem i v\u00e5r loge i b\u00f6rjan av 1950-talet och erh\u00f6ll distriktets f\u00f6rtj\u00e4nsttecken 1953.<br \/>\nPrins Bertil var f\u00f6rste hedersledamot i v\u00e5r loge fram till sin bortg\u00e5ng.<br \/>\nTage Erlander var hedersledamot fram till sin bortg\u00e5ng och&nbsp; hustrun Aina Erlander var medlem.<br \/>\n&nbsp;<br \/>\nAndra k\u00e4nda personer som har varit medlemmar \u00e4r Julia Ceasar, Calle Jularbo, Sven-Olof Sandberg, Bernhard S\u00f6nnerstedt och Berith Bohm.<br \/>\nCindy Peters blev hedersledamot i v\u00e5r loge i samband med ett jubileum vid N\u00fcrnbergshuset, Bj\u00f6rng\u00e5rdsgatan 14 p\u00e5 S\u00f6dermalm.<br \/>\n&nbsp;<\/p>\n","protected":false},"excerpt":{"rendered":"<p>Vasa Orden av Amerika bildades i New Haven, Connecticut, USA den 18 september 1896 av svenska emigranter. Livet var ibland h\u00e5rt f\u00f6r emigranterna som gick samman f\u00f6r att bilda Vasa Orden av Amerika, i f\u00f6rsta hand f\u00f6r att hj\u00e4lpa de som genom sjukdom r\u00e5kat i n\u00f6d.&nbsp;Det fanns ocks\u00e5 ett behov att tr\u00e4ffas under v\u00e4rdiga former [&hellip;]<\/p>\n","protected":false},"author":11,"featured_media":0,"parent":0,"menu_order":0,"comment_status":"closed","ping_status":"closed","template":"","meta":{"ngg_post_thumbnail":0,"ocean_post_layout":"","ocean_both_sidebars_style":"","ocean_both_sidebars_content_width":0,"ocean_both_sidebars_sidebars_width":0,"ocean_sidebar":"","ocean_second_sidebar":"","ocean_disable_margins":"enable","ocean_add_body_class":"","ocean_shortcode_before_top_bar":"","ocean_shortcode_after_top_bar":"","ocean_shortcode_before_header":"","ocean_shortcode_after_header":"","ocean_has_shortcode":"","ocean_shortcode_after_title":"","ocean_shortcode_before_footer_widgets":"","ocean_shortcode_after_footer_widgets":"","ocean_shortcode_before_footer_bottom":"","ocean_shortcode_after_footer_bottom":"","ocean_display_top_bar":"default","ocean_display_header":"default","ocean_header_style":"","ocean_center_header_left_menu":"","ocean_custom_header_template":"","ocean_custom_logo":0,"ocean_custom_retina_logo":0,"ocean_custom_logo_max_width":0,"ocean_custom_logo_tablet_max_width":0,"ocean_custom_logo_mobile_max_width":0,"ocean_custom_logo_max_height":0,"ocean_custom_logo_tablet_max_height":0,"ocean_custom_logo_mobile_max_height":0,"ocean_header_custom_menu":"","ocean_menu_typo_font_family":"","ocean_menu_typo_font_subset":"","ocean_menu_typo_font_size":0,"ocean_menu_typo_font_size_tablet":0,"ocean_menu_typo_font_size_mobile":0,"ocean_menu_typo_font_size_unit":"px","ocean_menu_typo_font_weight":"","ocean_menu_typo_font_weight_tablet":"","ocean_menu_typo_font_weight_mobile":"","ocean_menu_typo_transform":"","ocean_menu_typo_transform_tablet":"","ocean_menu_typo_transform_mobile":"","ocean_menu_typo_line_height":0,"ocean_menu_typo_line_height_tablet":0,"ocean_menu_typo_line_height_mobile":0,"ocean_menu_typo_line_height_unit":"","ocean_menu_typo_spacing":0,"ocean_menu_typo_spacing_tablet":0,"ocean_menu_typo_spacing_mobile":0,"ocean_menu_typo_spacing_unit":"","ocean_menu_link_color":"","ocean_menu_link_color_hover":"","ocean_menu_link_color_active":"","ocean_menu_link_background":"","ocean_menu_link_hover_background":"","ocean_menu_link_active_background":"","ocean_menu_social_links_bg":"","ocean_menu_social_hover_links_bg":"","ocean_menu_social_links_color":"","ocean_menu_social_hover_links_color":"","ocean_disable_title":"default","ocean_disable_heading":"default","ocean_post_title":"","ocean_post_subheading":"","ocean_post_title_style":"","ocean_post_title_background_color":"","ocean_post_title_background":0,"ocean_post_title_bg_image_position":"","ocean_post_title_bg_image_attachment":"","ocean_post_title_bg_image_repeat":"","ocean_post_title_bg_image_size":"","ocean_post_title_height":0,"ocean_post_title_bg_overlay":0.5,"ocean_post_title_bg_overlay_color":"","ocean_disable_breadcrumbs":"default","ocean_breadcrumbs_color":"","ocean_breadcrumbs_separator_color":"","ocean_breadcrumbs_links_color":"","ocean_breadcrumbs_links_hover_color":"","ocean_display_footer_widgets":"default","ocean_display_footer_bottom":"default","ocean_custom_footer_template":""},"_links":{"self":[{"href":"https:\/\/vasaorden.com\/stockholm\/wp-json\/wp\/v2\/pages\/15"}],"collection":[{"href":"https:\/\/vasaorden.com\/stockholm\/wp-json\/wp\/v2\/pages"}],"about":[{"href":"https:\/\/vasaorden.com\/stockholm\/wp-json\/wp\/v2\/types\/page"}],"author":[{"embeddable":true,"href":"https:\/\/vasaorden.com\/stockholm\/wp-json\/wp\/v2\/users\/11"}],"replies":[{"embeddable":true,"href":"https:\/\/vasaorden.com\/stockholm\/wp-json\/wp\/v2\/comments?post=15"}],"version-history":[{"count":0,"href":"https:\/\/vasaorden.com\/stockholm\/wp-json\/wp\/v2\/pages\/15\/revisions"}],"wp:attachment":[{"href":"https:\/\/vasaorden.com\/stockholm\/wp-json\/wp\/v2\/media?parent=15"}],"curies":[{"name":"wp","href":"https:\/\/api.w.org\/{rel}","templated":true}]}}