{"id":1336,"date":"2012-02-11T22:53:06","date_gmt":"2012-02-11T22:53:06","guid":{"rendered":"http:\/\/bu2022.vasaorden.com\/boras\/?page_id=6"},"modified":"2025-01-17T21:28:33","modified_gmt":"2025-01-17T20:28:33","slug":"startsidan","status":"publish","type":"page","link":"https:\/\/vasaorden.com\/stockholm\/","title":{"rendered":"V\u00e4lkommen"},"content":{"rendered":"<p align=\"left\">&nbsp;<\/p>\n<p align=\"left\"><strong><a href=\"https:\/\/vasaorden.com\/stockholm\/wp-content\/uploads\/sites\/6\/2012\/02\/Stockholmsmotiv2.jpg\"><img loading=\"lazy\" class=\" wp-image-53 aligncenter\" src=\"https:\/\/vasaorden.com\/stockholm\/wp-content\/uploads\/sites\/6\/2012\/02\/Stockholmsmotiv2-1024x344.jpg\" alt=\"\" width=\"809\" height=\"272\" srcset=\"https:\/\/vasaorden.com\/stockholm\/wp-content\/uploads\/sites\/6\/2012\/02\/Stockholmsmotiv2-1024x344.jpg 1024w, https:\/\/vasaorden.com\/stockholm\/wp-content\/uploads\/sites\/6\/2012\/02\/Stockholmsmotiv2-300x101.jpg 300w, https:\/\/vasaorden.com\/stockholm\/wp-content\/uploads\/sites\/6\/2012\/02\/Stockholmsmotiv2-768x258.jpg 768w, https:\/\/vasaorden.com\/stockholm\/wp-content\/uploads\/sites\/6\/2012\/02\/Stockholmsmotiv2-1536x517.jpg 1536w, https:\/\/vasaorden.com\/stockholm\/wp-content\/uploads\/sites\/6\/2012\/02\/Stockholmsmotiv2.jpg 1772w\" sizes=\"(max-width: 809px) 100vw, 809px\" \/><\/a><\/strong><\/p>\n<h1 style=\"text-align: center\">&nbsp;<\/h1>\n<h1>V\u00e4lkommen till Logen Stockholm nr 589<\/h1>\n<p>&nbsp;<br \/>\n.<\/p>\n<h4>Logen Stockholm nr 589 \u00e4r en av Vasa Orden av Amerikas 19 lokalloger i Sverige. Logen Stockholm nr 589&nbsp; har ett sjuttiotal medlemmar och vi har logem\u00f6ten sju g\u00e5nger per \u00e5r. Vi tr\u00e4ffas dessutom i olika kulturella sammanhang eller&nbsp; i annan trevlig gemenskap. Titta g\u00e4rna in p\u00e5 v\u00e5ra \u00f6vriga sidor om du vill veta mer om v\u00e5r&nbsp; verksamhet.<\/h4>\n<h4>Vi tar g\u00e4rna emot g\u00e4ster och v\u00e4lkomnar nya medlemmar!<\/h4>\n<p>&nbsp;<\/p>\n","protected":false},"excerpt":{"rendered":"<p>&nbsp; &nbsp; V\u00e4lkommen till Logen Stockholm nr 589 &nbsp; . Logen Stockholm nr 589 \u00e4r en av Vasa Orden av Amerikas 19 lokalloger i Sverige. Logen Stockholm nr 589&nbsp; har ett sjuttiotal medlemmar och vi har logem\u00f6ten sju g\u00e5nger per \u00e5r. Vi tr\u00e4ffas dessutom i olika kulturella sammanhang eller&nbsp; i annan trevlig gemenskap. Titta g\u00e4rna [&hellip;]<\/p>\n","protected":false},"author":11,"featured_media":0,"parent":0,"menu_order":0,"comment_status":"closed","ping_status":"closed","template":"","meta":{"ngg_post_thumbnail":0,"ocean_post_layout":"","ocean_both_sidebars_style":"","ocean_both_sidebars_content_width":0,"ocean_both_sidebars_sidebars_width":0,"ocean_sidebar":"0","ocean_second_sidebar":"0","ocean_disable_margins":"enable","ocean_add_body_class":"","ocean_shortcode_before_top_bar":"","ocean_shortcode_after_top_bar":"","ocean_shortcode_before_header":"","ocean_shortcode_after_header":"","ocean_has_shortcode":"","ocean_shortcode_after_title":"","ocean_shortcode_before_footer_widgets":"","ocean_shortcode_after_footer_widgets":"","ocean_shortcode_before_footer_bottom":"","ocean_shortcode_after_footer_bottom":"","ocean_display_top_bar":"default","ocean_display_header":"default","ocean_header_style":"","ocean_center_header_left_menu":"0","ocean_custom_header_template":"0","ocean_custom_logo":0,"ocean_custom_retina_logo":0,"ocean_custom_logo_max_width":0,"ocean_custom_logo_tablet_max_width":0,"ocean_custom_logo_mobile_max_width":0,"ocean_custom_logo_max_height":0,"ocean_custom_logo_tablet_max_height":0,"ocean_custom_logo_mobile_max_height":0,"ocean_header_custom_menu":"0","ocean_menu_typo_font_family":"0","ocean_menu_typo_font_subset":"","ocean_menu_typo_font_size":0,"ocean_menu_typo_font_size_tablet":0,"ocean_menu_typo_font_size_mobile":0,"ocean_menu_typo_font_size_unit":"px","ocean_menu_typo_font_weight":"","ocean_menu_typo_font_weight_tablet":"","ocean_menu_typo_font_weight_mobile":"","ocean_menu_typo_transform":"","ocean_menu_typo_transform_tablet":"","ocean_menu_typo_transform_mobile":"","ocean_menu_typo_line_height":0,"ocean_menu_typo_line_height_tablet":0,"ocean_menu_typo_line_height_mobile":0,"ocean_menu_typo_line_height_unit":"","ocean_menu_typo_spacing":0,"ocean_menu_typo_spacing_tablet":0,"ocean_menu_typo_spacing_mobile":0,"ocean_menu_typo_spacing_unit":"","ocean_menu_link_color":"","ocean_menu_link_color_hover":"","ocean_menu_link_color_active":"","ocean_menu_link_background":"","ocean_menu_link_hover_background":"","ocean_menu_link_active_background":"","ocean_menu_social_links_bg":"","ocean_menu_social_hover_links_bg":"","ocean_menu_social_links_color":"","ocean_menu_social_hover_links_color":"","ocean_disable_title":"default","ocean_disable_heading":"default","ocean_post_title":"","ocean_post_subheading":"","ocean_post_title_style":"","ocean_post_title_background_color":"","ocean_post_title_background":0,"ocean_post_title_bg_image_position":"","ocean_post_title_bg_image_attachment":"","ocean_post_title_bg_image_repeat":"","ocean_post_title_bg_image_size":"","ocean_post_title_height":0,"ocean_post_title_bg_overlay":0.5,"ocean_post_title_bg_overlay_color":"","ocean_disable_breadcrumbs":"default","ocean_breadcrumbs_color":"","ocean_breadcrumbs_separator_color":"","ocean_breadcrumbs_links_color":"","ocean_breadcrumbs_links_hover_color":"","ocean_display_footer_widgets":"default","ocean_display_footer_bottom":"default","ocean_custom_footer_template":"0"},"_links":{"self":[{"href":"https:\/\/vasaorden.com\/stockholm\/wp-json\/wp\/v2\/pages\/1336"}],"collection":[{"href":"https:\/\/vasaorden.com\/stockholm\/wp-json\/wp\/v2\/pages"}],"about":[{"href":"https:\/\/vasaorden.com\/stockholm\/wp-json\/wp\/v2\/types\/page"}],"author":[{"embeddable":true,"href":"https:\/\/vasaorden.com\/stockholm\/wp-json\/wp\/v2\/users\/11"}],"replies":[{"embeddable":true,"href":"https:\/\/vasaorden.com\/stockholm\/wp-json\/wp\/v2\/comments?post=1336"}],"version-history":[{"count":3,"href":"https:\/\/vasaorden.com\/stockholm\/wp-json\/wp\/v2\/pages\/1336\/revisions"}],"predecessor-version":[{"id":1535,"href":"https:\/\/vasaorden.com\/stockholm\/wp-json\/wp\/v2\/pages\/1336\/revisions\/1535"}],"wp:attachment":[{"href":"https:\/\/vasaorden.com\/stockholm\/wp-json\/wp\/v2\/media?parent=1336"}],"curies":[{"name":"wp","href":"https:\/\/api.w.org\/{rel}","templated":true}]}}