{"id":19,"date":"2012-02-13T20:37:58","date_gmt":"2012-02-13T20:37:58","guid":{"rendered":"http:\/\/bu2022.vasaorden.com\/boras\/?page_id=19"},"modified":"2026-02-26T20:48:37","modified_gmt":"2026-02-26T19:48:37","slug":"kontakter","status":"publish","type":"page","link":"https:\/\/vasaorden.com\/skovde\/kontakter\/","title":{"rendered":"Kontakter"},"content":{"rendered":"<p><strong> <span style=\"font-family: Arial;font-size: small\">\u00c4r du intresserad av att bli medlem i<br>Vasa Orden av Amerika? Var g\u00e4rna lite nyfiken och s\u00f6k kontakt.<br><\/span> <\/strong><span style=\"font-family: Arial;font-size: small\"><strong>Varmt v\u00e4lkommen att h\u00f6ra av dig&nbsp;<\/strong><\/span><\/p>\n<div align=\"left\">\n<table border=\"0\" width=\"83%\" cellspacing=\"0\" cellpadding=\"0\">\n<tbody>\n<tr>\n<td align=\"center\" width=\"100%\">\n<p align=\"center\"><strong> <span style=\"font-family: Arial;font-size: x-small\">Av oss kan du f\u00e5 mer information<\/span> <\/strong><\/p>\n<\/td>\n<\/tr>\n<\/tbody>\n<\/table>\n<\/div>\n<table style=\"width: 692px;height: 225px\" border=\"5\" cellspacing=\"1\" bgcolor=\"#fefacb\">\n<tbody>\n<tr>\n<td nowrap=\"nowrap\" width=\"27%\"><span style=\"font-family: Verdana\">Ordf\u00f6rande<\/span><\/td>\n<td nowrap=\"nowrap\" width=\"35%\"><span style=\"font-family: Verdana\">&nbsp; &nbsp; &nbsp;Nils-Erik Johansson<br>&nbsp; &nbsp; <em>&nbsp;nisse.johansson413@gmail.com&nbsp;<\/em><\/span><\/td>\n<td nowrap=\"nowrap\" width=\"38%\"><span style=\"font-family: Verdana\">Tel:&nbsp; 0703-307 913&nbsp;<\/span><\/td>\n<\/tr>\n<tr>\n<td nowrap=\"nowrap\" width=\"27%\"><span style=\"font-family: Verdana\">V Ordf\u00f6rande<\/span><\/td>\n<td nowrap=\"nowrap\" width=\"35%\"><span style=\"font-family: Verdana\">&nbsp; &nbsp; &nbsp;Kjell Isberg<br>&nbsp; &nbsp; &nbsp;<em>info@isbergsreklam.com<\/em><\/span><\/td>\n<td nowrap=\"nowrap\" width=\"38%\"><span style=\"font-family: Verdana\">Tel:&nbsp; 0705-652 960<\/span><\/td>\n<\/tr>\n<tr>\n<td nowrap=\"nowrap\" width=\"27%\"><span style=\"font-family: Verdana\">Protokollssekreterare<\/span><\/td>\n<td nowrap=\"nowrap\" width=\"35%\"><span style=\"font-family: Verdana\">&nbsp; &nbsp; &nbsp;Gunvor Karlsson<br>&nbsp; &nbsp; &nbsp;<em>gunvor.karlsson07@gmail.com<\/em>&nbsp; &nbsp;<\/span><\/td>\n<td nowrap=\"nowrap\" width=\"38%\"><span style=\"font-family: Verdana\">Tel: 0736-369 723&nbsp;<\/span><\/td>\n<\/tr>\n<tr>\n<td nowrap=\"nowrap\" width=\"27%\"><span style=\"font-family: Verdana\">Fd Ordf\u00f6rande<\/span><\/td>\n<td nowrap=\"nowrap\" width=\"35%\"><span style=\"font-family: Verdana\">&nbsp; &nbsp; &nbsp;Seppo Bladbacke<br>&nbsp; &nbsp; &nbsp;<em>seppo.bladbacke@gmail.com<\/em><\/span><\/td>\n<td nowrap=\"nowrap\" width=\"38%\"><span style=\"font-family: Verdana\">Tel:&nbsp; 0727-338 130<\/span><\/td>\n<\/tr>\n<\/tbody>\n<\/table>\n\n\n<p><strong>Postaddress till Lokallogen Sk\u00f6vde:<\/strong><\/p>\n\n\n\n<p>Vasa Orden av Amerika<br>Lokallogen Sk\u00f6vde nr 626<br>Villagatan 5<br>541 51 SK\u00d6VDE<br><\/p>\n","protected":false},"excerpt":{"rendered":"<p>\u00c4r du intresserad av att bli medlem iVasa Orden av Amerika? Var g\u00e4rna lite nyfiken och s\u00f6k kontakt. Varmt v\u00e4lkommen att h\u00f6ra av dig&nbsp; Av oss kan du f\u00e5 mer information Ordf\u00f6rande &nbsp; &nbsp; &nbsp;Nils-Erik Johansson&nbsp; &nbsp; &nbsp;nisse.johansson413@gmail.com&nbsp; Tel:&nbsp; 0703-307 913&nbsp; V Ordf\u00f6rande &nbsp; &nbsp; &nbsp;Kjell Isberg&nbsp; &nbsp; &nbsp;info@isbergsreklam.com Tel:&nbsp; 0705-652 960 Protokollssekreterare &nbsp; &nbsp; [&hellip;]<\/p>\n","protected":false},"author":32,"featured_media":0,"parent":0,"menu_order":0,"comment_status":"closed","ping_status":"closed","template":"","meta":{"ngg_post_thumbnail":0,"ocean_post_layout":"","ocean_both_sidebars_style":"","ocean_both_sidebars_content_width":0,"ocean_both_sidebars_sidebars_width":0,"ocean_sidebar":"0","ocean_second_sidebar":"0","ocean_disable_margins":"enable","ocean_add_body_class":"","ocean_shortcode_before_top_bar":"","ocean_shortcode_after_top_bar":"","ocean_shortcode_before_header":"","ocean_shortcode_after_header":"","ocean_has_shortcode":"","ocean_shortcode_after_title":"","ocean_shortcode_before_footer_widgets":"","ocean_shortcode_after_footer_widgets":"","ocean_shortcode_before_footer_bottom":"","ocean_shortcode_after_footer_bottom":"","ocean_display_top_bar":"default","ocean_display_header":"default","ocean_header_style":"","ocean_center_header_left_menu":"0","ocean_custom_header_template":"0","ocean_custom_logo":0,"ocean_custom_retina_logo":0,"ocean_custom_logo_max_width":0,"ocean_custom_logo_tablet_max_width":0,"ocean_custom_logo_mobile_max_width":0,"ocean_custom_logo_max_height":0,"ocean_custom_logo_tablet_max_height":0,"ocean_custom_logo_mobile_max_height":0,"ocean_header_custom_menu":"0","ocean_menu_typo_font_family":"0","ocean_menu_typo_font_subset":"","ocean_menu_typo_font_size":0,"ocean_menu_typo_font_size_tablet":0,"ocean_menu_typo_font_size_mobile":0,"ocean_menu_typo_font_size_unit":"px","ocean_menu_typo_font_weight":"","ocean_menu_typo_font_weight_tablet":"","ocean_menu_typo_font_weight_mobile":"","ocean_menu_typo_transform":"","ocean_menu_typo_transform_tablet":"","ocean_menu_typo_transform_mobile":"","ocean_menu_typo_line_height":0,"ocean_menu_typo_line_height_tablet":0,"ocean_menu_typo_line_height_mobile":0,"ocean_menu_typo_line_height_unit":"","ocean_menu_typo_spacing":0,"ocean_menu_typo_spacing_tablet":0,"ocean_menu_typo_spacing_mobile":0,"ocean_menu_typo_spacing_unit":"","ocean_menu_link_color":"","ocean_menu_link_color_hover":"","ocean_menu_link_color_active":"","ocean_menu_link_background":"","ocean_menu_link_hover_background":"","ocean_menu_link_active_background":"","ocean_menu_social_links_bg":"","ocean_menu_social_hover_links_bg":"","ocean_menu_social_links_color":"","ocean_menu_social_hover_links_color":"","ocean_disable_title":"default","ocean_disable_heading":"default","ocean_post_title":"","ocean_post_subheading":"","ocean_post_title_style":"","ocean_post_title_background_color":"","ocean_post_title_background":0,"ocean_post_title_bg_image_position":"","ocean_post_title_bg_image_attachment":"","ocean_post_title_bg_image_repeat":"","ocean_post_title_bg_image_size":"","ocean_post_title_height":0,"ocean_post_title_bg_overlay":0.5,"ocean_post_title_bg_overlay_color":"","ocean_disable_breadcrumbs":"default","ocean_breadcrumbs_color":"","ocean_breadcrumbs_separator_color":"","ocean_breadcrumbs_links_color":"","ocean_breadcrumbs_links_hover_color":"","ocean_display_footer_widgets":"default","ocean_display_footer_bottom":"default","ocean_custom_footer_template":"0"},"_links":{"self":[{"href":"https:\/\/vasaorden.com\/skovde\/wp-json\/wp\/v2\/pages\/19"}],"collection":[{"href":"https:\/\/vasaorden.com\/skovde\/wp-json\/wp\/v2\/pages"}],"about":[{"href":"https:\/\/vasaorden.com\/skovde\/wp-json\/wp\/v2\/types\/page"}],"author":[{"embeddable":true,"href":"https:\/\/vasaorden.com\/skovde\/wp-json\/wp\/v2\/users\/32"}],"replies":[{"embeddable":true,"href":"https:\/\/vasaorden.com\/skovde\/wp-json\/wp\/v2\/comments?post=19"}],"version-history":[{"count":9,"href":"https:\/\/vasaorden.com\/skovde\/wp-json\/wp\/v2\/pages\/19\/revisions"}],"predecessor-version":[{"id":1611,"href":"https:\/\/vasaorden.com\/skovde\/wp-json\/wp\/v2\/pages\/19\/revisions\/1611"}],"wp:attachment":[{"href":"https:\/\/vasaorden.com\/skovde\/wp-json\/wp\/v2\/media?parent=19"}],"curies":[{"name":"wp","href":"https:\/\/api.w.org\/{rel}","templated":true}]}}