{"id":1628,"date":"2026-04-18T15:59:40","date_gmt":"2026-04-18T13:59:40","guid":{"rendered":"https:\/\/vasaorden.com\/skovde\/?page_id=1628"},"modified":"2026-04-21T18:50:26","modified_gmt":"2026-04-21T16:50:26","slug":"lordag-31-januari-2026","status":"publish","type":"page","link":"https:\/\/vasaorden.com\/skovde\/lordag-31-januari-2026\/","title":{"rendered":"L\u00f6rdag 31 januari 2026"},"content":{"rendered":"\n<p>H\u00f6gtidsm\u00f6te med installation av tj\u00e4nstem\u00e4n. Bes\u00f6k av installations stab fr\u00e5n Logen Lidk\u00f6ping Nr 636.<br>Efter att Ordf\u00f6rande Broder Nils-Erik v\u00e4lkomnat v\u00e5ra g\u00e4ster kunde Broder Nils-Erik med ett klubbslag \u00f6ppna logens <br>f\u00f6rhandlingar.<br>Broder Kjell installerades som logens nye Vice Ordf\u00f6rande och Sy Eva Wettergren-Westh installerades som logens Bitr\u00e4dande sekreterare.<br>Logens f\u00f6rhandlingar genomf\u00f6rdes sedan enligt ritual,<br>Samling d\u00e4refter i mingelrummet p\u00e5 nedre v\u00e5ningen.  <br>Vi avnj\u00f6t sedan en underbar m\u00e5ltid med laxtoast  som f\u00f6rr\u00e4tt och d\u00e4rfter fl\u00e4skfil\u00e9 med hasselbackpotatis och god r\u00f6dvinss\u00e5s.<br>Avrundning med en l\u00e4cker sk\u00e5l med glass och kolas\u00e5s.  En meny som anst\u00e5r ett h\u00f6gtidsm\u00f6te f\u00f6rvisso.<br>Sj\u00e4lvklart sk\u00e5lades det f\u00f6r v\u00e5r h\u00f6gste beskyddare Kung Carl den XVI Gustaf f\u00f6ljd av fyrfaldigt leve f\u00f6r v\u00e5r Orden och d\u00e4refter Kungss\u00e5ngen.<br>Efter en snabb benstr\u00e4ckare var det dags f\u00f6r ett f\u00f6redrag av Anders Modig som med inlevelse ber\u00e4ttade om ett emigrant\u00f6de.<br>Kaffe och kaka stod sedan p\u00e5 tur och v\u00e4ntade i &#8221;soffrummet&#8221;.  Br Nils-Erik tackade den g\u00e4stande installationsstben f\u00f6r ett gott arbete med en chokladask och ros.<br>Sedan \u00e4skade Br Kjell tystnad d\u00e5 den olidliga sp\u00e4nningen inf\u00f6r lotteriet skulle infinna sig.  Glada vinnare kunde \u00e4ven denna festkv\u00e4ll vandra hem\u00e5t med vinster. De som inte vann var glada \u00e4nd\u00e5 att ha deltagit i en fin kv\u00e4ll i varm Vasa anda.<br><\/p>\n\n\n\n<figure class=\"wp-container-2 wp-block-gallery-1 wp-block-gallery has-nested-images columns-default is-cropped\"><\/figure>\n\n\n\n<figure class=\"wp-block-image size-full is-resized\"><img loading=\"lazy\" src=\"https:\/\/vasaorden.com\/skovde\/wp-content\/uploads\/sites\/11\/2026\/04\/HD-26-II-1-rotated.jpeg\" alt=\"\" class=\"wp-image-1630\" width=\"358\" height=\"479\"\/><\/figure>\n\n\n\n<figure class=\"wp-block-image size-full is-resized\"><img loading=\"lazy\" src=\"https:\/\/vasaorden.com\/skovde\/wp-content\/uploads\/sites\/11\/2026\/04\/HD-26-1-rotated.jpeg\" alt=\"\" class=\"wp-image-1631\" width=\"357\" height=\"476\" srcset=\"https:\/\/vasaorden.com\/skovde\/wp-content\/uploads\/sites\/11\/2026\/04\/HD-26-1-rotated.jpeg 480w, https:\/\/vasaorden.com\/skovde\/wp-content\/uploads\/sites\/11\/2026\/04\/HD-26-1-225x300.jpeg 225w\" sizes=\"(max-width: 357px) 100vw, 357px\" \/><\/figure>\n","protected":false},"excerpt":{"rendered":"<p>H\u00f6gtidsm\u00f6te med installation av tj\u00e4nstem\u00e4n. Bes\u00f6k av installations stab fr\u00e5n Logen Lidk\u00f6ping Nr 636.Efter att Ordf\u00f6rande Broder Nils-Erik v\u00e4lkomnat v\u00e5ra g\u00e4ster kunde Broder Nils-Erik med ett klubbslag \u00f6ppna logens f\u00f6rhandlingar.Broder Kjell installerades som logens nye Vice Ordf\u00f6rande och Sy Eva Wettergren-Westh installerades som logens Bitr\u00e4dande sekreterare.Logens f\u00f6rhandlingar genomf\u00f6rdes sedan enligt ritual,Samling d\u00e4refter i mingelrummet p\u00e5 [&hellip;]<\/p>\n","protected":false},"author":33,"featured_media":0,"parent":0,"menu_order":0,"comment_status":"closed","ping_status":"closed","template":"","meta":{"ngg_post_thumbnail":0,"ocean_post_layout":"","ocean_both_sidebars_style":"","ocean_both_sidebars_content_width":0,"ocean_both_sidebars_sidebars_width":0,"ocean_sidebar":"","ocean_second_sidebar":"","ocean_disable_margins":"enable","ocean_add_body_class":"","ocean_shortcode_before_top_bar":"","ocean_shortcode_after_top_bar":"","ocean_shortcode_before_header":"","ocean_shortcode_after_header":"","ocean_has_shortcode":"","ocean_shortcode_after_title":"","ocean_shortcode_before_footer_widgets":"","ocean_shortcode_after_footer_widgets":"","ocean_shortcode_before_footer_bottom":"","ocean_shortcode_after_footer_bottom":"","ocean_display_top_bar":"default","ocean_display_header":"default","ocean_header_style":"","ocean_center_header_left_menu":"","ocean_custom_header_template":"","ocean_custom_logo":0,"ocean_custom_retina_logo":0,"ocean_custom_logo_max_width":0,"ocean_custom_logo_tablet_max_width":0,"ocean_custom_logo_mobile_max_width":0,"ocean_custom_logo_max_height":0,"ocean_custom_logo_tablet_max_height":0,"ocean_custom_logo_mobile_max_height":0,"ocean_header_custom_menu":"","ocean_menu_typo_font_family":"","ocean_menu_typo_font_subset":"","ocean_menu_typo_font_size":0,"ocean_menu_typo_font_size_tablet":0,"ocean_menu_typo_font_size_mobile":0,"ocean_menu_typo_font_size_unit":"px","ocean_menu_typo_font_weight":"","ocean_menu_typo_font_weight_tablet":"","ocean_menu_typo_font_weight_mobile":"","ocean_menu_typo_transform":"","ocean_menu_typo_transform_tablet":"","ocean_menu_typo_transform_mobile":"","ocean_menu_typo_line_height":0,"ocean_menu_typo_line_height_tablet":0,"ocean_menu_typo_line_height_mobile":0,"ocean_menu_typo_line_height_unit":"","ocean_menu_typo_spacing":0,"ocean_menu_typo_spacing_tablet":0,"ocean_menu_typo_spacing_mobile":0,"ocean_menu_typo_spacing_unit":"","ocean_menu_link_color":"","ocean_menu_link_color_hover":"","ocean_menu_link_color_active":"","ocean_menu_link_background":"","ocean_menu_link_hover_background":"","ocean_menu_link_active_background":"","ocean_menu_social_links_bg":"","ocean_menu_social_hover_links_bg":"","ocean_menu_social_links_color":"","ocean_menu_social_hover_links_color":"","ocean_disable_title":"default","ocean_disable_heading":"default","ocean_post_title":"","ocean_post_subheading":"","ocean_post_title_style":"","ocean_post_title_background_color":"","ocean_post_title_background":0,"ocean_post_title_bg_image_position":"","ocean_post_title_bg_image_attachment":"","ocean_post_title_bg_image_repeat":"","ocean_post_title_bg_image_size":"","ocean_post_title_height":0,"ocean_post_title_bg_overlay":0.5,"ocean_post_title_bg_overlay_color":"","ocean_disable_breadcrumbs":"default","ocean_breadcrumbs_color":"","ocean_breadcrumbs_separator_color":"","ocean_breadcrumbs_links_color":"","ocean_breadcrumbs_links_hover_color":"","ocean_display_footer_widgets":"default","ocean_display_footer_bottom":"default","ocean_custom_footer_template":""},"_links":{"self":[{"href":"https:\/\/vasaorden.com\/skovde\/wp-json\/wp\/v2\/pages\/1628"}],"collection":[{"href":"https:\/\/vasaorden.com\/skovde\/wp-json\/wp\/v2\/pages"}],"about":[{"href":"https:\/\/vasaorden.com\/skovde\/wp-json\/wp\/v2\/types\/page"}],"author":[{"embeddable":true,"href":"https:\/\/vasaorden.com\/skovde\/wp-json\/wp\/v2\/users\/33"}],"replies":[{"embeddable":true,"href":"https:\/\/vasaorden.com\/skovde\/wp-json\/wp\/v2\/comments?post=1628"}],"version-history":[{"count":7,"href":"https:\/\/vasaorden.com\/skovde\/wp-json\/wp\/v2\/pages\/1628\/revisions"}],"predecessor-version":[{"id":1651,"href":"https:\/\/vasaorden.com\/skovde\/wp-json\/wp\/v2\/pages\/1628\/revisions\/1651"}],"wp:attachment":[{"href":"https:\/\/vasaorden.com\/skovde\/wp-json\/wp\/v2\/media?parent=1628"}],"curies":[{"name":"wp","href":"https:\/\/api.w.org\/{rel}","templated":true}]}}