{"id":15,"date":"2012-02-13T20:37:32","date_gmt":"2012-02-13T20:37:32","guid":{"rendered":"http:\/\/bu2022.vasaorden.com\/boras\/?page_id=15"},"modified":"2026-02-26T20:41:41","modified_gmt":"2026-02-26T19:41:41","slug":"historik","status":"publish","type":"page","link":"https:\/\/vasaorden.com\/skovde\/historik\/","title":{"rendered":"Historik"},"content":{"rendered":"<dl>\n<dt><strong>Vasa Orden av Amerika<\/strong> bildades i New Haven, Connecticut, USA, den 18 september 1896 av svenska emigranter. D\u00e5 var syftet att i&nbsp; f\u00f6rsta hand hj\u00e4lpa dem, som genom sjukdom r\u00e5kat i n\u00f6d, men ocks\u00e5 att bereda landsm\u00e4n tillf\u00e4lle att komma tillsammans under v\u00e4rdiga former. Sverige fick sin f\u00f6rsta vasaloge i G\u00f6teborg 1924.<\/dt>\n<dt><\/dt>\n<dt><strong>Vasa Orden av Amerika<\/strong> \u00e4r \u00f6ppen f\u00f6r alla med skandinavisk h\u00e4rkomst j\u00e4mte dessas \u00e4kta makar, oberoende av nationalitet, eller i \u00f6vrigt \u00e4r engagerad i fr\u00e4mjande och fram\u00e5tskridande vad g\u00e4ller svenskt och nordiskt arv. Att ha sl\u00e4ktingar eller andra kontakter i USA \u00e4r inget krav f\u00f6r medlemskap.<\/dt>\n<dt><\/dt>\n<dt><strong>Vasa Orden av Amerika<\/strong> kallades vid bildandet Svenska f\u00f6reningen d\u00e4r alla svenska emigranter kunde bli medlemmar. Namnet \u00e4ndrades senare till Skandinaviska f\u00f6reningen. &nbsp;P\u00e5 grund av det stora intresset och att medlemsantalet blev s\u00e5 stort ombildades f\u00f6reningen till en Orden. Det mest k\u00e4nda namnet f\u00f6r Sverige var Vasa och eftersom Ordern fanns i Amerika var namnet givet. Inom Ordern bildades en sjukkassa och en begravningskassa. Det blev en slags socialf\u00f6rs\u00e4kring och den f\u00f6rsta i sitt slag f\u00f6r svenska emigranter i Amerika. Den kom att \u00e5tnjuta stort f\u00f6rtroenden hos amerikanska sjukhus och myndigheter.<\/dt>\n<dt><\/dt>\n<dt><strong><br \/>\nVasa Ordern av Amerika &#8211; Logen 626 Sk\u00f6vde<\/strong> stiftades den 12 november 1950. Ett antal Vasamedlemmar fr\u00e5n logerna i Stockholm och i G\u00f6teborg samlades p\u00e5 J\u00e4rnv\u00e4gsmuseet i Sk\u00f6vde f\u00f6r att bilda en ny Vasaloge.<\/dt>\n<dt><em><strong>Logen 626 Sk\u00f6vde<\/strong><\/em> startade sin verksamhet i lokaler inhysta i J\u00e4rnv\u00e4gshotellet, som var bel\u00e4get p\u00e5 baksidan av nuvarande posthuset, mitt f\u00f6r Resecentrum. D\u00e4refter flyttade logen runt en del f\u00f6r att kunna h\u00e5lla sin verksamhet ig\u00e5ng, bland annat till Hotell Billingen, Alphyddan p\u00e5 Billingesluttningen och Odd Fellows lokaler p\u00e5 Moholms Herrg\u00e5rd i nuvarande skattehuset. I mitten p\u00e5 1970-talet flyttade logen in i Hantverkets lokaler vid Kungsgatan 9. D\u00e4r stannade logen fram till 2003, d\u00e5 vi blev uppsagda eftersom hantverkshuset d\u00e5 skulle byggas om f\u00f6r annan verksamhet. Fr\u00e5n och med 2004 har logen sin verksamhet f\u00f6rlagd till Odd Fellows lokaler p\u00e5 Villagatan 5 i Sk\u00f6vde.<\/dt>\n<dt><em><strong>Logen 626 Sk\u00f6vde<\/strong><\/em> tillh\u00f6r Distrikt 19 f\u00f6r norra Sverige. I Sverige finns tv\u00e5 distrikt, nr. 19 och nr. 20 (s\u00f6dra).<\/dt>\n<dt><em><strong>Logen 626 Sk\u00f6vde <\/strong><\/em>som idag har drygt 40 medlemmar, har en aktiv f\u00f6reningsverksamhet med inriktning p\u00e5 kultur och trevlig samvaro. Se logens \u00e5rsprogram.<\/dt>\n<dt>Den 12 november 2010 firade logen sitt 60-\u00e5rsjubileum i Odd Fellowhuset.&nbsp; med m\u00e5nga medlemmar och g\u00e4ster fr\u00e5n flera andra vasaloger n\u00e4rvarande. Den 14 november 2020 firar logen sitt 70-\u00e5rsjubileum.Den 8 november 2025 firade Logen 75 \u00e5rs jubileum<\/dt>\n<dt><\/dt>\n<dt><strong>\u00c4r du<\/strong> intresserad av medlemskap eller bara \u00f6nskar svar p\u00e5 n\u00e5gon fr\u00e5ga s\u00e5 \u00e4r du v\u00e4lkommen att skriva eller kontakta n\u00e5gon av kontaktpersonerna under rubriken &#8221;Lokalloger&#8221;, &#8221;Sk\u00f6vde 626&nbsp;&#8221; och &nbsp;&#8221;Kontakter&#8221;.<\/dt>\n<\/dl>\n","protected":false},"excerpt":{"rendered":"<p>Vasa Orden av Amerika bildades i New Haven, Connecticut, USA, den 18 september 1896 av svenska emigranter. D\u00e5 var syftet att i&nbsp; f\u00f6rsta hand hj\u00e4lpa dem, som genom sjukdom r\u00e5kat i n\u00f6d, men ocks\u00e5 att bereda landsm\u00e4n tillf\u00e4lle att komma tillsammans under v\u00e4rdiga former. Sverige fick sin f\u00f6rsta vasaloge i G\u00f6teborg 1924. Vasa Orden av [&hellip;]<\/p>\n","protected":false},"author":32,"featured_media":0,"parent":0,"menu_order":0,"comment_status":"closed","ping_status":"closed","template":"","meta":{"ngg_post_thumbnail":0,"ocean_post_layout":"","ocean_both_sidebars_style":"","ocean_both_sidebars_content_width":0,"ocean_both_sidebars_sidebars_width":0,"ocean_sidebar":"","ocean_second_sidebar":"","ocean_disable_margins":"enable","ocean_add_body_class":"","ocean_shortcode_before_top_bar":"","ocean_shortcode_after_top_bar":"","ocean_shortcode_before_header":"","ocean_shortcode_after_header":"","ocean_has_shortcode":"","ocean_shortcode_after_title":"","ocean_shortcode_before_footer_widgets":"","ocean_shortcode_after_footer_widgets":"","ocean_shortcode_before_footer_bottom":"","ocean_shortcode_after_footer_bottom":"","ocean_display_top_bar":"default","ocean_display_header":"default","ocean_header_style":"","ocean_center_header_left_menu":"","ocean_custom_header_template":"","ocean_custom_logo":0,"ocean_custom_retina_logo":0,"ocean_custom_logo_max_width":0,"ocean_custom_logo_tablet_max_width":0,"ocean_custom_logo_mobile_max_width":0,"ocean_custom_logo_max_height":0,"ocean_custom_logo_tablet_max_height":0,"ocean_custom_logo_mobile_max_height":0,"ocean_header_custom_menu":"","ocean_menu_typo_font_family":"","ocean_menu_typo_font_subset":"","ocean_menu_typo_font_size":0,"ocean_menu_typo_font_size_tablet":0,"ocean_menu_typo_font_size_mobile":0,"ocean_menu_typo_font_size_unit":"px","ocean_menu_typo_font_weight":"","ocean_menu_typo_font_weight_tablet":"","ocean_menu_typo_font_weight_mobile":"","ocean_menu_typo_transform":"","ocean_menu_typo_transform_tablet":"","ocean_menu_typo_transform_mobile":"","ocean_menu_typo_line_height":0,"ocean_menu_typo_line_height_tablet":0,"ocean_menu_typo_line_height_mobile":0,"ocean_menu_typo_line_height_unit":"","ocean_menu_typo_spacing":0,"ocean_menu_typo_spacing_tablet":0,"ocean_menu_typo_spacing_mobile":0,"ocean_menu_typo_spacing_unit":"","ocean_menu_link_color":"","ocean_menu_link_color_hover":"","ocean_menu_link_color_active":"","ocean_menu_link_background":"","ocean_menu_link_hover_background":"","ocean_menu_link_active_background":"","ocean_menu_social_links_bg":"","ocean_menu_social_hover_links_bg":"","ocean_menu_social_links_color":"","ocean_menu_social_hover_links_color":"","ocean_disable_title":"default","ocean_disable_heading":"default","ocean_post_title":"","ocean_post_subheading":"","ocean_post_title_style":"","ocean_post_title_background_color":"","ocean_post_title_background":0,"ocean_post_title_bg_image_position":"","ocean_post_title_bg_image_attachment":"","ocean_post_title_bg_image_repeat":"","ocean_post_title_bg_image_size":"","ocean_post_title_height":0,"ocean_post_title_bg_overlay":0.5,"ocean_post_title_bg_overlay_color":"","ocean_disable_breadcrumbs":"default","ocean_breadcrumbs_color":"","ocean_breadcrumbs_separator_color":"","ocean_breadcrumbs_links_color":"","ocean_breadcrumbs_links_hover_color":"","ocean_display_footer_widgets":"default","ocean_display_footer_bottom":"default","ocean_custom_footer_template":""},"_links":{"self":[{"href":"https:\/\/vasaorden.com\/skovde\/wp-json\/wp\/v2\/pages\/15"}],"collection":[{"href":"https:\/\/vasaorden.com\/skovde\/wp-json\/wp\/v2\/pages"}],"about":[{"href":"https:\/\/vasaorden.com\/skovde\/wp-json\/wp\/v2\/types\/page"}],"author":[{"embeddable":true,"href":"https:\/\/vasaorden.com\/skovde\/wp-json\/wp\/v2\/users\/32"}],"replies":[{"embeddable":true,"href":"https:\/\/vasaorden.com\/skovde\/wp-json\/wp\/v2\/comments?post=15"}],"version-history":[{"count":2,"href":"https:\/\/vasaorden.com\/skovde\/wp-json\/wp\/v2\/pages\/15\/revisions"}],"predecessor-version":[{"id":1608,"href":"https:\/\/vasaorden.com\/skovde\/wp-json\/wp\/v2\/pages\/15\/revisions\/1608"}],"wp:attachment":[{"href":"https:\/\/vasaorden.com\/skovde\/wp-json\/wp\/v2\/media?parent=15"}],"curies":[{"name":"wp","href":"https:\/\/api.w.org\/{rel}","templated":true}]}}