{"id":1138,"date":"2012-02-13T20:36:58","date_gmt":"2012-02-13T20:36:58","guid":{"rendered":"http:\/\/bu2022.vasaorden.com\/boras\/?page_id=11"},"modified":"2026-02-04T20:09:41","modified_gmt":"2026-02-04T19:09:41","slug":"arsprogram-2012","status":"publish","type":"page","link":"https:\/\/vasaorden.com\/skovde\/arsprogram-2012\/","title":{"rendered":"\u00c5rsprogram"},"content":{"rendered":"<p>&nbsp;<\/p>\n<table style=\"height: 743px;\" border=\"6\" width=\"590\" cellspacing=\"1\" cellpadding=\"2\" bgcolor=\"#fff8d0\">\n<tbody>\n<tr>\n<td colspan=\"2\" bgcolor=\"#ffff00\" width=\"396\">\n<h4><span style=\"font-family: Verdana; font-size: small;\">&nbsp; &nbsp; &nbsp; &nbsp; &nbsp; &nbsp; &nbsp; &nbsp; &nbsp; &nbsp; &nbsp; &nbsp; \u00c5rsprogram 2026<br \/>\n<\/span><em><span style=\"font-family: Verdana; font-size: small;\">&nbsp; &nbsp; &nbsp; &nbsp; &nbsp; &nbsp; &nbsp; &nbsp; &nbsp; &nbsp; &nbsp; inkl. <\/span><span style=\"font-family: Verdana; font-size: small;\">\u00e5rsm\u00f6te 2027<\/span><\/em><\/h4>\n<\/td>\n<\/tr>\n<tr>\n<td width=\"162\">\n<h5><em><strong>L\u00f6rdag 31 januari kl. 17.00<\/strong><\/em><\/h5>\n<h5>Torsdag 19 februari kl. 14.00<\/h5>\n<h5>L\u00f6rdag 14 mars kl. 17.00<\/h5>\n<h5>Fredag 10 april kl. 18.00<\/h5>\n<h5>Torsdag 21 maj<\/h5>\n<h5>L\u00f6rdag 6 juni<\/h5>\n<h5>Fredag 11 september kl. 18.00<\/h5>\n<h5>Fredag 9 oktober kl. 18.00<\/h5>\n<h5>L\u00f6rdag 14 november kl. 17.00<\/h5>\n<h5>L\u00f6rdag 12 december kl. 17.00<\/h5>\n<h5>L\u00f6rdag 6 februari 2027 kl. 17.00<\/h5>\n<\/td>\n<td width=\"228\">\n<h5><em><strong>\u00c5rsm\u00f6te 2026<\/strong><\/em><\/h5>\n<h5>HLR och Hj\u00e4rtstartar, Utbildning Vuxenskolan<\/h5>\n<h5>Logem\u00f6te, Br\u00f6dernas Afton<\/h5>\n<h5>Logem\u00f6te, Kulturafton<\/h5>\n<h5>Tr\u00e4dg\u00e5rdsfest, Familjen Sv\u00e4rd, \u00c5kleby<\/h5>\n<h5><strong>Nationaldags firande<\/strong><\/h5>\n<h5><strong>Logem\u00f6te, Kulturafton<\/strong>&nbsp;&nbsp;<\/h5>\n<h5>Logem\u00f6te, Kulturafton<\/h5>\n<h5>Logem\u00f6te, Logens f\u00f6delsedag<\/h5>\n<h5>Logem\u00f6te, Systrarnas afton<\/h5>\n<h5>\u00c5rsm\u00f6te 2027<\/h5>\n<\/td>\n<\/tr>\n<\/tbody>\n<\/table>\n<p><b>&nbsp;<\/b><br \/>\n&nbsp;<br \/>\n&nbsp;<br \/>\n&nbsp;<br \/>\n&nbsp;<br \/>\n<i>&nbsp;<\/i><br \/>\n<em>&nbsp;&nbsp;<\/em><br \/>\n&nbsp;<br \/>\n&nbsp;<br \/>\n&nbsp;<br \/>\n&nbsp;<br \/>\n<b>&nbsp;<\/b><br \/>\n&nbsp;<\/p>\n","protected":false},"excerpt":{"rendered":"<p>&nbsp; &nbsp; &nbsp; &nbsp; &nbsp; &nbsp; &nbsp; &nbsp; &nbsp; &nbsp; &nbsp; &nbsp; &nbsp; \u00c5rsprogram 2026 &nbsp; &nbsp; &nbsp; &nbsp; &nbsp; &nbsp; &nbsp; &nbsp; &nbsp; &nbsp; &nbsp; inkl. \u00e5rsm\u00f6te 2027 L\u00f6rdag 31 januari kl. 17.00 Torsdag 19 februari kl. 14.00 L\u00f6rdag 14 mars kl. 17.00 Fredag 10 april kl. 18.00 Torsdag 21 maj L\u00f6rdag 6 juni [&hellip;]<\/p>\n","protected":false},"author":32,"featured_media":0,"parent":0,"menu_order":0,"comment_status":"closed","ping_status":"closed","template":"","meta":{"ngg_post_thumbnail":0,"ocean_post_layout":"","ocean_both_sidebars_style":"","ocean_both_sidebars_content_width":0,"ocean_both_sidebars_sidebars_width":0,"ocean_sidebar":"0","ocean_second_sidebar":"0","ocean_disable_margins":"enable","ocean_add_body_class":"","ocean_shortcode_before_top_bar":"","ocean_shortcode_after_top_bar":"","ocean_shortcode_before_header":"","ocean_shortcode_after_header":"","ocean_has_shortcode":"","ocean_shortcode_after_title":"","ocean_shortcode_before_footer_widgets":"","ocean_shortcode_after_footer_widgets":"","ocean_shortcode_before_footer_bottom":"","ocean_shortcode_after_footer_bottom":"","ocean_display_top_bar":"default","ocean_display_header":"default","ocean_header_style":"","ocean_center_header_left_menu":"0","ocean_custom_header_template":"0","ocean_custom_logo":0,"ocean_custom_retina_logo":0,"ocean_custom_logo_max_width":0,"ocean_custom_logo_tablet_max_width":0,"ocean_custom_logo_mobile_max_width":0,"ocean_custom_logo_max_height":0,"ocean_custom_logo_tablet_max_height":0,"ocean_custom_logo_mobile_max_height":0,"ocean_header_custom_menu":"0","ocean_menu_typo_font_family":"0","ocean_menu_typo_font_subset":"","ocean_menu_typo_font_size":0,"ocean_menu_typo_font_size_tablet":0,"ocean_menu_typo_font_size_mobile":0,"ocean_menu_typo_font_size_unit":"px","ocean_menu_typo_font_weight":"","ocean_menu_typo_font_weight_tablet":"","ocean_menu_typo_font_weight_mobile":"","ocean_menu_typo_transform":"","ocean_menu_typo_transform_tablet":"","ocean_menu_typo_transform_mobile":"","ocean_menu_typo_line_height":0,"ocean_menu_typo_line_height_tablet":0,"ocean_menu_typo_line_height_mobile":0,"ocean_menu_typo_line_height_unit":"","ocean_menu_typo_spacing":0,"ocean_menu_typo_spacing_tablet":0,"ocean_menu_typo_spacing_mobile":0,"ocean_menu_typo_spacing_unit":"","ocean_menu_link_color":"","ocean_menu_link_color_hover":"","ocean_menu_link_color_active":"","ocean_menu_link_background":"","ocean_menu_link_hover_background":"","ocean_menu_link_active_background":"","ocean_menu_social_links_bg":"","ocean_menu_social_hover_links_bg":"","ocean_menu_social_links_color":"","ocean_menu_social_hover_links_color":"","ocean_disable_title":"default","ocean_disable_heading":"default","ocean_post_title":"","ocean_post_subheading":"","ocean_post_title_style":"","ocean_post_title_background_color":"","ocean_post_title_background":0,"ocean_post_title_bg_image_position":"","ocean_post_title_bg_image_attachment":"","ocean_post_title_bg_image_repeat":"","ocean_post_title_bg_image_size":"","ocean_post_title_height":0,"ocean_post_title_bg_overlay":0.5,"ocean_post_title_bg_overlay_color":"","ocean_disable_breadcrumbs":"default","ocean_breadcrumbs_color":"","ocean_breadcrumbs_separator_color":"","ocean_breadcrumbs_links_color":"","ocean_breadcrumbs_links_hover_color":"","ocean_display_footer_widgets":"default","ocean_display_footer_bottom":"default","ocean_custom_footer_template":"0"},"_links":{"self":[{"href":"https:\/\/vasaorden.com\/skovde\/wp-json\/wp\/v2\/pages\/1138"}],"collection":[{"href":"https:\/\/vasaorden.com\/skovde\/wp-json\/wp\/v2\/pages"}],"about":[{"href":"https:\/\/vasaorden.com\/skovde\/wp-json\/wp\/v2\/types\/page"}],"author":[{"embeddable":true,"href":"https:\/\/vasaorden.com\/skovde\/wp-json\/wp\/v2\/users\/32"}],"replies":[{"embeddable":true,"href":"https:\/\/vasaorden.com\/skovde\/wp-json\/wp\/v2\/comments?post=1138"}],"version-history":[{"count":23,"href":"https:\/\/vasaorden.com\/skovde\/wp-json\/wp\/v2\/pages\/1138\/revisions"}],"predecessor-version":[{"id":1595,"href":"https:\/\/vasaorden.com\/skovde\/wp-json\/wp\/v2\/pages\/1138\/revisions\/1595"}],"wp:attachment":[{"href":"https:\/\/vasaorden.com\/skovde\/wp-json\/wp\/v2\/media?parent=1138"}],"curies":[{"name":"wp","href":"https:\/\/api.w.org\/{rel}","templated":true}]}}