{"id":1137,"date":"2012-02-11T22:53:06","date_gmt":"2012-02-11T22:53:06","guid":{"rendered":"http:\/\/bu2022.vasaorden.com\/boras\/?page_id=6"},"modified":"2026-04-20T18:49:25","modified_gmt":"2026-04-20T16:49:25","slug":"startsidan","status":"publish","type":"page","link":"https:\/\/vasaorden.com\/skovde\/","title":{"rendered":"Startsidan"},"content":{"rendered":"<p><strong><span style=\"font-family: Verdana\">V\u00e4lkommen<\/span><\/strong><\/p>\n<p align=\"left\"><strong><span style=\"font-family: Verdana\">Logen&nbsp;Sk\u00f6vde, 626, stiftad den 12 november 1950<br \/>\n<\/span><\/strong><span style=\"font-family: Verdana\">Vi \u00e4r en av Vasa Orden av Amerikas 18 lokalloger i Sverige med ett 40-tal medlemmar i Sk\u00f6vde och Falk\u00f6pings-omr\u00e5det. Vi samlas till olika kulturella aktiviteter och trevlig samvaro med 7 logem\u00f6ten per \u00e5r.<br \/>\nVasa Orden av Amerika \u00e4r inte bara kultur och allvar.&nbsp;V\u00e5ra m\u00f6ten&nbsp;blandas med olika slags program s\u00e5som f\u00f6redrag, filmer, underh\u00e5llning och andra tr\u00e4ffar, men ocks\u00e5 utflykter till intressanta m\u00e5l. Vi bes\u00f6ker ocks\u00e5 andra vasaloger f\u00f6r gemensamma sammankomster.<\/span><\/p>\n<p align=\"left\">I kontakterna med Vasa Orden i Amerika har vi i f\u00f6rsta hand v\u00e5r v\u00e4nloge:<br \/>\n\u00a4&nbsp; Nobel Lodge Nr288, Mobile, Illinois<\/p>\n<p align=\"left\"><span style=\"font-family: Verdana\">Vill du veta mer om v\u00e5r verksamhet, titta in p\u00e5 v\u00e5ra \u00f6vriga sidor och p\u00e5 Distriktslogen.<\/span><\/p>\n","protected":false},"excerpt":{"rendered":"<p>V\u00e4lkommen Logen&nbsp;Sk\u00f6vde, 626, stiftad den 12 november 1950 Vi \u00e4r en av Vasa Orden av Amerikas 18 lokalloger i Sverige med ett 40-tal medlemmar i Sk\u00f6vde och Falk\u00f6pings-omr\u00e5det. Vi samlas till olika kulturella aktiviteter och trevlig samvaro med 7 logem\u00f6ten per \u00e5r. Vasa Orden av Amerika \u00e4r inte bara kultur och allvar.&nbsp;V\u00e5ra m\u00f6ten&nbsp;blandas med olika [&hellip;]<\/p>\n","protected":false},"author":32,"featured_media":0,"parent":0,"menu_order":0,"comment_status":"closed","ping_status":"closed","template":"","meta":{"ngg_post_thumbnail":0,"ocean_post_layout":"","ocean_both_sidebars_style":"","ocean_both_sidebars_content_width":0,"ocean_both_sidebars_sidebars_width":0,"ocean_sidebar":"","ocean_second_sidebar":"","ocean_disable_margins":"enable","ocean_add_body_class":"","ocean_shortcode_before_top_bar":"","ocean_shortcode_after_top_bar":"","ocean_shortcode_before_header":"","ocean_shortcode_after_header":"","ocean_has_shortcode":"","ocean_shortcode_after_title":"","ocean_shortcode_before_footer_widgets":"","ocean_shortcode_after_footer_widgets":"","ocean_shortcode_before_footer_bottom":"","ocean_shortcode_after_footer_bottom":"","ocean_display_top_bar":"default","ocean_display_header":"default","ocean_header_style":"","ocean_center_header_left_menu":"","ocean_custom_header_template":"","ocean_custom_logo":0,"ocean_custom_retina_logo":0,"ocean_custom_logo_max_width":0,"ocean_custom_logo_tablet_max_width":0,"ocean_custom_logo_mobile_max_width":0,"ocean_custom_logo_max_height":0,"ocean_custom_logo_tablet_max_height":0,"ocean_custom_logo_mobile_max_height":0,"ocean_header_custom_menu":"","ocean_menu_typo_font_family":"","ocean_menu_typo_font_subset":"","ocean_menu_typo_font_size":0,"ocean_menu_typo_font_size_tablet":0,"ocean_menu_typo_font_size_mobile":0,"ocean_menu_typo_font_size_unit":"px","ocean_menu_typo_font_weight":"","ocean_menu_typo_font_weight_tablet":"","ocean_menu_typo_font_weight_mobile":"","ocean_menu_typo_transform":"","ocean_menu_typo_transform_tablet":"","ocean_menu_typo_transform_mobile":"","ocean_menu_typo_line_height":0,"ocean_menu_typo_line_height_tablet":0,"ocean_menu_typo_line_height_mobile":0,"ocean_menu_typo_line_height_unit":"","ocean_menu_typo_spacing":0,"ocean_menu_typo_spacing_tablet":0,"ocean_menu_typo_spacing_mobile":0,"ocean_menu_typo_spacing_unit":"","ocean_menu_link_color":"","ocean_menu_link_color_hover":"","ocean_menu_link_color_active":"","ocean_menu_link_background":"","ocean_menu_link_hover_background":"","ocean_menu_link_active_background":"","ocean_menu_social_links_bg":"","ocean_menu_social_hover_links_bg":"","ocean_menu_social_links_color":"","ocean_menu_social_hover_links_color":"","ocean_disable_title":"default","ocean_disable_heading":"default","ocean_post_title":"","ocean_post_subheading":"","ocean_post_title_style":"","ocean_post_title_background_color":"","ocean_post_title_background":0,"ocean_post_title_bg_image_position":"","ocean_post_title_bg_image_attachment":"","ocean_post_title_bg_image_repeat":"","ocean_post_title_bg_image_size":"","ocean_post_title_height":0,"ocean_post_title_bg_overlay":0.5,"ocean_post_title_bg_overlay_color":"","ocean_disable_breadcrumbs":"default","ocean_breadcrumbs_color":"","ocean_breadcrumbs_separator_color":"","ocean_breadcrumbs_links_color":"","ocean_breadcrumbs_links_hover_color":"","ocean_display_footer_widgets":"default","ocean_display_footer_bottom":"default","ocean_custom_footer_template":""},"_links":{"self":[{"href":"https:\/\/vasaorden.com\/skovde\/wp-json\/wp\/v2\/pages\/1137"}],"collection":[{"href":"https:\/\/vasaorden.com\/skovde\/wp-json\/wp\/v2\/pages"}],"about":[{"href":"https:\/\/vasaorden.com\/skovde\/wp-json\/wp\/v2\/types\/page"}],"author":[{"embeddable":true,"href":"https:\/\/vasaorden.com\/skovde\/wp-json\/wp\/v2\/users\/32"}],"replies":[{"embeddable":true,"href":"https:\/\/vasaorden.com\/skovde\/wp-json\/wp\/v2\/comments?post=1137"}],"version-history":[{"count":2,"href":"https:\/\/vasaorden.com\/skovde\/wp-json\/wp\/v2\/pages\/1137\/revisions"}],"predecessor-version":[{"id":1614,"href":"https:\/\/vasaorden.com\/skovde\/wp-json\/wp\/v2\/pages\/1137\/revisions\/1614"}],"wp:attachment":[{"href":"https:\/\/vasaorden.com\/skovde\/wp-json\/wp\/v2\/media?parent=1137"}],"curies":[{"name":"wp","href":"https:\/\/api.w.org\/{rel}","templated":true}]}}