{"id":21,"date":"2012-02-13T20:38:13","date_gmt":"2012-02-13T20:38:13","guid":{"rendered":"http:\/\/bu2022.vasaorden.com\/boras\/?page_id=21"},"modified":"2026-02-09T15:53:35","modified_gmt":"2026-02-09T14:53:35","slug":"lankar","status":"publish","type":"page","link":"https:\/\/vasaorden.com\/norrkoping\/lankar\/","title":{"rendered":"L\u00e4nkar"},"content":{"rendered":"\n<figure class=\"wp-block-table\"><table><tbody><tr><td>\n<h3><span style=\"color: #000080\"><strong><span style=\"font-family: Verdana;font-size: large\">Intressanta hemsidor&nbsp;&nbsp;&nbsp;&nbsp;&nbsp;&nbsp;&nbsp;&nbsp;&nbsp;&nbsp;&nbsp;&nbsp;&nbsp; <\/span><\/strong><\/span><\/h3>\n<\/td><td>\n<p align=\"right\"><strong>&nbsp;<span style=\"color: #000080;font-family: Verdana;font-size: large\">&nbsp;<\/span><\/strong><\/p>\n<\/td><\/tr><\/tbody><\/table><\/figure>\n\n\n\n<p><strong><span style=\"color: #000080;font-family: Verdana;font-size: large\">&nbsp;________________________________________________________________________________________________<\/span><\/strong><strong>&nbsp;&nbsp;&nbsp;&nbsp;&nbsp; <\/strong><\/p>\n\n\n\n<figure class=\"wp-block-table\"><table><tbody><tr><td><strong><span style=\"color: #000080;font-family: Verdana\">Vasaorden av Amerika<\/span><\/strong><\/td><td>&nbsp;<\/td><td><strong> <span style=\"color: #000080;font-family: Verdana\">Norrk\u00f6ping med omnejd<\/span><\/strong><\/td><td>&nbsp;<\/td><td><strong><span style=\"color: #000080;font-family: Verdana\">USA o Canada<\/span><\/strong><\/td><td>&nbsp;<\/td><td><strong><span style=\"color: #000080;font-family: Verdana\">Nyttigt<\/span><\/strong><\/td><\/tr><tr><td>&nbsp;<\/td><td>&nbsp;<\/td><td><a href=\"http:\/\/www.norrkopingsguiden.se\"><span style=\"font-family: Verdana\"> <span style=\"color: #000080;font-family: Verdana\">Upplev Norrk\u00f6ping<\/span><\/span><\/a><\/td><td>&nbsp;<\/td><td><span style=\"font-family: Verdana\"> <a href=\"http:\/\/www.ellisisland.org\/\" target=\"_blank\" rel=\"noopener noreferrer\"> <span style=\"color: #000080\"> Ellis Islands Organisation <\/span> <\/a> <\/span><\/td><td>&nbsp;<\/td><td><span style=\"color: #000080;font-family: Verdana\"> <a href=\"http:\/\/www.genealogi.se\/\" target=\"_blank\" rel=\"noopener noreferrer\"><span style=\"color: #000080\">Sveriges Sl\u00e4ktforskarf\u00f6rbund<\/span><\/a><\/span><\/td><\/tr><tr><td><span style=\"font-family: Verdana\"> <a href=\"https:\/\/vasaorden.com\/vadstena\"> <span style=\"color: #000080;font-family: Verdana\">LL Vadstena nr 762, Vadstena<\/span><\/a><\/span><\/td><td>&nbsp;<\/td><td><a href=\"http:\/\/www.soderkoping.se\/\" target=\"_blank\" rel=\"noopener noreferrer\"> <span style=\"color: #000080;font-family: Verdana\"> V\u00e4lkommen till S\u00f6derk\u00f6ping<\/span><\/a><\/td><td>&nbsp;<\/td><td><span style=\"color: #000080;font-family: Verdana\"> <a href=\"http:\/\/www.americanswedish.org\/\" target=\"_blank\" rel=\"noopener noreferrer\"> <span style=\"color: #000080\">American Swedish Historical Museum<\/span><\/a><\/span><\/td><td>&nbsp;<\/td><td><span style=\"font-family: Verdana\"> <a href=\"http:\/\/slaktforskarna.se\/\" target=\"_blank\" rel=\"noopener noreferrer\"> <span style=\"color: #000080\">Sl\u00e4ktforskarna i Norrk\u00f6ping<\/span><\/a><\/span><\/td><\/tr><tr><td><span style=\"font-family: Verdana\"> <a href=\"https:\/\/vasaorden.com\/dl19\"> <span style=\"color: #000080;font-family: Verdana\">DL Norra <\/span><\/a><span style=\"color: #000080;font-family: Verdana\"><a href=\"https:\/\/vasaorden.com\">Sverige nr <\/a><\/span><a href=\"https:\/\/vasaorden.com\/dl19\"><span style=\"color: #000080;font-family: Verdana\">19 <\/span> <\/a> <\/span><\/td><td>&nbsp;<\/td><td><span style=\"color: #000080;font-family: Verdana\"><a href=\"http:\/\/www.gamlanorrkoping.se\" data-type=\"URL\" data-id=\"http:\/\/www.gamlanorrkoping.se\"><span style=\"color: #000080\">F\u00f6reningen Gamla Norrk\u00f6ping<\/span><\/a><\/span><\/td><td>&nbsp;<\/td><td><span style=\"color: #000080;font-family: Verdana\"> <a href=\"http:\/\/www.americanswedishinst.org\/\" target=\"_blank\" rel=\"noopener noreferrer\"> <span style=\"color: #000080\">American Swedish Institute<\/span><\/a><\/span><\/td><td>&nbsp;<\/td><td><a href=\"https:\/\/kulturparkensmaland.se\/\"><span style=\"color: #000080;font-family: Verdana\"> <span style=\"color: #000080\">Kulturparken Sm\u00e5land Utvandrarnas hus<\/span><\/span><\/a><\/td><\/tr><tr><td><a href=\"http:\/\/www.vasaorden.se\/\" target=\"_blank\" rel=\"noopener noreferrer\"><span style=\"font-family: Verdana\"> <span style=\"color: #000080;font-family: Verdana\"> DL S\u00f6dra Sverige nr 20 <\/span> <\/span><\/a><\/td><td>&nbsp;<\/td><td><a href=\"http:\/\/visit.norrkoping.se\/se-och-gora\/sevardheter\/sevardheter\/industrilandskapet\/\"><span style=\"color: #000080\">Industrilandskapet<\/span><\/a><\/td><td>&nbsp;<\/td><td><span style=\"color: #000080;font-family: Verdana\"> <a href=\"http:\/\/www.colonialswedes.org\/\" target=\"_blank\" rel=\"noopener noreferrer\"> <span style=\"color: #000080\">The Swedish Colonial Society<\/span><\/a><\/span><\/td><td>&nbsp;<\/td><td><span style=\"color: #000080;font-family: Verdana\"> <a href=\"http:\/\/www.antikvariat.net\/\" target=\"_blank\" rel=\"noopener noreferrer\"><span style=\"color: #000080\"> Antikvariat.net &#8211; Hitta boken<\/span><\/a><\/span><\/td><\/tr><tr><td><span style=\"color: #000080;font-family: Verdana\"> <a href=\"http:\/\/www.vasaorder.com\/vasaarkivet\/\"> <span style=\"color: #000080\">Vasa Order <\/span><\/a><span style=\"color: #000080\">of <\/span><a rel=\"noopener noreferrer\" href=\"http:\/\/www.vasaorder.com\/\" target=\"_blank\"><span style=\"color: #000080\">America<\/span><\/a><\/span><\/td><td>&nbsp;<\/td><td>&nbsp;<\/td><td>&nbsp;<\/td><td><a href=\"https:\/\/www.visitbishophill.com\/\" target=\"_blank\" rel=\"noreferrer noopener\"><span style=\"color: #000080;font-family: Verdana\"> <span style=\"color: #000080\">Bishop Hill<\/span><\/span><\/a><\/td><td>&nbsp;<\/td><td><\/td><\/tr><tr><td><span style=\"color: #000080\"><a href=\"https:\/\/vasaorden.com\/vasa-karven\/\">VASAK\u00c4RVEN &#8211; Tidskrift f\u00f6r DL19<\/a><\/span><\/td><td>&nbsp;<\/td><td>&nbsp;<\/td><td>&nbsp;<\/td><td><span style=\"color: #000080;font-family: Verdana\"> <a href=\"http:\/\/www.nordstjernan.com\/favicon.ico\" target=\"_blank\" rel=\"noopener noreferrer\"> <span style=\"color: #000080\">T<\/span><\/a><a href=\"http:\/\/www.nordstjernan.com\/\" target=\"_blank\" rel=\"noopener noreferrer\"><span style=\"color: #000080\">idningen &#8221;Nordstjernan&#8221;<\/span><\/a><\/span><\/td><td>&nbsp;<\/td><td>&nbsp;<\/td><\/tr><tr><td><span style=\"color: #000080;font-family: Verdana\"> <a href=\"http:\/\/www.vasaarchives.com\/\" target=\"_blank\" rel=\"noopener noreferrer\"> <span style=\"color: #000080\">Vasa Order of America National Archive<\/span><\/a><\/span><\/td><td>&nbsp;<\/td><td>&nbsp;<\/td><td>&nbsp;<\/td><td><span style=\"color: #000080;font-family: Verdana\"> <a href=\"http:\/\/www.lindsborgcity.org\/\" target=\"_blank\" rel=\"noopener noreferrer\"><span style=\"color: #000080\">Staden Lindsborg<\/span><\/a><\/span><\/td><td>&nbsp;<\/td><td>&nbsp;<\/td><\/tr><tr><td>&nbsp;<\/td><td>&nbsp;<\/td><td>&nbsp;<\/td><td>&nbsp;<\/td><td><span style=\"color: #000080;font-family: Verdana\"> <a href=\"http:\/\/www.nps.gov\/\" target=\"_blank\" rel=\"noopener noreferrer\"><span style=\"color: #000080\"> National Park Service<\/span><\/a><\/span><\/td><td>&nbsp;<\/td><td>&nbsp;<\/td><\/tr><tr><td>&nbsp;<\/td><td>&nbsp;<\/td><td>&nbsp;<\/td><td>&nbsp;<\/td><td>&nbsp;<\/td><td>&nbsp;<\/td><td>&nbsp;<\/td><\/tr><\/tbody><\/table><\/figure>\n\n\n\n<figure class=\"wp-block-table\"><table><tbody><tr><td>&nbsp;<\/td><td>&nbsp;<\/td><\/tr><\/tbody><\/table><\/figure>\n","protected":false},"excerpt":{"rendered":"<p>Intressanta hemsidor&nbsp;&nbsp;&nbsp;&nbsp;&nbsp;&nbsp;&nbsp;&nbsp;&nbsp;&nbsp;&nbsp;&nbsp;&nbsp; &nbsp;&nbsp; &nbsp;________________________________________________________________________________________________&nbsp;&nbsp;&nbsp;&nbsp;&nbsp; Vasaorden av Amerika &nbsp; Norrk\u00f6ping med omnejd &nbsp; USA o Canada &nbsp; Nyttigt &nbsp; &nbsp; Upplev Norrk\u00f6ping &nbsp; Ellis Islands Organisation &nbsp; Sveriges Sl\u00e4ktforskarf\u00f6rbund LL Vadstena nr 762, Vadstena &nbsp; V\u00e4lkommen till S\u00f6derk\u00f6ping &nbsp; American Swedish Historical Museum &nbsp; Sl\u00e4ktforskarna i Norrk\u00f6ping DL Norra Sverige nr 19 &nbsp; F\u00f6reningen Gamla Norrk\u00f6ping [&hellip;]<\/p>\n","protected":false},"author":9,"featured_media":0,"parent":0,"menu_order":70,"comment_status":"closed","ping_status":"closed","template":"","meta":{"ngg_post_thumbnail":0,"ocean_post_layout":"","ocean_both_sidebars_style":"","ocean_both_sidebars_content_width":0,"ocean_both_sidebars_sidebars_width":0,"ocean_sidebar":"0","ocean_second_sidebar":"0","ocean_disable_margins":"enable","ocean_add_body_class":"","ocean_shortcode_before_top_bar":"","ocean_shortcode_after_top_bar":"","ocean_shortcode_before_header":"","ocean_shortcode_after_header":"","ocean_has_shortcode":"","ocean_shortcode_after_title":"","ocean_shortcode_before_footer_widgets":"","ocean_shortcode_after_footer_widgets":"","ocean_shortcode_before_footer_bottom":"","ocean_shortcode_after_footer_bottom":"","ocean_display_top_bar":"default","ocean_display_header":"default","ocean_header_style":"","ocean_center_header_left_menu":"0","ocean_custom_header_template":"0","ocean_custom_logo":0,"ocean_custom_retina_logo":0,"ocean_custom_logo_max_width":0,"ocean_custom_logo_tablet_max_width":0,"ocean_custom_logo_mobile_max_width":0,"ocean_custom_logo_max_height":0,"ocean_custom_logo_tablet_max_height":0,"ocean_custom_logo_mobile_max_height":0,"ocean_header_custom_menu":"0","ocean_menu_typo_font_family":"0","ocean_menu_typo_font_subset":"","ocean_menu_typo_font_size":0,"ocean_menu_typo_font_size_tablet":0,"ocean_menu_typo_font_size_mobile":0,"ocean_menu_typo_font_size_unit":"px","ocean_menu_typo_font_weight":"","ocean_menu_typo_font_weight_tablet":"","ocean_menu_typo_font_weight_mobile":"","ocean_menu_typo_transform":"","ocean_menu_typo_transform_tablet":"","ocean_menu_typo_transform_mobile":"","ocean_menu_typo_line_height":0,"ocean_menu_typo_line_height_tablet":0,"ocean_menu_typo_line_height_mobile":0,"ocean_menu_typo_line_height_unit":"","ocean_menu_typo_spacing":0,"ocean_menu_typo_spacing_tablet":0,"ocean_menu_typo_spacing_mobile":0,"ocean_menu_typo_spacing_unit":"","ocean_menu_link_color":"","ocean_menu_link_color_hover":"","ocean_menu_link_color_active":"","ocean_menu_link_background":"","ocean_menu_link_hover_background":"","ocean_menu_link_active_background":"","ocean_menu_social_links_bg":"","ocean_menu_social_hover_links_bg":"","ocean_menu_social_links_color":"","ocean_menu_social_hover_links_color":"","ocean_disable_title":"default","ocean_disable_heading":"default","ocean_post_title":"","ocean_post_subheading":"","ocean_post_title_style":"","ocean_post_title_background_color":"","ocean_post_title_background":0,"ocean_post_title_bg_image_position":"","ocean_post_title_bg_image_attachment":"","ocean_post_title_bg_image_repeat":"","ocean_post_title_bg_image_size":"","ocean_post_title_height":0,"ocean_post_title_bg_overlay":0.5,"ocean_post_title_bg_overlay_color":"","ocean_disable_breadcrumbs":"default","ocean_breadcrumbs_color":"","ocean_breadcrumbs_separator_color":"","ocean_breadcrumbs_links_color":"","ocean_breadcrumbs_links_hover_color":"","ocean_display_footer_widgets":"default","ocean_display_footer_bottom":"default","ocean_custom_footer_template":"0"},"_links":{"self":[{"href":"https:\/\/vasaorden.com\/norrkoping\/wp-json\/wp\/v2\/pages\/21"}],"collection":[{"href":"https:\/\/vasaorden.com\/norrkoping\/wp-json\/wp\/v2\/pages"}],"about":[{"href":"https:\/\/vasaorden.com\/norrkoping\/wp-json\/wp\/v2\/types\/page"}],"author":[{"embeddable":true,"href":"https:\/\/vasaorden.com\/norrkoping\/wp-json\/wp\/v2\/users\/9"}],"replies":[{"embeddable":true,"href":"https:\/\/vasaorden.com\/norrkoping\/wp-json\/wp\/v2\/comments?post=21"}],"version-history":[{"count":11,"href":"https:\/\/vasaorden.com\/norrkoping\/wp-json\/wp\/v2\/pages\/21\/revisions"}],"predecessor-version":[{"id":6949,"href":"https:\/\/vasaorden.com\/norrkoping\/wp-json\/wp\/v2\/pages\/21\/revisions\/6949"}],"wp:attachment":[{"href":"https:\/\/vasaorden.com\/norrkoping\/wp-json\/wp\/v2\/media?parent=21"}],"curies":[{"name":"wp","href":"https:\/\/api.w.org\/{rel}","templated":true}]}}