{"id":17,"date":"2012-02-13T20:37:45","date_gmt":"2012-02-13T20:37:45","guid":{"rendered":"http:\/\/bu2022.vasaorden.com\/boras\/?page_id=17"},"modified":"2026-03-09T17:23:26","modified_gmt":"2026-03-09T16:23:26","slug":"motesplats","status":"publish","type":"page","link":"https:\/\/vasaorden.com\/norrkoping\/motesplats\/","title":{"rendered":"M\u00f6tesplats"},"content":{"rendered":"\n<p>V\u00e5r m\u00f6tesplats \u00e4r Odd Fellow\u00b4s Ordenslokal, Vattengr\u00e4nden 9, Norrk\u00f6ping. Hiss g\u00e5r till 3:e v\u00e5ningen d\u00e4r utrymme f\u00f6r ytterkl\u00e4der finns. <br>Karta med Ordenshuset inringat och parkerinsplatser angivna.<\/p>\n\n\n\n<p><br>\u00a0N\u00e4rhet till Resecentrum (t\u00e5gstation och sp\u00e5rvagnsh\u00e5llplats).<\/p>\n\n\n\n<p>Vid intr\u00e4de till Ordenshuset l\u00e4mnas ST\u00c5ENDE L\u00d6SENORD till utsedd Yttre Vakt.<br><\/p>\n\n\n\n<figure class=\"wp-block-image size-large is-style-rounded\"><img src=\"https:\/\/vasaorden.com\/norrkoping\/wp-content\/uploads\/sites\/5\/2026\/03\/Karta-1.jpeg\" alt=\"\" \/><\/figure>\n\n\n\n<p><\/p>\n\n\n\n<p><\/p>\n","protected":false},"excerpt":{"rendered":"<p>V\u00e5r m\u00f6tesplats \u00e4r Odd Fellow\u00b4s Ordenslokal, Vattengr\u00e4nden 9, Norrk\u00f6ping. Hiss g\u00e5r till 3:e v\u00e5ningen d\u00e4r utrymme f\u00f6r ytterkl\u00e4der finns. Karta med Ordenshuset inringat och parkerinsplatser angivna. \u00a0N\u00e4rhet till Resecentrum (t\u00e5gstation och sp\u00e5rvagnsh\u00e5llplats). Vid intr\u00e4de till Ordenshuset l\u00e4mnas ST\u00c5ENDE L\u00d6SENORD till utsedd Yttre Vakt.<\/p>\n","protected":false},"author":9,"featured_media":0,"parent":0,"menu_order":50,"comment_status":"closed","ping_status":"closed","template":"","meta":{"ngg_post_thumbnail":0,"ocean_post_layout":"","ocean_both_sidebars_style":"","ocean_both_sidebars_content_width":0,"ocean_both_sidebars_sidebars_width":0,"ocean_sidebar":"0","ocean_second_sidebar":"0","ocean_disable_margins":"enable","ocean_add_body_class":"","ocean_shortcode_before_top_bar":"","ocean_shortcode_after_top_bar":"","ocean_shortcode_before_header":"","ocean_shortcode_after_header":"","ocean_has_shortcode":"","ocean_shortcode_after_title":"","ocean_shortcode_before_footer_widgets":"","ocean_shortcode_after_footer_widgets":"","ocean_shortcode_before_footer_bottom":"","ocean_shortcode_after_footer_bottom":"","ocean_display_top_bar":"default","ocean_display_header":"default","ocean_header_style":"","ocean_center_header_left_menu":"0","ocean_custom_header_template":"0","ocean_custom_logo":0,"ocean_custom_retina_logo":0,"ocean_custom_logo_max_width":0,"ocean_custom_logo_tablet_max_width":0,"ocean_custom_logo_mobile_max_width":0,"ocean_custom_logo_max_height":0,"ocean_custom_logo_tablet_max_height":0,"ocean_custom_logo_mobile_max_height":0,"ocean_header_custom_menu":"0","ocean_menu_typo_font_family":"0","ocean_menu_typo_font_subset":"","ocean_menu_typo_font_size":0,"ocean_menu_typo_font_size_tablet":0,"ocean_menu_typo_font_size_mobile":0,"ocean_menu_typo_font_size_unit":"px","ocean_menu_typo_font_weight":"","ocean_menu_typo_font_weight_tablet":"","ocean_menu_typo_font_weight_mobile":"","ocean_menu_typo_transform":"","ocean_menu_typo_transform_tablet":"","ocean_menu_typo_transform_mobile":"","ocean_menu_typo_line_height":0,"ocean_menu_typo_line_height_tablet":0,"ocean_menu_typo_line_height_mobile":0,"ocean_menu_typo_line_height_unit":"","ocean_menu_typo_spacing":0,"ocean_menu_typo_spacing_tablet":0,"ocean_menu_typo_spacing_mobile":0,"ocean_menu_typo_spacing_unit":"","ocean_menu_link_color":"","ocean_menu_link_color_hover":"","ocean_menu_link_color_active":"","ocean_menu_link_background":"","ocean_menu_link_hover_background":"","ocean_menu_link_active_background":"","ocean_menu_social_links_bg":"","ocean_menu_social_hover_links_bg":"","ocean_menu_social_links_color":"","ocean_menu_social_hover_links_color":"","ocean_disable_title":"default","ocean_disable_heading":"default","ocean_post_title":"","ocean_post_subheading":"","ocean_post_title_style":"","ocean_post_title_background_color":"","ocean_post_title_background":0,"ocean_post_title_bg_image_position":"","ocean_post_title_bg_image_attachment":"","ocean_post_title_bg_image_repeat":"","ocean_post_title_bg_image_size":"","ocean_post_title_height":0,"ocean_post_title_bg_overlay":0.5,"ocean_post_title_bg_overlay_color":"","ocean_disable_breadcrumbs":"default","ocean_breadcrumbs_color":"","ocean_breadcrumbs_separator_color":"","ocean_breadcrumbs_links_color":"","ocean_breadcrumbs_links_hover_color":"","ocean_display_footer_widgets":"default","ocean_display_footer_bottom":"default","ocean_custom_footer_template":"0"},"_links":{"self":[{"href":"https:\/\/vasaorden.com\/norrkoping\/wp-json\/wp\/v2\/pages\/17"}],"collection":[{"href":"https:\/\/vasaorden.com\/norrkoping\/wp-json\/wp\/v2\/pages"}],"about":[{"href":"https:\/\/vasaorden.com\/norrkoping\/wp-json\/wp\/v2\/types\/page"}],"author":[{"embeddable":true,"href":"https:\/\/vasaorden.com\/norrkoping\/wp-json\/wp\/v2\/users\/9"}],"replies":[{"embeddable":true,"href":"https:\/\/vasaorden.com\/norrkoping\/wp-json\/wp\/v2\/comments?post=17"}],"version-history":[{"count":12,"href":"https:\/\/vasaorden.com\/norrkoping\/wp-json\/wp\/v2\/pages\/17\/revisions"}],"predecessor-version":[{"id":7052,"href":"https:\/\/vasaorden.com\/norrkoping\/wp-json\/wp\/v2\/pages\/17\/revisions\/7052"}],"wp:attachment":[{"href":"https:\/\/vasaorden.com\/norrkoping\/wp-json\/wp\/v2\/media?parent=17"}],"curies":[{"name":"wp","href":"https:\/\/api.w.org\/{rel}","templated":true}]}}