{"id":1623,"date":"2014-03-16T11:48:46","date_gmt":"2014-03-16T09:48:46","guid":{"rendered":"http:\/\/bu2022.vasaorden.com\/norrkoping\/?page_id=1623"},"modified":"2026-04-05T11:53:18","modified_gmt":"2026-04-05T09:53:18","slug":"kontakt-amerika","status":"publish","type":"page","link":"https:\/\/vasaorden.com\/norrkoping\/kontakt-amerika\/","title":{"rendered":"Kontakt Amerika"},"content":{"rendered":"<div class=\"wp-block-image\">\n<figure class=\"alignleft\"><a href=\"https:\/\/vasaorden.com\/norrkoping\/wp-content\/uploads\/sites\/5\/2013\/01\/Statue_of_liberty.jpg\"><img src=\"https:\/\/vasaorden.com\/norrkoping\/wp-content\/uploads\/sites\/5\/2013\/01\/Statue_of_liberty-150x150.jpg\" alt=\"\" \/><\/a><\/figure><\/div>\n\n\n<p><span style=\"color: #ffffff\">A<\/span><br>P\u00e5 denna sida \u00e4r samlat information som \u00e4r kopplat till emigrationen till Amerika f\u00f6re och efter sekelskiftet 1900 men ocks\u00e5 svensk-amerikanska personer och h\u00e4ndelser i v\u00e5r egen tid.<br>N\u00e4r medlemmar fr\u00e5n <strong>Logen Br\u00e5viken<\/strong> gjort en USA-resa eller har skaffat sig intressanta kontakter fr\u00e5n landet i v\u00e4ster delges detta ofta vid ett Logem\u00f6te eller i ett dokument.<\/p>\n\n\n\n<h5>&nbsp;<\/h5>\n\n\n\n<h2>&nbsp;<\/h2>\n\n\n\n<h2>&nbsp;V\u00e4nloger<\/h2>\n\n\n\n<p>Logen Br\u00e5viken nr 751 har tre v\u00e4nloger i USA:<\/p>\n\n\n\n<h3>Distriktsloge Golden Gate No 12<\/h3>\n\n\n\n<h4><a href=\"https:\/\/vasaorden.com\/norrkoping\/wp-content\/uploads\/sites\/5\/2026\/01\/District_12_Cultural_Newsletter_Winter-2025.pdf\">Golden Gate Winter 2025<\/a><\/h4>\n\n\n\n<h3>Linde LodgeNo 492, Distriktsloge Lake Michigan No 8<\/h3>\n\n\n\n<h3><a href=\"https:\/\/vasaorden.com\/norrkoping\/wp-content\/uploads\/sites\/5\/2026\/04\/2026-04-05-LindeNytt.pdf\">LindeNytt 2026-04<\/a><\/h3>\n\n\n\n<h4><a href=\"https:\/\/vasaorden.com\/norrkoping\/wp-content\/uploads\/sites\/5\/2026\/01\/2026-01-LindeNytt.pdf\">LindeNytt 2026-01<\/a><\/h4>\n\n\n\n<h4><a href=\"https:\/\/vasaorden.com\/norrkoping\/wp-content\/uploads\/sites\/5\/2025\/12\/2025-12-LindeNytt.pdf\">LindeNytt 2025-12<\/a><\/h4>\n\n\n\n<h4><a href=\"https:\/\/vasaorden.com\/norrkoping\/wp-content\/uploads\/sites\/5\/2024\/11\/2024-10-LindeNytt.pdf\">LindeNytt 2024-10&nbsp;<\/a><\/h4>\n\n\n\n<h4><a href=\"https:\/\/vasaorden.com\/norrkoping\/wp-content\/uploads\/sites\/5\/2024\/11\/2024-08-LindeNytt.pdf\">LindeNytt 2024-08<\/a><\/h4>\n\n\n\n<h3><strong>Svea Lodge No 348, District Lodge Golden Gate No 12<\/strong><\/h3>\n\n\n\n<h4><a href=\"https:\/\/vasaorden.com\/norrkoping\/wp-content\/uploads\/sites\/5\/2024\/11\/SB-Nov.-2024.pdf\">Sveabladet november 2024<\/a><\/h4>\n\n\n\n<h4><a href=\"https:\/\/vasaorden.com\/norrkoping\/wp-content\/uploads\/sites\/5\/2024\/11\/SB-Feb.-2024.pdf\">Sveabladet februari 2024<\/a><\/h4>\n\n\n\n<h4><a href=\"https:\/\/vasaorden.com\/norrkoping\/wp-content\/uploads\/sites\/5\/2024\/11\/SB-Jan.-2024.pdf\">Sveabladet januari 2024<\/a><\/h4>\n\n\n\n<h3>&nbsp;<\/h3>\n\n\n\n<p><\/p>\n\n\n\n<h3><strong>Viljan Lodge No 349 i Distriktsloge Lake Michigan No. 8<\/strong><\/h3>\n\n\n<div class=\"wp-block-image\">\n<figure class=\"alignleft\"><a href=\"https:\/\/vasaorden.com\/norrkoping\/wp-content\/uploads\/sites\/5\/2016\/12\/Viljan-100-Olson-Cleveland.jpg\" target=\"_blank\" rel=\"noopener noreferrer\"><img loading=\"lazy\" width=\"150\" height=\"150\" src=\"https:\/\/vasaorden.com\/norrkoping\/wp-content\/uploads\/sites\/5\/2016\/12\/Viljan-100-Olson-Cleveland-150x150.jpg\" alt=\"viljan-100-olson-cleveland\" class=\"wp-image-3532\" \/><\/a><\/figure><\/div>\n\n\n<p>\u00c5r 2016 firade Logen Viljan #349 100 \u00e5r sedan logen grundades 1916. Inf\u00f6r det jubil\u00e9et hade vi skickat en present i form av en sverigebok med m\u00e5nga fotografier. Det verkar av tackbrevet som om presenten togs emot v\u00e4l. Personerna p\u00e5 bilden till v\u00e4nster \u00e4r d\u00e5varande ordf\u00f6rande Tom Cleveland och Dorothy Patzer fr\u00e5n Logen Viljan vid deras jubileum. Genom att klicka p\u00e5 l\u00e4nkarna nedan kan du ta upp brev och julkort samt ett klipp fr\u00e5n Vasa Star nr 4, 2016.\u00e5varande<br>Tackbrev fr\u00e5n Logen Viljan #349 &#8211; original &#8211; <a href=\"https:\/\/vasaorden.com\/norrkoping\/wp-content\/uploads\/sites\/5\/2016\/12\/Viljan-julbrev-2016-a_k.jpg\" target=\"_blank\" rel=\"noopener noreferrer\">Sid 1<\/a> &#8211; <a href=\"https:\/\/vasaorden.com\/norrkoping\/wp-content\/uploads\/sites\/5\/2016\/12\/Viljan-julbrev-2016-b_k.jpg\" target=\"_blank\" rel=\"noopener noreferrer\">Sid 2<\/a><br><a href=\"https:\/\/vasaorden.com\/norrkoping\/wp-content\/uploads\/sites\/5\/2016\/12\/Brev-Lodge-Viljan-nov-15-2016.pdf\" target=\"_blank\" rel=\"noopener noreferrer\">Tackbrev fr\u00e5n Logen Viljan #349 &#8211; svensk \u00f6vers\u00e4ttning<\/a><br><a href=\"https:\/\/vasaorden.com\/norrkoping\/wp-content\/uploads\/sites\/5\/2016\/12\/Viljan-julkort-2016_k.jpg\" target=\"_blank\" rel=\"noopener noreferrer\">Julkort fr\u00e5n Logen Viljan #349<\/a><br><a href=\"https:\/\/vasaorden.com\/norrkoping\/wp-content\/uploads\/sites\/5\/2016\/12\/SiljanMoraTuna-julkort-2016_k.jpg\" target=\"_blank\" rel=\"noopener noreferrer\">Julkort fr\u00e5n Logen Siljan-Mora-Tuna #134.&nbsp;<\/a><br><a href=\"https:\/\/vasaorden.com\/norrkoping\/wp-content\/uploads\/sites\/5\/2016\/12\/VasaStar-fall16-Viljan-100.jpg\" target=\"_blank\" rel=\"noopener noreferrer\">Klipp fr\u00e5n Vasa Star nr 4, 2016<\/a><\/p>\n\n\n\n<h3><span style=\"color: #000080\">Kontakt med loger i USA dec 2015-feb 2016<\/span><\/h3>\n\n\n\n<p>Traditionsenligt skickade vi i december 2015 julkort med n\u00e5gra rader om v\u00e5r Loge samt ett fotografi till v\u00e5r v\u00e4nloge Viljan # 349 och en annan n\u00e4rliggande Loge, Siljan-Mora-Tuna # 134. Logen Viljan hade haft sin tj\u00e4nstemannainstallation den 23:e januari 2016 och passade p\u00e5 att ta ett foto vid detta tillf\u00e4lle. B\u00e4gge v\u00e4nlogerna ligger i Chicago-omr\u00e5det. Logen Viljan har f\u00f6r n\u00e5gra \u00e5r sedan bes\u00f6kts av Una och Karl Jerlock vid n\u00e5gra tillf\u00e4llen. Logen Siljan-Mora-Tuna bes\u00f6ktes av Viveka Skott tillsammans med Una f\u00f6r ungef\u00e4r tio \u00e5r sedan. Nedan finns ett n\u00e5gra l\u00e4nkar till julkort, foto och var Logerna ligger.<br><a href=\"https:\/\/vasaorden.com\/norrkoping\/wp-content\/uploads\/sites\/5\/2016\/02\/Nagra-Loger-i-Chicagoomradet.pdf\" target=\"_blank\" rel=\"noopener noreferrer\">Vasa Orden av Amerikas Loger i Chicago-omr\u00e5det<\/a><br>Logen Viljan: <a href=\"https:\/\/vasaorden.com\/norrkoping\/wp-content\/uploads\/sites\/5\/2016\/02\/Viljan002-kompr.jpg\" target=\"_blank\" rel=\"noopener noreferrer\">Julkort<\/a> <a href=\"https:\/\/vasaorden.com\/norrkoping\/wp-content\/uploads\/sites\/5\/2016\/02\/Viljan001-kompr-b.jpg\" target=\"_blank\" rel=\"noopener noreferrer\">Brev (eng)<\/a> <a href=\"https:\/\/vasaorden.com\/norrkoping\/wp-content\/uploads\/sites\/5\/2016\/02\/Oversattning-av-brev-fran-Logen-Viljan-28-jan-2016.pdf\" target=\"_blank\" rel=\"noopener noreferrer\">Brev (sv)<\/a> <a href=\"https:\/\/vasaorden.com\/norrkoping\/wp-content\/uploads\/sites\/5\/2016\/02\/Viljan-2016atextb-kompr.jpg\" target=\"_blank\" rel=\"noopener noreferrer\">Foto<\/a><br>Logen Siljan-Mora-Tuna: <a href=\"https:\/\/vasaorden.com\/norrkoping\/wp-content\/uploads\/sites\/5\/2016\/02\/Sijan-Mora-Tuna002-kompr.jpg\" target=\"_blank\" rel=\"noopener noreferrer\">Julkort<\/a><\/p>\n\n\n\n<p>Logen Br\u00e5viken fick en h\u00e4lsning med ett Valentin&#8217;s Day Card fr\u00e5n v\u00e5r v\u00e4nloge Lodge Viljan #349 lagom till \u00e5rsm\u00f6tet 14 februari 2015. Detta datum r\u00e5kade vara Alla Hj\u00e4rtans Dag (St. Valentine&#8217;s Day). <a href=\"https:\/\/vasaorden.com\/norrkoping\/wp-content\/uploads\/sites\/5\/2015\/02\/Lodge-Viljan-Letter-Jan-24-2015.pdf\" target=\"_blank\" rel=\"noopener noreferrer\">Du kan l\u00e4sa brevet h\u00e4r<\/a>. Lodge Viljan finns i Batavia, IL c:a tv\u00e5 timmars bilresa v\u00e4ster om Chicago och b\u00e5de Una och jag sj\u00e4lv har bes\u00f6kt Logen n\u00e5gra g\u00e5nger. Brevet \u00e4r besvarat och vi ser fram mot ett informationsutbyte fram\u00f6ver.<\/p>\n\n\n\n<p><em>Karl Jerlock<\/em><\/p>\n\n\n\n<h1><strong>* * *<\/strong><\/h1>\n\n\n\n<h3><span style=\"color: #000080\">I Vilhelm Mobergs fotsp\u00e5r<\/span><\/h3>\n\n\n\n<p>Karl &amp; Una Jerlock har rest i Vilhelm Mobergs fotsp\u00e5r d\u00e4r Moberg i USA p\u00e5 1940-talet s\u00f6kte efter milj\u00f6er och k\u00e4llmaterial till sitt emigrantepos. <strong><a href=\"https:\/\/vasaorden.com\/norrkoping\/wp-content\/uploads\/sites\/5\/2014\/04\/Vilhelm-Mobergs-Utvandrarna-ater-aktuell.pdf\" target=\"_blank\" rel=\"noopener noreferrer\">L\u00e4s mer h\u00e4r &gt;&gt;<\/a><\/strong>.&nbsp; &nbsp;<\/p>\n\n\n\n<h1><strong>* * *<\/strong><\/h1>\n\n\n\n<h3><span style=\"color: #000080\"><strong>Storlogens m\u00f6te&nbsp;<\/strong><\/span><\/h3>\n\n\n\n<p>Storlogem\u00f6te<\/p>\n\n\n\n<p>Storlogem\u00f6te avh\u00e5lls vart fj\u00e4rde \u00e5r. 2018 h\u00f6lls m\u00f6tet i Sacramento, Kalifornien. Storlogem\u00f6tet \u00e5r 2022 h\u00f6lls i Philadelphia. Till storlogem\u00f6tena \u00e4r alla Vasasyskon v\u00e4lkomna! Det kostar inget att bes\u00f6ka sj\u00e4lva Storlogem\u00f6tet, dock kr\u00e4vs en registrering. Under veckan anordnas normalt flera intressanta utflykter och \u00e4ven 2018 \u00e5r gjordes s\u00e5dana. Fr\u00e5n b\u00e5de Distriktsloge 19 och 20, d v s Norra och S\u00f6dra Sverige deltog flera medlemmar. P\u00e5 <a href=\"http:\/\/bu2022.vasaorden.com\/?page_id=5132\" target=\"_blank\" rel=\"noopener noreferrer\">Distriktsloge 19:s hemsida<\/a> finns text och bilder fr\u00e5n Storlogem\u00f6tena.<br>Till ny Storlogem\u00e4stare f\u00f6r terminen 2018-2022 valdes <strong>Art Bjorkner<\/strong> boende i delstaten New Jersey (bild p\u00e5 Art Bjorkner med fru). Vid Storlogem\u00f6tet 2022 valdes xxx till Storlogem\u00e4stare.<\/p>\n\n\n\n<p>Logen Br\u00e5vikens Kaplan , Criss Hagfeldt, passade p\u00e5 att, som privatperson, deltaga vid Storlogem\u00f6tet 2022. Criss skrev ned sina intryck att som enskild logemedlem <strong>Klicka h\u00e4r f\u00f6r att komma \u00e5t Criss intryck.<\/strong>&nbsp;<\/p>\n\n\n\n<h3>&nbsp;<\/h3>\n\n\n\n<h3><span style=\"color: #000080\"><strong>Vasa Arkivet &#8211; Bishop Hill<\/strong><\/span><\/h3>\n\n\n<div class=\"wp-block-image\">\n<figure class=\"alignleft\"><img loading=\"lazy\" width=\"300\" height=\"130\" src=\"https:\/\/vasaorden.com\/norrkoping\/wp-content\/uploads\/sites\/5\/2015\/02\/Vasa-Archive-300x130.jpg\" alt=\"\" class=\"wp-image-2483\" srcset=\"https:\/\/vasaorden.com\/norrkoping\/wp-content\/uploads\/sites\/5\/2015\/02\/Vasa-Archive-300x130.jpg 300w, https:\/\/vasaorden.com\/norrkoping\/wp-content\/uploads\/sites\/5\/2015\/02\/Vasa-Archive-768x333.jpg 768w, https:\/\/vasaorden.com\/norrkoping\/wp-content\/uploads\/sites\/5\/2015\/02\/Vasa-Archive.jpg 822w\" sizes=\"(max-width: 300px) 100vw, 300px\" \/><\/figure><\/div>\n\n\n<p>I den lilla orten Bishop Hill, Illinois ligger Vasa Orden av Amerikas arkiv. I dokumenten <a href=\"https:\/\/vasaorden.com\/norrkoping\/wp-content\/uploads\/sites\/5\/2012\/10\/Information-om-Vasa-Arkivet.pdf\" target=\"_blank\" rel=\"noopener noreferrer\"><strong>Information om Vasa Arkivet<\/strong> <\/a>och <a href=\"https:\/\/vasaorden.com\/norrkoping\/wp-content\/uploads\/sites\/5\/2012\/10\/Om-byn-Bishop-Hill.pdf\" target=\"_blank\" rel=\"noopener noreferrer\"><strong>Om samh\u00e4llet Bishop Hill<\/strong> <\/a>finns mer att l\u00e4sa.<\/p>\n\n\n\n<h3>&nbsp;<\/h3>\n\n\n\n<h1>&nbsp;<\/h1>\n\n\n\n<h1><strong>* * *<\/strong><\/h1>\n\n\n\n<h3><a href=\"https:\/\/vasaorden.com\/norrkoping\/wp-content\/uploads\/sites\/5\/2014\/04\/Hulda-edition-apr-2014.pdf\" target=\"_blank\" rel=\"noopener noreferrer\"><strong><span style=\"color: #000080\">Huldas liv i Amerika<\/span><\/strong><\/a><\/h3>\n\n\n<div class=\"wp-block-image\">\n<figure class=\"alignleft\"><a href=\"https:\/\/vasaorden.com\/norrkoping\/wp-content\/uploads\/sites\/5\/2015\/02\/hulda-och-barnen-kompr.jpg\"><img loading=\"lazy\" width=\"212\" height=\"300\" src=\"https:\/\/vasaorden.com\/norrkoping\/wp-content\/uploads\/sites\/5\/2015\/02\/hulda-och-barnen-kompr-212x300.jpg\" alt=\"hulda och barnen kompr\" class=\"wp-image-2486\" srcset=\"https:\/\/vasaorden.com\/norrkoping\/wp-content\/uploads\/sites\/5\/2015\/02\/hulda-och-barnen-kompr-212x300.jpg 212w, https:\/\/vasaorden.com\/norrkoping\/wp-content\/uploads\/sites\/5\/2015\/02\/hulda-och-barnen-kompr.jpg 317w\" sizes=\"(max-width: 212px) 100vw, 212px\" \/><\/a><\/figure><\/div>\n\n\n<p>Una Jerlock, tidigare Logehistoriker i Logen Br\u00e5viken,&nbsp;har skrivit en artikel om sl\u00e4ktingen Huldas liv i Amerika. <a href=\"https:\/\/vasaorden.com\/norrkoping\/wp-content\/uploads\/sites\/5\/2014\/04\/Hulda-edition-apr-2014.pdf\" target=\"_blank\" rel=\"noopener noreferrer\">L\u00e4s artikel h\u00e4r<\/a>. Delar av artikeln har&nbsp;varit inf\u00f6rd i&nbsp;tidskriften <em>Minnenas Journal<\/em>.<\/p>\n\n\n\n<h3>&nbsp;<\/h3>\n\n\n\n<h3>&nbsp;<\/h3>\n\n\n\n<h3>&nbsp;<\/h3>\n\n\n\n<h1><strong>* * *<\/strong><\/h1>\n\n\n\n<h3><span style=\"color: #000080\"><strong>Helgdagar i USA<\/strong><\/span><\/h3>\n\n\n\n<p><a href=\"https:\/\/vasaorden.com\/norrkoping\/wp-content\/uploads\/sites\/5\/2018\/12\/Hogtider-i-USA-1.pdf\" target=\"_blank\" rel=\"noopener noreferrer\"><strong>H\u00e4r \u00e4r en l\u00e4nk till helgdagar i USA<\/strong>.<\/a><\/p>\n\n\n\n<p><strong><a href=\"http:\/\/www.nordstjernan.com\/\"><img loading=\"lazy\" width=\"176\" height=\"31\" src=\"https:\/\/vasaorden.com\/norrkoping\/wp-content\/uploads\/sites\/5\/2013\/11\/Nordstjernan-300x48.jpg\" alt=\"Nordstjernan\"><\/a><\/strong><br>Bes\u00f6k g\u00e4rna tidningen Nordstjernans hemsida (klicka p\u00e5 logan). Tidningen publicerar nyheter fr\u00e5n hela Svensk-Amerika, trivia, traditioner och matrecept liksom nyhetssummeringar fr\u00e5n Sverige&nbsp; och kolumnister s\u00e5v\u00e4l fr\u00e5n Sverige som USA. Tidningen har ett f\u00f6rflutet \u00e4nda sedan 1872 d\u00e5 den var svenskspr\u00e5kig. Numera \u00e4r den p\u00e5 engelska.<\/p>\n","protected":false},"excerpt":{"rendered":"<p>AP\u00e5 denna sida \u00e4r samlat information som \u00e4r kopplat till emigrationen till Amerika f\u00f6re och efter sekelskiftet 1900 men ocks\u00e5 svensk-amerikanska personer och h\u00e4ndelser i v\u00e5r egen tid.N\u00e4r medlemmar fr\u00e5n Logen Br\u00e5viken gjort en USA-resa eller har skaffat sig intressanta kontakter fr\u00e5n landet i v\u00e4ster delges detta ofta vid ett Logem\u00f6te eller i ett dokument. [&hellip;]<\/p>\n","protected":false},"author":4,"featured_media":0,"parent":0,"menu_order":20,"comment_status":"closed","ping_status":"closed","template":"","meta":{"ngg_post_thumbnail":0,"ocean_post_layout":"","ocean_both_sidebars_style":"","ocean_both_sidebars_content_width":0,"ocean_both_sidebars_sidebars_width":0,"ocean_sidebar":"0","ocean_second_sidebar":"0","ocean_disable_margins":"enable","ocean_add_body_class":"","ocean_shortcode_before_top_bar":"","ocean_shortcode_after_top_bar":"","ocean_shortcode_before_header":"","ocean_shortcode_after_header":"","ocean_has_shortcode":"","ocean_shortcode_after_title":"","ocean_shortcode_before_footer_widgets":"","ocean_shortcode_after_footer_widgets":"","ocean_shortcode_before_footer_bottom":"","ocean_shortcode_after_footer_bottom":"","ocean_display_top_bar":"default","ocean_display_header":"default","ocean_header_style":"","ocean_center_header_left_menu":"0","ocean_custom_header_template":"0","ocean_custom_logo":0,"ocean_custom_retina_logo":0,"ocean_custom_logo_max_width":0,"ocean_custom_logo_tablet_max_width":0,"ocean_custom_logo_mobile_max_width":0,"ocean_custom_logo_max_height":0,"ocean_custom_logo_tablet_max_height":0,"ocean_custom_logo_mobile_max_height":0,"ocean_header_custom_menu":"0","ocean_menu_typo_font_family":"0","ocean_menu_typo_font_subset":"","ocean_menu_typo_font_size":0,"ocean_menu_typo_font_size_tablet":0,"ocean_menu_typo_font_size_mobile":0,"ocean_menu_typo_font_size_unit":"px","ocean_menu_typo_font_weight":"","ocean_menu_typo_font_weight_tablet":"","ocean_menu_typo_font_weight_mobile":"","ocean_menu_typo_transform":"","ocean_menu_typo_transform_tablet":"","ocean_menu_typo_transform_mobile":"","ocean_menu_typo_line_height":0,"ocean_menu_typo_line_height_tablet":0,"ocean_menu_typo_line_height_mobile":0,"ocean_menu_typo_line_height_unit":"","ocean_menu_typo_spacing":0,"ocean_menu_typo_spacing_tablet":0,"ocean_menu_typo_spacing_mobile":0,"ocean_menu_typo_spacing_unit":"","ocean_menu_link_color":"","ocean_menu_link_color_hover":"","ocean_menu_link_color_active":"","ocean_menu_link_background":"","ocean_menu_link_hover_background":"","ocean_menu_link_active_background":"","ocean_menu_social_links_bg":"","ocean_menu_social_hover_links_bg":"","ocean_menu_social_links_color":"","ocean_menu_social_hover_links_color":"","ocean_disable_title":"default","ocean_disable_heading":"default","ocean_post_title":"","ocean_post_subheading":"","ocean_post_title_style":"","ocean_post_title_background_color":"","ocean_post_title_background":0,"ocean_post_title_bg_image_position":"","ocean_post_title_bg_image_attachment":"","ocean_post_title_bg_image_repeat":"","ocean_post_title_bg_image_size":"","ocean_post_title_height":0,"ocean_post_title_bg_overlay":0.5,"ocean_post_title_bg_overlay_color":"","ocean_disable_breadcrumbs":"default","ocean_breadcrumbs_color":"","ocean_breadcrumbs_separator_color":"","ocean_breadcrumbs_links_color":"","ocean_breadcrumbs_links_hover_color":"","ocean_display_footer_widgets":"default","ocean_display_footer_bottom":"default","ocean_custom_footer_template":"0"},"_links":{"self":[{"href":"https:\/\/vasaorden.com\/norrkoping\/wp-json\/wp\/v2\/pages\/1623"}],"collection":[{"href":"https:\/\/vasaorden.com\/norrkoping\/wp-json\/wp\/v2\/pages"}],"about":[{"href":"https:\/\/vasaorden.com\/norrkoping\/wp-json\/wp\/v2\/types\/page"}],"author":[{"embeddable":true,"href":"https:\/\/vasaorden.com\/norrkoping\/wp-json\/wp\/v2\/users\/4"}],"replies":[{"embeddable":true,"href":"https:\/\/vasaorden.com\/norrkoping\/wp-json\/wp\/v2\/comments?post=1623"}],"version-history":[{"count":51,"href":"https:\/\/vasaorden.com\/norrkoping\/wp-json\/wp\/v2\/pages\/1623\/revisions"}],"predecessor-version":[{"id":7100,"href":"https:\/\/vasaorden.com\/norrkoping\/wp-json\/wp\/v2\/pages\/1623\/revisions\/7100"}],"wp:attachment":[{"href":"https:\/\/vasaorden.com\/norrkoping\/wp-json\/wp\/v2\/media?parent=1623"}],"curies":[{"name":"wp","href":"https:\/\/api.w.org\/{rel}","templated":true}]}}