{"id":13,"date":"2012-02-13T20:37:18","date_gmt":"2012-02-13T19:37:18","guid":{"rendered":"http:\/\/bu2022.vasaorden.com\/boras\/?page_id=13"},"modified":"2024-10-16T12:01:25","modified_gmt":"2024-10-16T10:01:25","slug":"information","status":"publish","type":"page","link":"https:\/\/vasaorden.com\/norrkoping\/information\/","title":{"rendered":"Information"},"content":{"rendered":"\n<h1>Informationsbroschyr<a href=\"https:\/\/vasaorden.com\/norrkoping\/wp-content\/uploads\/sites\/5\/2024\/08\/VOA-Info-2024-1.pdf\">&#8211; <em>klicka h\u00e4r<\/em><\/a><\/h1>\n\n\n\n<h3><span style=\"color: #000080\"><strong>Om Vasa Orden av Amerika och Logen Br\u00e5viken<\/strong><\/span><\/h3>\n\n\n\n<p><strong>Logen Br\u00e5viken nr 751<\/strong> ger Dig kultur, fest, underh\u00e5llning och social gemenskap. Vi tr\u00e4ffas en g\u00e5ng i m\u00e5naden under v\u00e5r och h\u00f6st, antingen i Odd Fellows lokaler, Vattengr\u00e4nden 9 i Norrk\u00f6ping eller p\u00e5 n\u00e5got annat sp\u00e4nnande utflyktsm\u00e5l. Du kommer de g\u00e5nger Du kan och vill.<br>God mat, ofta med ett sp\u00e4nnande tema, \u00e4r en viktig del av <strong>Logen Br\u00e5vikens<\/strong> sammankomster. L\u00e4gg till intressanta f\u00f6redrag, vacker musik och roande underh\u00e5llning och vi t\u00f6rs lova Dig m\u00e5nga trevliga l\u00f6rdagskv\u00e4llar fram\u00f6ver. Ur det varierande programutbudet v\u00e4ljer Du sj\u00e4lv vad Du vill, kan och hinner delta i.<br>I god tid inf\u00f6r varje m\u00f6te, kommer en inbjudan med en presentation av kv\u00e4llen program.<br>Ofta bes\u00f6ks vi av medlemmar fr\u00e5n andra Vasaloger. Du kan ocks\u00e5 sj\u00e4lv bes\u00f6ka andra loger i Sverige, USA och Kanada.<\/p>\n","protected":false},"excerpt":{"rendered":"<p>Informationsbroschyr&#8211; klicka h\u00e4r Om Vasa Orden av Amerika och Logen Br\u00e5viken Logen Br\u00e5viken nr 751 ger Dig kultur, fest, underh\u00e5llning och social gemenskap. Vi tr\u00e4ffas en g\u00e5ng i m\u00e5naden under v\u00e5r och h\u00f6st, antingen i Odd Fellows lokaler, Vattengr\u00e4nden 9 i Norrk\u00f6ping eller p\u00e5 n\u00e5got annat sp\u00e4nnande utflyktsm\u00e5l. Du kommer de g\u00e5nger Du kan och [&hellip;]<\/p>\n","protected":false},"author":9,"featured_media":0,"parent":0,"menu_order":30,"comment_status":"closed","ping_status":"closed","template":"","meta":{"ngg_post_thumbnail":0,"ocean_post_layout":"","ocean_both_sidebars_style":"","ocean_both_sidebars_content_width":0,"ocean_both_sidebars_sidebars_width":0,"ocean_sidebar":"0","ocean_second_sidebar":"0","ocean_disable_margins":"enable","ocean_add_body_class":"","ocean_shortcode_before_top_bar":"","ocean_shortcode_after_top_bar":"","ocean_shortcode_before_header":"","ocean_shortcode_after_header":"","ocean_has_shortcode":"","ocean_shortcode_after_title":"","ocean_shortcode_before_footer_widgets":"","ocean_shortcode_after_footer_widgets":"","ocean_shortcode_before_footer_bottom":"","ocean_shortcode_after_footer_bottom":"","ocean_display_top_bar":"default","ocean_display_header":"default","ocean_header_style":"","ocean_center_header_left_menu":"0","ocean_custom_header_template":"0","ocean_custom_logo":0,"ocean_custom_retina_logo":0,"ocean_custom_logo_max_width":0,"ocean_custom_logo_tablet_max_width":0,"ocean_custom_logo_mobile_max_width":0,"ocean_custom_logo_max_height":0,"ocean_custom_logo_tablet_max_height":0,"ocean_custom_logo_mobile_max_height":0,"ocean_header_custom_menu":"0","ocean_menu_typo_font_family":"0","ocean_menu_typo_font_subset":"","ocean_menu_typo_font_size":0,"ocean_menu_typo_font_size_tablet":0,"ocean_menu_typo_font_size_mobile":0,"ocean_menu_typo_font_size_unit":"px","ocean_menu_typo_font_weight":"","ocean_menu_typo_font_weight_tablet":"","ocean_menu_typo_font_weight_mobile":"","ocean_menu_typo_transform":"","ocean_menu_typo_transform_tablet":"","ocean_menu_typo_transform_mobile":"","ocean_menu_typo_line_height":0,"ocean_menu_typo_line_height_tablet":0,"ocean_menu_typo_line_height_mobile":0,"ocean_menu_typo_line_height_unit":"","ocean_menu_typo_spacing":0,"ocean_menu_typo_spacing_tablet":0,"ocean_menu_typo_spacing_mobile":0,"ocean_menu_typo_spacing_unit":"","ocean_menu_link_color":"","ocean_menu_link_color_hover":"","ocean_menu_link_color_active":"","ocean_menu_link_background":"","ocean_menu_link_hover_background":"","ocean_menu_link_active_background":"","ocean_menu_social_links_bg":"","ocean_menu_social_hover_links_bg":"","ocean_menu_social_links_color":"","ocean_menu_social_hover_links_color":"","ocean_disable_title":"default","ocean_disable_heading":"default","ocean_post_title":"","ocean_post_subheading":"","ocean_post_title_style":"","ocean_post_title_background_color":"","ocean_post_title_background":0,"ocean_post_title_bg_image_position":"","ocean_post_title_bg_image_attachment":"","ocean_post_title_bg_image_repeat":"","ocean_post_title_bg_image_size":"","ocean_post_title_height":0,"ocean_post_title_bg_overlay":0.5,"ocean_post_title_bg_overlay_color":"","ocean_disable_breadcrumbs":"default","ocean_breadcrumbs_color":"","ocean_breadcrumbs_separator_color":"","ocean_breadcrumbs_links_color":"","ocean_breadcrumbs_links_hover_color":"","ocean_display_footer_widgets":"default","ocean_display_footer_bottom":"default","ocean_custom_footer_template":"0"},"_links":{"self":[{"href":"https:\/\/vasaorden.com\/norrkoping\/wp-json\/wp\/v2\/pages\/13"}],"collection":[{"href":"https:\/\/vasaorden.com\/norrkoping\/wp-json\/wp\/v2\/pages"}],"about":[{"href":"https:\/\/vasaorden.com\/norrkoping\/wp-json\/wp\/v2\/types\/page"}],"author":[{"embeddable":true,"href":"https:\/\/vasaorden.com\/norrkoping\/wp-json\/wp\/v2\/users\/9"}],"replies":[{"embeddable":true,"href":"https:\/\/vasaorden.com\/norrkoping\/wp-json\/wp\/v2\/comments?post=13"}],"version-history":[{"count":21,"href":"https:\/\/vasaorden.com\/norrkoping\/wp-json\/wp\/v2\/pages\/13\/revisions"}],"predecessor-version":[{"id":6641,"href":"https:\/\/vasaorden.com\/norrkoping\/wp-json\/wp\/v2\/pages\/13\/revisions\/6641"}],"wp:attachment":[{"href":"https:\/\/vasaorden.com\/norrkoping\/wp-json\/wp\/v2\/media?parent=13"}],"curies":[{"name":"wp","href":"https:\/\/api.w.org\/{rel}","templated":true}]}}