{"id":21,"date":"2012-02-13T20:38:13","date_gmt":"2012-02-13T20:38:13","guid":{"rendered":"http:\/\/bu2022.vasaorden.com\/boras\/?page_id=21"},"modified":"2023-11-25T14:01:19","modified_gmt":"2023-11-25T13:01:19","slug":"lankar","status":"publish","type":"page","link":"https:\/\/vasaorden.com\/lidkoping\/lankar\/","title":{"rendered":"L\u00e4nkar"},"content":{"rendered":"<p><a href=\"http:\/\/www.lidkoping.se\/\">Lidk\u00f6pings Kommun<\/a><br \/>\n<a href=\"http:\/\/www.skara.se\/\">Skara Kommun<\/a><br \/>\n<a href=\"http:\/\/www.gotene.se\/index.html\">G\u00f6tene Kommun<\/a><br \/>\n<a href=\"http:\/\/www.vara.se\">Vara Kommun<\/a><br \/>\n<a href=\"http:\/\/www.essunga.se\">Essunga Kommun<\/a><br \/>\nN\u00e4ttidningen <a href=\"http:\/\/www.genealogi.se\/\">R\u00f6tter<\/a><br \/>\n<a href=\"http:\/\/www.ellisisland.org\/\">Ellis Island<\/a><br \/>\n<a href=\"http:\/\/www.riksarkivet.se\/\">Riksarkivet<\/a><br \/>\n<a href=\"http:\/\/folkets-lexikon.csc.kth.se\/folkets\/\">Svenskt-engelskt lexikon<\/a><br \/>\n<a href=\"https:\/\/www.vasaorder.com\/\">Storlogen<\/a>&nbsp;<br \/>\n<span style=\"color: #000000\">Lodge Lindbergh No. 505, New York.<\/span><br \/>\n<!-- Kopiera hela koden och klistra in d\u00e4r du vill ha din bes\u00f6ksr\u00e4knare \/\/--><span style=\"color: #000000\">Lodge Desert Viking No. 682, Palm Desert, California.<\/span><br \/>\n<a href=\"http:\/\/www.tandblekningstest.se\/\"><br \/>\n<img src=\"http:\/\/www.seoett.com\/raknare\/count3.php?url=vasaorden.com!lidkoping!lankar!&amp;cs=14\" alt=\"Tandblekningstest\" border=\"0\"><\/a><\/p>\n","protected":false},"excerpt":{"rendered":"<p>Lidk\u00f6pings Kommun Skara Kommun G\u00f6tene Kommun Vara Kommun Essunga Kommun N\u00e4ttidningen R\u00f6tter Ellis Island Riksarkivet Svenskt-engelskt lexikon Storlogen&nbsp; Lodge Lindbergh No. 505, New York. Lodge Desert Viking No. 682, Palm Desert, California.<\/p>\n","protected":false},"author":24,"featured_media":0,"parent":0,"menu_order":0,"comment_status":"closed","ping_status":"closed","template":"","meta":{"ngg_post_thumbnail":0,"ocean_post_layout":"","ocean_both_sidebars_style":"","ocean_both_sidebars_content_width":0,"ocean_both_sidebars_sidebars_width":0,"ocean_sidebar":"0","ocean_second_sidebar":"0","ocean_disable_margins":"enable","ocean_add_body_class":"","ocean_shortcode_before_top_bar":"","ocean_shortcode_after_top_bar":"","ocean_shortcode_before_header":"","ocean_shortcode_after_header":"","ocean_has_shortcode":"","ocean_shortcode_after_title":"","ocean_shortcode_before_footer_widgets":"","ocean_shortcode_after_footer_widgets":"","ocean_shortcode_before_footer_bottom":"","ocean_shortcode_after_footer_bottom":"","ocean_display_top_bar":"default","ocean_display_header":"default","ocean_header_style":"","ocean_center_header_left_menu":"0","ocean_custom_header_template":"0","ocean_custom_logo":0,"ocean_custom_retina_logo":0,"ocean_custom_logo_max_width":0,"ocean_custom_logo_tablet_max_width":0,"ocean_custom_logo_mobile_max_width":0,"ocean_custom_logo_max_height":0,"ocean_custom_logo_tablet_max_height":0,"ocean_custom_logo_mobile_max_height":0,"ocean_header_custom_menu":"0","ocean_menu_typo_font_family":"0","ocean_menu_typo_font_subset":"","ocean_menu_typo_font_size":0,"ocean_menu_typo_font_size_tablet":0,"ocean_menu_typo_font_size_mobile":0,"ocean_menu_typo_font_size_unit":"px","ocean_menu_typo_font_weight":"","ocean_menu_typo_font_weight_tablet":"","ocean_menu_typo_font_weight_mobile":"","ocean_menu_typo_transform":"","ocean_menu_typo_transform_tablet":"","ocean_menu_typo_transform_mobile":"","ocean_menu_typo_line_height":0,"ocean_menu_typo_line_height_tablet":0,"ocean_menu_typo_line_height_mobile":0,"ocean_menu_typo_line_height_unit":"","ocean_menu_typo_spacing":0,"ocean_menu_typo_spacing_tablet":0,"ocean_menu_typo_spacing_mobile":0,"ocean_menu_typo_spacing_unit":"","ocean_menu_link_color":"","ocean_menu_link_color_hover":"","ocean_menu_link_color_active":"","ocean_menu_link_background":"","ocean_menu_link_hover_background":"","ocean_menu_link_active_background":"","ocean_menu_social_links_bg":"","ocean_menu_social_hover_links_bg":"","ocean_menu_social_links_color":"","ocean_menu_social_hover_links_color":"","ocean_disable_title":"default","ocean_disable_heading":"default","ocean_post_title":"","ocean_post_subheading":"","ocean_post_title_style":"","ocean_post_title_background_color":"","ocean_post_title_background":0,"ocean_post_title_bg_image_position":"","ocean_post_title_bg_image_attachment":"","ocean_post_title_bg_image_repeat":"","ocean_post_title_bg_image_size":"","ocean_post_title_height":0,"ocean_post_title_bg_overlay":0.5,"ocean_post_title_bg_overlay_color":"","ocean_disable_breadcrumbs":"default","ocean_breadcrumbs_color":"","ocean_breadcrumbs_separator_color":"","ocean_breadcrumbs_links_color":"","ocean_breadcrumbs_links_hover_color":"","ocean_display_footer_widgets":"default","ocean_display_footer_bottom":"default","ocean_custom_footer_template":"0"},"_links":{"self":[{"href":"https:\/\/vasaorden.com\/lidkoping\/wp-json\/wp\/v2\/pages\/21"}],"collection":[{"href":"https:\/\/vasaorden.com\/lidkoping\/wp-json\/wp\/v2\/pages"}],"about":[{"href":"https:\/\/vasaorden.com\/lidkoping\/wp-json\/wp\/v2\/types\/page"}],"author":[{"embeddable":true,"href":"https:\/\/vasaorden.com\/lidkoping\/wp-json\/wp\/v2\/users\/24"}],"replies":[{"embeddable":true,"href":"https:\/\/vasaorden.com\/lidkoping\/wp-json\/wp\/v2\/comments?post=21"}],"version-history":[{"count":3,"href":"https:\/\/vasaorden.com\/lidkoping\/wp-json\/wp\/v2\/pages\/21\/revisions"}],"predecessor-version":[{"id":1260,"href":"https:\/\/vasaorden.com\/lidkoping\/wp-json\/wp\/v2\/pages\/21\/revisions\/1260"}],"wp:attachment":[{"href":"https:\/\/vasaorden.com\/lidkoping\/wp-json\/wp\/v2\/media?parent=21"}],"curies":[{"name":"wp","href":"https:\/\/api.w.org\/{rel}","templated":true}]}}