{"id":19,"date":"2012-02-13T20:37:58","date_gmt":"2012-02-13T20:37:58","guid":{"rendered":"http:\/\/bu2022.vasaorden.com\/boras\/?page_id=19"},"modified":"2026-02-04T11:38:50","modified_gmt":"2026-02-04T10:38:50","slug":"kontakter","status":"publish","type":"page","link":"https:\/\/vasaorden.com\/lidkoping\/kontakter\/","title":{"rendered":"Kontakter"},"content":{"rendered":"<h2><strong>Styrelsen \u00e5r 2026<\/strong><\/h2>\n<ul>\n<li><strong>Ordf\u00f6rande: Birgitta Lundell.<\/strong><\/li>\n<li><strong>Vice ordf\u00f6rande: Lars Bergdahl.<\/strong><\/li>\n<li><strong>Protokollsekreterare: Bo Jansson.<\/strong><\/li>\n<li><strong>Bitr. Protokollsekreterare: Birgitta Bylander.<\/strong><\/li>\n<li><strong>Finanssekreterare: Ove Larsson.<\/strong><\/li>\n<li><strong>Kass\u00f6r: Ulf Borg.<\/strong><\/li>\n<li><strong>Ceremonim\u00e4stare: Connie Gr\u00f6n.&nbsp;<\/strong><\/li>\n<li><strong>Kulturledare: Annika Jaldenius.<\/strong><\/li>\n<li><strong>Fd Ordf\u00f6rande: Ingemar Kask.<\/strong><\/li>\n<\/ul>\n<p><strong>Distriktsdeputerad: Eva Arpman, Logen Karlstad No. 632<\/strong><br \/>\n<strong>Webbmaster: Ulf Borg.<\/strong><\/p>\n<h3>Logen Lidk\u00f6pings v\u00e4nloger:<\/h3>\n<ul>\n<li><strong>No. 611 Nordic Lodge i Worchester, Massachusetts.<\/strong><\/li>\n<li><strong>No. 682 Desert Viking i Palm Desert, California.<\/strong><\/li>\n<\/ul>\n<p><!-- Kopiera hela koden och klistra in d\u00e4r du vill ha din bes\u00f6ksr\u00e4knare \/\/--><br \/>\n<a href=\"http:\/\/www.tandblekningstest.se\/\"><br \/>\n<img src=\"http:\/\/www.seoett.com\/raknare\/count3.php?url=vasaorden.com!lidkoping!kontakter!&amp;cs=15\" alt=\"Tandblekningstest\" border=\"0\"><\/a><\/p>\n","protected":false},"excerpt":{"rendered":"<p>Styrelsen \u00e5r 2026 Ordf\u00f6rande: Birgitta Lundell. Vice ordf\u00f6rande: Lars Bergdahl. Protokollsekreterare: Bo Jansson. Bitr. Protokollsekreterare: Birgitta Bylander. Finanssekreterare: Ove Larsson. Kass\u00f6r: Ulf Borg. Ceremonim\u00e4stare: Connie Gr\u00f6n.&nbsp; Kulturledare: Annika Jaldenius. Fd Ordf\u00f6rande: Ingemar Kask. Distriktsdeputerad: Eva Arpman, Logen Karlstad No. 632 Webbmaster: Ulf Borg. Logen Lidk\u00f6pings v\u00e4nloger: No. 611 Nordic Lodge i Worchester, Massachusetts. No. 682 [&hellip;]<\/p>\n","protected":false},"author":24,"featured_media":0,"parent":0,"menu_order":0,"comment_status":"closed","ping_status":"closed","template":"","meta":{"ngg_post_thumbnail":0,"ocean_post_layout":"","ocean_both_sidebars_style":"","ocean_both_sidebars_content_width":0,"ocean_both_sidebars_sidebars_width":0,"ocean_sidebar":"0","ocean_second_sidebar":"0","ocean_disable_margins":"enable","ocean_add_body_class":"","ocean_shortcode_before_top_bar":"","ocean_shortcode_after_top_bar":"","ocean_shortcode_before_header":"","ocean_shortcode_after_header":"","ocean_has_shortcode":"","ocean_shortcode_after_title":"","ocean_shortcode_before_footer_widgets":"","ocean_shortcode_after_footer_widgets":"","ocean_shortcode_before_footer_bottom":"","ocean_shortcode_after_footer_bottom":"","ocean_display_top_bar":"default","ocean_display_header":"default","ocean_header_style":"","ocean_center_header_left_menu":"0","ocean_custom_header_template":"0","ocean_custom_logo":0,"ocean_custom_retina_logo":0,"ocean_custom_logo_max_width":0,"ocean_custom_logo_tablet_max_width":0,"ocean_custom_logo_mobile_max_width":0,"ocean_custom_logo_max_height":0,"ocean_custom_logo_tablet_max_height":0,"ocean_custom_logo_mobile_max_height":0,"ocean_header_custom_menu":"0","ocean_menu_typo_font_family":"0","ocean_menu_typo_font_subset":"","ocean_menu_typo_font_size":0,"ocean_menu_typo_font_size_tablet":0,"ocean_menu_typo_font_size_mobile":0,"ocean_menu_typo_font_size_unit":"px","ocean_menu_typo_font_weight":"","ocean_menu_typo_font_weight_tablet":"","ocean_menu_typo_font_weight_mobile":"","ocean_menu_typo_transform":"","ocean_menu_typo_transform_tablet":"","ocean_menu_typo_transform_mobile":"","ocean_menu_typo_line_height":0,"ocean_menu_typo_line_height_tablet":0,"ocean_menu_typo_line_height_mobile":0,"ocean_menu_typo_line_height_unit":"","ocean_menu_typo_spacing":0,"ocean_menu_typo_spacing_tablet":0,"ocean_menu_typo_spacing_mobile":0,"ocean_menu_typo_spacing_unit":"","ocean_menu_link_color":"","ocean_menu_link_color_hover":"","ocean_menu_link_color_active":"","ocean_menu_link_background":"","ocean_menu_link_hover_background":"","ocean_menu_link_active_background":"","ocean_menu_social_links_bg":"","ocean_menu_social_hover_links_bg":"","ocean_menu_social_links_color":"","ocean_menu_social_hover_links_color":"","ocean_disable_title":"default","ocean_disable_heading":"default","ocean_post_title":"","ocean_post_subheading":"","ocean_post_title_style":"","ocean_post_title_background_color":"","ocean_post_title_background":0,"ocean_post_title_bg_image_position":"","ocean_post_title_bg_image_attachment":"","ocean_post_title_bg_image_repeat":"","ocean_post_title_bg_image_size":"","ocean_post_title_height":0,"ocean_post_title_bg_overlay":0.5,"ocean_post_title_bg_overlay_color":"","ocean_disable_breadcrumbs":"default","ocean_breadcrumbs_color":"","ocean_breadcrumbs_separator_color":"","ocean_breadcrumbs_links_color":"","ocean_breadcrumbs_links_hover_color":"","ocean_display_footer_widgets":"default","ocean_display_footer_bottom":"default","ocean_custom_footer_template":"0"},"_links":{"self":[{"href":"https:\/\/vasaorden.com\/lidkoping\/wp-json\/wp\/v2\/pages\/19"}],"collection":[{"href":"https:\/\/vasaorden.com\/lidkoping\/wp-json\/wp\/v2\/pages"}],"about":[{"href":"https:\/\/vasaorden.com\/lidkoping\/wp-json\/wp\/v2\/types\/page"}],"author":[{"embeddable":true,"href":"https:\/\/vasaorden.com\/lidkoping\/wp-json\/wp\/v2\/users\/24"}],"replies":[{"embeddable":true,"href":"https:\/\/vasaorden.com\/lidkoping\/wp-json\/wp\/v2\/comments?post=19"}],"version-history":[{"count":6,"href":"https:\/\/vasaorden.com\/lidkoping\/wp-json\/wp\/v2\/pages\/19\/revisions"}],"predecessor-version":[{"id":1433,"href":"https:\/\/vasaorden.com\/lidkoping\/wp-json\/wp\/v2\/pages\/19\/revisions\/1433"}],"wp:attachment":[{"href":"https:\/\/vasaorden.com\/lidkoping\/wp-json\/wp\/v2\/media?parent=19"}],"curies":[{"name":"wp","href":"https:\/\/api.w.org\/{rel}","templated":true}]}}