{"id":17,"date":"2012-02-13T20:37:45","date_gmt":"2012-02-13T20:37:45","guid":{"rendered":"http:\/\/bu2022.vasaorden.com\/boras\/?page_id=17"},"modified":"2026-03-30T14:51:50","modified_gmt":"2026-03-30T12:51:50","slug":"motesplats","status":"publish","type":"page","link":"https:\/\/vasaorden.com\/lidkoping\/motesplats\/","title":{"rendered":"M\u00f6tesplats och hotellf\u00f6rslag"},"content":{"rendered":"<h4><strong>M\u00f6tesplatsen d\u00e4r vi h\u00e5ller v<\/strong><strong>\u00e5ra m\u00f6ten \u00e4r i Odd Fellows-huset p\u00e5 \u00c4lvgatan 18 i Lidk\u00f6ping.<\/strong><\/h4>\n<p><a href=\"https:\/\/vasaorden.com\/lidkoping\/wp-content\/uploads\/sites\/12\/2012\/04\/ordenshusetB1.jpg\"><img loading=\"lazy\" src=\"https:\/\/vasaorden.com\/lidkoping\/wp-content\/uploads\/sites\/12\/2012\/04\/ordenshusetB1-300x235.jpg\" alt=\"\" width=\"300\" height=\"235\"><\/a><br \/>\n&nbsp;<br \/>\n<a href=\"http:\/\/bu2022.vasaorden.com\/lidkoping\/interior-odd-fellowhuset\/\">Interi\u00f6rbilder Odd Fellowhuset<\/a><br \/>\n<strong>Hotell som vi kan rekommendera i Lidk\u00f6ping. <\/strong><br \/>\nNedanst\u00e5ende hotell \u00e4r l\u00e4nkade till deras egen hemsida, d\u00e4r mera information finns.<br \/>\n<strong><a href=\"http:\/\/www.edwardhotel.se\/\">Hotell Edward <\/a><br \/>\n<\/strong>Skaragatan 7, Lidk\u00f6ping. Tele: 0510-79 00 00<br \/>\n<a href=\"http:\/\/www.stadtlidkoping.se\/\"><strong>Hotell Stadt<\/strong> <\/a><br \/>\nGamla Stadens Torg 1, Lidk\u00f6ping. Tele: 0510-220 85<br \/>\n<a href=\"http:\/\/www.hotellacko.se\/\"><strong>Hotell L\u00e4ck\u00f6<\/strong> <\/a><br \/>\nGamla Stadens Torg 5, Lidk\u00f6ping. Tele: 0510-230 00<br \/>\n<a href=\"http:\/\/hotellradhuset.se\/\"><strong>Hotell R\u00e5dhuset<\/strong> <\/a><br \/>\nNya Stadens Torg 8, Lidk\u00f6ping. Tele: 0510-222 36<br \/>\n<strong><a href=\"http:\/\/kartor.eniro.se\/m\/9WCMg\">L\u00e4nk karta \u00f6ver Lidk\u00f6ping<\/a><br \/>\n<\/strong>D\u00e4r kan ni zooma in \u00e4nnu mera.<br \/>\n<!-- Kopiera hela koden och klistra in d\u00e4r du vill ha din bes\u00f6ksr\u00e4knare \/\/--><br \/>\n<a href=\"http:\/\/www.tandblekningstest.se\/\"><br \/>\n<img src=\"http:\/\/www.seoett.com\/raknare\/count3.php?url=vasaorden.com!lidkoping!motesplats!&amp;cs=2\" alt=\"Tandblekningstest\" border=\"0\"><\/a><\/p>\n","protected":false},"excerpt":{"rendered":"<p>M\u00f6tesplatsen d\u00e4r vi h\u00e5ller v\u00e5ra m\u00f6ten \u00e4r i Odd Fellows-huset p\u00e5 \u00c4lvgatan 18 i Lidk\u00f6ping. &nbsp; Interi\u00f6rbilder Odd Fellowhuset Hotell som vi kan rekommendera i Lidk\u00f6ping. Nedanst\u00e5ende hotell \u00e4r l\u00e4nkade till deras egen hemsida, d\u00e4r mera information finns. Hotell Edward Skaragatan 7, Lidk\u00f6ping. Tele: 0510-79 00 00 Hotell Stadt Gamla Stadens Torg 1, Lidk\u00f6ping. Tele: [&hellip;]<\/p>\n","protected":false},"author":24,"featured_media":0,"parent":0,"menu_order":0,"comment_status":"closed","ping_status":"closed","template":"","meta":{"ngg_post_thumbnail":0,"ocean_post_layout":"","ocean_both_sidebars_style":"","ocean_both_sidebars_content_width":0,"ocean_both_sidebars_sidebars_width":0,"ocean_sidebar":"","ocean_second_sidebar":"","ocean_disable_margins":"enable","ocean_add_body_class":"","ocean_shortcode_before_top_bar":"","ocean_shortcode_after_top_bar":"","ocean_shortcode_before_header":"","ocean_shortcode_after_header":"","ocean_has_shortcode":"","ocean_shortcode_after_title":"","ocean_shortcode_before_footer_widgets":"","ocean_shortcode_after_footer_widgets":"","ocean_shortcode_before_footer_bottom":"","ocean_shortcode_after_footer_bottom":"","ocean_display_top_bar":"default","ocean_display_header":"default","ocean_header_style":"","ocean_center_header_left_menu":"","ocean_custom_header_template":"","ocean_custom_logo":0,"ocean_custom_retina_logo":0,"ocean_custom_logo_max_width":0,"ocean_custom_logo_tablet_max_width":0,"ocean_custom_logo_mobile_max_width":0,"ocean_custom_logo_max_height":0,"ocean_custom_logo_tablet_max_height":0,"ocean_custom_logo_mobile_max_height":0,"ocean_header_custom_menu":"","ocean_menu_typo_font_family":"","ocean_menu_typo_font_subset":"","ocean_menu_typo_font_size":0,"ocean_menu_typo_font_size_tablet":0,"ocean_menu_typo_font_size_mobile":0,"ocean_menu_typo_font_size_unit":"px","ocean_menu_typo_font_weight":"","ocean_menu_typo_font_weight_tablet":"","ocean_menu_typo_font_weight_mobile":"","ocean_menu_typo_transform":"","ocean_menu_typo_transform_tablet":"","ocean_menu_typo_transform_mobile":"","ocean_menu_typo_line_height":0,"ocean_menu_typo_line_height_tablet":0,"ocean_menu_typo_line_height_mobile":0,"ocean_menu_typo_line_height_unit":"","ocean_menu_typo_spacing":0,"ocean_menu_typo_spacing_tablet":0,"ocean_menu_typo_spacing_mobile":0,"ocean_menu_typo_spacing_unit":"","ocean_menu_link_color":"","ocean_menu_link_color_hover":"","ocean_menu_link_color_active":"","ocean_menu_link_background":"","ocean_menu_link_hover_background":"","ocean_menu_link_active_background":"","ocean_menu_social_links_bg":"","ocean_menu_social_hover_links_bg":"","ocean_menu_social_links_color":"","ocean_menu_social_hover_links_color":"","ocean_disable_title":"default","ocean_disable_heading":"default","ocean_post_title":"","ocean_post_subheading":"","ocean_post_title_style":"","ocean_post_title_background_color":"","ocean_post_title_background":0,"ocean_post_title_bg_image_position":"","ocean_post_title_bg_image_attachment":"","ocean_post_title_bg_image_repeat":"","ocean_post_title_bg_image_size":"","ocean_post_title_height":0,"ocean_post_title_bg_overlay":0.5,"ocean_post_title_bg_overlay_color":"","ocean_disable_breadcrumbs":"default","ocean_breadcrumbs_color":"","ocean_breadcrumbs_separator_color":"","ocean_breadcrumbs_links_color":"","ocean_breadcrumbs_links_hover_color":"","ocean_display_footer_widgets":"default","ocean_display_footer_bottom":"default","ocean_custom_footer_template":""},"_links":{"self":[{"href":"https:\/\/vasaorden.com\/lidkoping\/wp-json\/wp\/v2\/pages\/17"}],"collection":[{"href":"https:\/\/vasaorden.com\/lidkoping\/wp-json\/wp\/v2\/pages"}],"about":[{"href":"https:\/\/vasaorden.com\/lidkoping\/wp-json\/wp\/v2\/types\/page"}],"author":[{"embeddable":true,"href":"https:\/\/vasaorden.com\/lidkoping\/wp-json\/wp\/v2\/users\/24"}],"replies":[{"embeddable":true,"href":"https:\/\/vasaorden.com\/lidkoping\/wp-json\/wp\/v2\/comments?post=17"}],"version-history":[{"count":2,"href":"https:\/\/vasaorden.com\/lidkoping\/wp-json\/wp\/v2\/pages\/17\/revisions"}],"predecessor-version":[{"id":1455,"href":"https:\/\/vasaorden.com\/lidkoping\/wp-json\/wp\/v2\/pages\/17\/revisions\/1455"}],"wp:attachment":[{"href":"https:\/\/vasaorden.com\/lidkoping\/wp-json\/wp\/v2\/media?parent=17"}],"curies":[{"name":"wp","href":"https:\/\/api.w.org\/{rel}","templated":true}]}}