{"id":13,"date":"2012-02-13T20:37:18","date_gmt":"2012-02-13T20:37:18","guid":{"rendered":"http:\/\/bu2022.vasaorden.com\/boras\/?page_id=13"},"modified":"2026-04-28T22:55:36","modified_gmt":"2026-04-28T20:55:36","slug":"information","status":"publish","type":"page","link":"https:\/\/vasaorden.com\/lidkoping\/information\/","title":{"rendered":"Aktuellt"},"content":{"rendered":"<div class=\"wp-block-group\">\n<h4><a href=\"https:\/\/vasaorden.com\/lidkoping\/wp-content\/uploads\/sites\/12\/2012\/02\/Vasaorden.jpg\"><img loading=\"lazy\" class=\"size-full wp-image-235 alignleft\" src=\"https:\/\/vasaorden.com\/lidkoping\/wp-content\/uploads\/sites\/12\/2012\/02\/Vasaorden.jpg\" alt=\"\" width=\"129\" height=\"168\"><\/a><\/h4>\n<h3>&nbsp;<\/h3>\n<h4>&nbsp;<\/h4>\n<h4>&nbsp;<\/h4>\n<h4>&nbsp;<\/h4>\n<div class=\"wp-block-group\">\n<h3><span style=\"color: #000000\"><strong>VASAORDEN AV AMERIKA<\/strong> en svenskamerikansk v\u00e4nskaps- och kulturorganisation.<br><\/span><span style=\"color: #000000\">Logen Lidk\u00f6ping nr 636.<br><\/span><strong style=\"color: #0000ff\">INBJUDAN<br><\/strong><span style=\"color: #000000\"><strong>.<\/strong><\/span><\/h3>\n<h3><em><span style=\"color: #008000\"><strong><span style=\"color: #000000\">M:<\/span><br>K<\/strong><\/span><\/em><\/h3>\n<h3><strong style=\"color: #000000\">Anm\u00e4lan<p><\/p>\n<\/strong><p><strong style=\"color: #000000\"><\/strong><strong><span style=\"color: #000000;font-size: 17px\">Kommande m\u00f6ten: v\u00e5rutflykt (4), 26\/9 (1), 24\/10 (2), 21\/11 (3), 12\/12 (4) och 30\/1 2027 (1)<\/span><\/strong><\/p><\/h3>\n<\/div>\n<div class=\"wp-block-group\">\n<h3><strong><span style=\"color: #000000\"><em data-rich-text-format-boundary=\"true\">Vid avbokning efter att best\u00e4llning av mat \u00e4r gjord betalas en subventionerad kostnad av 150:- till Logen.<br data-rich-text-line-break=\"true\">Gl\u00f6m inte att l\u00e4mna adress- och telefon\u00e4ndringar till PS Bo Jansson<\/em><\/span><\/strong><\/h3>\n<\/div>\n<h3><span style=\"color: #288a3b\">Kulturgruppens progrm:<\/span><\/h3>\n<h3><strong><span style=\"color: #000000\">Frallfilm &#8211; Father Mother Sister Brother, den 5 maj klockan 17.30 p\u00e5 Folkan.<\/span><\/strong><\/h3>\n<h3><span style=\"color: #000000\"><strong>Den 4 juli, firande av USA:s Independence Day, vid Odd Fellowhuset. Mer info kommer snart.<\/strong><\/span><\/h3>\n<h3><strong><span style=\"color: #2f47a1\">Vasa Ordens kulturgrupp bjuder in till bes\u00f6k &amp; guidning p\u00e5 Stola herrg\u00e5rd den 17 maj 2026<\/span><br><\/strong><\/h3>\n<h4>Vi samlas vid Sparbanken Lidk\u00f6ping Arena klockan 11 f\u00f6r sam\u00e5kning i bilar till Stola herrg\u00e5rd.<br>D\u00e4r samlas vi utanf\u00f6r klockan 11.30 utomhus vid rundk\u00f6rseln och d\u00e4r b\u00f6rjar guidningen och visningen av J\u00f6rgen Lindquist.<br>Den forts\u00e4tter sedan i ett litet rum p\u00e5 f\u00f6rsta v\u00e5ningen f\u00f6r att sedan visning av andra v\u00e5ningen.&nbsp;<br>Det finns en minneslund tillh\u00f6rande herrg\u00e5rden s\u00f6der om Stola, en mindre v\u00e4g mellan P-platsen och Stola \u00e4r m\u00e4rkt med en v\u00e4gskylt.&nbsp;<br>Efter bes\u00f6ket \u00e5ker vi till Skogshyddan i Lidk\u00f6ping.<\/h4>\n<h4><strong>Lite information:<br><\/strong>Det finns en P-plats strax s\u00f6der om herrg\u00e5rden.&nbsp;<br>Visning till sj\u00e4lvkostnadspris: 100 kronor\/person, swish eller kontant, g\u00e5r till den K-m\u00e4rkta byggnaden.<br>J\u00f6rgen kan bara ta 20 personer \u00e5t g\u00e5ngen, p g a det lilla rummet p\u00e5 f\u00f6rsta v\u00e5ningen.&nbsp;<br>Om vi blir fler \u00e4n 20 personer, s\u00e5 ordnar J\u00f6rgen s\u00e5 att det vi g\u00e5r i grupper om 20 personer.&nbsp;<br>T\u00e4nk p\u00e5 att detta \u00e4r en gammal K-m\u00e4rkt byggnad med trappor upp till andra v\u00e5ningen.&nbsp;<br>Anm\u00e4lan till Ulf Borg: ulfpr.borg@gmail.com<\/h4>\n<h4>Jag kommer att l\u00e4gga ut en anm\u00e4lningslista p\u00e5 l\u00f6rdag 25 april.<br>V\u00e4lkomna \u00f6nskar Kulturgruppen i Vasa Orden av Amerika i Lidk\u00f6ping<br><\/h4>\n<\/div>\n\n\n<figure class=\"wp-block-image size-large\"><img loading=\"lazy\" width=\"1024\" height=\"576\" src=\"https:\/\/vasaorden.com\/lidkoping\/wp-content\/uploads\/sites\/12\/2026\/04\/010-1024x576.jpg\" alt=\"\" class=\"wp-image-1465\" srcset=\"https:\/\/vasaorden.com\/lidkoping\/wp-content\/uploads\/sites\/12\/2026\/04\/010-1024x576.jpg 1024w, https:\/\/vasaorden.com\/lidkoping\/wp-content\/uploads\/sites\/12\/2026\/04\/010-300x169.jpg 300w, https:\/\/vasaorden.com\/lidkoping\/wp-content\/uploads\/sites\/12\/2026\/04\/010-768x432.jpg 768w, https:\/\/vasaorden.com\/lidkoping\/wp-content\/uploads\/sites\/12\/2026\/04\/010-1536x864.jpg 1536w, https:\/\/vasaorden.com\/lidkoping\/wp-content\/uploads\/sites\/12\/2026\/04\/010-2048x1152.jpg 2048w, https:\/\/vasaorden.com\/lidkoping\/wp-content\/uploads\/sites\/12\/2026\/04\/010-800x450.jpg 800w\" sizes=\"(max-width: 1024px) 100vw, 1024px\" \/><\/figure>\n\n\n\n<h4>&nbsp;<\/h4>\n\n\n<h4><span style=\"color: #ff00ff\"><span style=\"color: #0000ff\">Grupp 4:s utflykt<\/span><\/span><\/h4>\n<h3><strong style=\"color: #0000ff\">INBJUDAN TILL V\u00c5RUTFLYKT L\u00d6RDAGEN DEN 30 MAJ<br><\/strong><span style=\"color: #000000\"><strong>I \u00e5r g\u00e5r resan till v\u00e5r grannkommun G\u00f6tene, n\u00e4rmare best\u00e4mt till Holmestad och Svenstorp Art Center.<\/strong><\/span><\/h3>\n<h3><span style=\"color: #000000\"><strong>Intr\u00e4det \u00e4r 100 kronor\/person i grupp<\/strong><\/span><\/h3>\n<h3><span style=\"color: #000000\"><strong>Vi samlas kl 10.00 vid Arenan f\u00f6r sam\u00e5kning (Meddela vid f\u00f6rhinder)<br><\/strong><strong>Vi b\u00f6rjar med f\u00f6rmiddagsfika n\u00e4r vi kommer dit ca 11.00<br>F\u00f6r att underl\u00e4tta f\u00f6r caf\u00e9personalen \u00e4r det bra om vi v\u00e4ljer fika vid anm\u00e4lan.<br>Fikameny finns l\u00e4ngre ned.<\/strong><\/span><\/h3>\n<h3><span style=\"color: #000000\"><strong>Efter fikat \u00e4r dags att ta del av utst\u00e4llningarna.<br>Erik Johanssons s\u00e4songsutst\u00e4llning heter &#8211; Still Dreaming.<br>G\u00e4stutst\u00e4llare: Christopher Herwigs utst\u00e4llning heter &#8211; Soviet Bus Stops.<\/strong><\/span><\/h3>\n<h3><em><span style=\"color: #008000\"><strong><span style=\"color: #000000\">Meny p\u00e5 Svenstorps Art Center:<\/span><br>Kaffe\/Te med:<br>1. Lilla G\u00e5rdsfikat &#8211; bulle<br>2. Stora G\u00e5rdsfikat &#8211; 2 sm\u00e5kakor, 1 mjuk kaka<br>3. Lyxfika &#8211; Budapestbakelse<br>4. Lilla Bondem\u00e5let &#8211; liten br\u00f6dkaka*, 1 sm\u00e5kaka<br>5. Swedish Fika &#8211; bulle, mjuk kaka, 3 sm\u00e5kakor<br><\/strong><\/span><\/em><em><span style=\"color: #008000\"><strong>6. Stora Bondem\u00e5let &#8211; stor br\u00f6dkaka*, 1 sm\u00e5kaka<br>7. R\u00e4kmacka<br>*Sm\u00f6rg\u00e5sp\u00e5l\u00e4gg d\u00e4r vi kan v\u00e4lja p\u00e5: enbart ost, eller ost, skinka, eller ost, l\u00e4ck\u00f6korv, eller ost, leverpastej, eller \u00e4gg, sill<br>Priserna ligger p\u00e5: ca 65 kr &#8211; 150 kr.<\/strong><\/span><\/em><\/h3>\n<h3><strong style=\"color: #000000\">Anm\u00e4lan senast 24 maj till Margareta Thunberg p\u00e5 telefon 076 557 40 07.<br>V\u00e4l m\u00f6t till en trevlig dag med mycket &#8221;dr\u00f6mbilder&#8221; \u00f6nskar grupp 4.<\/strong><\/h3>\n<p><!-- \/wp:group --><\/p>\n<p><!-- wp:image {\"id\":1474,\"sizeSlug\":\"large\",\"linkDestination\":\"none\"} --><\/p>\n<figure class=\"wp-block-image size-large\"><img loading=\"lazy\" width=\"1024\" height=\"768\" class=\"wp-image-1474\" src=\"https:\/\/vasaorden.com\/lidkoping\/wp-content\/uploads\/sites\/12\/2026\/04\/Svenstorp-Art-Center-kopia-1-1024x768.jpg\" alt=\"\" srcset=\"https:\/\/vasaorden.com\/lidkoping\/wp-content\/uploads\/sites\/12\/2026\/04\/Svenstorp-Art-Center-kopia-1-1024x768.jpg 1024w, https:\/\/vasaorden.com\/lidkoping\/wp-content\/uploads\/sites\/12\/2026\/04\/Svenstorp-Art-Center-kopia-1-300x225.jpg 300w, https:\/\/vasaorden.com\/lidkoping\/wp-content\/uploads\/sites\/12\/2026\/04\/Svenstorp-Art-Center-kopia-1-768x576.jpg 768w, https:\/\/vasaorden.com\/lidkoping\/wp-content\/uploads\/sites\/12\/2026\/04\/Svenstorp-Art-Center-kopia-1-1536x1152.jpg 1536w, https:\/\/vasaorden.com\/lidkoping\/wp-content\/uploads\/sites\/12\/2026\/04\/Svenstorp-Art-Center-kopia-1-2048x1536.jpg 2048w\" sizes=\"(max-width: 1024px) 100vw, 1024px\" \/><\/figure>\n<p><!-- \/wp:image --><\/p>\n<p><!-- wp:image {\"id\":1475,\"sizeSlug\":\"large\",\"linkDestination\":\"none\"} --><\/p>\n<figure class=\"wp-block-image size-large\"><img loading=\"lazy\" width=\"1024\" height=\"768\" class=\"wp-image-1475\" src=\"https:\/\/vasaorden.com\/lidkoping\/wp-content\/uploads\/sites\/12\/2026\/04\/Art-Center-kopia-1-1024x768.jpg\" alt=\"\" srcset=\"https:\/\/vasaorden.com\/lidkoping\/wp-content\/uploads\/sites\/12\/2026\/04\/Art-Center-kopia-1-1024x768.jpg 1024w, https:\/\/vasaorden.com\/lidkoping\/wp-content\/uploads\/sites\/12\/2026\/04\/Art-Center-kopia-1-300x225.jpg 300w, https:\/\/vasaorden.com\/lidkoping\/wp-content\/uploads\/sites\/12\/2026\/04\/Art-Center-kopia-1-768x576.jpg 768w, https:\/\/vasaorden.com\/lidkoping\/wp-content\/uploads\/sites\/12\/2026\/04\/Art-Center-kopia-1-1536x1152.jpg 1536w, https:\/\/vasaorden.com\/lidkoping\/wp-content\/uploads\/sites\/12\/2026\/04\/Art-Center-kopia-1-2048x1536.jpg 2048w\" sizes=\"(max-width: 1024px) 100vw, 1024px\" \/><\/figure>\n<p><!-- \/wp:image --><\/p>","protected":false},"excerpt":{"rendered":"<p>&nbsp; &nbsp; &nbsp; &nbsp; VASAORDEN AV AMERIKA en svenskamerikansk v\u00e4nskaps- och kulturorganisation.Logen Lidk\u00f6ping nr 636.INBJUDAN. M:K Anm\u00e4lan Kommande m\u00f6ten: v\u00e5rutflykt (4), 26\/9 (1), 24\/10 (2), 21\/11 (3), 12\/12 (4) och 30\/1 2027 (1) Vid avbokning efter att best\u00e4llning av mat \u00e4r gjord betalas en subventionerad kostnad av 150:- till Logen.Gl\u00f6m inte att l\u00e4mna adress- och [&hellip;]<\/p>\n","protected":false},"author":24,"featured_media":0,"parent":0,"menu_order":0,"comment_status":"closed","ping_status":"closed","template":"","meta":{"ngg_post_thumbnail":0,"ocean_post_layout":"","ocean_both_sidebars_style":"","ocean_both_sidebars_content_width":0,"ocean_both_sidebars_sidebars_width":0,"ocean_sidebar":"0","ocean_second_sidebar":"0","ocean_disable_margins":"enable","ocean_add_body_class":"","ocean_shortcode_before_top_bar":"","ocean_shortcode_after_top_bar":"","ocean_shortcode_before_header":"","ocean_shortcode_after_header":"","ocean_has_shortcode":"","ocean_shortcode_after_title":"","ocean_shortcode_before_footer_widgets":"","ocean_shortcode_after_footer_widgets":"","ocean_shortcode_before_footer_bottom":"","ocean_shortcode_after_footer_bottom":"","ocean_display_top_bar":"default","ocean_display_header":"default","ocean_header_style":"","ocean_center_header_left_menu":"0","ocean_custom_header_template":"0","ocean_custom_logo":0,"ocean_custom_retina_logo":0,"ocean_custom_logo_max_width":0,"ocean_custom_logo_tablet_max_width":0,"ocean_custom_logo_mobile_max_width":0,"ocean_custom_logo_max_height":0,"ocean_custom_logo_tablet_max_height":0,"ocean_custom_logo_mobile_max_height":0,"ocean_header_custom_menu":"0","ocean_menu_typo_font_family":"0","ocean_menu_typo_font_subset":"","ocean_menu_typo_font_size":0,"ocean_menu_typo_font_size_tablet":0,"ocean_menu_typo_font_size_mobile":0,"ocean_menu_typo_font_size_unit":"px","ocean_menu_typo_font_weight":"","ocean_menu_typo_font_weight_tablet":"","ocean_menu_typo_font_weight_mobile":"","ocean_menu_typo_transform":"","ocean_menu_typo_transform_tablet":"","ocean_menu_typo_transform_mobile":"","ocean_menu_typo_line_height":0,"ocean_menu_typo_line_height_tablet":0,"ocean_menu_typo_line_height_mobile":0,"ocean_menu_typo_line_height_unit":"","ocean_menu_typo_spacing":0,"ocean_menu_typo_spacing_tablet":0,"ocean_menu_typo_spacing_mobile":0,"ocean_menu_typo_spacing_unit":"","ocean_menu_link_color":"","ocean_menu_link_color_hover":"","ocean_menu_link_color_active":"","ocean_menu_link_background":"","ocean_menu_link_hover_background":"","ocean_menu_link_active_background":"","ocean_menu_social_links_bg":"","ocean_menu_social_hover_links_bg":"","ocean_menu_social_links_color":"","ocean_menu_social_hover_links_color":"","ocean_disable_title":"default","ocean_disable_heading":"default","ocean_post_title":"","ocean_post_subheading":"","ocean_post_title_style":"","ocean_post_title_background_color":"","ocean_post_title_background":0,"ocean_post_title_bg_image_position":"","ocean_post_title_bg_image_attachment":"","ocean_post_title_bg_image_repeat":"","ocean_post_title_bg_image_size":"","ocean_post_title_height":0,"ocean_post_title_bg_overlay":0.5,"ocean_post_title_bg_overlay_color":"","ocean_disable_breadcrumbs":"default","ocean_breadcrumbs_color":"","ocean_breadcrumbs_separator_color":"","ocean_breadcrumbs_links_color":"","ocean_breadcrumbs_links_hover_color":"","ocean_display_footer_widgets":"default","ocean_display_footer_bottom":"default","ocean_custom_footer_template":"0"},"_links":{"self":[{"href":"https:\/\/vasaorden.com\/lidkoping\/wp-json\/wp\/v2\/pages\/13"}],"collection":[{"href":"https:\/\/vasaorden.com\/lidkoping\/wp-json\/wp\/v2\/pages"}],"about":[{"href":"https:\/\/vasaorden.com\/lidkoping\/wp-json\/wp\/v2\/types\/page"}],"author":[{"embeddable":true,"href":"https:\/\/vasaorden.com\/lidkoping\/wp-json\/wp\/v2\/users\/24"}],"replies":[{"embeddable":true,"href":"https:\/\/vasaorden.com\/lidkoping\/wp-json\/wp\/v2\/comments?post=13"}],"version-history":[{"count":73,"href":"https:\/\/vasaorden.com\/lidkoping\/wp-json\/wp\/v2\/pages\/13\/revisions"}],"predecessor-version":[{"id":1478,"href":"https:\/\/vasaorden.com\/lidkoping\/wp-json\/wp\/v2\/pages\/13\/revisions\/1478"}],"wp:attachment":[{"href":"https:\/\/vasaorden.com\/lidkoping\/wp-json\/wp\/v2\/media?parent=13"}],"curies":[{"name":"wp","href":"https:\/\/api.w.org\/{rel}","templated":true}]}}