{"id":1182,"date":"2012-02-13T20:36:58","date_gmt":"2012-02-13T20:36:58","guid":{"rendered":"http:\/\/bu2022.vasaorden.com\/boras\/?page_id=11"},"modified":"2026-02-04T11:34:20","modified_gmt":"2026-02-04T10:34:20","slug":"arsprogram","status":"publish","type":"page","link":"https:\/\/vasaorden.com\/lidkoping\/arsprogram\/","title":{"rendered":"\u00c5rsprogram 2026"},"content":{"rendered":"\n<h3><span style=\"color: #000000\">\u00c5r 202<\/span>6<\/h3>\n\n\n\n<ul class=\"has-black-color has-text-color\"><li><strong><span style=\"color: #000000\">2<\/span>4<span style=\"color: #000000\"> januari &#8211; \u00c5rsh\u00f6gtid<\/span> med installation.<\/strong><\/li><li><strong><span style=\"color: #000000\">7 mars &#8211; Logem\u00f6t<\/span>e med DL 19:s utbildningsdagar<\/strong><\/li><li><strong><span style=\"color: #000000\">28 mars &#8211; Logem\u00f6te<\/span><\/strong>.<\/li><li><strong><span style=\"color: #000000\">25 april &#8211; Logem\u00f6te med v\u00e5rtema.<\/span><\/strong><\/li><li><strong>Utflykt.<\/strong><\/li><li><strong>Augusti &#8211; kr\u00e4ftskiva.<\/strong><\/li><li><strong><span style=\"color: #000000\">26 september &#8211; Logem\u00f6te.<\/span><\/strong><\/li><li><strong><span style=\"color: #000000\">24 oktober &#8211; Logem\u00f6te.<\/span><\/strong><\/li><li><strong><span style=\"color: #000000\">21 november &#8211; Logem\u00f6te.<\/span><\/strong><\/li><li><strong><span style=\"color: #000000\">12 december &#8211; Logem\u00f6te med jultema.<\/span><\/strong><\/li><\/ul>\n\n\n\n<h3><span style=\"color: #000000\">\u00c5r 202<\/span>7<\/h3>\n\n\n\n<ul><li> <div style=\"text-align: left\" align=\"center\"><span style=\"color: #000000\"><strong>30 januari &#8211; \u00c5rsh\u00f6gtid.<\/strong><\/span><\/div> <\/li><\/ul>\n\n\n\n<p class=\"has-text-align-left has-black-color has-text-color\"><span style=\"font-family: Times New Roman\"><strong>Styrelsem\u00f6ten onsdag f\u00f6re logem\u00f6te.<\/strong><\/span><\/p>\n\n\n\n<p><a href=\"http:\/\/www.tandblekningstest.se\/\"> <\/a><\/p>\n","protected":false},"excerpt":{"rendered":"<p>\u00c5r 2026 24 januari &#8211; \u00c5rsh\u00f6gtid med installation. 7 mars &#8211; Logem\u00f6te med DL 19:s utbildningsdagar 28 mars &#8211; Logem\u00f6te. 25 april &#8211; Logem\u00f6te med v\u00e5rtema. Utflykt. Augusti &#8211; kr\u00e4ftskiva. 26 september &#8211; Logem\u00f6te. 24 oktober &#8211; Logem\u00f6te. 21 november &#8211; Logem\u00f6te. 12 december &#8211; Logem\u00f6te med jultema. \u00c5r 2027 30 januari &#8211; \u00c5rsh\u00f6gtid. Styrelsem\u00f6ten [&hellip;]<\/p>\n","protected":false},"author":24,"featured_media":0,"parent":0,"menu_order":0,"comment_status":"closed","ping_status":"closed","template":"","meta":{"ngg_post_thumbnail":0,"ocean_post_layout":"","ocean_both_sidebars_style":"","ocean_both_sidebars_content_width":0,"ocean_both_sidebars_sidebars_width":0,"ocean_sidebar":"0","ocean_second_sidebar":"0","ocean_disable_margins":"enable","ocean_add_body_class":"","ocean_shortcode_before_top_bar":"","ocean_shortcode_after_top_bar":"","ocean_shortcode_before_header":"","ocean_shortcode_after_header":"","ocean_has_shortcode":"","ocean_shortcode_after_title":"","ocean_shortcode_before_footer_widgets":"","ocean_shortcode_after_footer_widgets":"","ocean_shortcode_before_footer_bottom":"","ocean_shortcode_after_footer_bottom":"","ocean_display_top_bar":"default","ocean_display_header":"default","ocean_header_style":"","ocean_center_header_left_menu":"0","ocean_custom_header_template":"0","ocean_custom_logo":0,"ocean_custom_retina_logo":0,"ocean_custom_logo_max_width":0,"ocean_custom_logo_tablet_max_width":0,"ocean_custom_logo_mobile_max_width":0,"ocean_custom_logo_max_height":0,"ocean_custom_logo_tablet_max_height":0,"ocean_custom_logo_mobile_max_height":0,"ocean_header_custom_menu":"0","ocean_menu_typo_font_family":"0","ocean_menu_typo_font_subset":"","ocean_menu_typo_font_size":0,"ocean_menu_typo_font_size_tablet":0,"ocean_menu_typo_font_size_mobile":0,"ocean_menu_typo_font_size_unit":"px","ocean_menu_typo_font_weight":"","ocean_menu_typo_font_weight_tablet":"","ocean_menu_typo_font_weight_mobile":"","ocean_menu_typo_transform":"","ocean_menu_typo_transform_tablet":"","ocean_menu_typo_transform_mobile":"","ocean_menu_typo_line_height":0,"ocean_menu_typo_line_height_tablet":0,"ocean_menu_typo_line_height_mobile":0,"ocean_menu_typo_line_height_unit":"","ocean_menu_typo_spacing":0,"ocean_menu_typo_spacing_tablet":0,"ocean_menu_typo_spacing_mobile":0,"ocean_menu_typo_spacing_unit":"","ocean_menu_link_color":"","ocean_menu_link_color_hover":"","ocean_menu_link_color_active":"","ocean_menu_link_background":"","ocean_menu_link_hover_background":"","ocean_menu_link_active_background":"","ocean_menu_social_links_bg":"","ocean_menu_social_hover_links_bg":"","ocean_menu_social_links_color":"","ocean_menu_social_hover_links_color":"","ocean_disable_title":"default","ocean_disable_heading":"default","ocean_post_title":"","ocean_post_subheading":"","ocean_post_title_style":"","ocean_post_title_background_color":"","ocean_post_title_background":0,"ocean_post_title_bg_image_position":"","ocean_post_title_bg_image_attachment":"","ocean_post_title_bg_image_repeat":"","ocean_post_title_bg_image_size":"","ocean_post_title_height":0,"ocean_post_title_bg_overlay":0.5,"ocean_post_title_bg_overlay_color":"","ocean_disable_breadcrumbs":"default","ocean_breadcrumbs_color":"","ocean_breadcrumbs_separator_color":"","ocean_breadcrumbs_links_color":"","ocean_breadcrumbs_links_hover_color":"","ocean_display_footer_widgets":"default","ocean_display_footer_bottom":"default","ocean_custom_footer_template":"0"},"_links":{"self":[{"href":"https:\/\/vasaorden.com\/lidkoping\/wp-json\/wp\/v2\/pages\/1182"}],"collection":[{"href":"https:\/\/vasaorden.com\/lidkoping\/wp-json\/wp\/v2\/pages"}],"about":[{"href":"https:\/\/vasaorden.com\/lidkoping\/wp-json\/wp\/v2\/types\/page"}],"author":[{"embeddable":true,"href":"https:\/\/vasaorden.com\/lidkoping\/wp-json\/wp\/v2\/users\/24"}],"replies":[{"embeddable":true,"href":"https:\/\/vasaorden.com\/lidkoping\/wp-json\/wp\/v2\/comments?post=1182"}],"version-history":[{"count":9,"href":"https:\/\/vasaorden.com\/lidkoping\/wp-json\/wp\/v2\/pages\/1182\/revisions"}],"predecessor-version":[{"id":1431,"href":"https:\/\/vasaorden.com\/lidkoping\/wp-json\/wp\/v2\/pages\/1182\/revisions\/1431"}],"wp:attachment":[{"href":"https:\/\/vasaorden.com\/lidkoping\/wp-json\/wp\/v2\/media?parent=1182"}],"curies":[{"name":"wp","href":"https:\/\/api.w.org\/{rel}","templated":true}]}}