{"id":1364,"date":"2012-02-11T22:53:06","date_gmt":"2012-02-11T22:53:06","guid":{"rendered":"http:\/\/bu2022.vasaorden.com\/boras\/?page_id=6"},"modified":"2012-02-11T22:53:06","modified_gmt":"2012-02-11T22:53:06","slug":"startsidan","status":"publish","type":"page","link":"https:\/\/vasaorden.com\/kungalv\/","title":{"rendered":"Startsidan"},"content":{"rendered":"<p align=\"left\"><strong>V\u00e4lkommen<\/strong><\/p>\n<p align=\"left\"><strong><a href=\"https:\/\/vasaorden.com\/kungalv\/wp-content\/uploads\/sites\/4\/2012\/02\/Startbild_a.jpg\"><img loading=\"lazy\" class=\" wp-image-32 alignleft\" src=\"https:\/\/vasaorden.com\/kungalv\/wp-content\/uploads\/sites\/4\/2012\/02\/Startbild_a.jpg\" alt=\"\" width=\"210\" height=\"311\" srcset=\"https:\/\/vasaorden.com\/kungalv\/wp-content\/uploads\/sites\/4\/2012\/02\/Startbild_a.jpg 500w, https:\/\/vasaorden.com\/kungalv\/wp-content\/uploads\/sites\/4\/2012\/02\/Startbild_a-202x300.jpg 202w\" sizes=\"(max-width: 210px) 100vw, 210px\" \/><\/a>Logen stiftades den 27 oktober 1973.<\/strong><br \/>\nVi \u00e4r en av Vasa Orden av Amerikas\u00a035 Lokalloger i Sverige med ett 100-tal medlemmar i Kung\u00e4lv-omr\u00e5det. Vi samlas till olika kulturella aktiviteter och trevlig samvaro vid sju Logem\u00f6ten per \u00e5r.<br \/>\nVasa Orden av Amerika \u00e4r inte bara kultur och allvar. Det finns ocks\u00e5 mycket av fester och underh\u00e5llning. Dansaftnar blandas med olika slags program: f\u00f6redrag, filmer, framtr\u00e4danden och tr\u00e4ffar under trevliga former.<br \/>\nUtflykter i glada v\u00e4nners lag, antingen till trevliga och intressanta m\u00e5l eller till en grannloge, som har n\u00e5got festligt program.<\/p>\n<p>&nbsp;<br \/>\nI kontakterna med Vasa Orden i Amerika, har vi i f\u00f6rsta hand v\u00e5ra v\u00e4nloger:<br \/>\n\u00a4\u00a0 Skogen Lodge Nr 700, Redding Califorina<br \/>\n\u00a4\u00a0 Bessemer Lodge Nr 203, Chicago, Illinois<br \/>\n\u00a4\u00a0 Lindbergh Lodge Nr 505, Huntington, New York.<br \/>\nVill du veta mer om v\u00e5r verksamhet titta in p\u00e5 v\u00e5ra \u00f6vriga sidor och p\u00e5 Distriktslogen.<br \/>\n<strong>Vikingatiden i Norden.<\/strong><br \/>\nVikingatiden i Norden s\u00e4gs vara mellan 800 och 1000 \u2013 talet. Det finns m\u00e5nga anekdoter och ber\u00e4ttelser om olika m\u00f6ten som \u00e4gt rum i trakten av <strong>KONGAH\u00c4LLA<\/strong>. Som t.ex. historien om Norges kung Olav Tryggvassons m\u00f6te med Sigrid Storr\u00e5da, d\u00e5 de skulle g\u00f6ra upp om deras gifterm\u00e5lsplaner, vilket \u00e4gde rum h\u00e4r ca \u00e5r 997. I Snorre Sturlassons, Norska Kungasagor \u2013 Heimskringla, n\u00e4mns ocks\u00e5 ett antal historiska h\u00e4ndelser i denna trakt.<br \/>\nNamnet KUNGAH\u00c4LLA f\u00f6rknippades \u00e5r 1101 troligen fr\u00e4mst med den vikingatida kungsg\u00e5rd, som l\u00e5g vid det stora gravf\u00e4ltet vid Porten i Ytterby. Staden nere vid \u00e4lvstranden, ett par kilometer d\u00e4rifr\u00e5n, var \u00e4nnu outvecklad. Namnet p\u00e5 denna sedermera stad har i flera skrifter varit <strong>KONGAH\u00c4LLA<\/strong>.<br \/>\n<a href=\"http:\/\/bu2022.vasaorden.com\/kungalv\/files\/2012\/02\/Kungah\u00e4lla-1101.jpg\"><img loading=\"lazy\" class=\"alignnone wp-image-35\" src=\"http:\/\/bu2022.vasaorden.com\/kungalv\/files\/2012\/02\/Kungah\u00e4lla-1101-300x77.jpg\" alt=\"\" width=\"394\" height=\"101\" \/><\/a><\/p>\n<h4>Kongah\u00e4lla 1101<\/h4>\n<p>1101 var det \u00e5r som Trekungam\u00f6tet \u00e4gde rum p\u00e5 Kungsvallen vid Landam\u00e4ret, en timmes ritt \u00f6ster om staden Kongah\u00e4lla, d.v.s. intill Marieberg. Det s\u00e4gs att det var den danske kungen, Erik Svendsson, \u00e4ven kallad Ejegod, som tog initiativet till m\u00f6tet med kung Magnus Olavsson av Norge, som brukar kallas Barfot samt Inge Stekilsson av Sverige. M\u00f6tet var avsett att skapa fred mellan l\u00e4nderna.<br \/>\n900 \u00e5r efter detta \u00e5r, allts\u00e5 2001, v\u00e4cktes tanken p\u00e5 att fira en Vikingadag i Logen Kongah\u00e4lla.<br \/>\nLogen har ju allt sedan den bildades 1973 haft en viking som sin maskot och det var d\u00e5 v\u00e5ra initiativtagare till Logen, Sy Inez och Br Algot Liefeldt, som kom med denna id\u00e9. Vid v\u00e5ra Logem\u00f6ten har vi alltid en tr\u00e4skulptur i form av en viking p\u00e5 ordf\u00f6randens bord.<br \/>\nUnder Logens f\u00f6rsta \u00e5r delade vi ut en mindre kopia av denna viking till bl.a. jubilerande Loger i v\u00e5rt Distrikt DL19.<br \/>\nV\u00e5r f\u00f6rsta Vikingadag h\u00f6lls den 8 maj 2002 i vackert v\u00e4der p\u00e5 Kastanjebryggan vid Rest. Fars Hatt i Kung\u00e4lv. Veckan f\u00f6re hade det varit stora seglingsarrangemang i G\u00f6teborg och d\u00e5 hade Vikingaskeppet \u201dSigrid Storr\u00e5da\u201d fr\u00e5n Mariestad varit p\u00e5 bes\u00f6k d\u00e4r, s\u00e5 det l\u00e4mpade sig s\u00e5 bra, att d\u00e5 de var p\u00e5 hemv\u00e4g kunde de anl\u00f6pa Kung\u00e4lv och Fars Hatt. Detta var troligen en eng\u00e5ngsf\u00f6reteelse som \u00e4r sv\u00e5r att upprepa, men vi har haft m\u00e5nga lyckade Vikingadagar efter detta tillf\u00e4lle.<br \/>\n<a href=\"https:\/\/vasaorden.com\/kungalv\/wp-content\/uploads\/sites\/4\/2012\/02\/Sigrid-Storrada.jpg\"><img loading=\"lazy\" class=\"alignnone size-medium wp-image-34\" src=\"https:\/\/vasaorden.com\/kungalv\/wp-content\/uploads\/sites\/4\/2012\/02\/Sigrid-Storrada-300x202.jpg\" alt=\"\" width=\"300\" height=\"202\" srcset=\"https:\/\/vasaorden.com\/kungalv\/wp-content\/uploads\/sites\/4\/2012\/02\/Sigrid-Storrada-300x202.jpg 300w, https:\/\/vasaorden.com\/kungalv\/wp-content\/uploads\/sites\/4\/2012\/02\/Sigrid-Storrada-1024x690.jpg 1024w, https:\/\/vasaorden.com\/kungalv\/wp-content\/uploads\/sites\/4\/2012\/02\/Sigrid-Storrada-768x517.jpg 768w, https:\/\/vasaorden.com\/kungalv\/wp-content\/uploads\/sites\/4\/2012\/02\/Sigrid-Storrada-1536x1035.jpg 1536w, https:\/\/vasaorden.com\/kungalv\/wp-content\/uploads\/sites\/4\/2012\/02\/Sigrid-Storrada.jpg 1691w\" sizes=\"(max-width: 300px) 100vw, 300px\" \/><\/a><br \/>\n<strong><span style=\"font-family: Times New Roman\">&#8221;Sigrid Storr\u00e5da&#8221; anl\u00f6per Kastanjebryggan<br \/>\n<\/span><\/strong><\/p>\n","protected":false},"excerpt":{"rendered":"<p>V\u00e4lkommen Logen stiftades den 27 oktober 1973. Vi \u00e4r en av Vasa Orden av Amerikas\u00a035 Lokalloger i Sverige med ett 100-tal medlemmar i Kung\u00e4lv-omr\u00e5det. Vi samlas till olika kulturella aktiviteter och trevlig samvaro vid sju Logem\u00f6ten per \u00e5r. Vasa Orden av Amerika \u00e4r inte bara kultur och allvar. Det finns ocks\u00e5 mycket av fester och [&hellip;]<\/p>\n","protected":false},"author":7,"featured_media":0,"parent":0,"menu_order":0,"comment_status":"closed","ping_status":"closed","template":"","meta":{"ngg_post_thumbnail":0,"ocean_post_layout":"","ocean_both_sidebars_style":"","ocean_both_sidebars_content_width":0,"ocean_both_sidebars_sidebars_width":0,"ocean_sidebar":"","ocean_second_sidebar":"","ocean_disable_margins":"enable","ocean_add_body_class":"","ocean_shortcode_before_top_bar":"","ocean_shortcode_after_top_bar":"","ocean_shortcode_before_header":"","ocean_shortcode_after_header":"","ocean_has_shortcode":"","ocean_shortcode_after_title":"","ocean_shortcode_before_footer_widgets":"","ocean_shortcode_after_footer_widgets":"","ocean_shortcode_before_footer_bottom":"","ocean_shortcode_after_footer_bottom":"","ocean_display_top_bar":"default","ocean_display_header":"default","ocean_header_style":"","ocean_center_header_left_menu":"","ocean_custom_header_template":"","ocean_custom_logo":0,"ocean_custom_retina_logo":0,"ocean_custom_logo_max_width":0,"ocean_custom_logo_tablet_max_width":0,"ocean_custom_logo_mobile_max_width":0,"ocean_custom_logo_max_height":0,"ocean_custom_logo_tablet_max_height":0,"ocean_custom_logo_mobile_max_height":0,"ocean_header_custom_menu":"","ocean_menu_typo_font_family":"","ocean_menu_typo_font_subset":"","ocean_menu_typo_font_size":0,"ocean_menu_typo_font_size_tablet":0,"ocean_menu_typo_font_size_mobile":0,"ocean_menu_typo_font_size_unit":"px","ocean_menu_typo_font_weight":"","ocean_menu_typo_font_weight_tablet":"","ocean_menu_typo_font_weight_mobile":"","ocean_menu_typo_transform":"","ocean_menu_typo_transform_tablet":"","ocean_menu_typo_transform_mobile":"","ocean_menu_typo_line_height":0,"ocean_menu_typo_line_height_tablet":0,"ocean_menu_typo_line_height_mobile":0,"ocean_menu_typo_line_height_unit":"","ocean_menu_typo_spacing":0,"ocean_menu_typo_spacing_tablet":0,"ocean_menu_typo_spacing_mobile":0,"ocean_menu_typo_spacing_unit":"","ocean_menu_link_color":"","ocean_menu_link_color_hover":"","ocean_menu_link_color_active":"","ocean_menu_link_background":"","ocean_menu_link_hover_background":"","ocean_menu_link_active_background":"","ocean_menu_social_links_bg":"","ocean_menu_social_hover_links_bg":"","ocean_menu_social_links_color":"","ocean_menu_social_hover_links_color":"","ocean_disable_title":"default","ocean_disable_heading":"default","ocean_post_title":"","ocean_post_subheading":"","ocean_post_title_style":"","ocean_post_title_background_color":"","ocean_post_title_background":0,"ocean_post_title_bg_image_position":"","ocean_post_title_bg_image_attachment":"","ocean_post_title_bg_image_repeat":"","ocean_post_title_bg_image_size":"","ocean_post_title_height":0,"ocean_post_title_bg_overlay":0.5,"ocean_post_title_bg_overlay_color":"","ocean_disable_breadcrumbs":"default","ocean_breadcrumbs_color":"","ocean_breadcrumbs_separator_color":"","ocean_breadcrumbs_links_color":"","ocean_breadcrumbs_links_hover_color":"","ocean_display_footer_widgets":"default","ocean_display_footer_bottom":"default","ocean_custom_footer_template":""},"_links":{"self":[{"href":"https:\/\/vasaorden.com\/kungalv\/wp-json\/wp\/v2\/pages\/1364"}],"collection":[{"href":"https:\/\/vasaorden.com\/kungalv\/wp-json\/wp\/v2\/pages"}],"about":[{"href":"https:\/\/vasaorden.com\/kungalv\/wp-json\/wp\/v2\/types\/page"}],"author":[{"embeddable":true,"href":"https:\/\/vasaorden.com\/kungalv\/wp-json\/wp\/v2\/users\/7"}],"replies":[{"embeddable":true,"href":"https:\/\/vasaorden.com\/kungalv\/wp-json\/wp\/v2\/comments?post=1364"}],"version-history":[{"count":1,"href":"https:\/\/vasaorden.com\/kungalv\/wp-json\/wp\/v2\/pages\/1364\/revisions"}],"predecessor-version":[{"id":1381,"href":"https:\/\/vasaorden.com\/kungalv\/wp-json\/wp\/v2\/pages\/1364\/revisions\/1381"}],"wp:attachment":[{"href":"https:\/\/vasaorden.com\/kungalv\/wp-json\/wp\/v2\/media?parent=1364"}],"curies":[{"name":"wp","href":"https:\/\/api.w.org\/{rel}","templated":true}]}}