{"id":15,"date":"2012-02-13T20:37:32","date_gmt":"2012-02-13T20:37:32","guid":{"rendered":"http:\/\/bu2022.vasaorden.com\/boras\/?page_id=15"},"modified":"2012-02-13T20:37:32","modified_gmt":"2012-02-13T20:37:32","slug":"historik","status":"publish","type":"page","link":"https:\/\/vasaorden.com\/karlstad\/historik\/","title":{"rendered":"Historik"},"content":{"rendered":"<p>Logen Karlstad Nr 632 stiftades den 2 maj 1954 genom att Elsa Fleetwood, som \u00e4r ett i vasakretsar mycket k\u00e4nt och respekterat namn, och Sigurd Gustavson, sedermera grundare av Emigrantregistret, kom \u00f6verens om detta.<\/p>\n<p align=\"left\">I logens f\u00f6rsta styrelse ingick m\u00e5nga k\u00e4nda karlstadsprofiler, dock bara m\u00e4n. Det dr\u00f6jde \u00e4nda till 1989 innan logen valde en kvinna som ordf\u00f6rande. Numera \u00e4r kvinnor i majoritet i styrelsen, vilket ocks\u00e5 speglar den demografiska f\u00f6rdelningen i logen. Ca 2\/3 av logens medlemmar \u00e4r kvinnor.<\/p>\n<p align=\"left\">Logens medlemstal \u00f6kade snabbt och var som h\u00f6gst \u00e5r 1965 med 250 ordenssyskon. Under \u00e5ren som g\u00e5tt har medlemsantalet tyv\u00e4rr sjunkit. De senaste \u00e5ren har antalet pendlat mellan 80-90 medlemmar. I skrivande stund best\u00e5r logen av 88 medlemmar.<\/p>\n<p align=\"left\">Under tiden fram till 80-talets mitt var aktiviteten h\u00f6g men den har, s\u00e4kert p\u00e5 grund av \u00e5ldersf\u00f6rdelningen, sjunkit en aning. Ambitionen \u00e4r dock att \u00f6ka aktiviteten genom att p\u00e5 olika s\u00e4tt engagera och intressera fler personer, med intresse f\u00f6r svensk-amerikansk v\u00e4nskap och kultur, att bli medlemmar i Vasa Orden av Amerika.<\/p>\n<p>Logen har 6 logem\u00f6ten per \u00e5r, varav 4 med uppst\u00e4lld loge. Dessutom brukar vi arrangera en utflykt varje v\u00e5r\/sommar.<\/p>\n<p align=\"left\">Logens medlemmar brukar erbjudas m\u00f6jlighet att f\u00f6r nedsatta priser g\u00e5 p\u00e5 teater, b\u00e5de p\u00e5 Karlstads Musikteaters operaf\u00f6rest\u00e4llning och p\u00e5 S\u00e4ffleteaterns operett- eller musikupps\u00e4ttningar.<\/p>\n<p>Logen har sina m\u00f6ten p\u00e5 Sverige Amerika Centret, som i sin tur ligger i landsh\u00f6vdingens residens i Karlstad<\/p>\n<p align=\"left\"><!--more--><!--more--><\/p>\n","protected":false},"excerpt":{"rendered":"<p>Logen Karlstad Nr 632 stiftades den 2 maj 1954 genom att Elsa Fleetwood, som \u00e4r ett i vasakretsar mycket k\u00e4nt och respekterat namn, och Sigurd Gustavson, sedermera grundare av Emigrantregistret, kom \u00f6verens om detta. I logens f\u00f6rsta styrelse ingick m\u00e5nga k\u00e4nda karlstadsprofiler, dock bara m\u00e4n. Det dr\u00f6jde \u00e4nda till 1989 innan logen valde en kvinna [&hellip;]<\/p>\n","protected":false},"author":26,"featured_media":0,"parent":0,"menu_order":0,"comment_status":"closed","ping_status":"closed","template":"","meta":{"ngg_post_thumbnail":0,"ocean_post_layout":"","ocean_both_sidebars_style":"","ocean_both_sidebars_content_width":0,"ocean_both_sidebars_sidebars_width":0,"ocean_sidebar":"","ocean_second_sidebar":"","ocean_disable_margins":"enable","ocean_add_body_class":"","ocean_shortcode_before_top_bar":"","ocean_shortcode_after_top_bar":"","ocean_shortcode_before_header":"","ocean_shortcode_after_header":"","ocean_has_shortcode":"","ocean_shortcode_after_title":"","ocean_shortcode_before_footer_widgets":"","ocean_shortcode_after_footer_widgets":"","ocean_shortcode_before_footer_bottom":"","ocean_shortcode_after_footer_bottom":"","ocean_display_top_bar":"default","ocean_display_header":"default","ocean_header_style":"","ocean_center_header_left_menu":"","ocean_custom_header_template":"","ocean_custom_logo":0,"ocean_custom_retina_logo":0,"ocean_custom_logo_max_width":0,"ocean_custom_logo_tablet_max_width":0,"ocean_custom_logo_mobile_max_width":0,"ocean_custom_logo_max_height":0,"ocean_custom_logo_tablet_max_height":0,"ocean_custom_logo_mobile_max_height":0,"ocean_header_custom_menu":"","ocean_menu_typo_font_family":"","ocean_menu_typo_font_subset":"","ocean_menu_typo_font_size":0,"ocean_menu_typo_font_size_tablet":0,"ocean_menu_typo_font_size_mobile":0,"ocean_menu_typo_font_size_unit":"px","ocean_menu_typo_font_weight":"","ocean_menu_typo_font_weight_tablet":"","ocean_menu_typo_font_weight_mobile":"","ocean_menu_typo_transform":"","ocean_menu_typo_transform_tablet":"","ocean_menu_typo_transform_mobile":"","ocean_menu_typo_line_height":0,"ocean_menu_typo_line_height_tablet":0,"ocean_menu_typo_line_height_mobile":0,"ocean_menu_typo_line_height_unit":"","ocean_menu_typo_spacing":0,"ocean_menu_typo_spacing_tablet":0,"ocean_menu_typo_spacing_mobile":0,"ocean_menu_typo_spacing_unit":"","ocean_menu_link_color":"","ocean_menu_link_color_hover":"","ocean_menu_link_color_active":"","ocean_menu_link_background":"","ocean_menu_link_hover_background":"","ocean_menu_link_active_background":"","ocean_menu_social_links_bg":"","ocean_menu_social_hover_links_bg":"","ocean_menu_social_links_color":"","ocean_menu_social_hover_links_color":"","ocean_disable_title":"default","ocean_disable_heading":"default","ocean_post_title":"","ocean_post_subheading":"","ocean_post_title_style":"","ocean_post_title_background_color":"","ocean_post_title_background":0,"ocean_post_title_bg_image_position":"","ocean_post_title_bg_image_attachment":"","ocean_post_title_bg_image_repeat":"","ocean_post_title_bg_image_size":"","ocean_post_title_height":0,"ocean_post_title_bg_overlay":0.5,"ocean_post_title_bg_overlay_color":"","ocean_disable_breadcrumbs":"default","ocean_breadcrumbs_color":"","ocean_breadcrumbs_separator_color":"","ocean_breadcrumbs_links_color":"","ocean_breadcrumbs_links_hover_color":"","ocean_display_footer_widgets":"default","ocean_display_footer_bottom":"default","ocean_custom_footer_template":""},"_links":{"self":[{"href":"https:\/\/vasaorden.com\/karlstad\/wp-json\/wp\/v2\/pages\/15"}],"collection":[{"href":"https:\/\/vasaorden.com\/karlstad\/wp-json\/wp\/v2\/pages"}],"about":[{"href":"https:\/\/vasaorden.com\/karlstad\/wp-json\/wp\/v2\/types\/page"}],"author":[{"embeddable":true,"href":"https:\/\/vasaorden.com\/karlstad\/wp-json\/wp\/v2\/users\/26"}],"replies":[{"embeddable":true,"href":"https:\/\/vasaorden.com\/karlstad\/wp-json\/wp\/v2\/comments?post=15"}],"version-history":[{"count":0,"href":"https:\/\/vasaorden.com\/karlstad\/wp-json\/wp\/v2\/pages\/15\/revisions"}],"wp:attachment":[{"href":"https:\/\/vasaorden.com\/karlstad\/wp-json\/wp\/v2\/media?parent=15"}],"curies":[{"name":"wp","href":"https:\/\/api.w.org\/{rel}","templated":true}]}}