{"id":7,"date":"2012-02-11T22:53:06","date_gmt":"2012-02-11T22:53:06","guid":{"rendered":"http:\/\/bu2022.vasaorden.com\/boras\/?page_id=6"},"modified":"2024-10-08T10:39:35","modified_gmt":"2024-10-08T08:39:35","slug":"startsidan","status":"publish","type":"page","link":"https:\/\/vasaorden.com\/goteborg\/","title":{"rendered":"Startsidan"},"content":{"rendered":"\n<p><\/p>\n\n\n\n<figure class=\"wp-block-image size-full is-resized\"><img loading=\"lazy\" src=\"https:\/\/vasaorden.com\/goteborg\/wp-content\/uploads\/sites\/2\/2023\/01\/SAL.jpg\" alt=\"\" class=\"wp-image-1788\" width=\"279\" height=\"216\" srcset=\"https:\/\/vasaorden.com\/goteborg\/wp-content\/uploads\/sites\/2\/2023\/01\/SAL.jpg 557w, https:\/\/vasaorden.com\/goteborg\/wp-content\/uploads\/sites\/2\/2023\/01\/SAL-300x233.jpg 300w\" sizes=\"(max-width: 279px) 100vw, 279px\" \/><\/figure>\n\n\n\n<p class=\"has-medium-font-size\"><strong>V\u00e4lkommen till Logen G\u00f6teborg!<\/strong><\/p>\n\n\n\n<p>V\u00e5r Orden har sitt ursprung i emigrationen till USA och \u00e4r en kultur- och v\u00e4nskapsorganisation som \u00e4r politiskt och religi\u00f6st obunden d\u00e4r kvinnor och m\u00e4n \u00e4r helt j\u00e4mst\u00e4llda. Logen eller avdelningen i G\u00f6teborg \u00e4r den \u00e4ldsta i landet och vi har sammankomsterna p\u00e5 Bellmansgatan. Vi arrangerar utflykter, g\u00f6r studiebes\u00f6k och ordnar program med film och museibes\u00f6k. Dessutom h\u00e5ller vi kurser i sl\u00e4ktforskning. I Sverige finns det drygt 20-tal loger fr\u00e5n H\u00e4rn\u00f6sand i norr till Malm\u00f6 i s\u00f6der. Logen i G\u00f6teborg \u00e4r den \u00e4ldsta i landet och vi har gott om plats f\u00f6r nya medlemmar! \u00c4r Du intresserad och vill veta mera \u00e4r Du v\u00e4lkommen att bes\u00f6ka<strong> www.vasaorden.com\/goteborg<\/strong>.<br><br>I kontakterna med Vasa Orden i Amerika, har vi bland andra kontakt med v\u00e5ra tre v\u00e4nloger:<br><a rel=\"noopener noreferrer\" href=\"http:\/\/www.vasaorder.net\/?lodge=168\" target=\"_blank\"><strong>Drott Lodge<\/strong> <\/a>Nr 168, Bethesda, Maryland<br><a rel=\"noopener noreferrer\" href=\"http:\/\/www.vasaorder.net\/?Lodge=134\" target=\"_blank\"><strong>Lodge Siljan &#8211; Mora &#8211; Tuna<\/strong> <\/a>Nr 134, Medlothian, Illinois<br><strong>Bishop Hill Lodge<\/strong> Nr 683, Bishop Hill, Illinois<\/p>\n\n\n\n<figure class=\"wp-block-image size-full is-resized\"><img loading=\"lazy\" src=\"https:\/\/vasaorden.com\/goteborg\/wp-content\/uploads\/sites\/2\/2023\/01\/Borsen1.jpg\" alt=\"\" class=\"wp-image-1786\" width=\"296\" height=\"225\" srcset=\"https:\/\/vasaorden.com\/goteborg\/wp-content\/uploads\/sites\/2\/2023\/01\/Borsen1.jpg 639w, https:\/\/vasaorden.com\/goteborg\/wp-content\/uploads\/sites\/2\/2023\/01\/Borsen1-300x228.jpg 300w\" sizes=\"(max-width: 296px) 100vw, 296px\" \/><figcaption><strong>I september 2024 fyllde logen G\u00f6teborg 100 \u00e5r vilket vi firade p\u00e5 B\u00f6rsen i centrala G\u00f6teborg.<\/strong><\/figcaption><\/figure>\n\n\n\n<p><\/p>\n\n\n\n<h1><\/h1>\n\n\n\n<p><\/p>\n\n\n\n<p><\/p>\n\n\n\n<figure class=\"wp-block-image size-full is-resized\"><img loading=\"lazy\" src=\"https:\/\/vasaorden.com\/goteborg\/wp-content\/uploads\/sites\/2\/2023\/01\/Flagga.jpg\" alt=\"\" class=\"wp-image-1787\" width=\"421\" height=\"122\" srcset=\"https:\/\/vasaorden.com\/goteborg\/wp-content\/uploads\/sites\/2\/2023\/01\/Flagga.jpg 842w, https:\/\/vasaorden.com\/goteborg\/wp-content\/uploads\/sites\/2\/2023\/01\/Flagga-300x87.jpg 300w, https:\/\/vasaorden.com\/goteborg\/wp-content\/uploads\/sites\/2\/2023\/01\/Flagga-768x223.jpg 768w\" sizes=\"(max-width: 421px) 100vw, 421px\" \/><\/figure>\n","protected":false},"excerpt":{"rendered":"<p>V\u00e4lkommen till Logen G\u00f6teborg! V\u00e5r Orden har sitt ursprung i emigrationen till USA och \u00e4r en kultur- och v\u00e4nskapsorganisation som \u00e4r politiskt och religi\u00f6st obunden d\u00e4r kvinnor och m\u00e4n \u00e4r helt j\u00e4mst\u00e4llda. Logen eller avdelningen i G\u00f6teborg \u00e4r den \u00e4ldsta i landet och vi har sammankomsterna p\u00e5 Bellmansgatan. Vi arrangerar utflykter, g\u00f6r studiebes\u00f6k och ordnar [&hellip;]<\/p>\n","protected":false},"author":4,"featured_media":0,"parent":0,"menu_order":0,"comment_status":"closed","ping_status":"closed","template":"","meta":{"ngg_post_thumbnail":0,"ocean_post_layout":"","ocean_both_sidebars_style":"","ocean_both_sidebars_content_width":0,"ocean_both_sidebars_sidebars_width":0,"ocean_sidebar":"0","ocean_second_sidebar":"0","ocean_disable_margins":"enable","ocean_add_body_class":"","ocean_shortcode_before_top_bar":"","ocean_shortcode_after_top_bar":"","ocean_shortcode_before_header":"","ocean_shortcode_after_header":"","ocean_has_shortcode":"","ocean_shortcode_after_title":"","ocean_shortcode_before_footer_widgets":"","ocean_shortcode_after_footer_widgets":"","ocean_shortcode_before_footer_bottom":"","ocean_shortcode_after_footer_bottom":"","ocean_display_top_bar":"default","ocean_display_header":"default","ocean_header_style":"","ocean_center_header_left_menu":"0","ocean_custom_header_template":"0","ocean_custom_logo":0,"ocean_custom_retina_logo":0,"ocean_custom_logo_max_width":0,"ocean_custom_logo_tablet_max_width":0,"ocean_custom_logo_mobile_max_width":0,"ocean_custom_logo_max_height":0,"ocean_custom_logo_tablet_max_height":0,"ocean_custom_logo_mobile_max_height":0,"ocean_header_custom_menu":"0","ocean_menu_typo_font_family":"0","ocean_menu_typo_font_subset":"","ocean_menu_typo_font_size":0,"ocean_menu_typo_font_size_tablet":0,"ocean_menu_typo_font_size_mobile":0,"ocean_menu_typo_font_size_unit":"px","ocean_menu_typo_font_weight":"","ocean_menu_typo_font_weight_tablet":"","ocean_menu_typo_font_weight_mobile":"","ocean_menu_typo_transform":"","ocean_menu_typo_transform_tablet":"","ocean_menu_typo_transform_mobile":"","ocean_menu_typo_line_height":0,"ocean_menu_typo_line_height_tablet":0,"ocean_menu_typo_line_height_mobile":0,"ocean_menu_typo_line_height_unit":"","ocean_menu_typo_spacing":0,"ocean_menu_typo_spacing_tablet":0,"ocean_menu_typo_spacing_mobile":0,"ocean_menu_typo_spacing_unit":"","ocean_menu_link_color":"","ocean_menu_link_color_hover":"","ocean_menu_link_color_active":"","ocean_menu_link_background":"","ocean_menu_link_hover_background":"","ocean_menu_link_active_background":"","ocean_menu_social_links_bg":"","ocean_menu_social_hover_links_bg":"","ocean_menu_social_links_color":"","ocean_menu_social_hover_links_color":"","ocean_disable_title":"default","ocean_disable_heading":"default","ocean_post_title":"","ocean_post_subheading":"","ocean_post_title_style":"","ocean_post_title_background_color":"","ocean_post_title_background":0,"ocean_post_title_bg_image_position":"","ocean_post_title_bg_image_attachment":"","ocean_post_title_bg_image_repeat":"","ocean_post_title_bg_image_size":"","ocean_post_title_height":0,"ocean_post_title_bg_overlay":0.5,"ocean_post_title_bg_overlay_color":"","ocean_disable_breadcrumbs":"default","ocean_breadcrumbs_color":"","ocean_breadcrumbs_separator_color":"","ocean_breadcrumbs_links_color":"","ocean_breadcrumbs_links_hover_color":"","ocean_display_footer_widgets":"default","ocean_display_footer_bottom":"default","ocean_custom_footer_template":"0"},"_links":{"self":[{"href":"https:\/\/vasaorden.com\/goteborg\/wp-json\/wp\/v2\/pages\/7"}],"collection":[{"href":"https:\/\/vasaorden.com\/goteborg\/wp-json\/wp\/v2\/pages"}],"about":[{"href":"https:\/\/vasaorden.com\/goteborg\/wp-json\/wp\/v2\/types\/page"}],"author":[{"embeddable":true,"href":"https:\/\/vasaorden.com\/goteborg\/wp-json\/wp\/v2\/users\/4"}],"replies":[{"embeddable":true,"href":"https:\/\/vasaorden.com\/goteborg\/wp-json\/wp\/v2\/comments?post=7"}],"version-history":[{"count":6,"href":"https:\/\/vasaorden.com\/goteborg\/wp-json\/wp\/v2\/pages\/7\/revisions"}],"predecessor-version":[{"id":2621,"href":"https:\/\/vasaorden.com\/goteborg\/wp-json\/wp\/v2\/pages\/7\/revisions\/2621"}],"wp:attachment":[{"href":"https:\/\/vasaorden.com\/goteborg\/wp-json\/wp\/v2\/media?parent=7"}],"curies":[{"name":"wp","href":"https:\/\/api.w.org\/{rel}","templated":true}]}}