{"id":2781,"date":"2025-02-02T16:24:41","date_gmt":"2025-02-02T15:24:41","guid":{"rendered":"https:\/\/vasaorden.com\/goteborg\/?page_id=2781"},"modified":"2025-06-08T18:23:51","modified_gmt":"2025-06-08T16:23:51","slug":"handelser-ar-2024-2025","status":"publish","type":"page","link":"https:\/\/vasaorden.com\/goteborg\/handelser-ar-2024-2025\/","title":{"rendered":"H\u00e4ndelser \u00e5r 2024 &#8211; 2025"},"content":{"rendered":"<div class=\"wp-block-image\">\n<figure class=\"alignleft size-large is-resized\"><img loading=\"lazy\" src=\"https:\/\/vasaorden.com\/goteborg\/wp-content\/uploads\/sites\/2\/2025\/02\/Mikael-Appelqvist_web-768x1024.jpg\" alt=\"\" class=\"wp-image-2725\" width=\"284\" height=\"379\" srcset=\"https:\/\/vasaorden.com\/goteborg\/wp-content\/uploads\/sites\/2\/2025\/02\/Mikael-Appelqvist_web-768x1024.jpg 768w, https:\/\/vasaorden.com\/goteborg\/wp-content\/uploads\/sites\/2\/2025\/02\/Mikael-Appelqvist_web-225x300.jpg 225w, https:\/\/vasaorden.com\/goteborg\/wp-content\/uploads\/sites\/2\/2025\/02\/Mikael-Appelqvist_web-1152x1536.jpg 1152w, https:\/\/vasaorden.com\/goteborg\/wp-content\/uploads\/sites\/2\/2025\/02\/Mikael-Appelqvist_web.jpg 1500w\" sizes=\"(max-width: 284px) 100vw, 284px\" \/><figcaption>Mikael Appelqvist, informat\u00f6r vid L\u00e4nsresidenset<\/figcaption><\/figure><\/div>\n\n\n<p><br><br><br><br><br><br><br><br><br><br><br><br><br><br><br><br><\/p>\n\n\n\n<h2><br><a href=\"https:\/\/vasaorden.com\/goteborg\/besok-pa-lansresidenset-i-goteborg\/\">Bes\u00f6ket p\u00e5 L\u00e4nsresidentet i G\u00f6teborg den 20 januari 2025<\/a><br><\/h2>\n\n\n\n<p><\/p>\n\n\n<div class=\"wp-block-image\">\n<figure class=\"alignleft size-large is-resized\"><img loading=\"lazy\" src=\"https:\/\/vasaorden.com\/goteborg\/wp-content\/uploads\/sites\/2\/2025\/02\/Lisa-o-Camilla-1024x695.jpg\" alt=\"\" class=\"wp-image-2802\" width=\"286\" height=\"194\" srcset=\"https:\/\/vasaorden.com\/goteborg\/wp-content\/uploads\/sites\/2\/2025\/02\/Lisa-o-Camilla-1024x695.jpg 1024w, https:\/\/vasaorden.com\/goteborg\/wp-content\/uploads\/sites\/2\/2025\/02\/Lisa-o-Camilla-300x203.jpg 300w, https:\/\/vasaorden.com\/goteborg\/wp-content\/uploads\/sites\/2\/2025\/02\/Lisa-o-Camilla-768x521.jpg 768w, https:\/\/vasaorden.com\/goteborg\/wp-content\/uploads\/sites\/2\/2025\/02\/Lisa-o-Camilla.jpg 1374w\" sizes=\"(max-width: 286px) 100vw, 286px\" \/><\/figure><\/div>\n\n\n<p><br><br><br><br><br><br><br><\/p>\n\n\n\n<h2><br><a rel=\"noreferrer noopener\" href=\"https:\/\/vasaorden.com\/goteborg\/arsmote-2025-med-efterkapitel\/\" data-type=\"page\" data-id=\"2811\" target=\"_blank\">\u00c5rsm\u00f6te 2025 med Efterkapitel<\/a><br><\/h2>\n\n\n<div class=\"wp-block-image\">\n<figure class=\"alignleft size-large is-resized\"><img loading=\"lazy\" src=\"https:\/\/vasaorden.com\/goteborg\/wp-content\/uploads\/sites\/2\/2025\/01\/VOA-GBG-Julfest-2024_010-1-768x1024.jpg\" alt=\"\" class=\"wp-image-2670\" width=\"184\" height=\"245\" srcset=\"https:\/\/vasaorden.com\/goteborg\/wp-content\/uploads\/sites\/2\/2025\/01\/VOA-GBG-Julfest-2024_010-1-768x1024.jpg 768w, https:\/\/vasaorden.com\/goteborg\/wp-content\/uploads\/sites\/2\/2025\/01\/VOA-GBG-Julfest-2024_010-1-225x300.jpg 225w, https:\/\/vasaorden.com\/goteborg\/wp-content\/uploads\/sites\/2\/2025\/01\/VOA-GBG-Julfest-2024_010-1-1152x1536.jpg 1152w, https:\/\/vasaorden.com\/goteborg\/wp-content\/uploads\/sites\/2\/2025\/01\/VOA-GBG-Julfest-2024_010-1.jpg 1512w\" sizes=\"(max-width: 184px) 100vw, 184px\" \/><\/figure><\/div>\n\n\n<h2><br><br><br><br><br><br><br><br><br><br><a href=\"https:\/\/vasaorden.com\/goteborg\/julmote-med-julfirande-lordagen-14-december-2024\/\" data-type=\"page\" data-id=\"2664\">Julm\u00f6te med julfirande l\u00f6rdagen 14 december 2024<\/a><\/h2>\n","protected":false},"excerpt":{"rendered":"<p>Bes\u00f6ket p\u00e5 L\u00e4nsresidentet i G\u00f6teborg den 20 januari 2025 \u00c5rsm\u00f6te 2025 med Efterkapitel Julm\u00f6te med julfirande l\u00f6rdagen 14 december 2024<\/p>\n","protected":false},"author":4,"featured_media":0,"parent":0,"menu_order":0,"comment_status":"closed","ping_status":"closed","template":"","meta":{"ngg_post_thumbnail":0,"ocean_post_layout":"","ocean_both_sidebars_style":"","ocean_both_sidebars_content_width":0,"ocean_both_sidebars_sidebars_width":0,"ocean_sidebar":"","ocean_second_sidebar":"","ocean_disable_margins":"enable","ocean_add_body_class":"","ocean_shortcode_before_top_bar":"","ocean_shortcode_after_top_bar":"","ocean_shortcode_before_header":"","ocean_shortcode_after_header":"","ocean_has_shortcode":"","ocean_shortcode_after_title":"","ocean_shortcode_before_footer_widgets":"","ocean_shortcode_after_footer_widgets":"","ocean_shortcode_before_footer_bottom":"","ocean_shortcode_after_footer_bottom":"","ocean_display_top_bar":"default","ocean_display_header":"default","ocean_header_style":"","ocean_center_header_left_menu":"","ocean_custom_header_template":"","ocean_custom_logo":0,"ocean_custom_retina_logo":0,"ocean_custom_logo_max_width":0,"ocean_custom_logo_tablet_max_width":0,"ocean_custom_logo_mobile_max_width":0,"ocean_custom_logo_max_height":0,"ocean_custom_logo_tablet_max_height":0,"ocean_custom_logo_mobile_max_height":0,"ocean_header_custom_menu":"","ocean_menu_typo_font_family":"","ocean_menu_typo_font_subset":"","ocean_menu_typo_font_size":0,"ocean_menu_typo_font_size_tablet":0,"ocean_menu_typo_font_size_mobile":0,"ocean_menu_typo_font_size_unit":"px","ocean_menu_typo_font_weight":"","ocean_menu_typo_font_weight_tablet":"","ocean_menu_typo_font_weight_mobile":"","ocean_menu_typo_transform":"","ocean_menu_typo_transform_tablet":"","ocean_menu_typo_transform_mobile":"","ocean_menu_typo_line_height":0,"ocean_menu_typo_line_height_tablet":0,"ocean_menu_typo_line_height_mobile":0,"ocean_menu_typo_line_height_unit":"","ocean_menu_typo_spacing":0,"ocean_menu_typo_spacing_tablet":0,"ocean_menu_typo_spacing_mobile":0,"ocean_menu_typo_spacing_unit":"","ocean_menu_link_color":"","ocean_menu_link_color_hover":"","ocean_menu_link_color_active":"","ocean_menu_link_background":"","ocean_menu_link_hover_background":"","ocean_menu_link_active_background":"","ocean_menu_social_links_bg":"","ocean_menu_social_hover_links_bg":"","ocean_menu_social_links_color":"","ocean_menu_social_hover_links_color":"","ocean_disable_title":"default","ocean_disable_heading":"default","ocean_post_title":"","ocean_post_subheading":"","ocean_post_title_style":"","ocean_post_title_background_color":"","ocean_post_title_background":0,"ocean_post_title_bg_image_position":"","ocean_post_title_bg_image_attachment":"","ocean_post_title_bg_image_repeat":"","ocean_post_title_bg_image_size":"","ocean_post_title_height":0,"ocean_post_title_bg_overlay":0.5,"ocean_post_title_bg_overlay_color":"","ocean_disable_breadcrumbs":"default","ocean_breadcrumbs_color":"","ocean_breadcrumbs_separator_color":"","ocean_breadcrumbs_links_color":"","ocean_breadcrumbs_links_hover_color":"","ocean_display_footer_widgets":"default","ocean_display_footer_bottom":"default","ocean_custom_footer_template":""},"_links":{"self":[{"href":"https:\/\/vasaorden.com\/goteborg\/wp-json\/wp\/v2\/pages\/2781"}],"collection":[{"href":"https:\/\/vasaorden.com\/goteborg\/wp-json\/wp\/v2\/pages"}],"about":[{"href":"https:\/\/vasaorden.com\/goteborg\/wp-json\/wp\/v2\/types\/page"}],"author":[{"embeddable":true,"href":"https:\/\/vasaorden.com\/goteborg\/wp-json\/wp\/v2\/users\/4"}],"replies":[{"embeddable":true,"href":"https:\/\/vasaorden.com\/goteborg\/wp-json\/wp\/v2\/comments?post=2781"}],"version-history":[{"count":13,"href":"https:\/\/vasaorden.com\/goteborg\/wp-json\/wp\/v2\/pages\/2781\/revisions"}],"predecessor-version":[{"id":2876,"href":"https:\/\/vasaorden.com\/goteborg\/wp-json\/wp\/v2\/pages\/2781\/revisions\/2876"}],"wp:attachment":[{"href":"https:\/\/vasaorden.com\/goteborg\/wp-json\/wp\/v2\/media?parent=2781"}],"curies":[{"name":"wp","href":"https:\/\/api.w.org\/{rel}","templated":true}]}}