{"id":2726,"date":"2025-02-01T22:31:27","date_gmt":"2025-02-01T21:31:27","guid":{"rendered":"https:\/\/vasaorden.com\/goteborg\/?page_id=2726"},"modified":"2025-02-02T13:37:26","modified_gmt":"2025-02-02T12:37:26","slug":"besok-pa-lansresidenset-i-goteborg","status":"publish","type":"page","link":"https:\/\/vasaorden.com\/goteborg\/besok-pa-lansresidenset-i-goteborg\/","title":{"rendered":"Bes\u00f6ket p\u00e5 L\u00e4nsresidenset i G\u00f6teborg"},"content":{"rendered":"\n<p><br>En av de f\u00e5 dagarna i januari som solen sken i G\u00f6teborg, var Logen G\u00f6teborg p\u00e5 kulturbes\u00f6k i V\u00e4stra G\u00f6talands l\u00e4nsresidens. F\u00f6rutom logens syskon deltog n\u00e5gra syskon fr\u00e5n logerna Kongah\u00e4lla nr 702 och Knallen nr 745. Kulturaktiviteter mellan logerna uppskattas och vi kommer att forts\u00e4tta med samarbetet fram\u00f6ver.<\/p>\n\n\n\n<p>Logens nyvalde Kulturledare Eva Roberts arrangerade bes\u00f6ket och vi var 12 intresserade som fick en intressant rundvandring av Mikael Appelqvist, Landsh\u00f6vdingens h\u00f6gra hand.<\/p>\n\n\n\n<p>I Residenset, som \u00e4ven kallas \u201dTorstensonska Palatset\u201d, har landsh\u00f6vdingen, f\u00f6r n\u00e4rvarande Sten Tolgfors, sin arbetsplats och boende. Mikael ber\u00e4ttade mycket kunnig om husets och G\u00f6teborgs historia och flertalet av de som varit verksamma d\u00e4r sedan b\u00f6rjan av 1647. Intressant att h\u00f6ra hur rummen och salarna anv\u00e4nts och moderniserats genom \u00e5ren. Gammalt och nytt \u00e4r mycket v\u00e4l avv\u00e4gt och ger en k\u00e4nsla av hur det \u00e4n g\u00e5ng i tiden s\u00e5g ut i huset. M\u00e5nga m\u00e5lningar \u00f6ver milj\u00f6er och stora portr\u00e4tt av landsh\u00f6vdingar och andra prominenta herrar genom \u00e5ren pryder v\u00e4ggarna i den del av residenset som visas upp f\u00f6r bes\u00f6kare och anv\u00e4nds vid olika sammanhang. M\u00e5nga av landsh\u00f6vdingarna har f\u00e5tt gatunamn i uppkallade efter sig i G\u00f6teborg. \u00c4ven de hustrur till landsh\u00f6vdingarna som bott i huset fanns dokumenterade med portr\u00e4tt.<\/p>\n\n\n\n<p>Den privata bostaden och en del rum som kungafamiljen anv\u00e4nder n\u00e4r de \u00e4r p\u00e5 bes\u00f6k i G\u00f6teborg, var inget vi fick ta del av.<\/p>\n\n\n\n<p>Bes\u00f6ket avslutades med kaffe och hemmagjord god bakelse. D\u00e4refter gick vi alla till Golden Day\u2019s f\u00f6r en gemensam god lunch. Alla var n\u00f6jda med dagen, vilket var ett gott betyg.<\/p>\n\n\n\n<p>Vid pennan och fotograf, Charlotte B\u00f6rjesson<\/p>\n\n\n\n<figure class=\"wp-container-2 wp-block-gallery-1 wp-block-gallery has-nested-images columns-default is-cropped\">\n<figure class=\"wp-block-image size-large\"><img loading=\"lazy\" width=\"2197\" height=\"978\" data-id=\"2721\"  src=\"https:\/\/vasaorden.com\/goteborg\/wp-content\/uploads\/sites\/2\/2025\/02\/Karven1web.jpg\" alt=\"\" class=\"wp-image-2721\" srcset=\"https:\/\/vasaorden.com\/goteborg\/wp-content\/uploads\/sites\/2\/2025\/02\/Karven1web.jpg 2197w, https:\/\/vasaorden.com\/goteborg\/wp-content\/uploads\/sites\/2\/2025\/02\/Karven1web-300x134.jpg 300w, https:\/\/vasaorden.com\/goteborg\/wp-content\/uploads\/sites\/2\/2025\/02\/Karven1web-1024x456.jpg 1024w, https:\/\/vasaorden.com\/goteborg\/wp-content\/uploads\/sites\/2\/2025\/02\/Karven1web-768x342.jpg 768w, https:\/\/vasaorden.com\/goteborg\/wp-content\/uploads\/sites\/2\/2025\/02\/Karven1web-1536x684.jpg 1536w, https:\/\/vasaorden.com\/goteborg\/wp-content\/uploads\/sites\/2\/2025\/02\/Karven1web-2048x912.jpg 2048w\" sizes=\"(max-width: 2197px) 100vw, 2197px\" \/><\/figure>\n\n\n\n<figure class=\"wp-block-image size-large\"><img loading=\"lazy\" width=\"2000\" height=\"934\" data-id=\"2723\"  src=\"https:\/\/vasaorden.com\/goteborg\/wp-content\/uploads\/sites\/2\/2025\/02\/Karven3web.jpg\" alt=\"\" class=\"wp-image-2723\" srcset=\"https:\/\/vasaorden.com\/goteborg\/wp-content\/uploads\/sites\/2\/2025\/02\/Karven3web.jpg 2000w, https:\/\/vasaorden.com\/goteborg\/wp-content\/uploads\/sites\/2\/2025\/02\/Karven3web-300x140.jpg 300w, https:\/\/vasaorden.com\/goteborg\/wp-content\/uploads\/sites\/2\/2025\/02\/Karven3web-1024x478.jpg 1024w, https:\/\/vasaorden.com\/goteborg\/wp-content\/uploads\/sites\/2\/2025\/02\/Karven3web-768x359.jpg 768w, https:\/\/vasaorden.com\/goteborg\/wp-content\/uploads\/sites\/2\/2025\/02\/Karven3web-1536x717.jpg 1536w\" sizes=\"(max-width: 2000px) 100vw, 2000px\" \/><\/figure>\n<\/figure>\n\n\n\n<figure class=\"wp-block-table is-style-stripes\"><table class=\"has-fixed-layout\"><tbody><tr><td>Logesyskon i G\u00f6teborg, Knallen och Kongah\u00e4lla i lilla Audienssalen<\/td><td>Orginalm\u00e5lningen fr\u00e5n mitten av 1600-talet i lilla Audienssalen<\/td><\/tr><\/tbody><\/table><\/figure>\n\n\n\n<p>         <\/p>\n\n\n\n<figure class=\"wp-container-4 wp-block-gallery-3 wp-block-gallery has-nested-images columns-default is-cropped\">\n<figure class=\"wp-block-image size-large\"><img loading=\"lazy\" width=\"1024\" height=\"503\" data-id=\"2722\"  src=\"https:\/\/vasaorden.com\/goteborg\/wp-content\/uploads\/sites\/2\/2025\/02\/Karven2web-1024x503.jpg\" alt=\"\" class=\"wp-image-2722\" srcset=\"https:\/\/vasaorden.com\/goteborg\/wp-content\/uploads\/sites\/2\/2025\/02\/Karven2web-1024x503.jpg 1024w, https:\/\/vasaorden.com\/goteborg\/wp-content\/uploads\/sites\/2\/2025\/02\/Karven2web-300x147.jpg 300w, https:\/\/vasaorden.com\/goteborg\/wp-content\/uploads\/sites\/2\/2025\/02\/Karven2web-768x378.jpg 768w, https:\/\/vasaorden.com\/goteborg\/wp-content\/uploads\/sites\/2\/2025\/02\/Karven2web-1536x755.jpg 1536w, https:\/\/vasaorden.com\/goteborg\/wp-content\/uploads\/sites\/2\/2025\/02\/Karven2web.jpg 1900w\" sizes=\"(max-width: 1024px) 100vw, 1024px\" \/><\/figure>\n\n\n\n<figure class=\"wp-block-image size-large\"><img loading=\"lazy\" width=\"2000\" height=\"934\" data-id=\"2724\"  src=\"https:\/\/vasaorden.com\/goteborg\/wp-content\/uploads\/sites\/2\/2025\/02\/Karven4web.jpg\" alt=\"\" class=\"wp-image-2724\" srcset=\"https:\/\/vasaorden.com\/goteborg\/wp-content\/uploads\/sites\/2\/2025\/02\/Karven4web.jpg 2000w, https:\/\/vasaorden.com\/goteborg\/wp-content\/uploads\/sites\/2\/2025\/02\/Karven4web-300x140.jpg 300w, https:\/\/vasaorden.com\/goteborg\/wp-content\/uploads\/sites\/2\/2025\/02\/Karven4web-1024x478.jpg 1024w, https:\/\/vasaorden.com\/goteborg\/wp-content\/uploads\/sites\/2\/2025\/02\/Karven4web-768x359.jpg 768w, https:\/\/vasaorden.com\/goteborg\/wp-content\/uploads\/sites\/2\/2025\/02\/Karven4web-1536x717.jpg 1536w\" sizes=\"(max-width: 2000px) 100vw, 2000px\" \/><\/figure>\n<\/figure>\n\n\n\n<figure class=\"wp-block-table is-style-stripes\"><table class=\"has-fixed-layout\"><tbody><tr><td>Mikael Appelqvist ber\u00e4ttar om biblioteket i Residensets andra v\u00e5ning<\/td><td>Gula Rummet. Alla rum har olika interi\u00f6rer med gammalt och nytt <\/td><\/tr><\/tbody><\/table><\/figure>\n\n\n\n<p>                               <\/p>\n\n\n\n<figure class=\"wp-container-6 wp-block-gallery-5 wp-block-gallery has-nested-images columns-default is-cropped\">\n<figure class=\"wp-block-image size-large\"><img loading=\"lazy\" width=\"1166\" height=\"894\" data-id=\"2736\"  src=\"https:\/\/vasaorden.com\/goteborg\/wp-content\/uploads\/sites\/2\/2025\/02\/Alvsborgsbron_web.jpg\" alt=\"\" class=\"wp-image-2736\" srcset=\"https:\/\/vasaorden.com\/goteborg\/wp-content\/uploads\/sites\/2\/2025\/02\/Alvsborgsbron_web.jpg 1166w, https:\/\/vasaorden.com\/goteborg\/wp-content\/uploads\/sites\/2\/2025\/02\/Alvsborgsbron_web-300x230.jpg 300w, https:\/\/vasaorden.com\/goteborg\/wp-content\/uploads\/sites\/2\/2025\/02\/Alvsborgsbron_web-1024x785.jpg 1024w, https:\/\/vasaorden.com\/goteborg\/wp-content\/uploads\/sites\/2\/2025\/02\/Alvsborgsbron_web-768x589.jpg 768w\" sizes=\"(max-width: 1166px) 100vw, 1166px\" \/><\/figure>\n\n\n\n<figure class=\"wp-block-image size-large\"><img loading=\"lazy\" width=\"1296\" height=\"917\" data-id=\"2718\"  src=\"https:\/\/vasaorden.com\/goteborg\/wp-content\/uploads\/sites\/2\/2025\/02\/Fiskare_web.jpg\" alt=\"\" class=\"wp-image-2718\" srcset=\"https:\/\/vasaorden.com\/goteborg\/wp-content\/uploads\/sites\/2\/2025\/02\/Fiskare_web.jpg 1296w, https:\/\/vasaorden.com\/goteborg\/wp-content\/uploads\/sites\/2\/2025\/02\/Fiskare_web-300x212.jpg 300w, https:\/\/vasaorden.com\/goteborg\/wp-content\/uploads\/sites\/2\/2025\/02\/Fiskare_web-1024x725.jpg 1024w, https:\/\/vasaorden.com\/goteborg\/wp-content\/uploads\/sites\/2\/2025\/02\/Fiskare_web-768x543.jpg 768w\" sizes=\"(max-width: 1296px) 100vw, 1296px\" \/><\/figure>\n<\/figure>\n\n\n\n<figure class=\"wp-block-table is-style-stripes\"><table class=\"has-fixed-layout\"><tbody><tr><td>Vy \u00f6ver Klippan med hamninloppet och \u00c4lvsborgsbron<\/td><td>Ett fiskel\u00e4ger utmed Bohusl\u00e4nska kusten<\/td><\/tr><\/tbody><\/table><\/figure>\n\n\n\n<p>                                            <\/p>\n\n\n\n<p><\/p>\n\n\n\n<div class=\"wp-block-media-text is-stacked-on-mobile\" style=\"grid-template-columns:31% auto\"><figure class=\"wp-block-media-text__media\"><img loading=\"lazy\" width=\"826\" height=\"1024\" src=\"https:\/\/vasaorden.com\/goteborg\/wp-content\/uploads\/sites\/2\/2025\/02\/Harald-Stake-1598-1677_web-826x1024.jpg\" alt=\"\" class=\"wp-image-2720 size-full\" srcset=\"https:\/\/vasaorden.com\/goteborg\/wp-content\/uploads\/sites\/2\/2025\/02\/Harald-Stake-1598-1677_web-826x1024.jpg 826w, https:\/\/vasaorden.com\/goteborg\/wp-content\/uploads\/sites\/2\/2025\/02\/Harald-Stake-1598-1677_web-242x300.jpg 242w, https:\/\/vasaorden.com\/goteborg\/wp-content\/uploads\/sites\/2\/2025\/02\/Harald-Stake-1598-1677_web-768x952.jpg 768w, https:\/\/vasaorden.com\/goteborg\/wp-content\/uploads\/sites\/2\/2025\/02\/Harald-Stake-1598-1677_web.jpg 892w\" sizes=\"(max-width: 826px) 100vw, 826px\" \/><\/figure><div class=\"wp-block-media-text__content\">\n<p><\/p>\n\n\n\n<div class=\"wp-block-media-text alignwide has-media-on-the-right is-stacked-on-mobile\" style=\"grid-template-columns:auto 82%\"><figure class=\"wp-block-media-text__media\"><img loading=\"lazy\" width=\"1024\" height=\"819\" src=\"https:\/\/vasaorden.com\/goteborg\/wp-content\/uploads\/sites\/2\/2025\/02\/Farjenas_web-1024x819.jpg\" alt=\"\" class=\"wp-image-2719 size-full\" srcset=\"https:\/\/vasaorden.com\/goteborg\/wp-content\/uploads\/sites\/2\/2025\/02\/Farjenas_web-1024x819.jpg 1024w, https:\/\/vasaorden.com\/goteborg\/wp-content\/uploads\/sites\/2\/2025\/02\/Farjenas_web-300x240.jpg 300w, https:\/\/vasaorden.com\/goteborg\/wp-content\/uploads\/sites\/2\/2025\/02\/Farjenas_web-768x614.jpg 768w, https:\/\/vasaorden.com\/goteborg\/wp-content\/uploads\/sites\/2\/2025\/02\/Farjenas_web.jpg 1118w\" sizes=\"(max-width: 1024px) 100vw, 1024px\" \/><\/figure><div class=\"wp-block-media-text__content\">\n<p><\/p>\n<\/div><\/div>\n<\/div><\/div>\n\n\n\n<figure class=\"wp-block-table is-style-stripes\"><table><tbody><tr><td>Friherre och Guvern\u00f6r Harald Stake (1598-1677)<\/td><td class=\"has-text-align-center\" data-align=\"center\">Vintermotiv vid F\u00e4rjen\u00e4s p\u00e5 Hisingsidan med vy tv\u00e4rs \u00f6ver G\u00f6ta\u00e4lv<\/td><\/tr><\/tbody><\/table><\/figure>\n\n\n\n<p> <\/p>\n","protected":false},"excerpt":{"rendered":"<p>En av de f\u00e5 dagarna i januari som solen sken i G\u00f6teborg, var Logen G\u00f6teborg p\u00e5 kulturbes\u00f6k i V\u00e4stra G\u00f6talands l\u00e4nsresidens. F\u00f6rutom logens syskon deltog n\u00e5gra syskon fr\u00e5n logerna Kongah\u00e4lla nr 702 och Knallen nr 745. Kulturaktiviteter mellan logerna uppskattas och vi kommer att forts\u00e4tta med samarbetet fram\u00f6ver. Logens nyvalde Kulturledare Eva Roberts arrangerade bes\u00f6ket [&hellip;]<\/p>\n","protected":false},"author":4,"featured_media":0,"parent":0,"menu_order":0,"comment_status":"closed","ping_status":"closed","template":"","meta":{"ngg_post_thumbnail":0,"ocean_post_layout":"","ocean_both_sidebars_style":"","ocean_both_sidebars_content_width":0,"ocean_both_sidebars_sidebars_width":0,"ocean_sidebar":"","ocean_second_sidebar":"","ocean_disable_margins":"enable","ocean_add_body_class":"","ocean_shortcode_before_top_bar":"","ocean_shortcode_after_top_bar":"","ocean_shortcode_before_header":"","ocean_shortcode_after_header":"","ocean_has_shortcode":"","ocean_shortcode_after_title":"","ocean_shortcode_before_footer_widgets":"","ocean_shortcode_after_footer_widgets":"","ocean_shortcode_before_footer_bottom":"","ocean_shortcode_after_footer_bottom":"","ocean_display_top_bar":"default","ocean_display_header":"default","ocean_header_style":"","ocean_center_header_left_menu":"","ocean_custom_header_template":"","ocean_custom_logo":0,"ocean_custom_retina_logo":0,"ocean_custom_logo_max_width":0,"ocean_custom_logo_tablet_max_width":0,"ocean_custom_logo_mobile_max_width":0,"ocean_custom_logo_max_height":0,"ocean_custom_logo_tablet_max_height":0,"ocean_custom_logo_mobile_max_height":0,"ocean_header_custom_menu":"","ocean_menu_typo_font_family":"","ocean_menu_typo_font_subset":"","ocean_menu_typo_font_size":0,"ocean_menu_typo_font_size_tablet":0,"ocean_menu_typo_font_size_mobile":0,"ocean_menu_typo_font_size_unit":"px","ocean_menu_typo_font_weight":"","ocean_menu_typo_font_weight_tablet":"","ocean_menu_typo_font_weight_mobile":"","ocean_menu_typo_transform":"","ocean_menu_typo_transform_tablet":"","ocean_menu_typo_transform_mobile":"","ocean_menu_typo_line_height":0,"ocean_menu_typo_line_height_tablet":0,"ocean_menu_typo_line_height_mobile":0,"ocean_menu_typo_line_height_unit":"","ocean_menu_typo_spacing":0,"ocean_menu_typo_spacing_tablet":0,"ocean_menu_typo_spacing_mobile":0,"ocean_menu_typo_spacing_unit":"","ocean_menu_link_color":"","ocean_menu_link_color_hover":"","ocean_menu_link_color_active":"","ocean_menu_link_background":"","ocean_menu_link_hover_background":"","ocean_menu_link_active_background":"","ocean_menu_social_links_bg":"","ocean_menu_social_hover_links_bg":"","ocean_menu_social_links_color":"","ocean_menu_social_hover_links_color":"","ocean_disable_title":"default","ocean_disable_heading":"default","ocean_post_title":"","ocean_post_subheading":"","ocean_post_title_style":"","ocean_post_title_background_color":"","ocean_post_title_background":0,"ocean_post_title_bg_image_position":"","ocean_post_title_bg_image_attachment":"","ocean_post_title_bg_image_repeat":"","ocean_post_title_bg_image_size":"","ocean_post_title_height":0,"ocean_post_title_bg_overlay":0.5,"ocean_post_title_bg_overlay_color":"","ocean_disable_breadcrumbs":"default","ocean_breadcrumbs_color":"","ocean_breadcrumbs_separator_color":"","ocean_breadcrumbs_links_color":"","ocean_breadcrumbs_links_hover_color":"","ocean_display_footer_widgets":"default","ocean_display_footer_bottom":"default","ocean_custom_footer_template":""},"_links":{"self":[{"href":"https:\/\/vasaorden.com\/goteborg\/wp-json\/wp\/v2\/pages\/2726"}],"collection":[{"href":"https:\/\/vasaorden.com\/goteborg\/wp-json\/wp\/v2\/pages"}],"about":[{"href":"https:\/\/vasaorden.com\/goteborg\/wp-json\/wp\/v2\/types\/page"}],"author":[{"embeddable":true,"href":"https:\/\/vasaorden.com\/goteborg\/wp-json\/wp\/v2\/users\/4"}],"replies":[{"embeddable":true,"href":"https:\/\/vasaorden.com\/goteborg\/wp-json\/wp\/v2\/comments?post=2726"}],"version-history":[{"count":17,"href":"https:\/\/vasaorden.com\/goteborg\/wp-json\/wp\/v2\/pages\/2726\/revisions"}],"predecessor-version":[{"id":2780,"href":"https:\/\/vasaorden.com\/goteborg\/wp-json\/wp\/v2\/pages\/2726\/revisions\/2780"}],"wp:attachment":[{"href":"https:\/\/vasaorden.com\/goteborg\/wp-json\/wp\/v2\/media?parent=2726"}],"curies":[{"name":"wp","href":"https:\/\/api.w.org\/{rel}","templated":true}]}}