{"id":2261,"date":"2024-09-14T12:48:27","date_gmt":"2024-09-14T10:48:27","guid":{"rendered":"https:\/\/vasaorden.com\/goteborg\/?page_id=2261"},"modified":"2024-09-14T12:59:34","modified_gmt":"2024-09-14T10:59:34","slug":"h-m-konungens-tal","status":"publish","type":"page","link":"https:\/\/vasaorden.com\/goteborg\/h-m-konungens-tal\/","title":{"rendered":"HM Konungens tal"},"content":{"rendered":"\n<p><strong>H.M. Konungens tal vid 100-\u00e5rsjubileet av Vasa Orden av Amerika, logen i G\u00f6teborg, B\u00f6rsen, G\u00f6teborg<\/strong><\/p>\n\n\n<div class=\"wp-block-image\">\n<figure class=\"alignleft size-large is-resized\"><img loading=\"lazy\" src=\"https:\/\/vasaorden.com\/wp-content\/uploads\/2024\/09\/Konungens-tal-1-1024x769.jpg\" alt=\"\" class=\"wp-image-10283\" width=\"469\" height=\"352\"\/><figcaption><em>Fotograf Eva Wistemar<\/em><\/figcaption><\/figure><\/div>\n\n\n<h2><\/h2>\n\n\n\n<p><br><br><br><\/p>\n\n\n\n<p><br><br><br><br><br><br><br><br><br><br><br><br><br>Herr Landsh\u00f6vding,<\/p>\n\n\n\n<p>Medlemmar i Vasa Orden av Amerika,<\/p>\n\n\n\n<p>Mina damer och herrar,<\/p>\n\n\n\n<p>Jag vill b\u00f6rja med att tacka f\u00f6r en uts\u00f6kt och trevlig bankett. Och f\u00f6r att jag har f\u00e5tt njuta av s\u00e5 vacker musik!<\/p>\n\n\n\n<p>Men jag vill framf\u00f6r allt uttrycka min uppskattning \u00f6ver det fina arbete ni g\u00f6r f\u00f6r att bibeh\u00e5lla och st\u00e4rka de goda relationerna med USA. Och f\u00f6r att bevara det svenska arvet. Era insatser \u00e4r verkligen v\u00e4rda att uppm\u00e4rksamma!<\/p>\n\n\n\n<p>Det g\u00f6r vi idag n\u00e4r vi firar 100-\u00e5rsjubileet av Vasa Orden av Amerikas f\u00f6rsta svenska loge. Men vi hyllar ocks\u00e5 ett sekel av samh\u00f6righet, v\u00e4nskap och kulturell gemenskap. Ett sekel som har f\u00f6renat m\u00e4nniskor \u00f6ver kontinenter och generationer.<\/p>\n\n\n\n<p>M\u00e5nga svenskar korsade Atlanten i hopp om en b\u00e4ttre framtid. F\u00f6r att bevara sina r\u00f6tter skapade de Vasa Orden av Amerika. Bakgrunden till namnet f\u00f6rklaras i en gammal text med:<\/p>\n\n\n\n<p>\u201dLikt den f\u00f6rste af den stolta Vasa\u00e4ttens konungar, s\u00f6ka vi h\u00e4r att st\u00e4lla ett h\u00f6gt och \u00e4delt m\u00e5l framf\u00f6r oss\u201d.<\/p>\n\n\n\n<p>Och \u00e4delt tycker jag verkligen att Vasa Ordens m\u00e5l var, n\u00e4mligen att bevara svenska kulturtraditioner och det svenska spr\u00e5ket.<\/p>\n\n\n\n<p>Mina damer och herrar,<\/p>\n\n\n\n<p>Logen h\u00e4r i G\u00f6teborg g\u00f6r ett fantastiskt arbete! Det vill jag \u00e5terigen tacka f\u00f6r!<\/p>\n\n\n\n<p>Nu f\u00f6resl\u00e5r jag att vi alla reser oss upp och hyllar Vasa Orden av Amerika och Logen i G\u00f6teborg med ett fyrfaldigt leve f\u00f6ljt av en sk\u00e5l.<\/p>\n\n\n\n<p>Hurra, hurra, hurra, hurra! Och sk\u00e5l!<\/p>\n\n\n\n<p><strong>K\u00e4lla<\/strong> &#8211; <a href=\"http:\/\/www.kungahuset.se\" data-type=\"URL\" data-id=\"www.kungahuset.se\">www.kungahuset.se<\/a> &#8211; Talet finns publicerat p\u00e5 webbsidan Kungahuset \/ Startsida \/Arkiv med rubriken<br><strong>H.M. Konungens tal vid 100-\u00e5rsjubileet av Vasa Orden av Amerika, logen i G\u00f6teborg<\/strong><\/p>\n\n\n\n<p><\/p>\n","protected":false},"excerpt":{"rendered":"<p>H.M. Konungens tal vid 100-\u00e5rsjubileet av Vasa Orden av Amerika, logen i G\u00f6teborg, B\u00f6rsen, G\u00f6teborg Herr Landsh\u00f6vding, Medlemmar i Vasa Orden av Amerika, Mina damer och herrar, Jag vill b\u00f6rja med att tacka f\u00f6r en uts\u00f6kt och trevlig bankett. Och f\u00f6r att jag har f\u00e5tt njuta av s\u00e5 vacker musik! Men jag vill framf\u00f6r allt [&hellip;]<\/p>\n","protected":false},"author":4,"featured_media":0,"parent":0,"menu_order":0,"comment_status":"closed","ping_status":"closed","template":"","meta":{"ngg_post_thumbnail":0,"ocean_post_layout":"","ocean_both_sidebars_style":"","ocean_both_sidebars_content_width":0,"ocean_both_sidebars_sidebars_width":0,"ocean_sidebar":"","ocean_second_sidebar":"","ocean_disable_margins":"enable","ocean_add_body_class":"","ocean_shortcode_before_top_bar":"","ocean_shortcode_after_top_bar":"","ocean_shortcode_before_header":"","ocean_shortcode_after_header":"","ocean_has_shortcode":"","ocean_shortcode_after_title":"","ocean_shortcode_before_footer_widgets":"","ocean_shortcode_after_footer_widgets":"","ocean_shortcode_before_footer_bottom":"","ocean_shortcode_after_footer_bottom":"","ocean_display_top_bar":"default","ocean_display_header":"default","ocean_header_style":"","ocean_center_header_left_menu":"","ocean_custom_header_template":"","ocean_custom_logo":0,"ocean_custom_retina_logo":0,"ocean_custom_logo_max_width":0,"ocean_custom_logo_tablet_max_width":0,"ocean_custom_logo_mobile_max_width":0,"ocean_custom_logo_max_height":0,"ocean_custom_logo_tablet_max_height":0,"ocean_custom_logo_mobile_max_height":0,"ocean_header_custom_menu":"","ocean_menu_typo_font_family":"","ocean_menu_typo_font_subset":"","ocean_menu_typo_font_size":0,"ocean_menu_typo_font_size_tablet":0,"ocean_menu_typo_font_size_mobile":0,"ocean_menu_typo_font_size_unit":"px","ocean_menu_typo_font_weight":"","ocean_menu_typo_font_weight_tablet":"","ocean_menu_typo_font_weight_mobile":"","ocean_menu_typo_transform":"","ocean_menu_typo_transform_tablet":"","ocean_menu_typo_transform_mobile":"","ocean_menu_typo_line_height":0,"ocean_menu_typo_line_height_tablet":0,"ocean_menu_typo_line_height_mobile":0,"ocean_menu_typo_line_height_unit":"","ocean_menu_typo_spacing":0,"ocean_menu_typo_spacing_tablet":0,"ocean_menu_typo_spacing_mobile":0,"ocean_menu_typo_spacing_unit":"","ocean_menu_link_color":"","ocean_menu_link_color_hover":"","ocean_menu_link_color_active":"","ocean_menu_link_background":"","ocean_menu_link_hover_background":"","ocean_menu_link_active_background":"","ocean_menu_social_links_bg":"","ocean_menu_social_hover_links_bg":"","ocean_menu_social_links_color":"","ocean_menu_social_hover_links_color":"","ocean_disable_title":"default","ocean_disable_heading":"default","ocean_post_title":"","ocean_post_subheading":"","ocean_post_title_style":"","ocean_post_title_background_color":"","ocean_post_title_background":0,"ocean_post_title_bg_image_position":"","ocean_post_title_bg_image_attachment":"","ocean_post_title_bg_image_repeat":"","ocean_post_title_bg_image_size":"","ocean_post_title_height":0,"ocean_post_title_bg_overlay":0.5,"ocean_post_title_bg_overlay_color":"","ocean_disable_breadcrumbs":"default","ocean_breadcrumbs_color":"","ocean_breadcrumbs_separator_color":"","ocean_breadcrumbs_links_color":"","ocean_breadcrumbs_links_hover_color":"","ocean_display_footer_widgets":"default","ocean_display_footer_bottom":"default","ocean_custom_footer_template":""},"_links":{"self":[{"href":"https:\/\/vasaorden.com\/goteborg\/wp-json\/wp\/v2\/pages\/2261"}],"collection":[{"href":"https:\/\/vasaorden.com\/goteborg\/wp-json\/wp\/v2\/pages"}],"about":[{"href":"https:\/\/vasaorden.com\/goteborg\/wp-json\/wp\/v2\/types\/page"}],"author":[{"embeddable":true,"href":"https:\/\/vasaorden.com\/goteborg\/wp-json\/wp\/v2\/users\/4"}],"replies":[{"embeddable":true,"href":"https:\/\/vasaorden.com\/goteborg\/wp-json\/wp\/v2\/comments?post=2261"}],"version-history":[{"count":10,"href":"https:\/\/vasaorden.com\/goteborg\/wp-json\/wp\/v2\/pages\/2261\/revisions"}],"predecessor-version":[{"id":2277,"href":"https:\/\/vasaorden.com\/goteborg\/wp-json\/wp\/v2\/pages\/2261\/revisions\/2277"}],"wp:attachment":[{"href":"https:\/\/vasaorden.com\/goteborg\/wp-json\/wp\/v2\/media?parent=2261"}],"curies":[{"name":"wp","href":"https:\/\/api.w.org\/{rel}","templated":true}]}}