{"id":2251,"date":"2024-09-14T11:37:31","date_gmt":"2024-09-14T09:37:31","guid":{"rendered":"https:\/\/vasaorden.com\/goteborg\/?page_id=2251"},"modified":"2024-09-24T17:49:14","modified_gmt":"2024-09-24T15:49:14","slug":"referat-fran-jubileumsfirandet","status":"publish","type":"page","link":"https:\/\/vasaorden.com\/goteborg\/referat-fran-jubileumsfirandet\/","title":{"rendered":"Referat fr\u00e5n Jubileumsfirandet"},"content":{"rendered":"\n<p><strong>Ordf\u00f6rande Birgit Hellstr\u00f6m refererar fr\u00e5n jubileumsfesten i Rikssalen, Kronhuset och p\u00e5 B\u00f6rsen<\/strong><\/p>\n\n\n<div class=\"wp-block-image\">\n<figure class=\"alignleft size-large is-resized\"><img loading=\"lazy\" src=\"https:\/\/vasaorden.com\/goteborg\/wp-content\/uploads\/sites\/2\/2024\/09\/Borsen-6-1024x768.jpg\" alt=\"\" class=\"wp-image-2218\" width=\"535\" height=\"401\" srcset=\"https:\/\/vasaorden.com\/goteborg\/wp-content\/uploads\/sites\/2\/2024\/09\/Borsen-6-1024x768.jpg 1024w, https:\/\/vasaorden.com\/goteborg\/wp-content\/uploads\/sites\/2\/2024\/09\/Borsen-6-300x225.jpg 300w, https:\/\/vasaorden.com\/goteborg\/wp-content\/uploads\/sites\/2\/2024\/09\/Borsen-6-768x576.jpg 768w, https:\/\/vasaorden.com\/goteborg\/wp-content\/uploads\/sites\/2\/2024\/09\/Borsen-6.jpg 1440w\" sizes=\"(max-width: 535px) 100vw, 535px\" \/><figcaption>Hedersg\u00e4sterna och ceremonim\u00e4starna framf\u00f6r fanborgen i B\u00f6rsen<\/figcaption><\/figure><\/div>\n\n\n<p>L\u00f6rdagen den 7 september 2024 g\u00e5r till historien, inte bara som en av de varmaste dagarna i september n\u00e5gonsin, utan framf\u00f6r allt firandet av G\u00f6teborgslogens 100-\u00e5rs Jubileum. Detta jubileum som vi i styrelsen har lagt ner flera \u00e5r, dagar och timmar p\u00e5 av planering och f\u00f6rberedelser, genomf\u00f6rdes med bravur.<\/p>\n\n\n\n<p>Under H\u00f6gtidslogen, som inledde firandet, deltog totalt 160 Vasamedlemmar. Medlemmar fr\u00e5n v\u00e5r egen loge, Lokalloger och Distriktsloger i b\u00e5de Norra och S\u00f6dra Sverige samt fr\u00e5n USA och Kanada. Storlogens Exekutiva R\u00e5d var n\u00e4rvarande plus ytterligare n\u00e5gra Storloge- och Distriktsloge- och Lokallogerepresentanter b\u00e5de fr\u00e5n USA och Kanada.<\/p>\n\n\n\n<p><\/p>\n\n\n\n<p><\/p>\n\n\n\n<p>Vi fick se en mycket h\u00f6gtidlig fanparad genomf\u00f6rd av medlemmar fr\u00e5n Logen Sk\u00f6vde nr 626; Kjell Isberg, Rigmor Jonsson, Jan-Olof Sk\u00f6ld och Marianne Andersson. Som prologl\u00e4sare tj\u00e4nstgjorde v\u00e5r egen medlem, Birgit Lindblad.<\/p>\n\n\n\n<p>Karin W Benesch, kv\u00e4llens tj\u00e4nstg\u00f6rande PS, l\u00e4ste upp inkomna telegram och summerade logens 100 \u00e5r som hon p\u00e5 ett excellent s\u00e4tt beskrivit i v\u00e5r Jubileumshistorik.<\/p>\n\n\n\n<p><br><br><br>Fyra medlemmar tilldelades \u00e5rsm\u00e4rken; Gunnel Svensson, 25-\u00e5rs m\u00e4rket, Vincent H\u00f6jer 50-\u00e5rs Jewel, Irene Hagalm 60-\u00e5rs Jewel, samt Per-Hugo Kristensson, 65-\u00e5rs Jewel.<\/p>\n\n\n\n<p>Logen uppvaktades med tal, presenter, telegram och g\u00e5vor till Vasa Arkivet samt m\u00e5nga fina gratulationsh\u00e4lsningar.<br>Banketten som f\u00f6ljde p\u00e5 B\u00f6rsen senare under kv\u00e4llen blev en mycket fin tillst\u00e4llning. Ut\u00f6ver v\u00e5ra Vasamedlemmar g\u00e4stades vi av Hans Majest\u00e4t Konungen, Landsh\u00f6vding Sten Tolgfors med hustru Karin Larsson, Kommunfullm\u00e4ktiges Ordf\u00f6rande\/Borgm\u00e4stare Aslan Akbas med hustru Schikran Barkarmo samt Kanadas Honor\u00e4rkonsul Magnus Andersson. Dessutom n\u00e4rvarade H M Konungens Adjutant, \u00d6vlt Jonas Hassel.<\/p>\n\n\n\n<p>Under kv\u00e4llen h\u00e4lsades vi f\u00f6rst v\u00e4lkomna av kv\u00e4llens v\u00e4rd, v\u00e5r Distriktsm\u00e4stare Maggie A Thelin. D\u00e4refter h\u00f6ll Borgm\u00e4staren Aslan Akbas ett tal och h\u00e4lsade oss v\u00e4lkomna till staden G\u00f6teborg och till B\u00f6rsen. Vi serverades god mat och goda drycker, och vi fick lyssna p\u00e5 trevliga tal fr\u00e5n v\u00e5r Storm\u00e4stare John Hanright, Storlogens kass\u00f6r Kevin De Feo, Distriktsm\u00e4stare Maggie A Thelin, Fd Distriktsm\u00e4stare \/ Distriktslogens Hedersmedlem Ewa Pilhammar samt Vice Ordf\u00f6rande Roger Larsson, Logen Gotland nr 624.<\/p>\n\n\n\n<p>Kv\u00e4llens sup\u00e9 varvades med underh\u00e5llning, vilken inleddes av v\u00e5r egen medlem och konsertpianist Patrick Holming tillsammans med trumpetaren Lars-Olof Eriksson.<\/p>\n\n\n\n<p>D\u00e4refter framf\u00f6rde Duratrion; Anders W\u00e4ngdahl, Tobias Ahlsell och David Lundqvist tillsammans med solist Julia Carlstr\u00f6m, s\u00e5ng och musik fr\u00e5n musikalen Kristina fr\u00e5n Duvem\u00e5la. Kapellm\u00e4stare var Mats Sk\u00f6ldberg. Mellan talen och desserten underh\u00f6lls vi med s\u00e5ng och musik av Julia Carlstr\u00f6m samt Duratrion. Som sista underh\u00e5llningspunkt under kv\u00e4llen framf\u00f6rde Duratrion flera sprudlande, sv\u00e4ngande och medryckande musikstycken, som alla g\u00e4ster, inklusive H M Konungen, roades av.<\/p>\n\n\n\n<p>Kv\u00e4llen avslutades med ett tack fr\u00e5n undertecknad till v\u00e5r fantastiska kommitt\u00e9 f\u00f6r allt nedlagt arbete och med \u00f6verl\u00e4mnande av stafettpinne till Logen Stockholm med lycka till inf\u00f6r deras kommande 100-\u00e5rs jubileum \u00e5r 2034.<br>D\u00e4refter avslutade Distriktsm\u00e4stare Maggie A Tehlin med tack till alla som deltagit i v\u00e5rt firande och till kv\u00e4llens underh\u00e5llare samt \u00f6verl\u00e4mnade en ros till var och en. Maggie tackade \u00e4ven Jubileumskommitt\u00e9n som arrangerat Jubileumsfirandet och \u00f6verl\u00e4mnade \u00e4ven en ros till var och en i kommitt\u00e9n.<\/p>\n\n\n\n<p>N\u00e4r vi avslutat banketten, 15 minuter \u00f6ver utsatt programtid, l\u00e4mnade Kungen och hans f\u00f6lje, vilket var en ovanligt positiv h\u00e4ndelse i sig. Detta kan bara tolkas som ett mycket gott betyg till arrangemanget. <\/p>\n\n\n\n<p>Jag hoppas att ni som deltog i v\u00e5rt firande, k\u00e4nner er n\u00f6jda och att ni hade en riktigt trevlig kv\u00e4ll i gemenskap med andra vasasyskon och \u00f6vriga g\u00e4ster.<\/p>\n\n\n\n<p>Jag tackar alla som f\u00f6rgyllde kv\u00e4llen med sin n\u00e4rvaro. Av allt surr och skratt i salen, k\u00e4ndes det att trivselfaktorn var h\u00f6g, som den ofta \u00e4r n\u00e4r vi umg\u00e5s i v\u00e5ra loger och mellan v\u00e5ra loger.<\/p>\n\n\n\n<p>F\u00f6r oss i Jubileumskommitt\u00e9n var det viktigt att alla skulle f\u00e5 ett of\u00f6rgl\u00f6mligt minne fr\u00e5n denna dag, vilket jag hoppas att alla fick.<\/p>\n\n\n\n<p>Text och bild f\u00f6r Jubileumsfirandet ligger p\u00e5 logens hemsida. F\u00e5r ni problem att komma in p\u00e5 hemsidan och hitta bilderna, kan ni kontakta Charlotte B\u00f6rjesson, tel 070-3463366, eller charlotte.borjesson@telia.com, s\u00e5 hj\u00e4lper hon er.<br><strong>https:\/\/vasaorden.com\/ &#8211; Loger\/ Lokalloger\/ G\u00f6teborg\/Jubileumsfirandet 7 september 2024<\/strong><\/p>\n","protected":false},"excerpt":{"rendered":"<p>Ordf\u00f6rande Birgit Hellstr\u00f6m refererar fr\u00e5n jubileumsfesten i Rikssalen, Kronhuset och p\u00e5 B\u00f6rsen L\u00f6rdagen den 7 september 2024 g\u00e5r till historien, inte bara som en av de varmaste dagarna i september n\u00e5gonsin, utan framf\u00f6r allt firandet av G\u00f6teborgslogens 100-\u00e5rs Jubileum. Detta jubileum som vi i styrelsen har lagt ner flera \u00e5r, dagar och timmar p\u00e5 av [&hellip;]<\/p>\n","protected":false},"author":4,"featured_media":0,"parent":0,"menu_order":0,"comment_status":"closed","ping_status":"closed","template":"","meta":{"ngg_post_thumbnail":0,"ocean_post_layout":"","ocean_both_sidebars_style":"","ocean_both_sidebars_content_width":0,"ocean_both_sidebars_sidebars_width":0,"ocean_sidebar":"","ocean_second_sidebar":"","ocean_disable_margins":"enable","ocean_add_body_class":"","ocean_shortcode_before_top_bar":"","ocean_shortcode_after_top_bar":"","ocean_shortcode_before_header":"","ocean_shortcode_after_header":"","ocean_has_shortcode":"","ocean_shortcode_after_title":"","ocean_shortcode_before_footer_widgets":"","ocean_shortcode_after_footer_widgets":"","ocean_shortcode_before_footer_bottom":"","ocean_shortcode_after_footer_bottom":"","ocean_display_top_bar":"default","ocean_display_header":"default","ocean_header_style":"","ocean_center_header_left_menu":"","ocean_custom_header_template":"","ocean_custom_logo":0,"ocean_custom_retina_logo":0,"ocean_custom_logo_max_width":0,"ocean_custom_logo_tablet_max_width":0,"ocean_custom_logo_mobile_max_width":0,"ocean_custom_logo_max_height":0,"ocean_custom_logo_tablet_max_height":0,"ocean_custom_logo_mobile_max_height":0,"ocean_header_custom_menu":"","ocean_menu_typo_font_family":"","ocean_menu_typo_font_subset":"","ocean_menu_typo_font_size":0,"ocean_menu_typo_font_size_tablet":0,"ocean_menu_typo_font_size_mobile":0,"ocean_menu_typo_font_size_unit":"px","ocean_menu_typo_font_weight":"","ocean_menu_typo_font_weight_tablet":"","ocean_menu_typo_font_weight_mobile":"","ocean_menu_typo_transform":"","ocean_menu_typo_transform_tablet":"","ocean_menu_typo_transform_mobile":"","ocean_menu_typo_line_height":0,"ocean_menu_typo_line_height_tablet":0,"ocean_menu_typo_line_height_mobile":0,"ocean_menu_typo_line_height_unit":"","ocean_menu_typo_spacing":0,"ocean_menu_typo_spacing_tablet":0,"ocean_menu_typo_spacing_mobile":0,"ocean_menu_typo_spacing_unit":"","ocean_menu_link_color":"","ocean_menu_link_color_hover":"","ocean_menu_link_color_active":"","ocean_menu_link_background":"","ocean_menu_link_hover_background":"","ocean_menu_link_active_background":"","ocean_menu_social_links_bg":"","ocean_menu_social_hover_links_bg":"","ocean_menu_social_links_color":"","ocean_menu_social_hover_links_color":"","ocean_disable_title":"default","ocean_disable_heading":"default","ocean_post_title":"","ocean_post_subheading":"","ocean_post_title_style":"","ocean_post_title_background_color":"","ocean_post_title_background":0,"ocean_post_title_bg_image_position":"","ocean_post_title_bg_image_attachment":"","ocean_post_title_bg_image_repeat":"","ocean_post_title_bg_image_size":"","ocean_post_title_height":0,"ocean_post_title_bg_overlay":0.5,"ocean_post_title_bg_overlay_color":"","ocean_disable_breadcrumbs":"default","ocean_breadcrumbs_color":"","ocean_breadcrumbs_separator_color":"","ocean_breadcrumbs_links_color":"","ocean_breadcrumbs_links_hover_color":"","ocean_display_footer_widgets":"default","ocean_display_footer_bottom":"default","ocean_custom_footer_template":""},"_links":{"self":[{"href":"https:\/\/vasaorden.com\/goteborg\/wp-json\/wp\/v2\/pages\/2251"}],"collection":[{"href":"https:\/\/vasaorden.com\/goteborg\/wp-json\/wp\/v2\/pages"}],"about":[{"href":"https:\/\/vasaorden.com\/goteborg\/wp-json\/wp\/v2\/types\/page"}],"author":[{"embeddable":true,"href":"https:\/\/vasaorden.com\/goteborg\/wp-json\/wp\/v2\/users\/4"}],"replies":[{"embeddable":true,"href":"https:\/\/vasaorden.com\/goteborg\/wp-json\/wp\/v2\/comments?post=2251"}],"version-history":[{"count":15,"href":"https:\/\/vasaorden.com\/goteborg\/wp-json\/wp\/v2\/pages\/2251\/revisions"}],"predecessor-version":[{"id":2295,"href":"https:\/\/vasaorden.com\/goteborg\/wp-json\/wp\/v2\/pages\/2251\/revisions\/2295"}],"wp:attachment":[{"href":"https:\/\/vasaorden.com\/goteborg\/wp-json\/wp\/v2\/media?parent=2251"}],"curies":[{"name":"wp","href":"https:\/\/api.w.org\/{rel}","templated":true}]}}