{"id":2181,"date":"2024-09-12T08:39:46","date_gmt":"2024-09-12T06:39:46","guid":{"rendered":"https:\/\/vasaorden.com\/goteborg\/?page_id=2181"},"modified":"2024-09-12T22:07:53","modified_gmt":"2024-09-12T20:07:53","slug":"talare-vid-hogtidsmotet","status":"publish","type":"page","link":"https:\/\/vasaorden.com\/goteborg\/talare-vid-hogtidsmotet\/","title":{"rendered":"Talare vid h\u00f6gtidsm\u00f6tet"},"content":{"rendered":"\n<p><strong>M\u00e5nga h\u00f6gtidstal och g\u00e5vor presenterades under h\u00f6gtidslogen i Rikssalen i Kronhuset.<\/strong> <\/p>\n\n\n\n<p>Fotograf Charlotte B\u00f6rjesson<\/p>\n\n\n\n<figure class=\"wp-container-2 wp-block-gallery-1 wp-block-gallery has-nested-images columns-3 is-cropped\">\n<figure class=\"wp-block-image size-large\"><img loading=\"lazy\" width=\"2546\" height=\"1868\" data-id=\"2189\"  src=\"https:\/\/vasaorden.com\/goteborg\/wp-content\/uploads\/sites\/2\/2024\/09\/Kevin.jpg\" alt=\"\" class=\"wp-image-2189\" srcset=\"https:\/\/vasaorden.com\/goteborg\/wp-content\/uploads\/sites\/2\/2024\/09\/Kevin.jpg 2546w, https:\/\/vasaorden.com\/goteborg\/wp-content\/uploads\/sites\/2\/2024\/09\/Kevin-300x220.jpg 300w, https:\/\/vasaorden.com\/goteborg\/wp-content\/uploads\/sites\/2\/2024\/09\/Kevin-1024x751.jpg 1024w, https:\/\/vasaorden.com\/goteborg\/wp-content\/uploads\/sites\/2\/2024\/09\/Kevin-768x563.jpg 768w, https:\/\/vasaorden.com\/goteborg\/wp-content\/uploads\/sites\/2\/2024\/09\/Kevin-1536x1127.jpg 1536w, https:\/\/vasaorden.com\/goteborg\/wp-content\/uploads\/sites\/2\/2024\/09\/Kevin-2048x1503.jpg 2048w\" sizes=\"(max-width: 2546px) 100vw, 2546px\" \/><figcaption>Kevin DeFeo<\/figcaption><\/figure>\n\n\n\n<figure class=\"wp-block-image size-large\"><img loading=\"lazy\" width=\"1326\" height=\"1121\" data-id=\"2197\"  src=\"https:\/\/vasaorden.com\/goteborg\/wp-content\/uploads\/sites\/2\/2024\/09\/Maggie-A-T.jpg\" alt=\"\" class=\"wp-image-2197\" srcset=\"https:\/\/vasaorden.com\/goteborg\/wp-content\/uploads\/sites\/2\/2024\/09\/Maggie-A-T.jpg 1326w, https:\/\/vasaorden.com\/goteborg\/wp-content\/uploads\/sites\/2\/2024\/09\/Maggie-A-T-300x254.jpg 300w, https:\/\/vasaorden.com\/goteborg\/wp-content\/uploads\/sites\/2\/2024\/09\/Maggie-A-T-1024x866.jpg 1024w, https:\/\/vasaorden.com\/goteborg\/wp-content\/uploads\/sites\/2\/2024\/09\/Maggie-A-T-768x649.jpg 768w\" sizes=\"(max-width: 1326px) 100vw, 1326px\" \/><figcaption>Maggie Ahlin Thelin<\/figcaption><\/figure>\n\n\n\n<figure class=\"wp-block-image size-large\"><img loading=\"lazy\" width=\"2560\" height=\"1431\" data-id=\"2187\"  src=\"https:\/\/vasaorden.com\/goteborg\/wp-content\/uploads\/sites\/2\/2024\/09\/Hans-scaled.jpg\" alt=\"\" class=\"wp-image-2187\" srcset=\"https:\/\/vasaorden.com\/goteborg\/wp-content\/uploads\/sites\/2\/2024\/09\/Hans-scaled.jpg 2560w, https:\/\/vasaorden.com\/goteborg\/wp-content\/uploads\/sites\/2\/2024\/09\/Hans-300x168.jpg 300w, https:\/\/vasaorden.com\/goteborg\/wp-content\/uploads\/sites\/2\/2024\/09\/Hans-1024x572.jpg 1024w, https:\/\/vasaorden.com\/goteborg\/wp-content\/uploads\/sites\/2\/2024\/09\/Hans-768x429.jpg 768w, https:\/\/vasaorden.com\/goteborg\/wp-content\/uploads\/sites\/2\/2024\/09\/Hans-1536x858.jpg 1536w, https:\/\/vasaorden.com\/goteborg\/wp-content\/uploads\/sites\/2\/2024\/09\/Hans-2048x1144.jpg 2048w\" sizes=\"(max-width: 2560px) 100vw, 2560px\" \/><figcaption>Hans \u00d6gren<\/figcaption><\/figure>\n\n\n\n<figure class=\"wp-block-image size-large\"><img loading=\"lazy\" width=\"1357\" height=\"2560\" data-id=\"2184\"  src=\"https:\/\/vasaorden.com\/goteborg\/wp-content\/uploads\/sites\/2\/2024\/09\/Catherine-scaled.jpg\" alt=\"\" class=\"wp-image-2184\" srcset=\"https:\/\/vasaorden.com\/goteborg\/wp-content\/uploads\/sites\/2\/2024\/09\/Catherine-scaled.jpg 1357w, https:\/\/vasaorden.com\/goteborg\/wp-content\/uploads\/sites\/2\/2024\/09\/Catherine-159x300.jpg 159w, https:\/\/vasaorden.com\/goteborg\/wp-content\/uploads\/sites\/2\/2024\/09\/Catherine-543x1024.jpg 543w, https:\/\/vasaorden.com\/goteborg\/wp-content\/uploads\/sites\/2\/2024\/09\/Catherine-768x1449.jpg 768w, https:\/\/vasaorden.com\/goteborg\/wp-content\/uploads\/sites\/2\/2024\/09\/Catherine-814x1536.jpg 814w, https:\/\/vasaorden.com\/goteborg\/wp-content\/uploads\/sites\/2\/2024\/09\/Catherine-1086x2048.jpg 1086w\" sizes=\"(max-width: 1357px) 100vw, 1357px\" \/><figcaption>Catherine Bringselius<\/figcaption><\/figure>\n\n\n\n<figure class=\"wp-block-image size-large\"><img loading=\"lazy\" width=\"833\" height=\"1024\" data-id=\"2203\"  src=\"https:\/\/vasaorden.com\/goteborg\/wp-content\/uploads\/sites\/2\/2024\/09\/Carola-2-833x1024.jpg\" alt=\"\" class=\"wp-image-2203\" srcset=\"https:\/\/vasaorden.com\/goteborg\/wp-content\/uploads\/sites\/2\/2024\/09\/Carola-2-833x1024.jpg 833w, https:\/\/vasaorden.com\/goteborg\/wp-content\/uploads\/sites\/2\/2024\/09\/Carola-2-244x300.jpg 244w, https:\/\/vasaorden.com\/goteborg\/wp-content\/uploads\/sites\/2\/2024\/09\/Carola-2-768x944.jpg 768w, https:\/\/vasaorden.com\/goteborg\/wp-content\/uploads\/sites\/2\/2024\/09\/Carola-2-1249x1536.jpg 1249w, https:\/\/vasaorden.com\/goteborg\/wp-content\/uploads\/sites\/2\/2024\/09\/Carola-2.jpg 1519w\" sizes=\"(max-width: 833px) 100vw, 833px\" \/><figcaption>Carola \u00d6rnhed<\/figcaption><\/figure>\n\n\n\n<figure class=\"wp-block-image size-large\"><img loading=\"lazy\" width=\"675\" height=\"958\" data-id=\"2195\"  src=\"https:\/\/vasaorden.com\/goteborg\/wp-content\/uploads\/sites\/2\/2024\/09\/Talaren.jpg\" alt=\"\" class=\"wp-image-2195\" srcset=\"https:\/\/vasaorden.com\/goteborg\/wp-content\/uploads\/sites\/2\/2024\/09\/Talaren.jpg 675w, https:\/\/vasaorden.com\/goteborg\/wp-content\/uploads\/sites\/2\/2024\/09\/Talaren-211x300.jpg 211w\" sizes=\"(max-width: 675px) 100vw, 675px\" \/><figcaption>Anna-Britta Martinsson<\/figcaption><\/figure>\n\n\n\n<figure class=\"wp-block-image size-large\"><img loading=\"lazy\" width=\"680\" height=\"1024\" data-id=\"2201\"  src=\"https:\/\/vasaorden.com\/goteborg\/wp-content\/uploads\/sites\/2\/2024\/09\/Birgitta-1-680x1024.jpg\" alt=\"\" class=\"wp-image-2201\" srcset=\"https:\/\/vasaorden.com\/goteborg\/wp-content\/uploads\/sites\/2\/2024\/09\/Birgitta-1-680x1024.jpg 680w, https:\/\/vasaorden.com\/goteborg\/wp-content\/uploads\/sites\/2\/2024\/09\/Birgitta-1-199x300.jpg 199w, https:\/\/vasaorden.com\/goteborg\/wp-content\/uploads\/sites\/2\/2024\/09\/Birgitta-1-768x1157.jpg 768w, https:\/\/vasaorden.com\/goteborg\/wp-content\/uploads\/sites\/2\/2024\/09\/Birgitta-1-1020x1536.jpg 1020w, https:\/\/vasaorden.com\/goteborg\/wp-content\/uploads\/sites\/2\/2024\/09\/Birgitta-1.jpg 1240w\" sizes=\"(max-width: 680px) 100vw, 680px\" \/><figcaption>Birgitta Lundell<\/figcaption><\/figure>\n\n\n\n<figure class=\"wp-block-image size-large\"><img loading=\"lazy\" width=\"1484\" height=\"1862\" data-id=\"2191\"  src=\"https:\/\/vasaorden.com\/goteborg\/wp-content\/uploads\/sites\/2\/2024\/09\/Marianne.jpg\" alt=\"\" class=\"wp-image-2191\" srcset=\"https:\/\/vasaorden.com\/goteborg\/wp-content\/uploads\/sites\/2\/2024\/09\/Marianne.jpg 1484w, https:\/\/vasaorden.com\/goteborg\/wp-content\/uploads\/sites\/2\/2024\/09\/Marianne-239x300.jpg 239w, https:\/\/vasaorden.com\/goteborg\/wp-content\/uploads\/sites\/2\/2024\/09\/Marianne-816x1024.jpg 816w, https:\/\/vasaorden.com\/goteborg\/wp-content\/uploads\/sites\/2\/2024\/09\/Marianne-768x964.jpg 768w, https:\/\/vasaorden.com\/goteborg\/wp-content\/uploads\/sites\/2\/2024\/09\/Marianne-1224x1536.jpg 1224w\" sizes=\"(max-width: 1484px) 100vw, 1484px\" \/><figcaption>Marianne Andersson<\/figcaption><\/figure>\n\n\n\n<figure class=\"wp-block-image size-large\"><img loading=\"lazy\" width=\"1464\" height=\"1839\" data-id=\"2185\"  src=\"https:\/\/vasaorden.com\/goteborg\/wp-content\/uploads\/sites\/2\/2024\/09\/Einar.jpg\" alt=\"\" class=\"wp-image-2185\" srcset=\"https:\/\/vasaorden.com\/goteborg\/wp-content\/uploads\/sites\/2\/2024\/09\/Einar.jpg 1464w, https:\/\/vasaorden.com\/goteborg\/wp-content\/uploads\/sites\/2\/2024\/09\/Einar-239x300.jpg 239w, https:\/\/vasaorden.com\/goteborg\/wp-content\/uploads\/sites\/2\/2024\/09\/Einar-815x1024.jpg 815w, https:\/\/vasaorden.com\/goteborg\/wp-content\/uploads\/sites\/2\/2024\/09\/Einar-768x965.jpg 768w, https:\/\/vasaorden.com\/goteborg\/wp-content\/uploads\/sites\/2\/2024\/09\/Einar-1223x1536.jpg 1223w\" sizes=\"(max-width: 1464px) 100vw, 1464px\" \/><figcaption>Einar Savolinen Gr\u00f6n<\/figcaption><\/figure>\n\n\n\n<figure class=\"wp-block-image size-large\"><img loading=\"lazy\" width=\"866\" height=\"1024\" data-id=\"2205\"  src=\"https:\/\/vasaorden.com\/goteborg\/wp-content\/uploads\/sites\/2\/2024\/09\/Mats-2-866x1024.jpg\" alt=\"\" class=\"wp-image-2205\" srcset=\"https:\/\/vasaorden.com\/goteborg\/wp-content\/uploads\/sites\/2\/2024\/09\/Mats-2-866x1024.jpg 866w, https:\/\/vasaorden.com\/goteborg\/wp-content\/uploads\/sites\/2\/2024\/09\/Mats-2-254x300.jpg 254w, https:\/\/vasaorden.com\/goteborg\/wp-content\/uploads\/sites\/2\/2024\/09\/Mats-2-768x908.jpg 768w, https:\/\/vasaorden.com\/goteborg\/wp-content\/uploads\/sites\/2\/2024\/09\/Mats-2-1298x1536.jpg 1298w, https:\/\/vasaorden.com\/goteborg\/wp-content\/uploads\/sites\/2\/2024\/09\/Mats-2.jpg 1323w\" sizes=\"(max-width: 866px) 100vw, 866px\" \/><figcaption>Mats Holmberg<\/figcaption><\/figure>\n\n\n\n<figure class=\"wp-block-image size-large\"><img loading=\"lazy\" width=\"686\" height=\"1024\" data-id=\"2192\"  src=\"https:\/\/vasaorden.com\/goteborg\/wp-content\/uploads\/sites\/2\/2024\/09\/Marlene-686x1024.jpg\" alt=\"\" class=\"wp-image-2192\" srcset=\"https:\/\/vasaorden.com\/goteborg\/wp-content\/uploads\/sites\/2\/2024\/09\/Marlene-686x1024.jpg 686w, https:\/\/vasaorden.com\/goteborg\/wp-content\/uploads\/sites\/2\/2024\/09\/Marlene-201x300.jpg 201w, https:\/\/vasaorden.com\/goteborg\/wp-content\/uploads\/sites\/2\/2024\/09\/Marlene-768x1147.jpg 768w, https:\/\/vasaorden.com\/goteborg\/wp-content\/uploads\/sites\/2\/2024\/09\/Marlene-1029x1536.jpg 1029w, https:\/\/vasaorden.com\/goteborg\/wp-content\/uploads\/sites\/2\/2024\/09\/Marlene.jpg 1233w\" sizes=\"(max-width: 686px) 100vw, 686px\" \/><figcaption>Marlene Patient<\/figcaption><\/figure>\n\n\n\n<figure class=\"wp-block-image size-large\"><img loading=\"lazy\" width=\"816\" height=\"1024\" data-id=\"2188\"  src=\"https:\/\/vasaorden.com\/goteborg\/wp-content\/uploads\/sites\/2\/2024\/09\/Jan-816x1024.jpg\" alt=\"\" class=\"wp-image-2188\" srcset=\"https:\/\/vasaorden.com\/goteborg\/wp-content\/uploads\/sites\/2\/2024\/09\/Jan-816x1024.jpg 816w, https:\/\/vasaorden.com\/goteborg\/wp-content\/uploads\/sites\/2\/2024\/09\/Jan-239x300.jpg 239w, https:\/\/vasaorden.com\/goteborg\/wp-content\/uploads\/sites\/2\/2024\/09\/Jan-768x964.jpg 768w, https:\/\/vasaorden.com\/goteborg\/wp-content\/uploads\/sites\/2\/2024\/09\/Jan-1224x1536.jpg 1224w, https:\/\/vasaorden.com\/goteborg\/wp-content\/uploads\/sites\/2\/2024\/09\/Jan.jpg 1484w\" sizes=\"(max-width: 816px) 100vw, 816px\" \/><figcaption>Jan Elgquist<\/figcaption><\/figure>\n<\/figure>\n","protected":false},"excerpt":{"rendered":"<p>M\u00e5nga h\u00f6gtidstal och g\u00e5vor presenterades under h\u00f6gtidslogen i Rikssalen i Kronhuset. Fotograf Charlotte B\u00f6rjesson<\/p>\n","protected":false},"author":4,"featured_media":0,"parent":0,"menu_order":0,"comment_status":"closed","ping_status":"closed","template":"","meta":{"ngg_post_thumbnail":0,"ocean_post_layout":"","ocean_both_sidebars_style":"","ocean_both_sidebars_content_width":0,"ocean_both_sidebars_sidebars_width":0,"ocean_sidebar":"","ocean_second_sidebar":"","ocean_disable_margins":"enable","ocean_add_body_class":"","ocean_shortcode_before_top_bar":"","ocean_shortcode_after_top_bar":"","ocean_shortcode_before_header":"","ocean_shortcode_after_header":"","ocean_has_shortcode":"","ocean_shortcode_after_title":"","ocean_shortcode_before_footer_widgets":"","ocean_shortcode_after_footer_widgets":"","ocean_shortcode_before_footer_bottom":"","ocean_shortcode_after_footer_bottom":"","ocean_display_top_bar":"default","ocean_display_header":"default","ocean_header_style":"","ocean_center_header_left_menu":"","ocean_custom_header_template":"","ocean_custom_logo":0,"ocean_custom_retina_logo":0,"ocean_custom_logo_max_width":0,"ocean_custom_logo_tablet_max_width":0,"ocean_custom_logo_mobile_max_width":0,"ocean_custom_logo_max_height":0,"ocean_custom_logo_tablet_max_height":0,"ocean_custom_logo_mobile_max_height":0,"ocean_header_custom_menu":"","ocean_menu_typo_font_family":"","ocean_menu_typo_font_subset":"","ocean_menu_typo_font_size":0,"ocean_menu_typo_font_size_tablet":0,"ocean_menu_typo_font_size_mobile":0,"ocean_menu_typo_font_size_unit":"px","ocean_menu_typo_font_weight":"","ocean_menu_typo_font_weight_tablet":"","ocean_menu_typo_font_weight_mobile":"","ocean_menu_typo_transform":"","ocean_menu_typo_transform_tablet":"","ocean_menu_typo_transform_mobile":"","ocean_menu_typo_line_height":0,"ocean_menu_typo_line_height_tablet":0,"ocean_menu_typo_line_height_mobile":0,"ocean_menu_typo_line_height_unit":"","ocean_menu_typo_spacing":0,"ocean_menu_typo_spacing_tablet":0,"ocean_menu_typo_spacing_mobile":0,"ocean_menu_typo_spacing_unit":"","ocean_menu_link_color":"","ocean_menu_link_color_hover":"","ocean_menu_link_color_active":"","ocean_menu_link_background":"","ocean_menu_link_hover_background":"","ocean_menu_link_active_background":"","ocean_menu_social_links_bg":"","ocean_menu_social_hover_links_bg":"","ocean_menu_social_links_color":"","ocean_menu_social_hover_links_color":"","ocean_disable_title":"default","ocean_disable_heading":"default","ocean_post_title":"","ocean_post_subheading":"","ocean_post_title_style":"","ocean_post_title_background_color":"","ocean_post_title_background":0,"ocean_post_title_bg_image_position":"","ocean_post_title_bg_image_attachment":"","ocean_post_title_bg_image_repeat":"","ocean_post_title_bg_image_size":"","ocean_post_title_height":0,"ocean_post_title_bg_overlay":0.5,"ocean_post_title_bg_overlay_color":"","ocean_disable_breadcrumbs":"default","ocean_breadcrumbs_color":"","ocean_breadcrumbs_separator_color":"","ocean_breadcrumbs_links_color":"","ocean_breadcrumbs_links_hover_color":"","ocean_display_footer_widgets":"default","ocean_display_footer_bottom":"default","ocean_custom_footer_template":""},"_links":{"self":[{"href":"https:\/\/vasaorden.com\/goteborg\/wp-json\/wp\/v2\/pages\/2181"}],"collection":[{"href":"https:\/\/vasaorden.com\/goteborg\/wp-json\/wp\/v2\/pages"}],"about":[{"href":"https:\/\/vasaorden.com\/goteborg\/wp-json\/wp\/v2\/types\/page"}],"author":[{"embeddable":true,"href":"https:\/\/vasaorden.com\/goteborg\/wp-json\/wp\/v2\/users\/4"}],"replies":[{"embeddable":true,"href":"https:\/\/vasaorden.com\/goteborg\/wp-json\/wp\/v2\/comments?post=2181"}],"version-history":[{"count":6,"href":"https:\/\/vasaorden.com\/goteborg\/wp-json\/wp\/v2\/pages\/2181\/revisions"}],"predecessor-version":[{"id":2247,"href":"https:\/\/vasaorden.com\/goteborg\/wp-json\/wp\/v2\/pages\/2181\/revisions\/2247"}],"wp:attachment":[{"href":"https:\/\/vasaorden.com\/goteborg\/wp-json\/wp\/v2\/media?parent=2181"}],"curies":[{"name":"wp","href":"https:\/\/api.w.org\/{rel}","templated":true}]}}