{"id":2074,"date":"2024-09-11T21:40:32","date_gmt":"2024-09-11T19:40:32","guid":{"rendered":"https:\/\/vasaorden.com\/goteborg\/?page_id=2074"},"modified":"2024-09-12T22:09:16","modified_gmt":"2024-09-12T20:09:16","slug":"mingelbilder","status":"publish","type":"page","link":"https:\/\/vasaorden.com\/goteborg\/mingelbilder\/","title":{"rendered":"Mingelbilder"},"content":{"rendered":"\n<p><strong>Mingelbilder fr\u00e5n Rikssalen i Kronhuset med medlemmar innan h\u00f6gtidslogen b\u00f6rjar.<\/strong><\/p>\n\n\n\n<p>Fotograf Charlotte B\u00f6rjesson.<\/p>\n\n\n\n<figure class=\"wp-container-2 wp-block-gallery-1 wp-block-gallery has-nested-images columns-default is-cropped\">\n<figure class=\"wp-block-image size-large\"><img loading=\"lazy\" width=\"2560\" height=\"1477\" data-id=\"2044\"  src=\"https:\/\/vasaorden.com\/goteborg\/wp-content\/uploads\/sites\/2\/2024\/09\/Mingel-1-scaled.jpg\" alt=\"\" class=\"wp-image-2044\" srcset=\"https:\/\/vasaorden.com\/goteborg\/wp-content\/uploads\/sites\/2\/2024\/09\/Mingel-1-scaled.jpg 2560w, https:\/\/vasaorden.com\/goteborg\/wp-content\/uploads\/sites\/2\/2024\/09\/Mingel-1-300x173.jpg 300w, https:\/\/vasaorden.com\/goteborg\/wp-content\/uploads\/sites\/2\/2024\/09\/Mingel-1-1024x591.jpg 1024w, https:\/\/vasaorden.com\/goteborg\/wp-content\/uploads\/sites\/2\/2024\/09\/Mingel-1-768x443.jpg 768w, https:\/\/vasaorden.com\/goteborg\/wp-content\/uploads\/sites\/2\/2024\/09\/Mingel-1-1536x886.jpg 1536w, https:\/\/vasaorden.com\/goteborg\/wp-content\/uploads\/sites\/2\/2024\/09\/Mingel-1-2048x1182.jpg 2048w\" sizes=\"(max-width: 2560px) 100vw, 2560px\" \/><\/figure>\n\n\n\n<figure class=\"wp-block-image size-large\"><img loading=\"lazy\" width=\"2560\" height=\"1707\" data-id=\"2042\"  src=\"https:\/\/vasaorden.com\/goteborg\/wp-content\/uploads\/sites\/2\/2024\/09\/Mingel-7-scaled.jpg\" alt=\"\" class=\"wp-image-2042\" srcset=\"https:\/\/vasaorden.com\/goteborg\/wp-content\/uploads\/sites\/2\/2024\/09\/Mingel-7-scaled.jpg 2560w, https:\/\/vasaorden.com\/goteborg\/wp-content\/uploads\/sites\/2\/2024\/09\/Mingel-7-300x200.jpg 300w, https:\/\/vasaorden.com\/goteborg\/wp-content\/uploads\/sites\/2\/2024\/09\/Mingel-7-1024x683.jpg 1024w, https:\/\/vasaorden.com\/goteborg\/wp-content\/uploads\/sites\/2\/2024\/09\/Mingel-7-768x512.jpg 768w, https:\/\/vasaorden.com\/goteborg\/wp-content\/uploads\/sites\/2\/2024\/09\/Mingel-7-1536x1024.jpg 1536w, https:\/\/vasaorden.com\/goteborg\/wp-content\/uploads\/sites\/2\/2024\/09\/Mingel-7-2048x1365.jpg 2048w\" sizes=\"(max-width: 2560px) 100vw, 2560px\" \/><\/figure>\n\n\n\n<figure class=\"wp-block-image size-large\"><img loading=\"lazy\" width=\"2560\" height=\"1599\" data-id=\"2046\"  src=\"https:\/\/vasaorden.com\/goteborg\/wp-content\/uploads\/sites\/2\/2024\/09\/Mingel-4-scaled.jpg\" alt=\"\" class=\"wp-image-2046\" srcset=\"https:\/\/vasaorden.com\/goteborg\/wp-content\/uploads\/sites\/2\/2024\/09\/Mingel-4-scaled.jpg 2560w, https:\/\/vasaorden.com\/goteborg\/wp-content\/uploads\/sites\/2\/2024\/09\/Mingel-4-300x187.jpg 300w, https:\/\/vasaorden.com\/goteborg\/wp-content\/uploads\/sites\/2\/2024\/09\/Mingel-4-1024x640.jpg 1024w, https:\/\/vasaorden.com\/goteborg\/wp-content\/uploads\/sites\/2\/2024\/09\/Mingel-4-768x480.jpg 768w, https:\/\/vasaorden.com\/goteborg\/wp-content\/uploads\/sites\/2\/2024\/09\/Mingel-4-1536x960.jpg 1536w, https:\/\/vasaorden.com\/goteborg\/wp-content\/uploads\/sites\/2\/2024\/09\/Mingel-4-2048x1279.jpg 2048w\" sizes=\"(max-width: 2560px) 100vw, 2560px\" \/><\/figure>\n\n\n\n<figure class=\"wp-block-image size-large\"><img loading=\"lazy\" width=\"2560\" height=\"1707\" data-id=\"2047\"  src=\"https:\/\/vasaorden.com\/goteborg\/wp-content\/uploads\/sites\/2\/2024\/09\/Mingel-12-scaled.jpg\" alt=\"\" class=\"wp-image-2047\" srcset=\"https:\/\/vasaorden.com\/goteborg\/wp-content\/uploads\/sites\/2\/2024\/09\/Mingel-12-scaled.jpg 2560w, https:\/\/vasaorden.com\/goteborg\/wp-content\/uploads\/sites\/2\/2024\/09\/Mingel-12-300x200.jpg 300w, https:\/\/vasaorden.com\/goteborg\/wp-content\/uploads\/sites\/2\/2024\/09\/Mingel-12-1024x683.jpg 1024w, https:\/\/vasaorden.com\/goteborg\/wp-content\/uploads\/sites\/2\/2024\/09\/Mingel-12-768x512.jpg 768w, https:\/\/vasaorden.com\/goteborg\/wp-content\/uploads\/sites\/2\/2024\/09\/Mingel-12-1536x1024.jpg 1536w, https:\/\/vasaorden.com\/goteborg\/wp-content\/uploads\/sites\/2\/2024\/09\/Mingel-12-2048x1365.jpg 2048w\" sizes=\"(max-width: 2560px) 100vw, 2560px\" \/><\/figure>\n\n\n\n<figure class=\"wp-block-image size-large\"><img loading=\"lazy\" width=\"2560\" height=\"1624\" data-id=\"2048\"  src=\"https:\/\/vasaorden.com\/goteborg\/wp-content\/uploads\/sites\/2\/2024\/09\/Mingel-3-scaled.jpg\" alt=\"\" class=\"wp-image-2048\" srcset=\"https:\/\/vasaorden.com\/goteborg\/wp-content\/uploads\/sites\/2\/2024\/09\/Mingel-3-scaled.jpg 2560w, https:\/\/vasaorden.com\/goteborg\/wp-content\/uploads\/sites\/2\/2024\/09\/Mingel-3-300x190.jpg 300w, https:\/\/vasaorden.com\/goteborg\/wp-content\/uploads\/sites\/2\/2024\/09\/Mingel-3-1024x650.jpg 1024w, https:\/\/vasaorden.com\/goteborg\/wp-content\/uploads\/sites\/2\/2024\/09\/Mingel-3-768x487.jpg 768w, https:\/\/vasaorden.com\/goteborg\/wp-content\/uploads\/sites\/2\/2024\/09\/Mingel-3-1536x974.jpg 1536w, https:\/\/vasaorden.com\/goteborg\/wp-content\/uploads\/sites\/2\/2024\/09\/Mingel-3-2048x1299.jpg 2048w\" sizes=\"(max-width: 2560px) 100vw, 2560px\" \/><\/figure>\n\n\n\n<figure class=\"wp-block-image size-large\"><img loading=\"lazy\" width=\"2560\" height=\"1196\" data-id=\"2049\"  src=\"https:\/\/vasaorden.com\/goteborg\/wp-content\/uploads\/sites\/2\/2024\/09\/Mingel-0-scaled.jpg\" alt=\"\" class=\"wp-image-2049\" srcset=\"https:\/\/vasaorden.com\/goteborg\/wp-content\/uploads\/sites\/2\/2024\/09\/Mingel-0-scaled.jpg 2560w, https:\/\/vasaorden.com\/goteborg\/wp-content\/uploads\/sites\/2\/2024\/09\/Mingel-0-300x140.jpg 300w, https:\/\/vasaorden.com\/goteborg\/wp-content\/uploads\/sites\/2\/2024\/09\/Mingel-0-1024x478.jpg 1024w, https:\/\/vasaorden.com\/goteborg\/wp-content\/uploads\/sites\/2\/2024\/09\/Mingel-0-768x359.jpg 768w, https:\/\/vasaorden.com\/goteborg\/wp-content\/uploads\/sites\/2\/2024\/09\/Mingel-0-1536x717.jpg 1536w, https:\/\/vasaorden.com\/goteborg\/wp-content\/uploads\/sites\/2\/2024\/09\/Mingel-0-2048x956.jpg 2048w\" sizes=\"(max-width: 2560px) 100vw, 2560px\" \/><\/figure>\n\n\n\n<figure class=\"wp-block-image size-large\"><img loading=\"lazy\" width=\"2560\" height=\"2286\" data-id=\"2045\"  src=\"https:\/\/vasaorden.com\/goteborg\/wp-content\/uploads\/sites\/2\/2024\/09\/Mingel-5-scaled.jpg\" alt=\"\" class=\"wp-image-2045\" srcset=\"https:\/\/vasaorden.com\/goteborg\/wp-content\/uploads\/sites\/2\/2024\/09\/Mingel-5-scaled.jpg 2560w, https:\/\/vasaorden.com\/goteborg\/wp-content\/uploads\/sites\/2\/2024\/09\/Mingel-5-300x268.jpg 300w, https:\/\/vasaorden.com\/goteborg\/wp-content\/uploads\/sites\/2\/2024\/09\/Mingel-5-1024x915.jpg 1024w, https:\/\/vasaorden.com\/goteborg\/wp-content\/uploads\/sites\/2\/2024\/09\/Mingel-5-768x686.jpg 768w, https:\/\/vasaorden.com\/goteborg\/wp-content\/uploads\/sites\/2\/2024\/09\/Mingel-5-1536x1372.jpg 1536w, https:\/\/vasaorden.com\/goteborg\/wp-content\/uploads\/sites\/2\/2024\/09\/Mingel-5-2048x1829.jpg 2048w\" sizes=\"(max-width: 2560px) 100vw, 2560px\" \/><\/figure>\n\n\n\n<figure class=\"wp-block-image size-large\"><img loading=\"lazy\" width=\"2560\" height=\"1552\" data-id=\"2041\"  src=\"https:\/\/vasaorden.com\/goteborg\/wp-content\/uploads\/sites\/2\/2024\/09\/Mingel-8-scaled.jpg\" alt=\"\" class=\"wp-image-2041\" srcset=\"https:\/\/vasaorden.com\/goteborg\/wp-content\/uploads\/sites\/2\/2024\/09\/Mingel-8-scaled.jpg 2560w, https:\/\/vasaorden.com\/goteborg\/wp-content\/uploads\/sites\/2\/2024\/09\/Mingel-8-300x182.jpg 300w, https:\/\/vasaorden.com\/goteborg\/wp-content\/uploads\/sites\/2\/2024\/09\/Mingel-8-1024x621.jpg 1024w, https:\/\/vasaorden.com\/goteborg\/wp-content\/uploads\/sites\/2\/2024\/09\/Mingel-8-768x466.jpg 768w, https:\/\/vasaorden.com\/goteborg\/wp-content\/uploads\/sites\/2\/2024\/09\/Mingel-8-1536x931.jpg 1536w, https:\/\/vasaorden.com\/goteborg\/wp-content\/uploads\/sites\/2\/2024\/09\/Mingel-8-2048x1241.jpg 2048w\" sizes=\"(max-width: 2560px) 100vw, 2560px\" \/><\/figure>\n\n\n\n<figure class=\"wp-block-image size-large\"><img loading=\"lazy\" width=\"2560\" height=\"1401\" data-id=\"2040\"  src=\"https:\/\/vasaorden.com\/goteborg\/wp-content\/uploads\/sites\/2\/2024\/09\/Mingel-9-scaled.jpg\" alt=\"\" class=\"wp-image-2040\" srcset=\"https:\/\/vasaorden.com\/goteborg\/wp-content\/uploads\/sites\/2\/2024\/09\/Mingel-9-scaled.jpg 2560w, https:\/\/vasaorden.com\/goteborg\/wp-content\/uploads\/sites\/2\/2024\/09\/Mingel-9-300x164.jpg 300w, https:\/\/vasaorden.com\/goteborg\/wp-content\/uploads\/sites\/2\/2024\/09\/Mingel-9-1024x561.jpg 1024w, https:\/\/vasaorden.com\/goteborg\/wp-content\/uploads\/sites\/2\/2024\/09\/Mingel-9-768x420.jpg 768w, https:\/\/vasaorden.com\/goteborg\/wp-content\/uploads\/sites\/2\/2024\/09\/Mingel-9-1536x841.jpg 1536w, https:\/\/vasaorden.com\/goteborg\/wp-content\/uploads\/sites\/2\/2024\/09\/Mingel-9-2048x1121.jpg 2048w\" sizes=\"(max-width: 2560px) 100vw, 2560px\" \/><\/figure>\n\n\n\n<figure class=\"wp-block-image size-large\"><img loading=\"lazy\" width=\"2413\" height=\"2099\" data-id=\"2039\"  src=\"https:\/\/vasaorden.com\/goteborg\/wp-content\/uploads\/sites\/2\/2024\/09\/Mingel-6.jpg\" alt=\"\" class=\"wp-image-2039\" srcset=\"https:\/\/vasaorden.com\/goteborg\/wp-content\/uploads\/sites\/2\/2024\/09\/Mingel-6.jpg 2413w, https:\/\/vasaorden.com\/goteborg\/wp-content\/uploads\/sites\/2\/2024\/09\/Mingel-6-300x261.jpg 300w, https:\/\/vasaorden.com\/goteborg\/wp-content\/uploads\/sites\/2\/2024\/09\/Mingel-6-1024x891.jpg 1024w, https:\/\/vasaorden.com\/goteborg\/wp-content\/uploads\/sites\/2\/2024\/09\/Mingel-6-768x668.jpg 768w, https:\/\/vasaorden.com\/goteborg\/wp-content\/uploads\/sites\/2\/2024\/09\/Mingel-6-1536x1336.jpg 1536w, https:\/\/vasaorden.com\/goteborg\/wp-content\/uploads\/sites\/2\/2024\/09\/Mingel-6-2048x1781.jpg 2048w\" sizes=\"(max-width: 2413px) 100vw, 2413px\" \/><\/figure>\n\n\n\n<figure class=\"wp-block-image size-large\"><img loading=\"lazy\" width=\"2377\" height=\"2560\" data-id=\"2038\"  src=\"https:\/\/vasaorden.com\/goteborg\/wp-content\/uploads\/sites\/2\/2024\/09\/Mingel-10-scaled.jpg\" alt=\"\" class=\"wp-image-2038\" srcset=\"https:\/\/vasaorden.com\/goteborg\/wp-content\/uploads\/sites\/2\/2024\/09\/Mingel-10-scaled.jpg 2377w, https:\/\/vasaorden.com\/goteborg\/wp-content\/uploads\/sites\/2\/2024\/09\/Mingel-10-279x300.jpg 279w, https:\/\/vasaorden.com\/goteborg\/wp-content\/uploads\/sites\/2\/2024\/09\/Mingel-10-951x1024.jpg 951w, https:\/\/vasaorden.com\/goteborg\/wp-content\/uploads\/sites\/2\/2024\/09\/Mingel-10-768x827.jpg 768w, https:\/\/vasaorden.com\/goteborg\/wp-content\/uploads\/sites\/2\/2024\/09\/Mingel-10-1426x1536.jpg 1426w, https:\/\/vasaorden.com\/goteborg\/wp-content\/uploads\/sites\/2\/2024\/09\/Mingel-10-1901x2048.jpg 1901w\" sizes=\"(max-width: 2377px) 100vw, 2377px\" \/><\/figure>\n\n\n\n<figure class=\"wp-block-image size-large\"><img src=\"https:\/\/vasaorden.com\/goteborg\/wp-content\/uploads\/sites\/2\/2024\/09\/Mingel-13.jpg\" alt=\"\"\/><\/figure>\n<\/figure>\n\n\n\n<h2><\/h2>\n\n\n\n<figure class=\"wp-block-image size-large\"><img loading=\"lazy\" width=\"1024\" height=\"478\" src=\"https:\/\/vasaorden.com\/goteborg\/wp-content\/uploads\/sites\/2\/2024\/09\/Mingel-11-1024x478.jpg\" alt=\"\" class=\"wp-image-2116\" srcset=\"https:\/\/vasaorden.com\/goteborg\/wp-content\/uploads\/sites\/2\/2024\/09\/Mingel-11-1024x478.jpg 1024w, https:\/\/vasaorden.com\/goteborg\/wp-content\/uploads\/sites\/2\/2024\/09\/Mingel-11-300x140.jpg 300w, https:\/\/vasaorden.com\/goteborg\/wp-content\/uploads\/sites\/2\/2024\/09\/Mingel-11-768x359.jpg 768w, https:\/\/vasaorden.com\/goteborg\/wp-content\/uploads\/sites\/2\/2024\/09\/Mingel-11-1536x717.jpg 1536w, https:\/\/vasaorden.com\/goteborg\/wp-content\/uploads\/sites\/2\/2024\/09\/Mingel-11-2048x956.jpg 2048w\" sizes=\"(max-width: 1024px) 100vw, 1024px\" \/><\/figure>\n","protected":false},"excerpt":{"rendered":"<p>Mingelbilder fr\u00e5n Rikssalen i Kronhuset med medlemmar innan h\u00f6gtidslogen b\u00f6rjar. Fotograf Charlotte B\u00f6rjesson.<\/p>\n","protected":false},"author":4,"featured_media":0,"parent":0,"menu_order":0,"comment_status":"closed","ping_status":"closed","template":"","meta":{"ngg_post_thumbnail":0,"ocean_post_layout":"","ocean_both_sidebars_style":"","ocean_both_sidebars_content_width":0,"ocean_both_sidebars_sidebars_width":0,"ocean_sidebar":"","ocean_second_sidebar":"","ocean_disable_margins":"enable","ocean_add_body_class":"","ocean_shortcode_before_top_bar":"","ocean_shortcode_after_top_bar":"","ocean_shortcode_before_header":"","ocean_shortcode_after_header":"","ocean_has_shortcode":"","ocean_shortcode_after_title":"","ocean_shortcode_before_footer_widgets":"","ocean_shortcode_after_footer_widgets":"","ocean_shortcode_before_footer_bottom":"","ocean_shortcode_after_footer_bottom":"","ocean_display_top_bar":"default","ocean_display_header":"default","ocean_header_style":"","ocean_center_header_left_menu":"","ocean_custom_header_template":"","ocean_custom_logo":0,"ocean_custom_retina_logo":0,"ocean_custom_logo_max_width":0,"ocean_custom_logo_tablet_max_width":0,"ocean_custom_logo_mobile_max_width":0,"ocean_custom_logo_max_height":0,"ocean_custom_logo_tablet_max_height":0,"ocean_custom_logo_mobile_max_height":0,"ocean_header_custom_menu":"","ocean_menu_typo_font_family":"","ocean_menu_typo_font_subset":"","ocean_menu_typo_font_size":0,"ocean_menu_typo_font_size_tablet":0,"ocean_menu_typo_font_size_mobile":0,"ocean_menu_typo_font_size_unit":"px","ocean_menu_typo_font_weight":"","ocean_menu_typo_font_weight_tablet":"","ocean_menu_typo_font_weight_mobile":"","ocean_menu_typo_transform":"","ocean_menu_typo_transform_tablet":"","ocean_menu_typo_transform_mobile":"","ocean_menu_typo_line_height":0,"ocean_menu_typo_line_height_tablet":0,"ocean_menu_typo_line_height_mobile":0,"ocean_menu_typo_line_height_unit":"","ocean_menu_typo_spacing":0,"ocean_menu_typo_spacing_tablet":0,"ocean_menu_typo_spacing_mobile":0,"ocean_menu_typo_spacing_unit":"","ocean_menu_link_color":"","ocean_menu_link_color_hover":"","ocean_menu_link_color_active":"","ocean_menu_link_background":"","ocean_menu_link_hover_background":"","ocean_menu_link_active_background":"","ocean_menu_social_links_bg":"","ocean_menu_social_hover_links_bg":"","ocean_menu_social_links_color":"","ocean_menu_social_hover_links_color":"","ocean_disable_title":"default","ocean_disable_heading":"default","ocean_post_title":"","ocean_post_subheading":"","ocean_post_title_style":"","ocean_post_title_background_color":"","ocean_post_title_background":0,"ocean_post_title_bg_image_position":"","ocean_post_title_bg_image_attachment":"","ocean_post_title_bg_image_repeat":"","ocean_post_title_bg_image_size":"","ocean_post_title_height":0,"ocean_post_title_bg_overlay":0.5,"ocean_post_title_bg_overlay_color":"","ocean_disable_breadcrumbs":"default","ocean_breadcrumbs_color":"","ocean_breadcrumbs_separator_color":"","ocean_breadcrumbs_links_color":"","ocean_breadcrumbs_links_hover_color":"","ocean_display_footer_widgets":"default","ocean_display_footer_bottom":"default","ocean_custom_footer_template":""},"_links":{"self":[{"href":"https:\/\/vasaorden.com\/goteborg\/wp-json\/wp\/v2\/pages\/2074"}],"collection":[{"href":"https:\/\/vasaorden.com\/goteborg\/wp-json\/wp\/v2\/pages"}],"about":[{"href":"https:\/\/vasaorden.com\/goteborg\/wp-json\/wp\/v2\/types\/page"}],"author":[{"embeddable":true,"href":"https:\/\/vasaorden.com\/goteborg\/wp-json\/wp\/v2\/users\/4"}],"replies":[{"embeddable":true,"href":"https:\/\/vasaorden.com\/goteborg\/wp-json\/wp\/v2\/comments?post=2074"}],"version-history":[{"count":6,"href":"https:\/\/vasaorden.com\/goteborg\/wp-json\/wp\/v2\/pages\/2074\/revisions"}],"predecessor-version":[{"id":2164,"href":"https:\/\/vasaorden.com\/goteborg\/wp-json\/wp\/v2\/pages\/2074\/revisions\/2164"}],"wp:attachment":[{"href":"https:\/\/vasaorden.com\/goteborg\/wp-json\/wp\/v2\/media?parent=2074"}],"curies":[{"name":"wp","href":"https:\/\/api.w.org\/{rel}","templated":true}]}}