{"id":1985,"date":"2024-09-11T17:46:06","date_gmt":"2024-09-11T15:46:06","guid":{"rendered":"https:\/\/vasaorden.com\/goteborg\/?page_id=1985"},"modified":"2024-10-03T21:36:46","modified_gmt":"2024-10-03T19:36:46","slug":"gavor-och-telegram","status":"publish","type":"page","link":"https:\/\/vasaorden.com\/goteborg\/gavor-och-telegram\/","title":{"rendered":"G\u00e5vor och Telegram"},"content":{"rendered":"\n<p><strong>M\u00e5nga h\u00e4lsningar, g\u00e5vor och telegram kom till v\u00e5r loge fr\u00e5n medlemmar, lokalloger, distrikten, storlogen med flera. <\/strong><\/p>\n\n\n<div class=\"wp-block-image\">\n<figure class=\"alignleft size-large is-resized\"><img loading=\"lazy\" src=\"https:\/\/vasaorden.com\/goteborg\/wp-content\/uploads\/sites\/2\/2024\/09\/Ordforande-749x1024.jpg\" alt=\"\" class=\"wp-image-2088\" width=\"333\" height=\"454\" srcset=\"https:\/\/vasaorden.com\/goteborg\/wp-content\/uploads\/sites\/2\/2024\/09\/Ordforande-749x1024.jpg 749w, https:\/\/vasaorden.com\/goteborg\/wp-content\/uploads\/sites\/2\/2024\/09\/Ordforande-219x300.jpg 219w, https:\/\/vasaorden.com\/goteborg\/wp-content\/uploads\/sites\/2\/2024\/09\/Ordforande-768x1050.jpg 768w, https:\/\/vasaorden.com\/goteborg\/wp-content\/uploads\/sites\/2\/2024\/09\/Ordforande-1123x1536.jpg 1123w, https:\/\/vasaorden.com\/goteborg\/wp-content\/uploads\/sites\/2\/2024\/09\/Ordforande.jpg 1442w\" sizes=\"(max-width: 333px) 100vw, 333px\" \/><figcaption>Ordf\u00f6rande Birgit Hellstr\u00f6m med diplom fr\u00e5n Storlogen.<br><em>Fotograf Charlotte B\u00f6rjesson<\/em><br><br><strong><a rel=\"noreferrer noopener\" href=\"https:\/\/vasaorden.com\/goteborg\/wp-content\/uploads\/sites\/2\/2024\/10\/Telegram-Norra-Sverige-nr-19.pdf\" data-type=\"URL\" data-id=\"https:\/\/vasaorden.com\/goteborg\/wp-content\/uploads\/sites\/2\/2024\/10\/Telegram-Norra-Sverige-nr-19.pdf\" target=\"_blank\">Telegram fr\u00e5n Norra Sverige nr 19<\/a><\/strong><br><br><a rel=\"noreferrer noopener\" href=\"https:\/\/vasaorden.com\/goteborg\/wp-content\/uploads\/sites\/2\/2024\/10\/Telegram-Sodra-Sverige-nr-20.pdf\" data-type=\"attachment\" data-id=\"2606\" target=\"_blank\"><strong>Telegram fr\u00e5n S\u00f6dra Sverige nr 20<\/strong><\/a><strong><br><\/strong><br><strong><a rel=\"noreferrer noopener\" href=\"https:\/\/vasaorden.com\/goteborg\/wp-content\/uploads\/sites\/2\/2024\/10\/Telegram-USA-1.pdf\" data-type=\"attachment\" data-id=\"2607\" target=\"_blank\">Telegram fr\u00e5n USA 1<\/a><\/strong><br><br><strong><a rel=\"noreferrer noopener\" href=\"https:\/\/vasaorden.com\/goteborg\/wp-content\/uploads\/sites\/2\/2024\/10\/Telegram-USA-2.pdf\" data-type=\"attachment\" data-id=\"2608\" target=\"_blank\">Telegram fr\u00e5n USA 2<\/a><\/strong><br><br><br><\/figcaption><\/figure><\/div>\n\n\n<figure class=\"wp-container-2 wp-block-gallery-1 wp-block-gallery has-nested-images columns-default is-cropped\">\n<figure class=\"wp-block-image size-large\"><img loading=\"lazy\" width=\"1920\" height=\"2560\" data-id=\"2597\"  src=\"https:\/\/vasaorden.com\/goteborg\/wp-content\/uploads\/sites\/2\/2024\/10\/Drott-Lodge-168-scaled.jpg\" alt=\"\" class=\"wp-image-2597\" srcset=\"https:\/\/vasaorden.com\/goteborg\/wp-content\/uploads\/sites\/2\/2024\/10\/Drott-Lodge-168-scaled.jpg 1920w, https:\/\/vasaorden.com\/goteborg\/wp-content\/uploads\/sites\/2\/2024\/10\/Drott-Lodge-168-225x300.jpg 225w, https:\/\/vasaorden.com\/goteborg\/wp-content\/uploads\/sites\/2\/2024\/10\/Drott-Lodge-168-768x1024.jpg 768w, https:\/\/vasaorden.com\/goteborg\/wp-content\/uploads\/sites\/2\/2024\/10\/Drott-Lodge-168-1152x1536.jpg 1152w, https:\/\/vasaorden.com\/goteborg\/wp-content\/uploads\/sites\/2\/2024\/10\/Drott-Lodge-168-1536x2048.jpg 1536w\" sizes=\"(max-width: 1920px) 100vw, 1920px\" \/><figcaption>Drott Lodge 168<\/figcaption><\/figure>\n\n\n\n<figure class=\"wp-block-image size-large\"><img loading=\"lazy\" width=\"1920\" height=\"2560\" data-id=\"2600\"  src=\"https:\/\/vasaorden.com\/goteborg\/wp-content\/uploads\/sites\/2\/2024\/10\/Grand-Lodge-scaled.jpg\" alt=\"\" class=\"wp-image-2600\" srcset=\"https:\/\/vasaorden.com\/goteborg\/wp-content\/uploads\/sites\/2\/2024\/10\/Grand-Lodge-scaled.jpg 1920w, https:\/\/vasaorden.com\/goteborg\/wp-content\/uploads\/sites\/2\/2024\/10\/Grand-Lodge-225x300.jpg 225w, https:\/\/vasaorden.com\/goteborg\/wp-content\/uploads\/sites\/2\/2024\/10\/Grand-Lodge-768x1024.jpg 768w, https:\/\/vasaorden.com\/goteborg\/wp-content\/uploads\/sites\/2\/2024\/10\/Grand-Lodge-1152x1536.jpg 1152w, https:\/\/vasaorden.com\/goteborg\/wp-content\/uploads\/sites\/2\/2024\/10\/Grand-Lodge-1536x2048.jpg 1536w\" sizes=\"(max-width: 1920px) 100vw, 1920px\" \/><figcaption>Storlogen<\/figcaption><\/figure>\n\n\n\n<figure class=\"wp-block-image size-large\"><img loading=\"lazy\" width=\"1759\" height=\"2560\" data-id=\"2596\"  src=\"https:\/\/vasaorden.com\/goteborg\/wp-content\/uploads\/sites\/2\/2024\/10\/Svea-Lodge-296-scaled.jpg\" alt=\"\" class=\"wp-image-2596\" srcset=\"https:\/\/vasaorden.com\/goteborg\/wp-content\/uploads\/sites\/2\/2024\/10\/Svea-Lodge-296-scaled.jpg 1759w, https:\/\/vasaorden.com\/goteborg\/wp-content\/uploads\/sites\/2\/2024\/10\/Svea-Lodge-296-206x300.jpg 206w, https:\/\/vasaorden.com\/goteborg\/wp-content\/uploads\/sites\/2\/2024\/10\/Svea-Lodge-296-704x1024.jpg 704w, https:\/\/vasaorden.com\/goteborg\/wp-content\/uploads\/sites\/2\/2024\/10\/Svea-Lodge-296-768x1118.jpg 768w, https:\/\/vasaorden.com\/goteborg\/wp-content\/uploads\/sites\/2\/2024\/10\/Svea-Lodge-296-1055x1536.jpg 1055w, https:\/\/vasaorden.com\/goteborg\/wp-content\/uploads\/sites\/2\/2024\/10\/Svea-Lodge-296-1407x2048.jpg 1407w\" sizes=\"(max-width: 1759px) 100vw, 1759px\" \/><figcaption>Svea Lodge nr 296<\/figcaption><\/figure>\n\n\n\n<figure class=\"wp-block-image size-large\"><img loading=\"lazy\" width=\"2560\" height=\"2273\" data-id=\"2598\"  src=\"https:\/\/vasaorden.com\/goteborg\/wp-content\/uploads\/sites\/2\/2024\/10\/LL-Hoganas-634-scaled.jpg\" alt=\"\" class=\"wp-image-2598\" srcset=\"https:\/\/vasaorden.com\/goteborg\/wp-content\/uploads\/sites\/2\/2024\/10\/LL-Hoganas-634-scaled.jpg 2560w, https:\/\/vasaorden.com\/goteborg\/wp-content\/uploads\/sites\/2\/2024\/10\/LL-Hoganas-634-300x266.jpg 300w, https:\/\/vasaorden.com\/goteborg\/wp-content\/uploads\/sites\/2\/2024\/10\/LL-Hoganas-634-1024x909.jpg 1024w, https:\/\/vasaorden.com\/goteborg\/wp-content\/uploads\/sites\/2\/2024\/10\/LL-Hoganas-634-768x682.jpg 768w, https:\/\/vasaorden.com\/goteborg\/wp-content\/uploads\/sites\/2\/2024\/10\/LL-Hoganas-634-1536x1364.jpg 1536w, https:\/\/vasaorden.com\/goteborg\/wp-content\/uploads\/sites\/2\/2024\/10\/LL-Hoganas-634-2048x1819.jpg 2048w\" sizes=\"(max-width: 2560px) 100vw, 2560px\" \/><figcaption>Logen H\u00f6gan\u00e4s nr 634<\/figcaption><\/figure>\n\n\n\n<figure class=\"wp-block-image size-large\"><img loading=\"lazy\" width=\"1954\" height=\"2560\" data-id=\"2599\"  src=\"https:\/\/vasaorden.com\/goteborg\/wp-content\/uploads\/sites\/2\/2024\/10\/LL-Calmare-Nyckel-628-scaled.jpg\" alt=\"\" class=\"wp-image-2599\" srcset=\"https:\/\/vasaorden.com\/goteborg\/wp-content\/uploads\/sites\/2\/2024\/10\/LL-Calmare-Nyckel-628-scaled.jpg 1954w, https:\/\/vasaorden.com\/goteborg\/wp-content\/uploads\/sites\/2\/2024\/10\/LL-Calmare-Nyckel-628-229x300.jpg 229w, https:\/\/vasaorden.com\/goteborg\/wp-content\/uploads\/sites\/2\/2024\/10\/LL-Calmare-Nyckel-628-782x1024.jpg 782w, https:\/\/vasaorden.com\/goteborg\/wp-content\/uploads\/sites\/2\/2024\/10\/LL-Calmare-Nyckel-628-768x1006.jpg 768w, https:\/\/vasaorden.com\/goteborg\/wp-content\/uploads\/sites\/2\/2024\/10\/LL-Calmare-Nyckel-628-1172x1536.jpg 1172w, https:\/\/vasaorden.com\/goteborg\/wp-content\/uploads\/sites\/2\/2024\/10\/LL-Calmare-Nyckel-628-1563x2048.jpg 1563w\" sizes=\"(max-width: 1954px) 100vw, 1954px\" \/><figcaption>Logen Calmare Nyckel nr 628<\/figcaption><\/figure>\n\n\n\n<figure class=\"wp-block-image size-large\"><img loading=\"lazy\" width=\"1862\" height=\"2560\" data-id=\"2602\"  src=\"https:\/\/vasaorden.com\/goteborg\/wp-content\/uploads\/sites\/2\/2024\/10\/LL-Tommelilla-631n-scaled.jpg\" alt=\"\" class=\"wp-image-2602\" srcset=\"https:\/\/vasaorden.com\/goteborg\/wp-content\/uploads\/sites\/2\/2024\/10\/LL-Tommelilla-631n-scaled.jpg 1862w, https:\/\/vasaorden.com\/goteborg\/wp-content\/uploads\/sites\/2\/2024\/10\/LL-Tommelilla-631n-218x300.jpg 218w, https:\/\/vasaorden.com\/goteborg\/wp-content\/uploads\/sites\/2\/2024\/10\/LL-Tommelilla-631n-745x1024.jpg 745w, https:\/\/vasaorden.com\/goteborg\/wp-content\/uploads\/sites\/2\/2024\/10\/LL-Tommelilla-631n-768x1056.jpg 768w, https:\/\/vasaorden.com\/goteborg\/wp-content\/uploads\/sites\/2\/2024\/10\/LL-Tommelilla-631n-1117x1536.jpg 1117w, https:\/\/vasaorden.com\/goteborg\/wp-content\/uploads\/sites\/2\/2024\/10\/LL-Tommelilla-631n-1489x2048.jpg 1489w\" sizes=\"(max-width: 1862px) 100vw, 1862px\" \/><figcaption>Logen Tommelilla 631<\/figcaption><\/figure>\n\n\n\n<figure class=\"wp-block-image size-large\"><img loading=\"lazy\" width=\"2560\" height=\"2014\" data-id=\"2593\"  src=\"https:\/\/vasaorden.com\/goteborg\/wp-content\/uploads\/sites\/2\/2024\/10\/JubileumsdiplomUS-scaled.jpg\" alt=\"\" class=\"wp-image-2593\" srcset=\"https:\/\/vasaorden.com\/goteborg\/wp-content\/uploads\/sites\/2\/2024\/10\/JubileumsdiplomUS-scaled.jpg 2560w, https:\/\/vasaorden.com\/goteborg\/wp-content\/uploads\/sites\/2\/2024\/10\/JubileumsdiplomUS-300x236.jpg 300w, https:\/\/vasaorden.com\/goteborg\/wp-content\/uploads\/sites\/2\/2024\/10\/JubileumsdiplomUS-1024x806.jpg 1024w, https:\/\/vasaorden.com\/goteborg\/wp-content\/uploads\/sites\/2\/2024\/10\/JubileumsdiplomUS-768x604.jpg 768w, https:\/\/vasaorden.com\/goteborg\/wp-content\/uploads\/sites\/2\/2024\/10\/JubileumsdiplomUS-1536x1209.jpg 1536w, https:\/\/vasaorden.com\/goteborg\/wp-content\/uploads\/sites\/2\/2024\/10\/JubileumsdiplomUS-2048x1611.jpg 2048w\" sizes=\"(max-width: 2560px) 100vw, 2560px\" \/><\/figure>\n\n\n\n<figure class=\"wp-block-image size-large\"><img loading=\"lazy\" width=\"2560\" height=\"2017\" data-id=\"2594\"  src=\"https:\/\/vasaorden.com\/goteborg\/wp-content\/uploads\/sites\/2\/2024\/10\/JubileumsdiplomSE-scaled.jpg\" alt=\"\" class=\"wp-image-2594\" srcset=\"https:\/\/vasaorden.com\/goteborg\/wp-content\/uploads\/sites\/2\/2024\/10\/JubileumsdiplomSE-scaled.jpg 2560w, https:\/\/vasaorden.com\/goteborg\/wp-content\/uploads\/sites\/2\/2024\/10\/JubileumsdiplomSE-300x236.jpg 300w, https:\/\/vasaorden.com\/goteborg\/wp-content\/uploads\/sites\/2\/2024\/10\/JubileumsdiplomSE-1024x807.jpg 1024w, https:\/\/vasaorden.com\/goteborg\/wp-content\/uploads\/sites\/2\/2024\/10\/JubileumsdiplomSE-768x605.jpg 768w, https:\/\/vasaorden.com\/goteborg\/wp-content\/uploads\/sites\/2\/2024\/10\/JubileumsdiplomSE-1536x1210.jpg 1536w, https:\/\/vasaorden.com\/goteborg\/wp-content\/uploads\/sites\/2\/2024\/10\/JubileumsdiplomSE-2048x1613.jpg 2048w\" sizes=\"(max-width: 2560px) 100vw, 2560px\" \/><\/figure>\n<\/figure>\n","protected":false},"excerpt":{"rendered":"<p>M\u00e5nga h\u00e4lsningar, g\u00e5vor och telegram kom till v\u00e5r loge fr\u00e5n medlemmar, lokalloger, distrikten, storlogen med flera.<\/p>\n","protected":false},"author":4,"featured_media":0,"parent":0,"menu_order":0,"comment_status":"closed","ping_status":"closed","template":"","meta":{"ngg_post_thumbnail":0,"ocean_post_layout":"","ocean_both_sidebars_style":"","ocean_both_sidebars_content_width":0,"ocean_both_sidebars_sidebars_width":0,"ocean_sidebar":"","ocean_second_sidebar":"","ocean_disable_margins":"enable","ocean_add_body_class":"","ocean_shortcode_before_top_bar":"","ocean_shortcode_after_top_bar":"","ocean_shortcode_before_header":"","ocean_shortcode_after_header":"","ocean_has_shortcode":"","ocean_shortcode_after_title":"","ocean_shortcode_before_footer_widgets":"","ocean_shortcode_after_footer_widgets":"","ocean_shortcode_before_footer_bottom":"","ocean_shortcode_after_footer_bottom":"","ocean_display_top_bar":"default","ocean_display_header":"default","ocean_header_style":"","ocean_center_header_left_menu":"","ocean_custom_header_template":"","ocean_custom_logo":0,"ocean_custom_retina_logo":0,"ocean_custom_logo_max_width":0,"ocean_custom_logo_tablet_max_width":0,"ocean_custom_logo_mobile_max_width":0,"ocean_custom_logo_max_height":0,"ocean_custom_logo_tablet_max_height":0,"ocean_custom_logo_mobile_max_height":0,"ocean_header_custom_menu":"","ocean_menu_typo_font_family":"","ocean_menu_typo_font_subset":"","ocean_menu_typo_font_size":0,"ocean_menu_typo_font_size_tablet":0,"ocean_menu_typo_font_size_mobile":0,"ocean_menu_typo_font_size_unit":"px","ocean_menu_typo_font_weight":"","ocean_menu_typo_font_weight_tablet":"","ocean_menu_typo_font_weight_mobile":"","ocean_menu_typo_transform":"","ocean_menu_typo_transform_tablet":"","ocean_menu_typo_transform_mobile":"","ocean_menu_typo_line_height":0,"ocean_menu_typo_line_height_tablet":0,"ocean_menu_typo_line_height_mobile":0,"ocean_menu_typo_line_height_unit":"","ocean_menu_typo_spacing":0,"ocean_menu_typo_spacing_tablet":0,"ocean_menu_typo_spacing_mobile":0,"ocean_menu_typo_spacing_unit":"","ocean_menu_link_color":"","ocean_menu_link_color_hover":"","ocean_menu_link_color_active":"","ocean_menu_link_background":"","ocean_menu_link_hover_background":"","ocean_menu_link_active_background":"","ocean_menu_social_links_bg":"","ocean_menu_social_hover_links_bg":"","ocean_menu_social_links_color":"","ocean_menu_social_hover_links_color":"","ocean_disable_title":"default","ocean_disable_heading":"default","ocean_post_title":"","ocean_post_subheading":"","ocean_post_title_style":"","ocean_post_title_background_color":"","ocean_post_title_background":0,"ocean_post_title_bg_image_position":"","ocean_post_title_bg_image_attachment":"","ocean_post_title_bg_image_repeat":"","ocean_post_title_bg_image_size":"","ocean_post_title_height":0,"ocean_post_title_bg_overlay":0.5,"ocean_post_title_bg_overlay_color":"","ocean_disable_breadcrumbs":"default","ocean_breadcrumbs_color":"","ocean_breadcrumbs_separator_color":"","ocean_breadcrumbs_links_color":"","ocean_breadcrumbs_links_hover_color":"","ocean_display_footer_widgets":"default","ocean_display_footer_bottom":"default","ocean_custom_footer_template":""},"_links":{"self":[{"href":"https:\/\/vasaorden.com\/goteborg\/wp-json\/wp\/v2\/pages\/1985"}],"collection":[{"href":"https:\/\/vasaorden.com\/goteborg\/wp-json\/wp\/v2\/pages"}],"about":[{"href":"https:\/\/vasaorden.com\/goteborg\/wp-json\/wp\/v2\/types\/page"}],"author":[{"embeddable":true,"href":"https:\/\/vasaorden.com\/goteborg\/wp-json\/wp\/v2\/users\/4"}],"replies":[{"embeddable":true,"href":"https:\/\/vasaorden.com\/goteborg\/wp-json\/wp\/v2\/comments?post=1985"}],"version-history":[{"count":14,"href":"https:\/\/vasaorden.com\/goteborg\/wp-json\/wp\/v2\/pages\/1985\/revisions"}],"predecessor-version":[{"id":2612,"href":"https:\/\/vasaorden.com\/goteborg\/wp-json\/wp\/v2\/pages\/1985\/revisions\/2612"}],"wp:attachment":[{"href":"https:\/\/vasaorden.com\/goteborg\/wp-json\/wp\/v2\/media?parent=1985"}],"curies":[{"name":"wp","href":"https:\/\/api.w.org\/{rel}","templated":true}]}}