{"id":1981,"date":"2024-09-11T17:43:12","date_gmt":"2024-09-11T15:43:12","guid":{"rendered":"https:\/\/vasaorden.com\/goteborg\/?page_id=1981"},"modified":"2024-09-12T22:11:10","modified_gmt":"2024-09-12T20:11:10","slug":"hogtidslogen","status":"publish","type":"page","link":"https:\/\/vasaorden.com\/goteborg\/hogtidslogen\/","title":{"rendered":"H\u00f6gtidslogen"},"content":{"rendered":"\n<p><\/p>\n\n\n\n<h3>H\u00f6gtidslogen i Rikssalen i Kronhuset b\u00f6rjade med mingel och st\u00e4mningen var h\u00f6g och m\u00e5nga v\u00e4nner fick tr\u00e4ffas igen. Medlemmar kom fr\u00e5n b\u00e5da v\u00e5ra svensk distrikt, USA och Kanada.<\/h3>\n\n\n\n<p>Fotograf Charlotte B\u00f6rjesson<\/p>\n\n\n<div class=\"wp-block-image\">\n<figure class=\"alignleft size-large is-resized\"><img loading=\"lazy\" src=\"https:\/\/vasaorden.com\/goteborg\/wp-content\/uploads\/sites\/2\/2024\/09\/Mingel-0-1024x478.jpg\" alt=\"\" class=\"wp-image-2049\" width=\"512\" height=\"239\" srcset=\"https:\/\/vasaorden.com\/goteborg\/wp-content\/uploads\/sites\/2\/2024\/09\/Mingel-0-1024x478.jpg 1024w, https:\/\/vasaorden.com\/goteborg\/wp-content\/uploads\/sites\/2\/2024\/09\/Mingel-0-300x140.jpg 300w, https:\/\/vasaorden.com\/goteborg\/wp-content\/uploads\/sites\/2\/2024\/09\/Mingel-0-768x359.jpg 768w, https:\/\/vasaorden.com\/goteborg\/wp-content\/uploads\/sites\/2\/2024\/09\/Mingel-0-1536x717.jpg 1536w, https:\/\/vasaorden.com\/goteborg\/wp-content\/uploads\/sites\/2\/2024\/09\/Mingel-0-2048x956.jpg 2048w\" sizes=\"(max-width: 512px) 100vw, 512px\" \/><\/figure><\/div>\n\n\n<h2>L\u00e4nk till bildcollage fr\u00e5n<\/h2>\n\n\n\n<p><a rel=\"noreferrer noopener\" href=\"https:\/\/vasaorden.com\/goteborg\/mingelbilder\/\" data-type=\"page\" data-id=\"2074\" target=\"_blank\"><strong>Mingel innan h\u00f6gtidsm\u00f6tet<\/strong><\/a><\/p>\n\n\n\n<p><strong><a href=\"https:\/\/vasaorden.com\/goteborg\/inforandet-till-hogtidslogen\/\" data-type=\"page\" data-id=\"2128\" target=\"_blank\" rel=\"noreferrer noopener\">Inf\u00f6randet till h\u00f6gtidsm\u00f6tet<\/a><\/strong><\/p>\n\n\n\n<p><a href=\"https:\/\/vasaorden.com\/goteborg\/talare-vid-hogtidsmotet\/\" data-type=\"page\" data-id=\"2181\" target=\"_blank\" rel=\"noreferrer noopener\"><strong>Talare vid h\u00f6gtidsm\u00f6tet<\/strong><\/a><\/p>\n\n\n\n<p><\/p>\n","protected":false},"excerpt":{"rendered":"<p>H\u00f6gtidslogen i Rikssalen i Kronhuset b\u00f6rjade med mingel och st\u00e4mningen var h\u00f6g och m\u00e5nga v\u00e4nner fick tr\u00e4ffas igen. Medlemmar kom fr\u00e5n b\u00e5da v\u00e5ra svensk distrikt, USA och Kanada. Fotograf Charlotte B\u00f6rjesson L\u00e4nk till bildcollage fr\u00e5n Mingel innan h\u00f6gtidsm\u00f6tet Inf\u00f6randet till h\u00f6gtidsm\u00f6tet Talare vid h\u00f6gtidsm\u00f6tet<\/p>\n","protected":false},"author":4,"featured_media":0,"parent":0,"menu_order":0,"comment_status":"closed","ping_status":"closed","template":"","meta":{"ngg_post_thumbnail":0,"ocean_post_layout":"","ocean_both_sidebars_style":"","ocean_both_sidebars_content_width":0,"ocean_both_sidebars_sidebars_width":0,"ocean_sidebar":"","ocean_second_sidebar":"","ocean_disable_margins":"enable","ocean_add_body_class":"","ocean_shortcode_before_top_bar":"","ocean_shortcode_after_top_bar":"","ocean_shortcode_before_header":"","ocean_shortcode_after_header":"","ocean_has_shortcode":"","ocean_shortcode_after_title":"","ocean_shortcode_before_footer_widgets":"","ocean_shortcode_after_footer_widgets":"","ocean_shortcode_before_footer_bottom":"","ocean_shortcode_after_footer_bottom":"","ocean_display_top_bar":"default","ocean_display_header":"default","ocean_header_style":"","ocean_center_header_left_menu":"","ocean_custom_header_template":"","ocean_custom_logo":0,"ocean_custom_retina_logo":0,"ocean_custom_logo_max_width":0,"ocean_custom_logo_tablet_max_width":0,"ocean_custom_logo_mobile_max_width":0,"ocean_custom_logo_max_height":0,"ocean_custom_logo_tablet_max_height":0,"ocean_custom_logo_mobile_max_height":0,"ocean_header_custom_menu":"","ocean_menu_typo_font_family":"","ocean_menu_typo_font_subset":"","ocean_menu_typo_font_size":0,"ocean_menu_typo_font_size_tablet":0,"ocean_menu_typo_font_size_mobile":0,"ocean_menu_typo_font_size_unit":"px","ocean_menu_typo_font_weight":"","ocean_menu_typo_font_weight_tablet":"","ocean_menu_typo_font_weight_mobile":"","ocean_menu_typo_transform":"","ocean_menu_typo_transform_tablet":"","ocean_menu_typo_transform_mobile":"","ocean_menu_typo_line_height":0,"ocean_menu_typo_line_height_tablet":0,"ocean_menu_typo_line_height_mobile":0,"ocean_menu_typo_line_height_unit":"","ocean_menu_typo_spacing":0,"ocean_menu_typo_spacing_tablet":0,"ocean_menu_typo_spacing_mobile":0,"ocean_menu_typo_spacing_unit":"","ocean_menu_link_color":"","ocean_menu_link_color_hover":"","ocean_menu_link_color_active":"","ocean_menu_link_background":"","ocean_menu_link_hover_background":"","ocean_menu_link_active_background":"","ocean_menu_social_links_bg":"","ocean_menu_social_hover_links_bg":"","ocean_menu_social_links_color":"","ocean_menu_social_hover_links_color":"","ocean_disable_title":"default","ocean_disable_heading":"default","ocean_post_title":"","ocean_post_subheading":"","ocean_post_title_style":"","ocean_post_title_background_color":"","ocean_post_title_background":0,"ocean_post_title_bg_image_position":"","ocean_post_title_bg_image_attachment":"","ocean_post_title_bg_image_repeat":"","ocean_post_title_bg_image_size":"","ocean_post_title_height":0,"ocean_post_title_bg_overlay":0.5,"ocean_post_title_bg_overlay_color":"","ocean_disable_breadcrumbs":"default","ocean_breadcrumbs_color":"","ocean_breadcrumbs_separator_color":"","ocean_breadcrumbs_links_color":"","ocean_breadcrumbs_links_hover_color":"","ocean_display_footer_widgets":"default","ocean_display_footer_bottom":"default","ocean_custom_footer_template":""},"_links":{"self":[{"href":"https:\/\/vasaorden.com\/goteborg\/wp-json\/wp\/v2\/pages\/1981"}],"collection":[{"href":"https:\/\/vasaorden.com\/goteborg\/wp-json\/wp\/v2\/pages"}],"about":[{"href":"https:\/\/vasaorden.com\/goteborg\/wp-json\/wp\/v2\/types\/page"}],"author":[{"embeddable":true,"href":"https:\/\/vasaorden.com\/goteborg\/wp-json\/wp\/v2\/users\/4"}],"replies":[{"embeddable":true,"href":"https:\/\/vasaorden.com\/goteborg\/wp-json\/wp\/v2\/comments?post=1981"}],"version-history":[{"count":13,"href":"https:\/\/vasaorden.com\/goteborg\/wp-json\/wp\/v2\/pages\/1981\/revisions"}],"predecessor-version":[{"id":2232,"href":"https:\/\/vasaorden.com\/goteborg\/wp-json\/wp\/v2\/pages\/1981\/revisions\/2232"}],"wp:attachment":[{"href":"https:\/\/vasaorden.com\/goteborg\/wp-json\/wp\/v2\/media?parent=1981"}],"curies":[{"name":"wp","href":"https:\/\/api.w.org\/{rel}","templated":true}]}}