{"id":1977,"date":"2024-09-11T17:23:54","date_gmt":"2024-09-11T15:23:54","guid":{"rendered":"https:\/\/vasaorden.com\/goteborg\/?page_id=1977"},"modified":"2024-10-03T22:08:33","modified_gmt":"2024-10-03T20:08:33","slug":"jubileumsfirandet-7-september-2024","status":"publish","type":"page","link":"https:\/\/vasaorden.com\/goteborg\/jubileumsfirandet-7-september-2024\/","title":{"rendered":"Jubileumsfirandet 7 september 2024"},"content":{"rendered":"\n<h2><strong>Logen G\u00f6teborg nr 452, Vasa Orden av Amerika firade 100 \u00e5r <\/strong><br><strong>med H\u00f6gstidsloge med efterf\u00f6ljande Jubileumsbankett.<\/strong><\/h2>\n\n\n\n<p><\/p>\n\n\n<div class=\"wp-block-image\">\n<figure class=\"alignleft size-large is-resized\"><img loading=\"lazy\" src=\"https:\/\/vasaorden.com\/goteborg\/wp-content\/uploads\/sites\/2\/2024\/09\/Styrelsen-LL-Gbg-452-2024-1024x656.jpg\" alt=\"\" class=\"wp-image-2076\" width=\"512\" height=\"328\" srcset=\"https:\/\/vasaorden.com\/goteborg\/wp-content\/uploads\/sites\/2\/2024\/09\/Styrelsen-LL-Gbg-452-2024-1024x656.jpg 1024w, https:\/\/vasaorden.com\/goteborg\/wp-content\/uploads\/sites\/2\/2024\/09\/Styrelsen-LL-Gbg-452-2024-300x192.jpg 300w, https:\/\/vasaorden.com\/goteborg\/wp-content\/uploads\/sites\/2\/2024\/09\/Styrelsen-LL-Gbg-452-2024-768x492.jpg 768w, https:\/\/vasaorden.com\/goteborg\/wp-content\/uploads\/sites\/2\/2024\/09\/Styrelsen-LL-Gbg-452-2024-1536x984.jpg 1536w, https:\/\/vasaorden.com\/goteborg\/wp-content\/uploads\/sites\/2\/2024\/09\/Styrelsen-LL-Gbg-452-2024-2048x1312.jpg 2048w\" sizes=\"(max-width: 512px) 100vw, 512px\" \/><figcaption>Styrelsen och tj\u00e4nstem\u00e4n, St\u00e5ende Monica Olsson, Birgit Lindblad, Karin Wall Benesch, <br>Einar Savolainen Gr\u00f6n, Lars Larsson, Birgit Hellstr\u00f6m, Berit H\u00f6rberg Winmalm, <br>Anna-Maria Larsson, Eva Roberts och Charlotte B\u00f6rjesson. <br>Sittande H\u00e5kan Hellstr\u00f6m och Connie Gr\u00f6n<\/figcaption><\/figure><\/div>\n\n\n<h2>L\u00e4nk till bildcollage fr\u00e5n<\/h2>\n\n\n\n<p><a rel=\"noreferrer noopener\" href=\"https:\/\/vasaorden.com\/goteborg\/hogtidslogen\/\" data-type=\"page\" data-id=\"1981\" target=\"_blank\"><strong>H\u00f6gtidslogen i Rikssalen i Kronhuset<\/strong><\/a><\/p>\n\n\n\n<p><a rel=\"noreferrer noopener\" href=\"https:\/\/vasaorden.com\/goteborg\/jubileumsbanketten\/\" data-type=\"page\" data-id=\"1983\" target=\"_blank\"><strong>Jubileumsbanketten p\u00e5 B\u00f6rsen<\/strong><\/a> <em>Uppdaterad 29 september 2024<\/em><\/p>\n\n\n\n<p><strong><a href=\"https:\/\/vasaorden.com\/goteborg\/wp-content\/uploads\/sites\/2\/2024\/10\/Information-om-Borsen-och-Bankettens-meny.pdf\" target=\"_blank\" rel=\"noreferrer noopener\">Information om B\u00f6rsen och Bankettens meny<\/a><\/strong><\/p>\n\n\n\n<p><strong><a rel=\"noreferrer noopener\" href=\"https:\/\/vasaorden.com\/goteborg\/gavor-och-telegram\/\" data-type=\"page\" data-id=\"1985\" target=\"_blank\">G\u00e5vor och telegram<\/a><\/strong><\/p>\n\n\n\n<p><a href=\"https:\/\/vasaorden.com\/goteborg\/h-m-konungens-tal\/\" data-type=\"page\" data-id=\"2261\"><strong>HM Konungens tal<\/strong><\/a><\/p>\n\n\n\n<p><a rel=\"noreferrer noopener\" href=\"https:\/\/vasaorden.com\/goteborg\/referat-fran-jubileumsfirandet\/\" data-type=\"page\" data-id=\"2251\" target=\"_blank\"><strong>Referat fr\u00e5n jubileumsfirandet<\/strong><\/a><\/p>\n\n\n\n<p><\/p>\n","protected":false},"excerpt":{"rendered":"<p>Logen G\u00f6teborg nr 452, Vasa Orden av Amerika firade 100 \u00e5r med H\u00f6gstidsloge med efterf\u00f6ljande Jubileumsbankett. L\u00e4nk till bildcollage fr\u00e5n H\u00f6gtidslogen i Rikssalen i Kronhuset Jubileumsbanketten p\u00e5 B\u00f6rsen Uppdaterad 29 september 2024 Information om B\u00f6rsen och Bankettens meny G\u00e5vor och telegram HM Konungens tal Referat fr\u00e5n jubileumsfirandet<\/p>\n","protected":false},"author":4,"featured_media":0,"parent":0,"menu_order":0,"comment_status":"closed","ping_status":"closed","template":"","meta":{"ngg_post_thumbnail":0,"ocean_post_layout":"","ocean_both_sidebars_style":"","ocean_both_sidebars_content_width":0,"ocean_both_sidebars_sidebars_width":0,"ocean_sidebar":"","ocean_second_sidebar":"","ocean_disable_margins":"enable","ocean_add_body_class":"","ocean_shortcode_before_top_bar":"","ocean_shortcode_after_top_bar":"","ocean_shortcode_before_header":"","ocean_shortcode_after_header":"","ocean_has_shortcode":"","ocean_shortcode_after_title":"","ocean_shortcode_before_footer_widgets":"","ocean_shortcode_after_footer_widgets":"","ocean_shortcode_before_footer_bottom":"","ocean_shortcode_after_footer_bottom":"","ocean_display_top_bar":"default","ocean_display_header":"default","ocean_header_style":"","ocean_center_header_left_menu":"","ocean_custom_header_template":"","ocean_custom_logo":0,"ocean_custom_retina_logo":0,"ocean_custom_logo_max_width":0,"ocean_custom_logo_tablet_max_width":0,"ocean_custom_logo_mobile_max_width":0,"ocean_custom_logo_max_height":0,"ocean_custom_logo_tablet_max_height":0,"ocean_custom_logo_mobile_max_height":0,"ocean_header_custom_menu":"","ocean_menu_typo_font_family":"","ocean_menu_typo_font_subset":"","ocean_menu_typo_font_size":0,"ocean_menu_typo_font_size_tablet":0,"ocean_menu_typo_font_size_mobile":0,"ocean_menu_typo_font_size_unit":"px","ocean_menu_typo_font_weight":"","ocean_menu_typo_font_weight_tablet":"","ocean_menu_typo_font_weight_mobile":"","ocean_menu_typo_transform":"","ocean_menu_typo_transform_tablet":"","ocean_menu_typo_transform_mobile":"","ocean_menu_typo_line_height":0,"ocean_menu_typo_line_height_tablet":0,"ocean_menu_typo_line_height_mobile":0,"ocean_menu_typo_line_height_unit":"","ocean_menu_typo_spacing":0,"ocean_menu_typo_spacing_tablet":0,"ocean_menu_typo_spacing_mobile":0,"ocean_menu_typo_spacing_unit":"","ocean_menu_link_color":"","ocean_menu_link_color_hover":"","ocean_menu_link_color_active":"","ocean_menu_link_background":"","ocean_menu_link_hover_background":"","ocean_menu_link_active_background":"","ocean_menu_social_links_bg":"","ocean_menu_social_hover_links_bg":"","ocean_menu_social_links_color":"","ocean_menu_social_hover_links_color":"","ocean_disable_title":"default","ocean_disable_heading":"default","ocean_post_title":"","ocean_post_subheading":"","ocean_post_title_style":"","ocean_post_title_background_color":"","ocean_post_title_background":0,"ocean_post_title_bg_image_position":"","ocean_post_title_bg_image_attachment":"","ocean_post_title_bg_image_repeat":"","ocean_post_title_bg_image_size":"","ocean_post_title_height":0,"ocean_post_title_bg_overlay":0.5,"ocean_post_title_bg_overlay_color":"","ocean_disable_breadcrumbs":"default","ocean_breadcrumbs_color":"","ocean_breadcrumbs_separator_color":"","ocean_breadcrumbs_links_color":"","ocean_breadcrumbs_links_hover_color":"","ocean_display_footer_widgets":"default","ocean_display_footer_bottom":"default","ocean_custom_footer_template":""},"_links":{"self":[{"href":"https:\/\/vasaorden.com\/goteborg\/wp-json\/wp\/v2\/pages\/1977"}],"collection":[{"href":"https:\/\/vasaorden.com\/goteborg\/wp-json\/wp\/v2\/pages"}],"about":[{"href":"https:\/\/vasaorden.com\/goteborg\/wp-json\/wp\/v2\/types\/page"}],"author":[{"embeddable":true,"href":"https:\/\/vasaorden.com\/goteborg\/wp-json\/wp\/v2\/users\/4"}],"replies":[{"embeddable":true,"href":"https:\/\/vasaorden.com\/goteborg\/wp-json\/wp\/v2\/comments?post=1977"}],"version-history":[{"count":18,"href":"https:\/\/vasaorden.com\/goteborg\/wp-json\/wp\/v2\/pages\/1977\/revisions"}],"predecessor-version":[{"id":2620,"href":"https:\/\/vasaorden.com\/goteborg\/wp-json\/wp\/v2\/pages\/1977\/revisions\/2620"}],"wp:attachment":[{"href":"https:\/\/vasaorden.com\/goteborg\/wp-json\/wp\/v2\/media?parent=1977"}],"curies":[{"name":"wp","href":"https:\/\/api.w.org\/{rel}","templated":true}]}}