{"id":1608,"date":"2021-07-27T22:56:52","date_gmt":"2021-07-27T20:56:52","guid":{"rendered":"http:\/\/bu2022.vasaorden.com\/goteborg\/?page_id=1608"},"modified":"2021-07-27T22:56:52","modified_gmt":"2021-07-27T20:56:52","slug":"handelser-ar-2021-sid-2","status":"publish","type":"page","link":"https:\/\/vasaorden.com\/goteborg\/handelser-ar-2021-sid-2\/","title":{"rendered":"H\u00e4ndelser \u00e5r 2021 &#8211; sid 2"},"content":{"rendered":"\n<h2><\/h2>\n\n\n<p><strong>USAs nationaldag 4 juli<\/strong><\/p>\n\n\n<p>I regn och sol men sk\u00f6n v\u00e4rme s\u00e5 kallade logen till picknick i Slottsskogen f\u00f6r att fira USAs nationaldag s\u00f6ndagen den 4 juli. Denna dag \u00e4r ju en av v\u00e5ra viktiga datum att markera i Vasa Orden. Nu n\u00e4r pandemin fortfarande r\u00e5der och aktiviteter utomhus \u00e4r att f\u00f6redra s\u00e5 har omr\u00e5det vid Gr\u00e4fsn\u00e4sg\u00e5rden blivit logens tillf\u00e4lliga hemvist. Vi hade extra tur denna g\u00e5ng d\u00e5 Gr\u00e4fsn\u00e4sg\u00e5rdens \u201dallt-i-allo\u201d Thomas gav oss en guidad tur. Han ber\u00e4ttade om alla aktiviteter som normalt \u00e4ger rum p\u00e5 g\u00e5rden som folkdans, hemsl\u00f6jd, v\u00e4vstuga, snickeri och silversmide.<\/p>\n\n\n<figure class=\"wp-block-image size-large is-resized is-style-default\"><img loading=\"lazy\" src=\"https:\/\/vasaorden.com\/goteborg\/wp-content\/uploads\/sites\/2\/2021\/07\/6-juni-2021_s-1024x768.jpg\" alt=\"\" class=\"wp-image-1606\" width=\"512\" height=\"384\" srcset=\"https:\/\/vasaorden.com\/goteborg\/wp-content\/uploads\/sites\/2\/2021\/07\/6-juni-2021_s-1024x768.jpg 1024w, https:\/\/vasaorden.com\/goteborg\/wp-content\/uploads\/sites\/2\/2021\/07\/6-juni-2021_s-300x225.jpg 300w, https:\/\/vasaorden.com\/goteborg\/wp-content\/uploads\/sites\/2\/2021\/07\/6-juni-2021_s-768x576.jpg 768w, https:\/\/vasaorden.com\/goteborg\/wp-content\/uploads\/sites\/2\/2021\/07\/6-juni-2021_s-1536x1152.jpg 1536w, https:\/\/vasaorden.com\/goteborg\/wp-content\/uploads\/sites\/2\/2021\/07\/6-juni-2021_s.jpg 2016w\" sizes=\"(max-width: 512px) 100vw, 512px\" \/><figcaption>Peter R, Gunnel S, Charlotte B, Monica O, Margareta R, Torsten O.<\/figcaption><\/figure>\n\n\n<p><strong>B\u00e5tutflykt till Br\u00e4nn\u00f6 21 juli<\/strong><\/p>\n\n\n<p>Utflykten till Br\u00e4nn\u00f6 i str\u00e5lande v\u00e4der med b\u00e5t blev lyckat f\u00f6r medlemmar i logen G\u00f6teborg. Anny Jacobsson m\u00f6tte oss vid bryggan och efter en liten promenad kom vi fram till hennes hem. Dagen blev mycket trevlig och vi bj\u00f6ds p\u00e5 fika, minnen och bad. P\u00e5 \u00f6n bor \u00e4ven Elvy Jacobsson, \u00f6ns piggaste och \u00e4ldsta fast boende och Kerstin Blanke, sommarboende och b\u00e5da ansl\u00f6t sig till v\u00e5r gemenskap.<\/p>\n\n\n<p>Stort TACK till Anny f\u00f6r att du \u00f6ppnade upp ditt hem f\u00e5r logens utflykt.<\/p>\n\n\n<figure class=\"wp-container-2 wp-block-gallery-1 wp-block-gallery columns-3 is-cropped\"><ul class=\"blocks-gallery-grid\"><li class=\"blocks-gallery-item\"><figure><img loading=\"lazy\" width=\"1024\" height=\"768\" src=\"https:\/\/vasaorden.com\/goteborg\/wp-content\/uploads\/sites\/2\/2021\/07\/20210721_123150-1024x768.jpg\" alt=\"\" data-id=\"1611\" data-full-url=\"https:\/\/vasaorden.com\/goteborg\/wp-content\/uploads\/sites\/2\/2021\/07\/20210721_123150.jpg\" data-link=\"http:\/\/bu2022.vasaorden.com\/goteborg\/handelser-ar-2021-sid-2\/20210721_123150\/\" class=\"wp-image-1611\" srcset=\"https:\/\/vasaorden.com\/goteborg\/wp-content\/uploads\/sites\/2\/2021\/07\/20210721_123150-1024x768.jpg 1024w, https:\/\/vasaorden.com\/goteborg\/wp-content\/uploads\/sites\/2\/2021\/07\/20210721_123150-300x225.jpg 300w, https:\/\/vasaorden.com\/goteborg\/wp-content\/uploads\/sites\/2\/2021\/07\/20210721_123150-768x576.jpg 768w, https:\/\/vasaorden.com\/goteborg\/wp-content\/uploads\/sites\/2\/2021\/07\/20210721_123150-1536x1152.jpg 1536w, https:\/\/vasaorden.com\/goteborg\/wp-content\/uploads\/sites\/2\/2021\/07\/20210721_123150.jpg 2016w\" sizes=\"(max-width: 1024px) 100vw, 1024px\" \/><figcaption class=\"blocks-gallery-item__caption\">Fika p\u00e5 altanen, Birgit, Monica, Torsten, H\u00e5kan, Gunnel, Kerstin, Elvy och Anny<\/figcaption><\/figure><\/li><li class=\"blocks-gallery-item\"><figure><img loading=\"lazy\" width=\"1024\" height=\"768\" src=\"https:\/\/vasaorden.com\/goteborg\/wp-content\/uploads\/sites\/2\/2021\/07\/20210721_112537-1024x768.jpg\" alt=\"\" data-id=\"1612\" data-full-url=\"https:\/\/vasaorden.com\/goteborg\/wp-content\/uploads\/sites\/2\/2021\/07\/20210721_112537.jpg\" data-link=\"http:\/\/bu2022.vasaorden.com\/goteborg\/handelser-ar-2021-sid-2\/20210721_112537\/\" class=\"wp-image-1612\" srcset=\"https:\/\/vasaorden.com\/goteborg\/wp-content\/uploads\/sites\/2\/2021\/07\/20210721_112537-1024x768.jpg 1024w, https:\/\/vasaorden.com\/goteborg\/wp-content\/uploads\/sites\/2\/2021\/07\/20210721_112537-300x225.jpg 300w, https:\/\/vasaorden.com\/goteborg\/wp-content\/uploads\/sites\/2\/2021\/07\/20210721_112537-768x576.jpg 768w, https:\/\/vasaorden.com\/goteborg\/wp-content\/uploads\/sites\/2\/2021\/07\/20210721_112537-1536x1152.jpg 1536w, https:\/\/vasaorden.com\/goteborg\/wp-content\/uploads\/sites\/2\/2021\/07\/20210721_112537.jpg 2016w\" sizes=\"(max-width: 1024px) 100vw, 1024px\" \/><figcaption class=\"blocks-gallery-item__caption\">Gunnel, H\u00e5kan, Torsten, Birgit och Monica njuter av b\u00e5tresan tor Saltholmen<\/figcaption><\/figure><\/li><li class=\"blocks-gallery-item\"><figure><img loading=\"lazy\" width=\"1024\" height=\"768\" src=\"https:\/\/vasaorden.com\/goteborg\/wp-content\/uploads\/sites\/2\/2021\/07\/21-juli-2021-1024x768.jpg\" alt=\"\" data-id=\"1613\" data-full-url=\"https:\/\/vasaorden.com\/goteborg\/wp-content\/uploads\/sites\/2\/2021\/07\/21-juli-2021.jpg\" data-link=\"http:\/\/bu2022.vasaorden.com\/goteborg\/handelser-ar-2021-sid-2\/21-juli-2021\/\" class=\"wp-image-1613\" srcset=\"https:\/\/vasaorden.com\/goteborg\/wp-content\/uploads\/sites\/2\/2021\/07\/21-juli-2021-1024x768.jpg 1024w, https:\/\/vasaorden.com\/goteborg\/wp-content\/uploads\/sites\/2\/2021\/07\/21-juli-2021-300x225.jpg 300w, https:\/\/vasaorden.com\/goteborg\/wp-content\/uploads\/sites\/2\/2021\/07\/21-juli-2021-768x576.jpg 768w, https:\/\/vasaorden.com\/goteborg\/wp-content\/uploads\/sites\/2\/2021\/07\/21-juli-2021-1536x1152.jpg 1536w, https:\/\/vasaorden.com\/goteborg\/wp-content\/uploads\/sites\/2\/2021\/07\/21-juli-2021.jpg 2016w\" sizes=\"(max-width: 1024px) 100vw, 1024px\" \/><figcaption class=\"blocks-gallery-item__caption\">Elvy svalkar sig i en l\u00e4skande dryck och Anny \u00e4r glad och njuter av en lyckad dag<\/figcaption><\/figure><\/li><li class=\"blocks-gallery-item\"><figure><img loading=\"lazy\" width=\"1024\" height=\"768\" src=\"https:\/\/vasaorden.com\/goteborg\/wp-content\/uploads\/sites\/2\/2021\/07\/20210721_121158-1024x768.jpg\" alt=\"\" data-id=\"1614\" data-full-url=\"https:\/\/vasaorden.com\/goteborg\/wp-content\/uploads\/sites\/2\/2021\/07\/20210721_121158.jpg\" data-link=\"http:\/\/bu2022.vasaorden.com\/goteborg\/handelser-ar-2021-sid-2\/20210721_121158\/\" class=\"wp-image-1614\" srcset=\"https:\/\/vasaorden.com\/goteborg\/wp-content\/uploads\/sites\/2\/2021\/07\/20210721_121158-1024x768.jpg 1024w, https:\/\/vasaorden.com\/goteborg\/wp-content\/uploads\/sites\/2\/2021\/07\/20210721_121158-300x225.jpg 300w, https:\/\/vasaorden.com\/goteborg\/wp-content\/uploads\/sites\/2\/2021\/07\/20210721_121158-768x576.jpg 768w, https:\/\/vasaorden.com\/goteborg\/wp-content\/uploads\/sites\/2\/2021\/07\/20210721_121158-1536x1152.jpg 1536w, https:\/\/vasaorden.com\/goteborg\/wp-content\/uploads\/sites\/2\/2021\/07\/20210721_121158.jpg 2016w\" sizes=\"(max-width: 1024px) 100vw, 1024px\" \/><figcaption class=\"blocks-gallery-item__caption\">H\u00e5kan, Monica, Charlotte och Torsten beundrar blommor och tomten<\/figcaption><\/figure><\/li><\/ul><\/figure>\n","protected":false},"excerpt":{"rendered":"<p>USAs nationaldag 4 juli I regn och sol men sk\u00f6n v\u00e4rme s\u00e5 kallade logen till picknick i Slottsskogen f\u00f6r att fira USAs nationaldag s\u00f6ndagen den 4 juli. Denna dag \u00e4r ju en av v\u00e5ra viktiga datum att markera i Vasa Orden. Nu n\u00e4r pandemin fortfarande r\u00e5der och aktiviteter utomhus \u00e4r att f\u00f6redra s\u00e5 har omr\u00e5det [&hellip;]<\/p>\n","protected":false},"author":5,"featured_media":0,"parent":0,"menu_order":0,"comment_status":"closed","ping_status":"closed","template":"","meta":{"ngg_post_thumbnail":0,"ocean_post_layout":"","ocean_both_sidebars_style":"","ocean_both_sidebars_content_width":0,"ocean_both_sidebars_sidebars_width":0,"ocean_sidebar":"","ocean_second_sidebar":"","ocean_disable_margins":"enable","ocean_add_body_class":"","ocean_shortcode_before_top_bar":"","ocean_shortcode_after_top_bar":"","ocean_shortcode_before_header":"","ocean_shortcode_after_header":"","ocean_has_shortcode":"","ocean_shortcode_after_title":"","ocean_shortcode_before_footer_widgets":"","ocean_shortcode_after_footer_widgets":"","ocean_shortcode_before_footer_bottom":"","ocean_shortcode_after_footer_bottom":"","ocean_display_top_bar":"default","ocean_display_header":"default","ocean_header_style":"","ocean_center_header_left_menu":"","ocean_custom_header_template":"","ocean_custom_logo":0,"ocean_custom_retina_logo":0,"ocean_custom_logo_max_width":0,"ocean_custom_logo_tablet_max_width":0,"ocean_custom_logo_mobile_max_width":0,"ocean_custom_logo_max_height":0,"ocean_custom_logo_tablet_max_height":0,"ocean_custom_logo_mobile_max_height":0,"ocean_header_custom_menu":"","ocean_menu_typo_font_family":"","ocean_menu_typo_font_subset":"","ocean_menu_typo_font_size":0,"ocean_menu_typo_font_size_tablet":0,"ocean_menu_typo_font_size_mobile":0,"ocean_menu_typo_font_size_unit":"px","ocean_menu_typo_font_weight":"","ocean_menu_typo_font_weight_tablet":"","ocean_menu_typo_font_weight_mobile":"","ocean_menu_typo_transform":"","ocean_menu_typo_transform_tablet":"","ocean_menu_typo_transform_mobile":"","ocean_menu_typo_line_height":0,"ocean_menu_typo_line_height_tablet":0,"ocean_menu_typo_line_height_mobile":0,"ocean_menu_typo_line_height_unit":"","ocean_menu_typo_spacing":0,"ocean_menu_typo_spacing_tablet":0,"ocean_menu_typo_spacing_mobile":0,"ocean_menu_typo_spacing_unit":"","ocean_menu_link_color":"","ocean_menu_link_color_hover":"","ocean_menu_link_color_active":"","ocean_menu_link_background":"","ocean_menu_link_hover_background":"","ocean_menu_link_active_background":"","ocean_menu_social_links_bg":"","ocean_menu_social_hover_links_bg":"","ocean_menu_social_links_color":"","ocean_menu_social_hover_links_color":"","ocean_disable_title":"default","ocean_disable_heading":"default","ocean_post_title":"","ocean_post_subheading":"","ocean_post_title_style":"","ocean_post_title_background_color":"","ocean_post_title_background":0,"ocean_post_title_bg_image_position":"","ocean_post_title_bg_image_attachment":"","ocean_post_title_bg_image_repeat":"","ocean_post_title_bg_image_size":"","ocean_post_title_height":0,"ocean_post_title_bg_overlay":0.5,"ocean_post_title_bg_overlay_color":"","ocean_disable_breadcrumbs":"default","ocean_breadcrumbs_color":"","ocean_breadcrumbs_separator_color":"","ocean_breadcrumbs_links_color":"","ocean_breadcrumbs_links_hover_color":"","ocean_display_footer_widgets":"default","ocean_display_footer_bottom":"default","ocean_custom_footer_template":""},"_links":{"self":[{"href":"https:\/\/vasaorden.com\/goteborg\/wp-json\/wp\/v2\/pages\/1608"}],"collection":[{"href":"https:\/\/vasaorden.com\/goteborg\/wp-json\/wp\/v2\/pages"}],"about":[{"href":"https:\/\/vasaorden.com\/goteborg\/wp-json\/wp\/v2\/types\/page"}],"author":[{"embeddable":true,"href":"https:\/\/vasaorden.com\/goteborg\/wp-json\/wp\/v2\/users\/5"}],"replies":[{"embeddable":true,"href":"https:\/\/vasaorden.com\/goteborg\/wp-json\/wp\/v2\/comments?post=1608"}],"version-history":[{"count":0,"href":"https:\/\/vasaorden.com\/goteborg\/wp-json\/wp\/v2\/pages\/1608\/revisions"}],"wp:attachment":[{"href":"https:\/\/vasaorden.com\/goteborg\/wp-json\/wp\/v2\/media?parent=1608"}],"curies":[{"name":"wp","href":"https:\/\/api.w.org\/{rel}","templated":true}]}}