{"id":1557,"date":"2021-06-11T20:52:27","date_gmt":"2021-06-11T18:52:27","guid":{"rendered":"http:\/\/bu2022.vasaorden.com\/goteborg\/?page_id=1557"},"modified":"2022-09-04T13:31:40","modified_gmt":"2022-09-04T11:31:40","slug":"handelser-ar-2021","status":"publish","type":"page","link":"https:\/\/vasaorden.com\/goteborg\/handelser-ar-2021\/","title":{"rendered":"H\u00e4ndelser \u00e5r 2021 &#8211; sid 1"},"content":{"rendered":"\n<h2><\/h2>\n\n\n\n<p><strong>Lunchtr\u00e4ff den 4 maj p\u00e5 Villa Belparc i Slottsskogen<\/strong><\/p>\n\n\n\n<h1><\/h1>\n\n\n<div class=\"wp-block-image\">\n<figure class=\"aligncenter size-large is-resized\"><img loading=\"lazy\" src=\"https:\/\/vasaorden.com\/goteborg\/wp-content\/uploads\/sites\/2\/2021\/06\/20210504_142151x-1024x768.jpg\" alt=\"\" class=\"wp-image-1536\" width=\"553\" height=\"415\" srcset=\"https:\/\/vasaorden.com\/goteborg\/wp-content\/uploads\/sites\/2\/2021\/06\/20210504_142151x-1024x768.jpg 1024w, https:\/\/vasaorden.com\/goteborg\/wp-content\/uploads\/sites\/2\/2021\/06\/20210504_142151x-300x225.jpg 300w, https:\/\/vasaorden.com\/goteborg\/wp-content\/uploads\/sites\/2\/2021\/06\/20210504_142151x-768x576.jpg 768w, https:\/\/vasaorden.com\/goteborg\/wp-content\/uploads\/sites\/2\/2021\/06\/20210504_142151x-1536x1152.jpg 1536w, https:\/\/vasaorden.com\/goteborg\/wp-content\/uploads\/sites\/2\/2021\/06\/20210504_142151x.jpg 1613w\" sizes=\"(max-width: 553px) 100vw, 553px\" \/><figcaption>Vi \u00e5t en god lunch och var glada att vi kunde tr\u00e4ffas igen<br><br><\/figcaption><\/figure><\/div>\n\n\n<p><\/p>\n\n\n\n<p class=\"has-text-align-left\"><strong>6:e juni 2021 firades i Slottsskogen<\/strong><\/p>\n\n\n\n<h2><\/h2>\n\n\n\n<p>N\u00e4r flaggan var i topp,<br>d\u00f6k Logen G\u00f6teborg upp.<br>Nationaldagsfirande \u00e4r en tradition, <br>med fika, trevligt samkv\u00e4m och lite motion.<\/p>\n\n\n\n<p>I str\u00e5lande v\u00e4der samlades vi vid Gr\u00e4fsn\u00e4sg\u00e5rden &#8211; ett av landskapshusen &#8211; i Slottsskogen. <br>Vid medhavd picknick och dryck nj\u00f6t vi i skuggan under kastanjerna. <\/p>\n\n\n\n<p>T\u00e4nk vad vi saknar och hur viktigt det \u00e4r med v\u00e5ra fysiska m\u00f6ten!<\/p>\n\n\n\n<p><br><\/p>\n\n\n<div class=\"wp-block-image\">\n<figure class=\"alignleft size-large is-resized\"><img loading=\"lazy\" src=\"https:\/\/vasaorden.com\/goteborg\/wp-content\/uploads\/sites\/2\/2021\/06\/20210606_130716-768x1024.jpg\" alt=\"\" class=\"wp-image-1540\" width=\"261\" height=\"348\" srcset=\"https:\/\/vasaorden.com\/goteborg\/wp-content\/uploads\/sites\/2\/2021\/06\/20210606_130716-768x1024.jpg 768w, https:\/\/vasaorden.com\/goteborg\/wp-content\/uploads\/sites\/2\/2021\/06\/20210606_130716-225x300.jpg 225w, https:\/\/vasaorden.com\/goteborg\/wp-content\/uploads\/sites\/2\/2021\/06\/20210606_130716-1152x1536.jpg 1152w, https:\/\/vasaorden.com\/goteborg\/wp-content\/uploads\/sites\/2\/2021\/06\/20210606_130716.jpg 1210w\" sizes=\"(max-width: 261px) 100vw, 261px\" \/><figcaption>Svenska flaggan vajar vackert<\/figcaption><\/figure><\/div>\n\n<div class=\"wp-block-image\">\n<figure class=\"alignleft size-large is-resized\"><img loading=\"lazy\" src=\"https:\/\/vasaorden.com\/goteborg\/wp-content\/uploads\/sites\/2\/2021\/06\/20210606_115143-768x1024.jpg\" alt=\"\" class=\"wp-image-1538\" width=\"262\" height=\"350\" srcset=\"https:\/\/vasaorden.com\/goteborg\/wp-content\/uploads\/sites\/2\/2021\/06\/20210606_115143-768x1024.jpg 768w, https:\/\/vasaorden.com\/goteborg\/wp-content\/uploads\/sites\/2\/2021\/06\/20210606_115143-225x300.jpg 225w, https:\/\/vasaorden.com\/goteborg\/wp-content\/uploads\/sites\/2\/2021\/06\/20210606_115143-1152x1536.jpg 1152w, https:\/\/vasaorden.com\/goteborg\/wp-content\/uploads\/sites\/2\/2021\/06\/20210606_115143.jpg 1210w\" sizes=\"(max-width: 262px) 100vw, 262px\" \/><figcaption>Torsten h\u00e4lsar oss v\u00e4lkomna<\/figcaption><\/figure><\/div>\n\n<div class=\"wp-block-image\">\n<figure class=\"alignleft size-large is-resized\"><img loading=\"lazy\" src=\"https:\/\/vasaorden.com\/goteborg\/wp-content\/uploads\/sites\/2\/2021\/06\/20210606_132351-1024x768.jpg\" alt=\"\" class=\"wp-image-1541\" width=\"542\" height=\"407\" srcset=\"https:\/\/vasaorden.com\/goteborg\/wp-content\/uploads\/sites\/2\/2021\/06\/20210606_132351-1024x768.jpg 1024w, https:\/\/vasaorden.com\/goteborg\/wp-content\/uploads\/sites\/2\/2021\/06\/20210606_132351-300x225.jpg 300w, https:\/\/vasaorden.com\/goteborg\/wp-content\/uploads\/sites\/2\/2021\/06\/20210606_132351-768x576.jpg 768w, https:\/\/vasaorden.com\/goteborg\/wp-content\/uploads\/sites\/2\/2021\/06\/20210606_132351-1536x1152.jpg 1536w, https:\/\/vasaorden.com\/goteborg\/wp-content\/uploads\/sites\/2\/2021\/06\/20210606_132351.jpg 1613w\" sizes=\"(max-width: 542px) 100vw, 542px\" \/><figcaption>Framf\u00f6r Gr\u00e4fsn\u00e4sg\u00e5rden st\u00e5r Birgitta, Gunnel, Monica, Torsten, Charlotte, Torsten, Karin, Birgit och Vincent.<\/figcaption><\/figure><\/div>\n\n<div class=\"wp-block-image\">\n<figure class=\"alignleft size-large is-resized\"><img loading=\"lazy\" src=\"https:\/\/vasaorden.com\/goteborg\/wp-content\/uploads\/sites\/2\/2021\/06\/20210606_115415-1024x768.jpg\" alt=\"\" class=\"wp-image-1539\" width=\"532\" height=\"398\" srcset=\"https:\/\/vasaorden.com\/goteborg\/wp-content\/uploads\/sites\/2\/2021\/06\/20210606_115415-1024x768.jpg 1024w, https:\/\/vasaorden.com\/goteborg\/wp-content\/uploads\/sites\/2\/2021\/06\/20210606_115415-300x225.jpg 300w, https:\/\/vasaorden.com\/goteborg\/wp-content\/uploads\/sites\/2\/2021\/06\/20210606_115415-768x576.jpg 768w, https:\/\/vasaorden.com\/goteborg\/wp-content\/uploads\/sites\/2\/2021\/06\/20210606_115415-1536x1152.jpg 1536w, https:\/\/vasaorden.com\/goteborg\/wp-content\/uploads\/sites\/2\/2021\/06\/20210606_115415.jpg 1613w\" sizes=\"(max-width: 532px) 100vw, 532px\" \/><figcaption>I skuggan av tr\u00e4den njuter vi av v\u00e5r medtagna fika<br><br><\/figcaption><\/figure><\/div>\n\n\n<p><\/p>\n","protected":false},"excerpt":{"rendered":"<p>Lunchtr\u00e4ff den 4 maj p\u00e5 Villa Belparc i Slottsskogen 6:e juni 2021 firades i Slottsskogen N\u00e4r flaggan var i topp,d\u00f6k Logen G\u00f6teborg upp.Nationaldagsfirande \u00e4r en tradition, med fika, trevligt samkv\u00e4m och lite motion. I str\u00e5lande v\u00e4der samlades vi vid Gr\u00e4fsn\u00e4sg\u00e5rden &#8211; ett av landskapshusen &#8211; i Slottsskogen. Vid medhavd picknick och dryck nj\u00f6t vi i [&hellip;]<\/p>\n","protected":false},"author":5,"featured_media":0,"parent":0,"menu_order":0,"comment_status":"closed","ping_status":"closed","template":"","meta":{"ngg_post_thumbnail":0,"ocean_post_layout":"","ocean_both_sidebars_style":"","ocean_both_sidebars_content_width":0,"ocean_both_sidebars_sidebars_width":0,"ocean_sidebar":"0","ocean_second_sidebar":"0","ocean_disable_margins":"enable","ocean_add_body_class":"","ocean_shortcode_before_top_bar":"","ocean_shortcode_after_top_bar":"","ocean_shortcode_before_header":"","ocean_shortcode_after_header":"","ocean_has_shortcode":"","ocean_shortcode_after_title":"","ocean_shortcode_before_footer_widgets":"","ocean_shortcode_after_footer_widgets":"","ocean_shortcode_before_footer_bottom":"","ocean_shortcode_after_footer_bottom":"","ocean_display_top_bar":"default","ocean_display_header":"default","ocean_header_style":"","ocean_center_header_left_menu":"0","ocean_custom_header_template":"0","ocean_custom_logo":0,"ocean_custom_retina_logo":0,"ocean_custom_logo_max_width":0,"ocean_custom_logo_tablet_max_width":0,"ocean_custom_logo_mobile_max_width":0,"ocean_custom_logo_max_height":0,"ocean_custom_logo_tablet_max_height":0,"ocean_custom_logo_mobile_max_height":0,"ocean_header_custom_menu":"0","ocean_menu_typo_font_family":"0","ocean_menu_typo_font_subset":"","ocean_menu_typo_font_size":0,"ocean_menu_typo_font_size_tablet":0,"ocean_menu_typo_font_size_mobile":0,"ocean_menu_typo_font_size_unit":"px","ocean_menu_typo_font_weight":"","ocean_menu_typo_font_weight_tablet":"","ocean_menu_typo_font_weight_mobile":"","ocean_menu_typo_transform":"","ocean_menu_typo_transform_tablet":"","ocean_menu_typo_transform_mobile":"","ocean_menu_typo_line_height":0,"ocean_menu_typo_line_height_tablet":0,"ocean_menu_typo_line_height_mobile":0,"ocean_menu_typo_line_height_unit":"","ocean_menu_typo_spacing":0,"ocean_menu_typo_spacing_tablet":0,"ocean_menu_typo_spacing_mobile":0,"ocean_menu_typo_spacing_unit":"","ocean_menu_link_color":"","ocean_menu_link_color_hover":"","ocean_menu_link_color_active":"","ocean_menu_link_background":"","ocean_menu_link_hover_background":"","ocean_menu_link_active_background":"","ocean_menu_social_links_bg":"","ocean_menu_social_hover_links_bg":"","ocean_menu_social_links_color":"","ocean_menu_social_hover_links_color":"","ocean_disable_title":"default","ocean_disable_heading":"default","ocean_post_title":"","ocean_post_subheading":"","ocean_post_title_style":"","ocean_post_title_background_color":"","ocean_post_title_background":0,"ocean_post_title_bg_image_position":"","ocean_post_title_bg_image_attachment":"","ocean_post_title_bg_image_repeat":"","ocean_post_title_bg_image_size":"","ocean_post_title_height":0,"ocean_post_title_bg_overlay":0.5,"ocean_post_title_bg_overlay_color":"","ocean_disable_breadcrumbs":"default","ocean_breadcrumbs_color":"","ocean_breadcrumbs_separator_color":"","ocean_breadcrumbs_links_color":"","ocean_breadcrumbs_links_hover_color":"","ocean_display_footer_widgets":"default","ocean_display_footer_bottom":"default","ocean_custom_footer_template":"0"},"_links":{"self":[{"href":"https:\/\/vasaorden.com\/goteborg\/wp-json\/wp\/v2\/pages\/1557"}],"collection":[{"href":"https:\/\/vasaorden.com\/goteborg\/wp-json\/wp\/v2\/pages"}],"about":[{"href":"https:\/\/vasaorden.com\/goteborg\/wp-json\/wp\/v2\/types\/page"}],"author":[{"embeddable":true,"href":"https:\/\/vasaorden.com\/goteborg\/wp-json\/wp\/v2\/users\/5"}],"replies":[{"embeddable":true,"href":"https:\/\/vasaorden.com\/goteborg\/wp-json\/wp\/v2\/comments?post=1557"}],"version-history":[{"count":2,"href":"https:\/\/vasaorden.com\/goteborg\/wp-json\/wp\/v2\/pages\/1557\/revisions"}],"predecessor-version":[{"id":1705,"href":"https:\/\/vasaorden.com\/goteborg\/wp-json\/wp\/v2\/pages\/1557\/revisions\/1705"}],"wp:attachment":[{"href":"https:\/\/vasaorden.com\/goteborg\/wp-json\/wp\/v2\/media?parent=1557"}],"curies":[{"name":"wp","href":"https:\/\/api.w.org\/{rel}","templated":true}]}}