{"id":15,"date":"2012-02-13T20:37:32","date_gmt":"2012-02-13T20:37:32","guid":{"rendered":"http:\/\/bu2022.vasaorden.com\/boras\/?page_id=15"},"modified":"2022-09-10T13:56:20","modified_gmt":"2022-09-10T11:56:20","slug":"historik","status":"publish","type":"page","link":"https:\/\/vasaorden.com\/goteborg\/historik\/","title":{"rendered":"Historik"},"content":{"rendered":"<div class=\"wp-block-image\">\n<figure class=\"alignleft size-large is-resized\"><img loading=\"lazy\" src=\"http:\/\/bu2022.vasaorden.com\/goteborg\/files\/2021\/02\/Goteborgsflaggan_web-1024x703.jpg\" alt=\"\" class=\"wp-image-1477\" width=\"512\" height=\"352\"\/><figcaption>Logens flagga<\/figcaption><\/figure><\/div>\n\n\n<p>Som representant f\u00f6r Storlogen var doktor Johannes Hoving 1922-1923 i Sverige med Vasabarnen och skapade d\u00e5 intresse f\u00f6r Vasaordens arbete, syfte och \u00e4ndam\u00e5l.&nbsp; Professor Wilhelm Lundstr\u00f6m var initiativtagaren.<br>Tack vare Rolf Peters entusiasm och f\u00f6rl\u00f6sande ord till 31 \u00e4ngsliga g\u00f6teborgare &#8221;l\u00e5t oss i alla fall f\u00f6rs\u00f6ka &#8221; bildades Sveriges f\u00f6rsta Vasaloge i G\u00f6teborg den 4 september 1924.&nbsp; Wilhelm Lundstr\u00f6m blev logens f\u00f6rsta FDO.<br>Logens ordningsnummer blev 452 i Distrikt Nr 19 Sverige.&nbsp; 10-\u00e5rsjubileet firades i ordenslokalerna p\u00e5 Valand. Logen hade d\u00e5 n\u00e5got \u00f6ver 200 medlemmar.<br><br>1930-talet pr\u00e4glades av f\u00f6rsiktig optimism i vasaarbetet, som dock f\u00f6rbyttes av ett missmod p\u00e5 grund av ett annalkande krig. Under dessa \u00e5r sattes Ordens valspr\u00e5k p\u00e5 prov och logen arbetade bland annat genom sin damklubb f\u00f6r solidaritet och m\u00e4nniskohj\u00e4lp. V\u00e5ra damer \u00e4r fortfarande verksamma och aktiva med ett 60-tal medlemmar i damklubben som lever kvar under namnet Kristina.<\/p>\n\n\n\n<h2><br><br><\/h2>\n\n\n\n<p>1949 firades logens 25-\u00e5rsjubileum i dagarna tv\u00e5, dels i G\u00f6teborg och dels i Marstrand. Logen g\u00e4stades bland annat av Storm\u00e4staren Carl W Jonsson, Washington DC.<\/p>\n\n\n\n<p>M\u00f6tena har alltid st\u00f6rre eller mindre inslag av &#8221;Kontakt Amerika&#8221;, kultur och underh\u00e5llning. V\u00e5rt &#8221;stora&#8221; m\u00f6te \u00e4r traditionen med Atlantloge som firas i b\u00f6rjan av september varje \u00e5r.<\/p>\n\n\n\n<p>Ut\u00f6ver det vanliga m\u00f6tesprogrammet erbjuder vi under v\u00e5r och h\u00f6st intressanta och omv\u00e4xlande kulturaktiviteter.<\/p>\n\n\n\n<p><a href=\"https:\/\/vasaorden.com\/goteborg\/wp-content\/uploads\/sites\/2\/2021\/02\/Mer-historik-om-Logen-Goteborg-nr-452.pdf\">Mer historik om Logen G\u00f6teborg nr 452<\/a><\/p>\n","protected":false},"excerpt":{"rendered":"<p>Som representant f\u00f6r Storlogen var doktor Johannes Hoving 1922-1923 i Sverige med Vasabarnen och skapade d\u00e5 intresse f\u00f6r Vasaordens arbete, syfte och \u00e4ndam\u00e5l.&nbsp; Professor Wilhelm Lundstr\u00f6m var initiativtagaren.Tack vare Rolf Peters entusiasm och f\u00f6rl\u00f6sande ord till 31 \u00e4ngsliga g\u00f6teborgare &#8221;l\u00e5t oss i alla fall f\u00f6rs\u00f6ka &#8221; bildades Sveriges f\u00f6rsta Vasaloge i G\u00f6teborg den 4 september [&hellip;]<\/p>\n","protected":false},"author":4,"featured_media":0,"parent":0,"menu_order":0,"comment_status":"closed","ping_status":"closed","template":"","meta":{"ngg_post_thumbnail":0,"ocean_post_layout":"","ocean_both_sidebars_style":"","ocean_both_sidebars_content_width":0,"ocean_both_sidebars_sidebars_width":0,"ocean_sidebar":"0","ocean_second_sidebar":"0","ocean_disable_margins":"enable","ocean_add_body_class":"","ocean_shortcode_before_top_bar":"","ocean_shortcode_after_top_bar":"","ocean_shortcode_before_header":"","ocean_shortcode_after_header":"","ocean_has_shortcode":"","ocean_shortcode_after_title":"","ocean_shortcode_before_footer_widgets":"","ocean_shortcode_after_footer_widgets":"","ocean_shortcode_before_footer_bottom":"","ocean_shortcode_after_footer_bottom":"","ocean_display_top_bar":"default","ocean_display_header":"default","ocean_header_style":"","ocean_center_header_left_menu":"0","ocean_custom_header_template":"0","ocean_custom_logo":0,"ocean_custom_retina_logo":0,"ocean_custom_logo_max_width":0,"ocean_custom_logo_tablet_max_width":0,"ocean_custom_logo_mobile_max_width":0,"ocean_custom_logo_max_height":0,"ocean_custom_logo_tablet_max_height":0,"ocean_custom_logo_mobile_max_height":0,"ocean_header_custom_menu":"0","ocean_menu_typo_font_family":"0","ocean_menu_typo_font_subset":"","ocean_menu_typo_font_size":0,"ocean_menu_typo_font_size_tablet":0,"ocean_menu_typo_font_size_mobile":0,"ocean_menu_typo_font_size_unit":"px","ocean_menu_typo_font_weight":"","ocean_menu_typo_font_weight_tablet":"","ocean_menu_typo_font_weight_mobile":"","ocean_menu_typo_transform":"","ocean_menu_typo_transform_tablet":"","ocean_menu_typo_transform_mobile":"","ocean_menu_typo_line_height":0,"ocean_menu_typo_line_height_tablet":0,"ocean_menu_typo_line_height_mobile":0,"ocean_menu_typo_line_height_unit":"","ocean_menu_typo_spacing":0,"ocean_menu_typo_spacing_tablet":0,"ocean_menu_typo_spacing_mobile":0,"ocean_menu_typo_spacing_unit":"","ocean_menu_link_color":"","ocean_menu_link_color_hover":"","ocean_menu_link_color_active":"","ocean_menu_link_background":"","ocean_menu_link_hover_background":"","ocean_menu_link_active_background":"","ocean_menu_social_links_bg":"","ocean_menu_social_hover_links_bg":"","ocean_menu_social_links_color":"","ocean_menu_social_hover_links_color":"","ocean_disable_title":"default","ocean_disable_heading":"default","ocean_post_title":"","ocean_post_subheading":"","ocean_post_title_style":"","ocean_post_title_background_color":"","ocean_post_title_background":0,"ocean_post_title_bg_image_position":"","ocean_post_title_bg_image_attachment":"","ocean_post_title_bg_image_repeat":"","ocean_post_title_bg_image_size":"","ocean_post_title_height":0,"ocean_post_title_bg_overlay":0.5,"ocean_post_title_bg_overlay_color":"","ocean_disable_breadcrumbs":"default","ocean_breadcrumbs_color":"","ocean_breadcrumbs_separator_color":"","ocean_breadcrumbs_links_color":"","ocean_breadcrumbs_links_hover_color":"","ocean_display_footer_widgets":"default","ocean_display_footer_bottom":"default","ocean_custom_footer_template":"0"},"_links":{"self":[{"href":"https:\/\/vasaorden.com\/goteborg\/wp-json\/wp\/v2\/pages\/15"}],"collection":[{"href":"https:\/\/vasaorden.com\/goteborg\/wp-json\/wp\/v2\/pages"}],"about":[{"href":"https:\/\/vasaorden.com\/goteborg\/wp-json\/wp\/v2\/types\/page"}],"author":[{"embeddable":true,"href":"https:\/\/vasaorden.com\/goteborg\/wp-json\/wp\/v2\/users\/4"}],"replies":[{"embeddable":true,"href":"https:\/\/vasaorden.com\/goteborg\/wp-json\/wp\/v2\/comments?post=15"}],"version-history":[{"count":3,"href":"https:\/\/vasaorden.com\/goteborg\/wp-json\/wp\/v2\/pages\/15\/revisions"}],"predecessor-version":[{"id":1752,"href":"https:\/\/vasaorden.com\/goteborg\/wp-json\/wp\/v2\/pages\/15\/revisions\/1752"}],"wp:attachment":[{"href":"https:\/\/vasaorden.com\/goteborg\/wp-json\/wp\/v2\/media?parent=15"}],"curies":[{"name":"wp","href":"https:\/\/api.w.org\/{rel}","templated":true}]}}